{"id":24,"date":"2007-01-16T15:25:34","date_gmt":"2007-01-16T14:25:34","guid":{"rendered":"http:\/\/www.worldofart.org\/aktualno\/kontakt\/"},"modified":"2022-08-03T12:51:57","modified_gmt":"2022-08-03T10:51:57","slug":"kontakt","status":"publish","type":"page","link":"https:\/\/www.worldofart.org\/arhiv.worldofart.org\/aktualno\/kontakt","title":{"rendered":"Kontakt"},"content":{"rendered":"<div class=\"entry-content\">\n<p>Tia \u010ci\u010dek, vodja programa Svet umetnosti | \u0160ola za kuratorske prakse in kriti\u0161ko pisanje<br \/>\ne-mail: <a href=\"mailto:tia.cicek@scca-ljubljana.si\">tia.cicek@scca-ljubljana.si<\/a><\/p>\n<p>Lara Plav\u010dak, vodja programa Svet umetnosti | \u0160ola za kuratorske prakse in kriti\u0161ko pisanje<br \/>\ne-mail: <a href=\"mailto:lara.plavcak@scca-ljubljana.si\">lara.plavcak@scca-ljubljana.si<\/a><\/p>\n<p>SCCA\u2013Ljubljana, Zavod za sodobno umetnost<br \/>\nMetelkova 6, 1000 Ljubljana<br \/>\ntel.: (01) 431 83 85<\/p>\n<\/div>\n","protected":false},"excerpt":{"rendered":"<p>Tia \u010ci\u010dek, vodja programa Svet umetnosti | \u0160ola za kuratorske prakse in kriti\u0161ko pisanje e-mail: tia.cicek@scca-ljubljana.si Lara Plav\u010dak, vodja programa Svet umetnosti | \u0160ola za kuratorske prakse in kriti\u0161ko pisanje e-mail: lara.plavcak@scca-ljubljana.si SCCA\u2013Ljubljana, Zavod za sodobno umetnost Metelkova 6, 1000 Ljubljana tel.: (01) 431 83 85<\/p>\n","protected":false},"author":1,"featured_media":0,"parent":0,"menu_order":0,"comment_status":"closed","ping_status":"closed","template":"","meta":{"footnotes":""},"categories":[],"tags":[],"_links":{"self":[{"href":"https:\/\/www.worldofart.org\/arhiv.worldofart.org\/aktualno\/wp-json\/wp\/v2\/pages\/24"}],"collection":[{"href":"https:\/\/www.worldofart.org\/arhiv.worldofart.org\/aktualno\/wp-json\/wp\/v2\/pages"}],"about":[{"href":"https:\/\/www.worldofart.org\/arhiv.worldofart.org\/aktualno\/wp-json\/wp\/v2\/types\/page"}],"author":[{"embeddable":true,"href":"https:\/\/www.worldofart.org\/arhiv.worldofart.org\/aktualno\/wp-json\/wp\/v2\/users\/1"}],"replies":[{"embeddable":true,"href":"https:\/\/www.worldofart.org\/arhiv.worldofart.org\/aktualno\/wp-json\/wp\/v2\/comments?post=24"}],"version-history":[{"count":21,"href":"https:\/\/www.worldofart.org\/arhiv.worldofart.org\/aktualno\/wp-json\/wp\/v2\/pages\/24\/revisions"}],"predecessor-version":[{"id":16097,"href":"https:\/\/www.worldofart.org\/arhiv.worldofart.org\/aktualno\/wp-json\/wp\/v2\/pages\/24\/revisions\/16097"}],"wp:attachment":[{"href":"https:\/\/www.worldofart.org\/arhiv.worldofart.org\/aktualno\/wp-json\/wp\/v2\/media?parent=24"}],"wp:term":[{"taxonomy":"category","embeddable":true,"href":"https:\/\/www.worldofart.org\/arhiv.worldofart.org\/aktualno\/wp-json\/wp\/v2\/categories?post=24"},{"taxonomy":"post_tag","embeddable":true,"href":"https:\/\/www.worldofart.org\/arhiv.worldofart.org\/aktualno\/wp-json\/wp\/v2\/tags?post=24"}],"curies":[{"name":"wp","href":"https:\/\/api.w.org\/{rel}","templated":true}]}}