{"id":240,"date":"2010-02-27T20:00:16","date_gmt":"2010-02-27T18:00:16","guid":{"rendered":"http:\/\/www.worldofart.org\/aktualno\/trinajsti-letnik-20102011\/serija-predavanj\/"},"modified":"2018-06-18T21:50:26","modified_gmt":"2018-06-18T19:50:26","slug":"serija-predavanj","status":"publish","type":"page","link":"https:\/\/www.worldofart.org\/arhiv.worldofart.org\/aktualno\/trinajsti-letnik-20102011\/serija-predavanj","title":{"rendered":"Serija predavanj"},"content":{"rendered":"<p>SVET UMETNOSTI<br \/>\n\u0160ola za kustose in kritike sodobne umetnosti<br \/>\nLetnik 13<br \/>\n1. semester (april 2010\u2013junij 2010)<\/p>\n<hr \/>\n<p><strong>Sa\u0161a Nabergoj in Rebeka Vidrih: Umetnost XX. stoletja. Poglavja.<\/strong><br \/>\nPregled umetni\u0161kih praks, gibanj in dru\u017ebeno politi\u010dnega konteksta ter  klju\u010dnih premikov v razumevanju, tematiziranju, analizi in historizaciji likovne umetnosti. <\/p>\n<div style=\"height:10px\"><\/div>\n<p><strong><a href=\"https:\/\/www.worldofart.org\/arhiv.worldofart.org\/aktualno\/trinajsti-letnik-20102011\/serija-predavanj\/alenka-pirman-umetnostni-sistem-pregled\">Alenka Pirman: Umetnostni sistem. Pregled.<\/a><\/strong><br \/>\nPredstavitev strukture sistema umetnosti v slovenskem prostoru in njegova umestitev v mednarodni kontekst. Risanje zemljevida javnih institucij, nevladnih zavodov, centrov, galerij,\u2026<\/p>\n<div style=\"height:10px\"><\/div>\n<p><strong>Barbara Bor\u010di\u010d: Video kot orodje in izrazno sredstvo umetnikov. Izbrani primeri.<\/strong><br \/>\nO rabi videa kot izraznemu sredstvu. Tematski pregled video produkcije v slovenskem prostoru.<\/p>\n<div style=\"height:10px\"><\/div>\n","protected":false},"excerpt":{"rendered":"<p>SVET UMETNOSTI \u0160ola za kustose in kritike sodobne umetnosti Letnik 13 1. semester (april 2010\u2013junij 2010) Sa\u0161a Nabergoj in Rebeka Vidrih: Umetnost XX. stoletja. Poglavja. Pregled umetni\u0161kih praks, gibanj in dru\u017ebeno politi\u010dnega konteksta ter klju\u010dnih premikov v razumevanju, tematiziranju, analizi in historizaciji likovne umetnosti. Alenka Pirman: Umetnostni sistem. Pregled. Predstavitev strukture sistema umetnosti v slovenskem [&hellip;]<\/p>\n","protected":false},"author":1,"featured_media":0,"parent":237,"menu_order":0,"comment_status":"closed","ping_status":"closed","template":"","meta":{"footnotes":""},"categories":[],"tags":[],"_links":{"self":[{"href":"https:\/\/www.worldofart.org\/arhiv.worldofart.org\/aktualno\/wp-json\/wp\/v2\/pages\/240"}],"collection":[{"href":"https:\/\/www.worldofart.org\/arhiv.worldofart.org\/aktualno\/wp-json\/wp\/v2\/pages"}],"about":[{"href":"https:\/\/www.worldofart.org\/arhiv.worldofart.org\/aktualno\/wp-json\/wp\/v2\/types\/page"}],"author":[{"embeddable":true,"href":"https:\/\/www.worldofart.org\/arhiv.worldofart.org\/aktualno\/wp-json\/wp\/v2\/users\/1"}],"replies":[{"embeddable":true,"href":"https:\/\/www.worldofart.org\/arhiv.worldofart.org\/aktualno\/wp-json\/wp\/v2\/comments?post=240"}],"version-history":[{"count":1,"href":"https:\/\/www.worldofart.org\/arhiv.worldofart.org\/aktualno\/wp-json\/wp\/v2\/pages\/240\/revisions"}],"predecessor-version":[{"id":9558,"href":"https:\/\/www.worldofart.org\/arhiv.worldofart.org\/aktualno\/wp-json\/wp\/v2\/pages\/240\/revisions\/9558"}],"up":[{"embeddable":true,"href":"https:\/\/www.worldofart.org\/arhiv.worldofart.org\/aktualno\/wp-json\/wp\/v2\/pages\/237"}],"wp:attachment":[{"href":"https:\/\/www.worldofart.org\/arhiv.worldofart.org\/aktualno\/wp-json\/wp\/v2\/media?parent=240"}],"wp:term":[{"taxonomy":"category","embeddable":true,"href":"https:\/\/www.worldofart.org\/arhiv.worldofart.org\/aktualno\/wp-json\/wp\/v2\/categories?post=240"},{"taxonomy":"post_tag","embeddable":true,"href":"https:\/\/www.worldofart.org\/arhiv.worldofart.org\/aktualno\/wp-json\/wp\/v2\/tags?post=240"}],"curies":[{"name":"wp","href":"https:\/\/api.w.org\/{rel}","templated":true}]}}