{"id":243,"date":"2010-02-27T20:15:58","date_gmt":"2010-02-27T18:15:58","guid":{"rendered":"http:\/\/www.worldofart.org\/aktualno\/trinajsti-letnik-20102011\/delavnice\/zemira-alajbegovic-in-neven-korda-videoesej\/"},"modified":"2018-06-18T21:44:47","modified_gmt":"2018-06-18T19:44:47","slug":"zemira-alajbegovic-in-neven-korda-videoesej","status":"publish","type":"page","link":"https:\/\/www.worldofart.org\/arhiv.worldofart.org\/aktualno\/trinajsti-letnik-20102011\/delavnice\/zemira-alajbegovic-in-neven-korda-videoesej","title":{"rendered":"Zemira Alajbegovi\u0107 in Neven Korda: Videoesej"},"content":{"rendered":"<p>SVET UMETNOSTI<br \/>\n\u0160ola za kustose in kritike sodobne umetnosti<br \/>\nLetnik 13<br \/>\n1. semester (april 2010 &#8211; junij 2010)<\/p>\n<p>Delavnicq iz pisanja o sodobni umetnosti<\/p>\n<hr \/>\n<p>Namen delavnice je seznanitev s teorijo in prakso video eseja na podro\u010dju kulture in umetnosti. <\/p>\n<p>V okviru delavnice se udele\u017eenci preizkusijo v vseh fazah nastanka video eseja. Udele\u017eenci se bodo nau\u010dili snemanja, pisanja scenarija video eseja, izbiranja sogovornikov in sodelovanja z monta\u017eerjem pri dokon\u010danju eseja, ki ga bodo opremili z glasbo in napisi.<\/p>\n<p>Video esej o likovnem dogodku ima pred drugimi mediji prednost v tem, da dogodek lahko delno ali v celoti poka\u017ee gledalcem, hkrati pa lahko predstavi tudi avtorje, kustose in druge vpletene. Pomembno je, kako dogodek posnamemo, kako iz posnetega materiala izberemo sliko in kak\u0161no je razmerje med podobo in besedo pri oblikovanju eseja.<\/p>\n<p>Tematika video eseja je celoletni program \u0161ole Svet umetnosti. Udele\u017eenci bodo snemali izbrane dejavnosti  (delavnice, \u0161tudijske ekskurzije, debate, obiske ateljejev, kon\u010dno razstavo,\u2026), tako postopno pridobili potrebne ve\u0161\u010dine in znanja in pripravili kompleksen video zapis celotnega procesa.<\/p>\n<hr \/>\n<p><strong>Urnik<\/strong><\/p>\n<p><strong>\u010detrtek, 13. 5. 2010<\/strong><br \/>\n19.00-20.00 Uvodno sre\u010danje<\/p>\n","protected":false},"excerpt":{"rendered":"<p>SVET UMETNOSTI \u0160ola za kustose in kritike sodobne umetnosti Letnik 13 1. semester (april 2010 &#8211; junij 2010) Delavnicq iz pisanja o sodobni umetnosti Namen delavnice je seznanitev s teorijo in prakso video eseja na podro\u010dju kulture in umetnosti. V okviru delavnice se udele\u017eenci preizkusijo v vseh fazah nastanka video eseja. Udele\u017eenci se bodo nau\u010dili [&hellip;]<\/p>\n","protected":false},"author":1,"featured_media":0,"parent":241,"menu_order":0,"comment_status":"closed","ping_status":"closed","template":"","meta":{"footnotes":""},"categories":[],"tags":[],"_links":{"self":[{"href":"https:\/\/www.worldofart.org\/arhiv.worldofart.org\/aktualno\/wp-json\/wp\/v2\/pages\/243"}],"collection":[{"href":"https:\/\/www.worldofart.org\/arhiv.worldofart.org\/aktualno\/wp-json\/wp\/v2\/pages"}],"about":[{"href":"https:\/\/www.worldofart.org\/arhiv.worldofart.org\/aktualno\/wp-json\/wp\/v2\/types\/page"}],"author":[{"embeddable":true,"href":"https:\/\/www.worldofart.org\/arhiv.worldofart.org\/aktualno\/wp-json\/wp\/v2\/users\/1"}],"replies":[{"embeddable":true,"href":"https:\/\/www.worldofart.org\/arhiv.worldofart.org\/aktualno\/wp-json\/wp\/v2\/comments?post=243"}],"version-history":[{"count":1,"href":"https:\/\/www.worldofart.org\/arhiv.worldofart.org\/aktualno\/wp-json\/wp\/v2\/pages\/243\/revisions"}],"predecessor-version":[{"id":9538,"href":"https:\/\/www.worldofart.org\/arhiv.worldofart.org\/aktualno\/wp-json\/wp\/v2\/pages\/243\/revisions\/9538"}],"up":[{"embeddable":true,"href":"https:\/\/www.worldofart.org\/arhiv.worldofart.org\/aktualno\/wp-json\/wp\/v2\/pages\/241"}],"wp:attachment":[{"href":"https:\/\/www.worldofart.org\/arhiv.worldofart.org\/aktualno\/wp-json\/wp\/v2\/media?parent=243"}],"wp:term":[{"taxonomy":"category","embeddable":true,"href":"https:\/\/www.worldofart.org\/arhiv.worldofart.org\/aktualno\/wp-json\/wp\/v2\/categories?post=243"},{"taxonomy":"post_tag","embeddable":true,"href":"https:\/\/www.worldofart.org\/arhiv.worldofart.org\/aktualno\/wp-json\/wp\/v2\/tags?post=243"}],"curies":[{"name":"wp","href":"https:\/\/api.w.org\/{rel}","templated":true}]}}