{"id":244,"date":"2010-02-27T20:17:15","date_gmt":"2010-02-27T18:17:15","guid":{"rendered":"http:\/\/www.worldofart.org\/aktualno\/trinajsti-letnik-20102011\/delavnice\/misko-suvakovic-teorija-in-praksa-umetnostne-kritike\/"},"modified":"2018-06-18T21:44:29","modified_gmt":"2018-06-18T19:44:29","slug":"misko-suvakovic-teorija-in-praksa-umetnostne-kritike","status":"publish","type":"page","link":"https:\/\/www.worldofart.org\/arhiv.worldofart.org\/aktualno\/trinajsti-letnik-20102011\/delavnice\/misko-suvakovic-teorija-in-praksa-umetnostne-kritike","title":{"rendered":"Mi\u0161ko \u0160uvakovi\u0107: Teorija in praksa umetnostne kritike"},"content":{"rendered":"<p>SVET UMETNOSTI<br \/>\n\u0160ola za kustose in kritike sodobne umetnosti<br \/>\nLetnik 13<\/p>\n<p>Delavnica iz pisanja o sodobni umetnosti<br \/>\n<strong>6. 6. 2010<\/strong><\/p>\n<hr \/>\n<p>Namen delavnice je seznanitev z zgodovino in teorijo umetnostne kritike in prakti\u010dno preizku\u0161anje v analizi kriti\u0161kega teksta. <\/p>\n<p>Mentorsko delo bo potekalo v srbskem jeziku. <\/p>\n<p>Prvi del delavnice bo Mi\u0161ko \u0160uvakovi\u0107 namenil predavanju o teoriji tekstov v vizualni umetnosti. Govorilo se bo o manifestih, teoriji umetnikov, kuratorskem diskurzu, pol\u017eanrskem in medijskem pisanju o sodobni umetnosti. Posebna pozornost bo namenjena problemu \u017eanra \u00bbumetni\u0161ke\u00ab kritike.<\/p>\n<p>Drugi del delavnice bo posve\u010den predavanju o institucionalnem in kulturnem sistemu umetnosti na za\u010detku 21. stoletja. Ta del delavnice bo namenjen diskusiji o diskurzu v umetnosti, o umetnostnih institucijah, funkciji projektov, statusu originalov in dokumentov, zna\u010daju mre\u017ee ter o odnosu sodobnih umetni\u0161kih praks, globalnega kapitalizma in globalne kritike.<\/p>\n<hr \/>\n<p><strong>Urnik<\/strong><\/p>\n<p><strong>nedelja, 6. 6. 2010<\/strong><br \/>\n11.00-14.00: Tekstualne prakse in vizualna umetnost<br \/>\n14.00-16.00: Odmor za kosilo<br \/>\n16.00-19.00: Diskurzivna analiza sistema umetnosti na za\u010detku novega veka<\/p>\n","protected":false},"excerpt":{"rendered":"<p>SVET UMETNOSTI \u0160ola za kustose in kritike sodobne umetnosti Letnik 13 Delavnica iz pisanja o sodobni umetnosti 6. 6. 2010 Namen delavnice je seznanitev z zgodovino in teorijo umetnostne kritike in prakti\u010dno preizku\u0161anje v analizi kriti\u0161kega teksta. Mentorsko delo bo potekalo v srbskem jeziku. Prvi del delavnice bo Mi\u0161ko \u0160uvakovi\u0107 namenil predavanju o teoriji tekstov [&hellip;]<\/p>\n","protected":false},"author":1,"featured_media":0,"parent":241,"menu_order":0,"comment_status":"closed","ping_status":"closed","template":"","meta":{"footnotes":""},"categories":[],"tags":[],"_links":{"self":[{"href":"https:\/\/www.worldofart.org\/arhiv.worldofart.org\/aktualno\/wp-json\/wp\/v2\/pages\/244"}],"collection":[{"href":"https:\/\/www.worldofart.org\/arhiv.worldofart.org\/aktualno\/wp-json\/wp\/v2\/pages"}],"about":[{"href":"https:\/\/www.worldofart.org\/arhiv.worldofart.org\/aktualno\/wp-json\/wp\/v2\/types\/page"}],"author":[{"embeddable":true,"href":"https:\/\/www.worldofart.org\/arhiv.worldofart.org\/aktualno\/wp-json\/wp\/v2\/users\/1"}],"replies":[{"embeddable":true,"href":"https:\/\/www.worldofart.org\/arhiv.worldofart.org\/aktualno\/wp-json\/wp\/v2\/comments?post=244"}],"version-history":[{"count":1,"href":"https:\/\/www.worldofart.org\/arhiv.worldofart.org\/aktualno\/wp-json\/wp\/v2\/pages\/244\/revisions"}],"predecessor-version":[{"id":9533,"href":"https:\/\/www.worldofart.org\/arhiv.worldofart.org\/aktualno\/wp-json\/wp\/v2\/pages\/244\/revisions\/9533"}],"up":[{"embeddable":true,"href":"https:\/\/www.worldofart.org\/arhiv.worldofart.org\/aktualno\/wp-json\/wp\/v2\/pages\/241"}],"wp:attachment":[{"href":"https:\/\/www.worldofart.org\/arhiv.worldofart.org\/aktualno\/wp-json\/wp\/v2\/media?parent=244"}],"wp:term":[{"taxonomy":"category","embeddable":true,"href":"https:\/\/www.worldofart.org\/arhiv.worldofart.org\/aktualno\/wp-json\/wp\/v2\/categories?post=244"},{"taxonomy":"post_tag","embeddable":true,"href":"https:\/\/www.worldofart.org\/arhiv.worldofart.org\/aktualno\/wp-json\/wp\/v2\/tags?post=244"}],"curies":[{"name":"wp","href":"https:\/\/api.w.org\/{rel}","templated":true}]}}