{"id":246,"date":"2010-02-27T20:20:24","date_gmt":"2010-02-27T18:20:24","guid":{"rendered":"http:\/\/www.worldofart.org\/aktualno\/trinajsti-letnik-20102011\/obiski-ateljejev\/"},"modified":"2018-06-18T21:43:25","modified_gmt":"2018-06-18T19:43:25","slug":"obiski-ateljejev","status":"publish","type":"page","link":"https:\/\/www.worldofart.org\/arhiv.worldofart.org\/aktualno\/trinajsti-letnik-20102011\/obiski-ateljejev","title":{"rendered":"Obiski ateljejev"},"content":{"rendered":"<p>SVET UMETNOSTI<br \/>\n\u0160ola za kustose in kritike sodobne umetnosti<br \/>\nLetnik 13<br \/>\n1. semester (april 2010\u2013junij 2010)<\/p>\n<hr \/>\n<p>Z obiski ateljejev se bo udele\u017eencem predstavilo delo kustosa, ki temelji na raziskovanju in kontinuiranem spremljanju umetni\u0161ke produkcije. Nau\u010dili se bodo metodologije raziskovanja umetni\u0161ke produkcije in jo preizkusili v praksi.<\/p>\n","protected":false},"excerpt":{"rendered":"<p>SVET UMETNOSTI \u0160ola za kustose in kritike sodobne umetnosti Letnik 13 1. semester (april 2010\u2013junij 2010) Z obiski ateljejev se bo udele\u017eencem predstavilo delo kustosa, ki temelji na raziskovanju in kontinuiranem spremljanju umetni\u0161ke produkcije. Nau\u010dili se bodo metodologije raziskovanja umetni\u0161ke produkcije in jo preizkusili v praksi.<\/p>\n","protected":false},"author":1,"featured_media":0,"parent":237,"menu_order":0,"comment_status":"closed","ping_status":"closed","template":"","meta":{"footnotes":""},"categories":[],"tags":[],"_links":{"self":[{"href":"https:\/\/www.worldofart.org\/arhiv.worldofart.org\/aktualno\/wp-json\/wp\/v2\/pages\/246"}],"collection":[{"href":"https:\/\/www.worldofart.org\/arhiv.worldofart.org\/aktualno\/wp-json\/wp\/v2\/pages"}],"about":[{"href":"https:\/\/www.worldofart.org\/arhiv.worldofart.org\/aktualno\/wp-json\/wp\/v2\/types\/page"}],"author":[{"embeddable":true,"href":"https:\/\/www.worldofart.org\/arhiv.worldofart.org\/aktualno\/wp-json\/wp\/v2\/users\/1"}],"replies":[{"embeddable":true,"href":"https:\/\/www.worldofart.org\/arhiv.worldofart.org\/aktualno\/wp-json\/wp\/v2\/comments?post=246"}],"version-history":[{"count":1,"href":"https:\/\/www.worldofart.org\/arhiv.worldofart.org\/aktualno\/wp-json\/wp\/v2\/pages\/246\/revisions"}],"predecessor-version":[{"id":9549,"href":"https:\/\/www.worldofart.org\/arhiv.worldofart.org\/aktualno\/wp-json\/wp\/v2\/pages\/246\/revisions\/9549"}],"up":[{"embeddable":true,"href":"https:\/\/www.worldofart.org\/arhiv.worldofart.org\/aktualno\/wp-json\/wp\/v2\/pages\/237"}],"wp:attachment":[{"href":"https:\/\/www.worldofart.org\/arhiv.worldofart.org\/aktualno\/wp-json\/wp\/v2\/media?parent=246"}],"wp:term":[{"taxonomy":"category","embeddable":true,"href":"https:\/\/www.worldofart.org\/arhiv.worldofart.org\/aktualno\/wp-json\/wp\/v2\/categories?post=246"},{"taxonomy":"post_tag","embeddable":true,"href":"https:\/\/www.worldofart.org\/arhiv.worldofart.org\/aktualno\/wp-json\/wp\/v2\/tags?post=246"}],"curies":[{"name":"wp","href":"https:\/\/api.w.org\/{rel}","templated":true}]}}