{"id":249,"date":"2010-02-27T20:24:48","date_gmt":"2010-02-27T18:24:48","guid":{"rendered":"http:\/\/www.worldofart.org\/aktualno\/trinajsti-letnik-20102011\/modul-o-prakticnih-delih-kustosa\/"},"modified":"2018-06-18T21:42:43","modified_gmt":"2018-06-18T19:42:43","slug":"modul-o-prakticnih-delih-kustosa","status":"publish","type":"page","link":"https:\/\/www.worldofart.org\/arhiv.worldofart.org\/aktualno\/trinajsti-letnik-20102011\/modul-o-prakticnih-delih-kustosa","title":{"rendered":"Modul o prakti\u010dnih delih kustosa"},"content":{"rendered":"<p>SVET UMETNOSTI<br \/>\n\u0160ola za kustose in kritike sodobne umetnosti<br \/>\nLetnik 13<br \/>\n2. semester (september 2010\u2013maj 2010)<\/p>\n<p><strong>7.\u20138. 10. 2010<\/strong><\/p>\n<hr \/>\n<table width=\"100%\" border=\"0\" cellspacing=\"0\" cellpadding=\"0\">\n<tr>\n<td class=\"mesec\" rowspan=\"4\" width=\"20%\" valign=\"top\">\u010detrtek, 7. 10. 2010<\/td>\n<td class=\"tdprogramsredina\" width=\"20%\" valign=\"top\">10.00\u201312.000<\/td>\n<td class=\"tdprogram\" width=\"60%\" valign=\"top\"><a href=\"https:\/\/www.worldofart.org\/arhiv.worldofart.org\/aktualno\/trinajsti-letnik-20102011\/modul-o-prakticnih-delih-kustosa\/metka-daris-katalog-pogled-oblikovalca\">Metka Dari\u0161: <strong>Katalog: pogled oblikovalca <\/strong><\/a><\/td>\n<\/tr>\n<tr>\n<td class=\"tdprogramsredina\" width=\"20%\" valign=\"top\">12.30\u201314.00<\/td>\n<td class=\"tdprogram\" width=\"60%\" valign=\"top\">Branka Stipan\u010di\u0107: <strong>Katalog: pogled urednika<\/strong> <\/td>\n<\/tr>\n<tr>\n<td class=\"tdprogramsredina\" width=\"20%\" valign=\"top\">14.00\u201315.30<\/td>\n<td class=\"tdprogram\" width=\"60%\" valign=\"top\">odmor za kosilo<\/td>\n<\/tr>\n<tr>\n<td class=\"tdprogramsredina\" width=\"20%\" valign=\"top\">15.30\u201317.00<\/td>\n<td class=\"tdprogram\" width=\"60%\" valign=\"top\"><a href=\"https:\/\/www.worldofart.org\/arhiv.worldofart.org\/aktualno\/trinajsti-letnik-20102011\/modul-o-prakticnih-delih-kustosa\/bojana-leskovar-odnosi-z-javnostmi\">Bojana Leskovar: <strong>Odnosi z javnostmi<\/strong><\/a><\/td>\n<\/tr>\n<tr>\n<td class=\"mesec\" rowspan=\"2\" width=\"20%\" valign=\"top\">petek, 8. 10. 2010<\/td>\n<td class=\"tdprogramsredina\" width=\"20%\" valign=\"top\">10.00\u201312.00<\/td>\n<td class=\"tdprogram\" width=\"60%\" valign=\"top\"><a href=\"https:\/\/www.worldofart.org\/arhiv.worldofart.org\/aktualno\/trinajsti-letnik-20102011\/modul-o-prakticnih-delih-kustosa\/jana-intihar-ferjan-dokumentacija\">Jana Intihar Ferjan: <strong>Dokumentacija<\/strong><\/a><\/td>\n<\/tr>\n<tr>\n<td class=\"tdprogramsredina\" width=\"20%\" valign=\"top\">12.30\u201314.30<\/td>\n<td class=\"tdprogram\" width=\"60%\" valign=\"top\"><a href=\"https:\/\/www.worldofart.org\/arhiv.worldofart.org\/aktualno\/trinajsti-letnik-20102011\/modul-o-prakticnih-delih-kustosa\/dusan-dovc-indea-vidovic-pridobivanje-financnih-sredstev\">Du\u0161an Dov\u010d in Dea Vidovi\u0107: <strong>Pridobivanje finan\u010dnih sredstev<\/strong><\/a><\/td>\n<\/tr>\n<\/table>\n","protected":false},"excerpt":{"rendered":"<p>SVET UMETNOSTI \u0160ola za kustose in kritike sodobne umetnosti Letnik 13 2. semester (september 2010\u2013maj 2010) 7.\u20138. 10. 2010 \u010detrtek, 7. 10. 2010 10.00\u201312.000 Metka Dari\u0161: Katalog: pogled oblikovalca 12.30\u201314.00 Branka Stipan\u010di\u0107: Katalog: pogled urednika 14.00\u201315.30 odmor za kosilo 15.30\u201317.00 Bojana Leskovar: Odnosi z javnostmi petek, 8. 10. 2010 10.00\u201312.00 Jana Intihar Ferjan: Dokumentacija 12.30\u201314.30 [&hellip;]<\/p>\n","protected":false},"author":1,"featured_media":0,"parent":237,"menu_order":0,"comment_status":"closed","ping_status":"closed","template":"","meta":{"footnotes":""},"categories":[],"tags":[],"_links":{"self":[{"href":"https:\/\/www.worldofart.org\/arhiv.worldofart.org\/aktualno\/wp-json\/wp\/v2\/pages\/249"}],"collection":[{"href":"https:\/\/www.worldofart.org\/arhiv.worldofart.org\/aktualno\/wp-json\/wp\/v2\/pages"}],"about":[{"href":"https:\/\/www.worldofart.org\/arhiv.worldofart.org\/aktualno\/wp-json\/wp\/v2\/types\/page"}],"author":[{"embeddable":true,"href":"https:\/\/www.worldofart.org\/arhiv.worldofart.org\/aktualno\/wp-json\/wp\/v2\/users\/1"}],"replies":[{"embeddable":true,"href":"https:\/\/www.worldofart.org\/arhiv.worldofart.org\/aktualno\/wp-json\/wp\/v2\/comments?post=249"}],"version-history":[{"count":1,"href":"https:\/\/www.worldofart.org\/arhiv.worldofart.org\/aktualno\/wp-json\/wp\/v2\/pages\/249\/revisions"}],"predecessor-version":[{"id":9543,"href":"https:\/\/www.worldofart.org\/arhiv.worldofart.org\/aktualno\/wp-json\/wp\/v2\/pages\/249\/revisions\/9543"}],"up":[{"embeddable":true,"href":"https:\/\/www.worldofart.org\/arhiv.worldofart.org\/aktualno\/wp-json\/wp\/v2\/pages\/237"}],"wp:attachment":[{"href":"https:\/\/www.worldofart.org\/arhiv.worldofart.org\/aktualno\/wp-json\/wp\/v2\/media?parent=249"}],"wp:term":[{"taxonomy":"category","embeddable":true,"href":"https:\/\/www.worldofart.org\/arhiv.worldofart.org\/aktualno\/wp-json\/wp\/v2\/categories?post=249"},{"taxonomy":"post_tag","embeddable":true,"href":"https:\/\/www.worldofart.org\/arhiv.worldofart.org\/aktualno\/wp-json\/wp\/v2\/tags?post=249"}],"curies":[{"name":"wp","href":"https:\/\/api.w.org\/{rel}","templated":true}]}}