{"id":250,"date":"2010-02-27T20:27:04","date_gmt":"2010-02-27T18:27:04","guid":{"rendered":"http:\/\/www.worldofart.org\/aktualno\/trinajsti-letnik-20102011\/studijske-ekskurzije\/"},"modified":"2018-06-18T21:42:32","modified_gmt":"2018-06-18T19:42:32","slug":"studijske-ekskurzije","status":"publish","type":"page","link":"https:\/\/www.worldofart.org\/arhiv.worldofart.org\/aktualno\/trinajsti-letnik-20102011\/studijske-ekskurzije","title":{"rendered":"\u0160tudijske ekskurzije po Sloveniji in na Dunaj"},"content":{"rendered":"<p>SVET UMETNOSTI<br \/>\n\u0160ola za kustose in kritike sodobne umetnosti<br \/>\nLetnik 13<br \/>\n2. semester (september 2010\u2013maj 2010)<\/p>\n<hr \/>\n<p>\u0160tudijska potovanja seznanijo te\u010dajnike s prizori\u0161\u010di, njihovimi protagonisti, umetni\u0161ko produkcijo in funkcioniranjem umetnostnega sistema in ponujajo mo\u017enosti za nadaljnje raziskovanje in sodelovanje.<\/p>\n<p>Reka (10.\u201312. 9. 2010),<br \/>\nCelje (september 2010),<br \/>\nMaribor (november 2010),<br \/>\nDunaj (8.\u201311. 12. 2010); avtor programa: Luiza Ziaja (ECM, magistrski \u0161tudij kuratorstva v okviru Univerze uporabnih umetnosti na Dunaju)<\/p>\n","protected":false},"excerpt":{"rendered":"<p>SVET UMETNOSTI \u0160ola za kustose in kritike sodobne umetnosti Letnik 13 2. semester (september 2010\u2013maj 2010) \u0160tudijska potovanja seznanijo te\u010dajnike s prizori\u0161\u010di, njihovimi protagonisti, umetni\u0161ko produkcijo in funkcioniranjem umetnostnega sistema in ponujajo mo\u017enosti za nadaljnje raziskovanje in sodelovanje. Reka (10.\u201312. 9. 2010), Celje (september 2010), Maribor (november 2010), Dunaj (8.\u201311. 12. 2010); avtor programa: Luiza [&hellip;]<\/p>\n","protected":false},"author":1,"featured_media":0,"parent":237,"menu_order":0,"comment_status":"closed","ping_status":"closed","template":"","meta":{"footnotes":""},"categories":[],"tags":[],"_links":{"self":[{"href":"https:\/\/www.worldofart.org\/arhiv.worldofart.org\/aktualno\/wp-json\/wp\/v2\/pages\/250"}],"collection":[{"href":"https:\/\/www.worldofart.org\/arhiv.worldofart.org\/aktualno\/wp-json\/wp\/v2\/pages"}],"about":[{"href":"https:\/\/www.worldofart.org\/arhiv.worldofart.org\/aktualno\/wp-json\/wp\/v2\/types\/page"}],"author":[{"embeddable":true,"href":"https:\/\/www.worldofart.org\/arhiv.worldofart.org\/aktualno\/wp-json\/wp\/v2\/users\/1"}],"replies":[{"embeddable":true,"href":"https:\/\/www.worldofart.org\/arhiv.worldofart.org\/aktualno\/wp-json\/wp\/v2\/comments?post=250"}],"version-history":[{"count":1,"href":"https:\/\/www.worldofart.org\/arhiv.worldofart.org\/aktualno\/wp-json\/wp\/v2\/pages\/250\/revisions"}],"predecessor-version":[{"id":9570,"href":"https:\/\/www.worldofart.org\/arhiv.worldofart.org\/aktualno\/wp-json\/wp\/v2\/pages\/250\/revisions\/9570"}],"up":[{"embeddable":true,"href":"https:\/\/www.worldofart.org\/arhiv.worldofart.org\/aktualno\/wp-json\/wp\/v2\/pages\/237"}],"wp:attachment":[{"href":"https:\/\/www.worldofart.org\/arhiv.worldofart.org\/aktualno\/wp-json\/wp\/v2\/media?parent=250"}],"wp:term":[{"taxonomy":"category","embeddable":true,"href":"https:\/\/www.worldofart.org\/arhiv.worldofart.org\/aktualno\/wp-json\/wp\/v2\/categories?post=250"},{"taxonomy":"post_tag","embeddable":true,"href":"https:\/\/www.worldofart.org\/arhiv.worldofart.org\/aktualno\/wp-json\/wp\/v2\/tags?post=250"}],"curies":[{"name":"wp","href":"https:\/\/api.w.org\/{rel}","templated":true}]}}