{"id":252,"date":"2010-02-27T20:36:59","date_gmt":"2010-02-27T18:36:59","guid":{"rendered":"http:\/\/www.worldofart.org\/aktualno\/trinajsti-letnik-20102011\/delavnice-iz-pisanja-o-sodobni-umetnosti\/"},"modified":"2018-06-18T21:41:49","modified_gmt":"2018-06-18T19:41:49","slug":"delavnice-iz-pisanja-o-sodobni-umetnosti","status":"publish","type":"page","link":"https:\/\/www.worldofart.org\/arhiv.worldofart.org\/aktualno\/trinajsti-letnik-20102011\/delavnice-iz-pisanja-o-sodobni-umetnosti","title":{"rendered":"Delavnice iz pisanja o sodobni umetnosti"},"content":{"rendered":"<p>SVET UMETNOSTI<br \/>\n\u0160ola za kustose in kritike sodobne umetnosti<br \/>\nLetnik 13<br \/>\n2. semester (september 2010\u2013maj 2010)<\/p>\n<hr \/>\n<p>Delavnice so prvenstveno namenjene udele\u017eencem \u0161ole, za vsako pa bo razpisanih nekaj mest za zunanje udele\u017eence. <\/p>\n<p>Program:<\/p>\n<ul>\n<li><strong><a href=\"https:\/\/www.worldofart.org\/arhiv.worldofart.org\/aktualno\/trinajsti-letnik-20102011\/delavnice\/misko-suvakovic-teorija-in-praksa-umetnostne-kritike\/\">Mi\u0161ko \u0160uvakovi\u0107: Teorija in praksa umetnostne kritike<\/a><\/strong><\/li>\n<li><strong><a href=\"https:\/\/www.worldofart.org\/arhiv.worldofart.org\/aktualno\/trinajsti-letnik-20102011\/delavnice\/petja-grafenauer-pisanje-teksta-o-razstavi-sodobne-umetnosti\/\">Petja Grafenauer: Pisanje teksta o razstavi sodobne umetnosti<\/a><\/strong><\/li>\n<li><strong><a href=\"https:\/\/www.worldofart.org\/arhiv.worldofart.org\/aktualno\/trinajsti-letnik-20102011\/delavnice\/suzana-milevska-tekst-za-katalog\/\">Suzana Milevska: Tekst za katalog<\/a><\/strong><\/li>\n<\/ul>\n","protected":false},"excerpt":{"rendered":"<p>SVET UMETNOSTI \u0160ola za kustose in kritike sodobne umetnosti Letnik 13 2. semester (september 2010\u2013maj 2010) Delavnice so prvenstveno namenjene udele\u017eencem \u0161ole, za vsako pa bo razpisanih nekaj mest za zunanje udele\u017eence. Program: Mi\u0161ko \u0160uvakovi\u0107: Teorija in praksa umetnostne kritike Petja Grafenauer: Pisanje teksta o razstavi sodobne umetnosti Suzana Milevska: Tekst za katalog<\/p>\n","protected":false},"author":1,"featured_media":0,"parent":237,"menu_order":0,"comment_status":"closed","ping_status":"closed","template":"","meta":{"footnotes":""},"categories":[],"tags":[],"_links":{"self":[{"href":"https:\/\/www.worldofart.org\/arhiv.worldofart.org\/aktualno\/wp-json\/wp\/v2\/pages\/252"}],"collection":[{"href":"https:\/\/www.worldofart.org\/arhiv.worldofart.org\/aktualno\/wp-json\/wp\/v2\/pages"}],"about":[{"href":"https:\/\/www.worldofart.org\/arhiv.worldofart.org\/aktualno\/wp-json\/wp\/v2\/types\/page"}],"author":[{"embeddable":true,"href":"https:\/\/www.worldofart.org\/arhiv.worldofart.org\/aktualno\/wp-json\/wp\/v2\/users\/1"}],"replies":[{"embeddable":true,"href":"https:\/\/www.worldofart.org\/arhiv.worldofart.org\/aktualno\/wp-json\/wp\/v2\/comments?post=252"}],"version-history":[{"count":1,"href":"https:\/\/www.worldofart.org\/arhiv.worldofart.org\/aktualno\/wp-json\/wp\/v2\/pages\/252\/revisions"}],"predecessor-version":[{"id":9540,"href":"https:\/\/www.worldofart.org\/arhiv.worldofart.org\/aktualno\/wp-json\/wp\/v2\/pages\/252\/revisions\/9540"}],"up":[{"embeddable":true,"href":"https:\/\/www.worldofart.org\/arhiv.worldofart.org\/aktualno\/wp-json\/wp\/v2\/pages\/237"}],"wp:attachment":[{"href":"https:\/\/www.worldofart.org\/arhiv.worldofart.org\/aktualno\/wp-json\/wp\/v2\/media?parent=252"}],"wp:term":[{"taxonomy":"category","embeddable":true,"href":"https:\/\/www.worldofart.org\/arhiv.worldofart.org\/aktualno\/wp-json\/wp\/v2\/categories?post=252"},{"taxonomy":"post_tag","embeddable":true,"href":"https:\/\/www.worldofart.org\/arhiv.worldofart.org\/aktualno\/wp-json\/wp\/v2\/tags?post=252"}],"curies":[{"name":"wp","href":"https:\/\/api.w.org\/{rel}","templated":true}]}}