{"id":2523,"date":"2012-08-16T14:10:19","date_gmt":"2012-08-16T12:10:19","guid":{"rendered":"http:\/\/www.worldofart.org\/aktualno\/?page_id=2523"},"modified":"2020-02-03T14:16:30","modified_gmt":"2020-02-03T12:16:30","slug":"rubrika-su-v-likovnih-besedah","status":"publish","type":"page","link":"https:\/\/www.worldofart.org\/arhiv.worldofart.org\/aktualno\/rubrika-su-v-likovnih-besedah","title":{"rendered":"Rubrika Svet umetnosti v Likovnih besedah"},"content":{"rendered":"<p><img loading=\"lazy\" decoding=\"async\" class=\"wp-image-9872 alignnone\" src=\"https:\/\/www.worldofart.org\/arhiv.worldofart.org\/aktualno\/wp-content\/uploads\/2012\/08\/likovne-besede.jpg\" alt=\"likovne-besede\" width=\"307\" height=\"66\" srcset=\"https:\/\/www.worldofart.org\/arhiv.worldofart.org\/aktualno\/wp-content\/uploads\/2012\/08\/likovne-besede.jpg 947w, https:\/\/www.worldofart.org\/arhiv.worldofart.org\/aktualno\/wp-content\/uploads\/2012\/08\/likovne-besede-300x65.jpg 300w, https:\/\/www.worldofart.org\/arhiv.worldofart.org\/aktualno\/wp-content\/uploads\/2012\/08\/likovne-besede-768x165.jpg 768w\" sizes=\"(max-width: 307px) 100vw, 307px\" \/><\/p>\n<p>Leta 2005 smo v sodelovanju z uredni\u0161tvom revije <a title=\"Likovne besede\" href=\"http:\/\/likovnebesede.weebly.com\/\" target=\"_blank\" rel=\"noopener noreferrer\"><strong><em>Likovne besede<\/em><\/strong><\/a> vzpostavili rubriko <em>Svet umetnosti<\/em>, v kateri objavljamo besedila, povezana s kuratorsko in kriti\u0161ko prakso, ki nastajajo v okviru seminarja iz pisanja.<\/p>\n<hr \/>\n<p><a name=\"seznam\"><\/a><\/p>\n<p><em>Likovne besede<\/em>, \u0161t. 112 (zima 2019):<\/p>\n<ul>\n<li><a href=\"https:\/\/www.worldofart.org\/arhiv.worldofart.org\/aktualno\/wp-content\/uploads\/2020\/02\/LB_112_ZIELINSKI.pdf\" target=\"_blank\" rel=\"noopener noreferrer\">Segfried Zielinski,<i>\u00a0Kako pride novo na svet? O stanju stvari in mo\u017enosti njihovega premika v prihodnost<\/i><\/a>\u00a0(pdf)<\/li>\n<\/ul>\n<p><em>Likovne besede<\/em>, \u0161t. 108 (poletje 2018):<\/p>\n<ul>\n<li><a href=\"https:\/\/www.worldofart.org\/arhiv.worldofart.org\/aktualno\/wp-content\/uploads\/2018\/07\/Likovne-Besede_Andrej-Bereta.pdf\" target=\"_blank\" rel=\"noopener noreferrer\">Andrej Bereta, <em>Kuriranje kot platforma za izmenjavo znanj in ve\u0161\u010din<\/em><\/a> (pdf)<\/li>\n<\/ul>\n<p><em>Likovne besede<\/em>, \u0161t. 105 (poletje 2017):<\/p>\n<ul>\n<li><a href=\"https:\/\/www.worldofart.org\/arhiv.worldofart.org\/aktualno\/wp-content\/uploads\/2012\/08\/LB_105_SCCA.pdf\" target=\"_blank\" rel=\"noopener noreferrer\">Lenka \u0110orojevi\u0107, Miha Kelemina, <em>Re-vizija procesa snovanja razstave ob 20. obletnici \u0161ole Svet umetnosti<\/em><\/a> (pdf)<\/li>\n<\/ul>\n<p><em>Likovne besede<\/em>, \u0161t. 103 (poletje 2016):<\/p>\n<ul>\n<li><a href=\"https:\/\/www.worldofart.org\/arhiv.worldofart.org\/aktualno\/wp-content\/uploads\/2012\/08\/LB_103_SCCA.pdf\" target=\"_blank\" rel=\"noopener noreferrer\">Petra Bole, Katarina Stopar, <em>Subjektivnost kuratorskega diskurza v \u0161oli za kustose in kritike sodobne umetnosti<\/em><\/a> (pdf)<\/li>\n<\/ul>\n<p><em>Likovne besede<\/em>, \u0161t. 102 (zima 2015):<\/p>\n<ul>\n<li><a href=\"https:\/\/www.worldofart.org\/arhiv.worldofart.org\/aktualno\/wp-content\/uploads\/2016\/01\/LB-102-Celostno-kuriranje.pdf\" target=\"_blank\" rel=\"noopener noreferrer\">Miha Kelemina,<em> Celostno kuriranje \/ Curating-In-Depth<\/em><\/a> (pdf)<\/li>\n<\/ul>\n<p><em>Likovne besede<\/em>, \u0161t. 101 (poletje 2015):<\/p>\n<ul>\n<li><a href=\"https:\/\/www.worldofart.org\/arhiv.worldofart.org\/aktualno\/wp-content\/uploads\/2012\/08\/LB-SU_101.pdf\" target=\"_blank\" rel=\"noopener noreferrer\">Hana Ostan O\u017ebolt,<em> Vadimo in vabimo<\/em><\/a> (pdf)<\/li>\n<\/ul>\n<p><em>Likovne besede<\/em>, \u0161t. 100 (zima 2014):<\/p>\n<ul style=\"padding-bottom: 20px;\">\n<li><a href=\"https:\/\/www.worldofart.org\/arhiv.worldofart.org\/aktualno\/wp-content\/uploads\/2012\/08\/Jayme-McLellan-LB.pdf\" target=\"_blank\" rel=\"noopener noreferrer\">Simona \u017dvanut, Jayme McLellan, <em>Umetni\u0161ke scene in kulturni producenti spreminjajo svet<\/em><\/a> (pdf)<\/li>\n<\/ul>\n<p><em>Likovne besede<\/em>, \u0161t. 99 (poletje 2014):<\/p>\n<ul style=\"padding-bottom: 20px;\">\n<li><a href=\"https:\/\/www.worldofart.org\/arhiv.worldofart.org\/aktualno\/wp-content\/uploads\/2012\/08\/LB_99_METELKOVA.pdf\" target=\"_blank\" rel=\"noopener noreferrer\">Sa\u0161a Nabergoj, <em>Celostna umetnina Metelkova mesto in njeni mojstri<\/em><\/a> (pdf)<\/li>\n<\/ul>\n<p><em>Likovne besede<\/em>, \u0161t. 97 (poletje 2013):<\/p>\n<ul style=\"padding-bottom: 20px;\">\n<li><a href=\"https:\/\/www.worldofart.org\/arhiv.worldofart.org\/aktualno\/wp-content\/uploads\/2012\/08\/Skumavc_Alibegovic.pdf\" target=\"_blank\" rel=\"noopener noreferrer\">Maja Alibegovi\u0107 in Nina Skumavc, <em>Svoboda, enakost in kustosi. Od novincev do bande kustosov<\/em><\/a> (pdf)<\/li>\n<\/ul>\n<p><em>Likovne besede<\/em>, \u0161t. 96 (zima 2012):<\/p>\n<ul style=\"padding-bottom: 20px;\">\n<li><a href=\"https:\/\/www.worldofart.org\/arhiv.worldofart.org\/aktualno\/wp-content\/uploads\/2012\/08\/SCCA-LB96.pdf\" target=\"_blank\" rel=\"noopener noreferrer\">Barbara Bor\u010di\u0107, Amalija Stojsavljevi\u0107, <em>Video obrat in delavnica iz pisanja<\/em><\/a> (pdf)<\/li>\n<\/ul>\n<p><em>Likovne besede<\/em>, 95 (poletje 2012):<\/p>\n<ul style=\"padding-bottom: 20px;\">\n<li><a href=\"https:\/\/www.worldofart.org\/arhiv.worldofart.org\/aktualno\/archives\/1998\">Maja Anton\u010di\u010d, <em>Kako preprosto je natisniti in predstaviti umetni\u0161ko delo? Kritika razstave<\/em> Printaj!<\/a><\/li>\n<\/ul>\n<p><em>Likovne besede<\/em>, \u0161t. 94 (zima 2011):<\/p>\n<ul style=\"padding-bottom: 20px;\">\n<li><a href=\"https:\/\/www.worldofart.org\/arhiv.worldofart.org\/aktualno\/archives\/2420\">Iva Kova\u010d, <em>Ikonoklazem ali pomilostitev vizualnega u\u010dinka \u2026 Tomislav Brajnovi\u0107 v Galeriji Alkatraz<\/em><\/a><\/li>\n<\/ul>\n<p><em>Likovne besede<\/em>, \u0161t. 91 (poletje 2010):<\/p>\n<ul style=\"padding-bottom: 20px;\">\n<li><a href=\"https:\/\/www.worldofart.org\/arhiv.worldofart.org\/aktualno\/archives\/2557\"><em>Zanimajo nas modeli delovanja, ki nastajajo iz lokalnih potreb<\/em> (Petja Grafenauer: pogovor s Sa\u0161o Nabergoj)<\/a><\/li>\n<\/ul>\n<p><em>Likovne besede,<\/em> \u0161t. 89, 90 (zima 2009):<\/p>\n<ul style=\"padding-bottom: 20px;\">\n<li><a href=\"https:\/\/www.worldofart.org\/arhiv.worldofart.org\/aktualno\/archives\/2416\">Sa\u0161a Nabergoj, Lara Plav\u010dak, <em>V 4.360 dneh okoli sveta umetnosti, Svet umetnosti 1997\u20132009<\/em><\/a><\/li>\n<\/ul>\n<p><em>Likovne besede<\/em>, \u0161t. 87, 88 (poletje 2009):<\/p>\n<ul style=\"padding-bottom: 20px;\">\n<li><a href=\"https:\/\/www.worldofart.org\/arhiv.worldofart.org\/aktualno\/archives\/2403\">Petja Grafenauer, <em>Pomen medregijskega povezovanja na podro\u010dju kuratorskih praks<\/em><\/a><\/li>\n<\/ul>\n<p><em>Likovne besede<\/em>, \u0161t. 85, 86 (zima 2008):<\/p>\n<ul style=\"padding-bottom: 20px;\">\n<li><a href=\"https:\/\/www.worldofart.org\/arhiv.worldofart.org\/aktualno\/wp-content\/uploads\/2012\/08\/Grafenauer_Rot_85_86.pdf\" target=\"_blank\" rel=\"noopener noreferrer\">Petja Grafenauer, Mateja Rot, <em>Laboratorij kuratorskih praks 2006\/2007<\/em><\/a> (pdf)<\/li>\n<\/ul>\n<p><em>Likovne besede<\/em>, \u0161t. 83, 84 (poletje 2008):<\/p>\n<ul style=\"padding-bottom: 20px;\">\n<li><a href=\"https:\/\/www.worldofart.org\/arhiv.worldofart.org\/aktualno\/wp-content\/uploads\/2012\/08\/OZBOLT_st_83_84.pdf\" target=\"_blank\" rel=\"noopener noreferrer\">Petra Kap\u0161, <em>Intervju z Alenom O\u017eboltom<\/em><\/a> (pdf)<\/li>\n<li><a href=\"https:\/\/www.worldofart.org\/arhiv.worldofart.org\/aktualno\/wp-content\/uploads\/2012\/08\/BADOVINAC_st_83_84.pdf\" target=\"_blank\" rel=\"noopener noreferrer\">Petra Mili\u0107, <em>Intervju z Zdenko Badovinac<\/em><\/a> (pdf)<\/li>\n<\/ul>\n<p><em>Likovne besede<\/em>, \u0161t. 81, 82 (zima 2007):<\/p>\n<ul style=\"padding-bottom: 20px;\">\n<li><a href=\"https:\/\/www.worldofart.org\/arhiv.worldofart.org\/aktualno\/wp-content\/uploads\/2012\/08\/MILEVSKA.pdf\" target=\"_blank\" rel=\"noopener noreferrer\">Suzana Milevska, <em>Lastni glas(ovi): Pisanje besedil za katalog kot specifi\u010den \u017eanr interdisciplinarnega in performativnega pisanja<\/em><\/a> (pdf)<\/li>\n<\/ul>\n<p><em>Likovne besede<\/em>, \u0161t. 79, 80 (poletje 2007):<\/p>\n<ul style=\"padding-bottom: 20px;\">\n<li><a href=\"https:\/\/www.worldofart.org\/arhiv.worldofart.org\/aktualno\/archives\/2591\"><em>Kustos je nekdo, ki skupaj z umetniki spodbudi vrsto idej<\/em> (Sa\u0161a Nabergoj: pogovor s Cl\u00e9mentine Deliss)<\/a><\/li>\n<li><a href=\"https:\/\/www.worldofart.org\/arhiv.worldofart.org\/aktualno\/archives\/2549\"><em>Kuratorske prakse v slovenskem prostoru<\/em>, okrogla miza<\/a> (sodelujejo: Z. Badovinac, A. Bassin, B. Bor\u010di\u0107 in T. Brejc)<\/li>\n<\/ul>\n<p><em>Likovne besede<\/em>, \u0161t. 77, 78 (zima 2006):<\/p>\n<ul style=\"padding-bottom: 20px;\">\n<li><a href=\"https:\/\/www.worldofart.org\/arhiv.worldofart.org\/aktualno\/archives\/2564\">Eda \u010cufer, <em>Intervju kot orodje<\/em><\/a><\/li>\n<li><a href=\"https:\/\/www.worldofart.org\/arhiv.worldofart.org\/aktualno\/wp-content\/uploads\/2012\/08\/Grafenauer_st_77_78.pdf\" target=\"_blank\" rel=\"noopener noreferrer\">Petja Grafenauer Krnc, <em>Sodobna in vzgodnoevropska umetnost, Razstavna politika Moderne galerije<\/em><\/a> (pdf)<\/li>\n<\/ul>\n<p><em>Likovne besede<\/em>, \u0161t. 75, 76 (poletje 2006):<\/p>\n<ul style=\"padding-bottom: 20px;\">\n<li><a href=\"https:\/\/www.worldofart.org\/arhiv.worldofart.org\/aktualno\/wp-content\/uploads\/2012\/08\/Belsak-Bratusa_st_75_76.pdf\" target=\"_blank\" rel=\"noopener noreferrer\">Sandra Bel\u0161ak, <em>Od Navadnih kipov do Neimenovanih \u2013 Poliestrsko in epoksi kiparstvo Mirka Bratu\u0161e<\/em><\/a> (pdf)<\/li>\n<li><a href=\"https:\/\/www.worldofart.org\/arhiv.worldofart.org\/aktualno\/wp-content\/uploads\/2012\/08\/Denegri_st_75_76.pdf\" target=\"_blank\" rel=\"noopener noreferrer\">Je\u0161a Denegri, <em>Zgodovinjenje sodobne umetnosti<\/em><\/a> (pdf)<\/li>\n<\/ul>\n<p><em>Likovne besede<\/em>, \u0161t. 73, 74 (zima 2005):<\/p>\n<ul style=\"padding-bottom: 20px;\">\n<li><a href=\"https:\/\/www.worldofart.org\/arhiv.worldofart.org\/aktualno\/wp-content\/uploads\/2012\/08\/Kaps_st_73_74.pdf\" target=\"_blank\" rel=\"noopener noreferrer\">Petra Kap\u0161, <em>Mesto je v nas, mi smo tukaj &#8230;<\/em><\/a> (pdf)<\/li>\n<li><a href=\"https:\/\/www.worldofart.org\/arhiv.worldofart.org\/aktualno\/wp-content\/uploads\/2012\/08\/Suvakovic-st_73_74.pdf\" target=\"_blank\" rel=\"noopener noreferrer\">Mi\u0161ko \u0160uvakovi\u0107, <em>Teorija in praksa kritike<\/em><\/a> (pdf)<\/li>\n<\/ul>\n<p><em>Likovne besede<\/em>, \u0161t. 71, 72 (poletje 2005):<\/p>\n<ul>\n<li><a href=\"https:\/\/www.worldofart.org\/arhiv.worldofart.org\/aktualno\/archives\/2395\">Sandra Bel\u0161ak, <em>\u010cisto umazano. Procesi &#8220;higienizacije&#8221; skozi umetni\u0161ke prakse v Sloveniji<\/em><\/a><\/li>\n<li><a href=\"https:\/\/www.worldofart.org\/arhiv.worldofart.org\/aktualno\/wp-content\/uploads\/2012\/08\/LB_71_72.pdf\" target=\"_blank\" rel=\"noopener noreferrer\">Barbara Bor\u010di\u0107 in Sa\u0161a Nabergoj, <em>Svet umetnosti<\/em><\/a> (pdf)<\/li>\n<li><a href=\"https:\/\/www.worldofart.org\/arhiv.worldofart.org\/aktualno\/wp-content\/uploads\/2012\/08\/Logar-Tomazin_st_71_72.pdf\" target=\"_blank\" rel=\"noopener noreferrer\">Tev\u017e Logar, <em>Toma\u017e Toma\u017ein: Heroj<\/em><\/a> (pdf)<\/li>\n<\/ul>\n","protected":false},"excerpt":{"rendered":"<p>Leta 2005 smo v sodelovanju z uredni\u0161tvom revije Likovne besede vzpostavili rubriko Svet umetnosti, v kateri objavljamo besedila, povezana s kuratorsko in kriti\u0161ko prakso, ki nastajajo v okviru seminarja iz pisanja. Likovne besede, \u0161t. 112 (zima 2019): Segfried Zielinski,\u00a0Kako pride novo na svet? O stanju stvari in mo\u017enosti njihovega premika v prihodnost\u00a0(pdf) Likovne besede, \u0161t. [&hellip;]<\/p>\n","protected":false},"author":1,"featured_media":9872,"parent":0,"menu_order":0,"comment_status":"closed","ping_status":"closed","template":"","meta":{"footnotes":""},"categories":[21],"tags":[],"_links":{"self":[{"href":"https:\/\/www.worldofart.org\/arhiv.worldofart.org\/aktualno\/wp-json\/wp\/v2\/pages\/2523"}],"collection":[{"href":"https:\/\/www.worldofart.org\/arhiv.worldofart.org\/aktualno\/wp-json\/wp\/v2\/pages"}],"about":[{"href":"https:\/\/www.worldofart.org\/arhiv.worldofart.org\/aktualno\/wp-json\/wp\/v2\/types\/page"}],"author":[{"embeddable":true,"href":"https:\/\/www.worldofart.org\/arhiv.worldofart.org\/aktualno\/wp-json\/wp\/v2\/users\/1"}],"replies":[{"embeddable":true,"href":"https:\/\/www.worldofart.org\/arhiv.worldofart.org\/aktualno\/wp-json\/wp\/v2\/comments?post=2523"}],"version-history":[{"count":62,"href":"https:\/\/www.worldofart.org\/arhiv.worldofart.org\/aktualno\/wp-json\/wp\/v2\/pages\/2523\/revisions"}],"predecessor-version":[{"id":15068,"href":"https:\/\/www.worldofart.org\/arhiv.worldofart.org\/aktualno\/wp-json\/wp\/v2\/pages\/2523\/revisions\/15068"}],"wp:featuredmedia":[{"embeddable":true,"href":"https:\/\/www.worldofart.org\/arhiv.worldofart.org\/aktualno\/wp-json\/wp\/v2\/media\/9872"}],"wp:attachment":[{"href":"https:\/\/www.worldofart.org\/arhiv.worldofart.org\/aktualno\/wp-json\/wp\/v2\/media?parent=2523"}],"wp:term":[{"taxonomy":"category","embeddable":true,"href":"https:\/\/www.worldofart.org\/arhiv.worldofart.org\/aktualno\/wp-json\/wp\/v2\/categories?post=2523"},{"taxonomy":"post_tag","embeddable":true,"href":"https:\/\/www.worldofart.org\/arhiv.worldofart.org\/aktualno\/wp-json\/wp\/v2\/tags?post=2523"}],"curies":[{"name":"wp","href":"https:\/\/api.w.org\/{rel}","templated":true}]}}