{"id":253,"date":"2010-02-27T20:41:02","date_gmt":"2010-02-27T18:41:02","guid":{"rendered":"http:\/\/www.worldofart.org\/aktualno\/trinajsti-letnik-20102011\/serija-javnih-predavanj-o-kuratorski-in-institucionalni-praksi\/"},"modified":"2018-06-18T21:41:29","modified_gmt":"2018-06-18T19:41:29","slug":"serija-javnih-predavanj","status":"publish","type":"page","link":"https:\/\/www.worldofart.org\/arhiv.worldofart.org\/aktualno\/trinajsti-letnik-20102011\/serija-javnih-predavanj","title":{"rendered":"Serija javnih predavanj o kuratorski in institucionalni praksi"},"content":{"rendered":"<p>SVET UMETNOSTI<br \/>\n\u0160ola za kustose in kritike sodobne umetnosti<br \/>\nLetnik 13<\/p>\n<hr \/>\n<p class=\"leto\"><strong>2011<\/strong><\/p>\n<table width=\"100%\" border=\"0\" cellspacing=\"0\" cellpadding=\"0\">\n<tr>\n<td class=\"mesec\" width=\"20%\" valign=\"top\">februar<\/td>\n<td class=\"tdprogramsredina\" width=\"20%\" valign=\"top\">\u010detrtek<br \/>\n10. 2. 2011 ob 20.00<\/td>\n<td class=\"tdprogram\" width=\"60%\" valign=\"top\"><a href=\"https:\/\/www.worldofart.org\/arhiv.worldofart.org\/aktualno\/archives\/722\">Pau Cata (Consell Comarcal Llorenc del Penedes): Umetnik v rezidenci CeRCCa. Avto-etnografska perspektiva<br \/>\n<\/a><\/td>\n<\/tr>\n<tr>\n<td class=\"mesec\" width=\"20%\" valign=\"top\">april<\/td>\n<td class=\"tdprogramsredina\" width=\"20%\" valign=\"top\">torek<br \/>\n19. 4. 2011 ob 20.00<\/td>\n<td class=\"tdprogram\" width=\"60%\" valign=\"top\"><a href=\"https:\/\/www.worldofart.org\/arhiv.worldofart.org\/aktualno\/archives\/816\">Nora Sternfeld in Luisa Ziaja: Kaj se zgodi po dogodku? O post-reprezentacijskem kuratorstvu<\/a><\/td>\n<\/tr>\n<\/table>\n<p class=\"leto\"><strong>2010<\/strong><\/p>\n<table width=\"100%\" border=\"0\" cellspacing=\"0\" cellpadding=\"0\">\n<tr>\n<td class=\"mesec\" width=\"20%\" valign=\"top\">september<\/td>\n<td class=\"tdprogramsredina\" width=\"20%\" valign=\"top\">\u010detrtek<br \/>\n16. 9. 2010 ob 19.00<\/td>\n<td class=\"tdprogram\" width=\"60%\" valign=\"top\"><a href=\"https:\/\/www.worldofart.org\/arhiv.worldofart.org\/aktualno\/archives\/766\">Joa Ljungberg in Edi Muka. Kuratorske strategije: 2 zgodbi<br \/>\n(Sanje neuspehi in dose\u017eki: krmarjenje skozi institucionalno pu\u0161\u010davo, Dve nordijski elektrarni za umetnost)<br \/>\n<\/a><\/td>\n<\/tr>\n<tr>\n<td class=\"mesec\" rowspan=\"2\" width=\"20%\" valign=\"top\">november<\/td>\n<td class=\"tdprogramsredina\" width=\"20%\" valign=\"top\">torek,<br \/>\n16. 11. 2010 ob 20.00<br \/>\nZavod SCCA-Ljubljana<\/td>\n<td class=\"tdprogram\" width=\"60%\" valign=\"top\"><a href=\"https:\/\/www.worldofart.org\/arhiv.worldofart.org\/aktualno\/archives\/760\">Maria Hlavajova: Spopadanje z dru\u017ebenimi in politi\u010dnimi nujnimi zadevami na podro\u010dju umetnostne prakse. BAK, basis voor actuele kunst, kot \u0161tudija primera<br \/>\n<\/a><\/td>\n<\/tr>\n<tr>\n<td class=\"tdprogramsredina\" width=\"20%\" valign=\"top\">sreda,<br \/>\n17. 11. 2010 ob 19.00<br \/>\nMestna galerija Nova Gorica<\/td>\n<td class=\"tdprogram\" width=\"60%\" valign=\"top\"><a href=\"https:\/\/www.worldofart.org\/arhiv.worldofart.org\/aktualno\/archives\/760\">Maria Hlavajova: Spopadanje z dru\u017ebenimi in politi\u010dnimi nujnimi zadevami na podro\u010dju umetnostne prakse. BAK, basis voor actuele kunst, kot \u0161tudija primera<br \/>\n<\/a><\/td>\n<\/tr>\n<\/table>\n<p>Predavanja so javna in brezpla\u010dna.<\/p>\n","protected":false},"excerpt":{"rendered":"<p>SVET UMETNOSTI \u0160ola za kustose in kritike sodobne umetnosti Letnik 13 2011 februar \u010detrtek 10. 2. 2011 ob 20.00 Pau Cata (Consell Comarcal Llorenc del Penedes): Umetnik v rezidenci CeRCCa. Avto-etnografska perspektiva april torek 19. 4. 2011 ob 20.00 Nora Sternfeld in Luisa Ziaja: Kaj se zgodi po dogodku? O post-reprezentacijskem kuratorstvu 2010 september \u010detrtek [&hellip;]<\/p>\n","protected":false},"author":1,"featured_media":0,"parent":237,"menu_order":0,"comment_status":"closed","ping_status":"closed","template":"","meta":{"footnotes":""},"categories":[],"tags":[],"_links":{"self":[{"href":"https:\/\/www.worldofart.org\/arhiv.worldofart.org\/aktualno\/wp-json\/wp\/v2\/pages\/253"}],"collection":[{"href":"https:\/\/www.worldofart.org\/arhiv.worldofart.org\/aktualno\/wp-json\/wp\/v2\/pages"}],"about":[{"href":"https:\/\/www.worldofart.org\/arhiv.worldofart.org\/aktualno\/wp-json\/wp\/v2\/types\/page"}],"author":[{"embeddable":true,"href":"https:\/\/www.worldofart.org\/arhiv.worldofart.org\/aktualno\/wp-json\/wp\/v2\/users\/1"}],"replies":[{"embeddable":true,"href":"https:\/\/www.worldofart.org\/arhiv.worldofart.org\/aktualno\/wp-json\/wp\/v2\/comments?post=253"}],"version-history":[{"count":1,"href":"https:\/\/www.worldofart.org\/arhiv.worldofart.org\/aktualno\/wp-json\/wp\/v2\/pages\/253\/revisions"}],"predecessor-version":[{"id":9557,"href":"https:\/\/www.worldofart.org\/arhiv.worldofart.org\/aktualno\/wp-json\/wp\/v2\/pages\/253\/revisions\/9557"}],"up":[{"embeddable":true,"href":"https:\/\/www.worldofart.org\/arhiv.worldofart.org\/aktualno\/wp-json\/wp\/v2\/pages\/237"}],"wp:attachment":[{"href":"https:\/\/www.worldofart.org\/arhiv.worldofart.org\/aktualno\/wp-json\/wp\/v2\/media?parent=253"}],"wp:term":[{"taxonomy":"category","embeddable":true,"href":"https:\/\/www.worldofart.org\/arhiv.worldofart.org\/aktualno\/wp-json\/wp\/v2\/categories?post=253"},{"taxonomy":"post_tag","embeddable":true,"href":"https:\/\/www.worldofart.org\/arhiv.worldofart.org\/aktualno\/wp-json\/wp\/v2\/tags?post=253"}],"curies":[{"name":"wp","href":"https:\/\/api.w.org\/{rel}","templated":true}]}}