{"id":255,"date":"2010-02-27T20:49:23","date_gmt":"2010-02-27T18:49:23","guid":{"rendered":"http:\/\/www.worldofart.org\/aktualno\/trinajsti-letnik-20102011\/voditelji-delavnic-20102011-2\/"},"modified":"2018-06-18T20:41:12","modified_gmt":"2018-06-18T18:41:12","slug":"voditelji-delavnic-20102011-2","status":"publish","type":"page","link":"https:\/\/www.worldofart.org\/arhiv.worldofart.org\/aktualno\/trinajsti-letnik-20102011\/voditelji-delavnic-20102011-2","title":{"rendered":"Voditelji delavnic 2010\/2011"},"content":{"rendered":"<p><img loading=\"lazy\" decoding=\"async\" width=\"100\" height=\"100\" align=\"left\" style=\"margin-right: 10px; margin-bottom: 5px; margin-top: 3px; margin-left: 0px\" src=\"https:\/\/www.worldofart.org\/arhiv.worldofart.org\/aktualno\/wp-content\/2008-09\/seminar\/voditelji\/misko-suvakovic.jpg\" alt=\"Mi\u0161ko \u0160uvakovi\u0107\" \/><strong>Mi\u0161ko \u0160uvakovi\u0107<\/strong><br \/>\nRojen leta 1954 v Beogradu. Leta 1993 je doktoriral na Fakulteti za likovno umetnost Umetnostne univerze v Beogradu. Je redni profesor na beograjski Fakulteti za glasbeno umetnost, kjer predava teorijo umetnosti v okviru interdisciplinarnega magistrskega \u0161tudija. Bil je \u010dlan umetni\u0161ke skupine Grupa 143 (1975 \u2013 1980) in neformalne teoretske in umetnostne institucije Zajednica za istra\u017eivanje prostora \u2013 ZzIP [Space research community \u2013 ZzIP] (1982-89). \u010clan uredni\u0161tva \u010dasopisov Transkatalog (Novi Sad, 1995-1998) in Teorija koja Hoda [Walking theory] (Beograd, od 2001). \u010castni \u010dlan Slovenskega dru\u0161tva za estetiko. Avtor knjig Scene jezika [Scenes of language] (Beograd, 1989), Pas Tout (Buffalo, 1994), Prolegomena za analiti\u010dku estetiku [Prolegomena for analytical aesthetics] (Novi Sad, 1995), Postmoderna [Postmodernism] (Beograd, 1995), Asimetri\u010dni drugi [The asymmetrical other] (Novi Sad, 1996),  Estetika apstraktnog slikarstva [Aesthetics of abstract painting] (Beograd, 1998),  Pojmovnik moderne i postmoderne likovne umetnosti i teorije posle 1950 [Glossary of modern and post-modern visual arts and theory after 1950] (Beograd and Novi Sad, 1999), Paragrami tela \/ figure [Paragrams of body\/figure] (Beograd, 2001), Anatomija angelova [Anatomy of angels] (Ljubljana, 2001), Figura, askeza in perverzija [Figure, asceticism and perversion] (Koper, 2001),  Martek \u2013 Fatalne figure umjetnika \u2013 Eseji o umjetnosti i kulturi XX stolje\u0107a u Jugoisto\u010dnoj, Isto\u010dnoj i Srednjoj Europi kroz djelovanje umjetnika Vlade Marteka [Martek \u2013 Fatal figures of the artist: essays on 20th-century art and culture in South-Eastern, Eastern and Central Europe through the work of Vlado Martek] (Zagreb, 2002), Impossible Histories \u2013 Historical Avant-gardes, Neo-avant-gardes, and Post-avant-gardes in Yugoslavia, 1918-1991 (Cambridge Mass, 2003), Politike slikarstva [The politics of painting] (Koper, 2004), Pojmovnik suvremene umjetnosti [Glossary of contemporary art] (Zagreb and Ghent, 2005), Konceptualna umetnost [Conceptual art] (Novi Sad, 2007), Epistemology of Art (Belgrade, 2008), etc. Od leta 1978 je kuriral ve\u010d kot 20 razstav.  Je umetni\u0161ki direktor Muzeja za sodobno umetnost Vojvodina v Novem Sadu (2009-2010).<\/p>\n<hr \/>\n<p><a name=\"grafenauer\"><\/a><br \/>\n<img loading=\"lazy\" decoding=\"async\" img width=\"100\" height=\"100\" align=\"left\" style=\"margin-right: 10px; margin-bottom: 5px; margin-top: 3px; margin-left: 0px\" src=\"https:\/\/www.worldofart.org\/arhiv.worldofart.org\/aktualno\/wp-content\/2007-08\/ekipa-board\/petja_grafenauer_krnc.jpg\" alt=\"Petja Grafenauer\" \/><strong>Petja Grafenauer<\/strong><br \/>\nNeodvisna kuratorka, likovna kriti\u010darka in teoreti\u010darka. Dokon\u010duje doktorat o mno\u017ei\u010dnih medijih v slovenskem slikarstvu na ISH. Do 2006 je bila urednica RKHV na Radiu \u0160tudent. Do 2009 je bila kuratorka v Galeriji Ganes Pratt. V letu 2008\/2009 je bila kuratorka Galerije Toba\u010dnega muzeja in sokuratorka 24. mednarodnega grafi\u010dnega bienala. Od 2009 je sourednica Likovnih besed. Sodeluje s fakulteto Famul Stuart, kjer vodi modul Kriti\u010dne teorije sodobne umetnosti in SCCA-Ljubljana. Leta 2008 je iz\u0161la njena monografska publikacija \u00bbAleksij Kobal\u00ab. Je urednica knjige izbranih besedil Zdenke Badovinac, ki bo iz\u0161la leta 2010.<\/p>\n<div style=\"margin: 1px; color: #fff\">.<\/div>\n<hr \/>\n<p><a name=\"milevska\"><\/a><br \/>\n<img loading=\"lazy\" decoding=\"async\" width=\"100\" height=\"100\" align=\"left\" style=\"margin-right: 10px; margin-bottom: 5px; margin-top: 3px; margin-left: 0px\" src=\"https:\/\/www.worldofart.org\/arhiv.worldofart.org\/aktualno\/wp-content\/2007\/milevska\/suzana-milevska.jpg\" alt=\"Suzana Milevska\" \/><strong>Suzana Milevska (1961)<\/strong><br \/>\nTeoreti\u010darka vizualne kulture in kustosinja, trenutno zaposlena kot direktorica in predavateljica vizualne kulture v Centru za vizualne in kulturne raziskave In\u0161tituta \u00bbEuro-Balkan\u00ab v Skopju. Doktorirala je na Oddelku za vizualno kulturo na  Goldsmiths College v Londonu. Leta 2004 je bila vi\u0161ja  Fulbrightova raziskovalka v Kongresni knji\u017enici, prejela pa je tudi kuratorsko-raziskovalno \u0161tipendijo P. Gettyja (2001) in \u0161tipendijo ArtsLink (1999). Od leta 1992 je v Skopju, Istanbulu, Stockholmu, Berlinu, Bonnu, Stuttgartu, Leipzigu idr. postavila ve\u010d kot 70 projektov. Bila je ena izmed kustosinj Bienala Cosmopolis Balkan v Solunu (2004) in Mednarodnega bienala sodobne umetnosti 2005 v Narodni galeriji v Pragi. Med drugim je objavila \u00bbFrom a Bat&#8217;s Point of View\u00ab, v Eduardo Kac, ur. Peter Toma\u017e Dobrila in Aleksandra Kosti\u0107 (Maribor, 2000), 47\u201358; Capital and Gender , ur. Suzana Milevska (Skopje, 2001); \u00bbThe Readymade and the Question of Fabrication of Objects and Subjects\u00ab, v Primary Documents \u2013 A Sourcebook for Eastern and Central European Art since the 1950s (New York, 2002), 182\u2013191; \u00bbThe portrait of an artist as a young \u201cstrategic essentialist\u201d\u00ab, v Tanja Ostoji\u0107, Strategies of Success \/ Curators Series 2001\u20132003 (Beograd, 2004), 33\u201343; \u00bbCuratorial Labyrinths in Macedonia\u00ab, v Men in Black \u2013 Handbook of Curatorial Practice, ur. Christopher Tannert in Ute Tischchler, K\u00fcnstlerhaus Bethanien (Berlin, 2004); \u00bbHesitations, or About Political and Cultural Territories\u00ab, v Cultural Territories, ur. Barbara Steiner, Julia Sch\u00e4fer in Ilina Koralova (K\u00f6ln, 2005), 31\u201343; \u00bbIs Balkan Art History Global\u00ab, v Is Art History Global, ur. James Elkins (New York, 2006); \u00bbResistance that Cannot Be Recognised as Such \u2013 interview with Gayatri C. Spivak\u00ab, v New Feminism: worlds of feminism, queer and networking conditions, L\u00f6cker Verlag (Dunaj, v tisku).<\/p>\n","protected":false},"excerpt":{"rendered":"<p>Mi\u0161ko \u0160uvakovi\u0107 Rojen leta 1954 v Beogradu. Leta 1993 je doktoriral na Fakulteti za likovno umetnost Umetnostne univerze v Beogradu. Je redni profesor na beograjski Fakulteti za glasbeno umetnost, kjer predava teorijo umetnosti v okviru interdisciplinarnega magistrskega \u0161tudija. Bil je \u010dlan umetni\u0161ke skupine Grupa 143 (1975 \u2013 1980) in neformalne teoretske in umetnostne institucije Zajednica [&hellip;]<\/p>\n","protected":false},"author":1,"featured_media":0,"parent":237,"menu_order":0,"comment_status":"closed","ping_status":"closed","template":"","meta":{"footnotes":""},"categories":[],"tags":[],"_links":{"self":[{"href":"https:\/\/www.worldofart.org\/arhiv.worldofart.org\/aktualno\/wp-json\/wp\/v2\/pages\/255"}],"collection":[{"href":"https:\/\/www.worldofart.org\/arhiv.worldofart.org\/aktualno\/wp-json\/wp\/v2\/pages"}],"about":[{"href":"https:\/\/www.worldofart.org\/arhiv.worldofart.org\/aktualno\/wp-json\/wp\/v2\/types\/page"}],"author":[{"embeddable":true,"href":"https:\/\/www.worldofart.org\/arhiv.worldofart.org\/aktualno\/wp-json\/wp\/v2\/users\/1"}],"replies":[{"embeddable":true,"href":"https:\/\/www.worldofart.org\/arhiv.worldofart.org\/aktualno\/wp-json\/wp\/v2\/comments?post=255"}],"version-history":[{"count":2,"href":"https:\/\/www.worldofart.org\/arhiv.worldofart.org\/aktualno\/wp-json\/wp\/v2\/pages\/255\/revisions"}],"predecessor-version":[{"id":13112,"href":"https:\/\/www.worldofart.org\/arhiv.worldofart.org\/aktualno\/wp-json\/wp\/v2\/pages\/255\/revisions\/13112"}],"up":[{"embeddable":true,"href":"https:\/\/www.worldofart.org\/arhiv.worldofart.org\/aktualno\/wp-json\/wp\/v2\/pages\/237"}],"wp:attachment":[{"href":"https:\/\/www.worldofart.org\/arhiv.worldofart.org\/aktualno\/wp-json\/wp\/v2\/media?parent=255"}],"wp:term":[{"taxonomy":"category","embeddable":true,"href":"https:\/\/www.worldofart.org\/arhiv.worldofart.org\/aktualno\/wp-json\/wp\/v2\/categories?post=255"},{"taxonomy":"post_tag","embeddable":true,"href":"https:\/\/www.worldofart.org\/arhiv.worldofart.org\/aktualno\/wp-json\/wp\/v2\/tags?post=255"}],"curies":[{"name":"wp","href":"https:\/\/api.w.org\/{rel}","templated":true}]}}