{"id":260,"date":"2010-02-27T21:29:48","date_gmt":"2010-02-27T19:29:48","guid":{"rendered":"http:\/\/www.worldofart.org\/aktualno\/trinajsti-letnik-20102011\/delavnice\/branislav-dimitrijevic\/"},"modified":"2018-06-18T21:40:41","modified_gmt":"2018-06-18T19:40:41","slug":"branislav-dimitrijevic","status":"publish","type":"page","link":"https:\/\/www.worldofart.org\/arhiv.worldofart.org\/aktualno\/stirinajsti-letnik-20112013\/delavnice\/branislav-dimitrijevic","title":{"rendered":"Branislav Dimitrijevi\u0107: Interpretiranje in situiranje sodobne umetnosti: Opazovanje, participacija, motivacija, raziskovanje in empatija"},"content":{"rendered":"<p>SVET UMETNOSTI<br \/>\n\u0160ola za kustose in kritike sodobne umetnosti<br \/>\nLeto 14<br \/>\n1. letnik (november 2011\u2013junij 2012)<\/p>\n<p>Delavnica iz pisanja o sodobni umetnosti<\/p>\n<p>Udele\u017eenci: Ne\u017ea Mezeg, Lela B. Njatin in te\u010dajniki 14. letnika Sveta umetnosti.<\/p>\n<hr \/>\n<p>&quot;Umetnost je  tisto, zaradi \u010desar je \u017eivljenje bolj zanimivo od umetnosti&quot;, je ena od izjav,  ki si jih z lahkoto zapomnimo in za katere se nam zdi, da nas pribli\u017eajo  &quot;bistvu&quot; tistega, kar \u017eelimo povedati ali storiti z dejstvom, da \u017eelimo nekaj  povedati ali storiti s tistim, za kar mislimo, da je umetnost. Nisem gotov, kje  sem to izjavo sli\u0161al ali prebral, spomnim pa se, da je bila povezana s  performansi umetnice Gine Pane ali pa morda koga drugega iz te generacije.  Izjava ka\u017ee na atmosfero 60ih in 70ih let, ko je bilo vpra\u0161anje &quot;Kaj je  umetnost?&quot; ne le pomembno, temve\u010d zastavljano do obsesivnih meja in se  zaklju\u010devalo v ironi\u010dnem nasilju, kakor v klju\u010dnem delu Ra\u0161e Todosijevi\u0107a iz  leta 1977, <em>Was Ist Kunst?<\/em><em>.<\/em><\/p>\n<p><strong>Danes se zdi, kakor da je vpra\u0161anje &quot;Kaj je  umetnost?&quot; zamenjalo vpra\u0161anje &quot;Kaj lahko z umetnostjo storimo?&quot;<\/strong> Kakor da je odgovor na prvo vpra\u0161anje  postal izrabljena, nepotrebna retorika, nekaj o \u010demer je bolje mol\u010dati. Nedavno  je neki kustos sodobne umetnosti povedal: &quot;\u010ce neprestano opozarjate na to, kje  ali kaj je umetnost, lahko podcenjujete sposobnost opazovalca, da z njo  vzpostavi odnos.&quot; <\/p>\n<p><strong>Gre za simptom sodobne umetnosti, ki slavi  (resni\u010dno) izku\u0161njo na ra\u010dun interpretacije.<\/strong> Povsod lahko opazimo dolo\u010deno precenjevanje  &quot;osebne izku\u0161nje&quot;. Verjamemo zgolj v  neposredno izku\u0161njo! bi lahko bil slogan dana\u0161njega \u010dasa: izku\u0161nja  postaja osnova &quot;resni\u010dnega, verodostojnega in avtenti\u010dnega znanja o  kulturi in o sebi sami.&quot; Sodobna umetnost je le ena izmed manifestacij teh  sodb, najbolj izrazite najdemo v izpovednem tonu popularnih medijev &#8211; od  televizijskih talk show oddaj do Velikega brata in \u017eanra travma-drame v celoti. <strong>Zaradi tega obstaja \u010dvrsto vzpostavljena  ideolo\u0161ka povezanost med &quot;izku\u0161njo&quot; in &quot;voajerizmom&quot;, med \u017eeljo da postanemo  aktivni udele\u017eenec &quot;bivanja v svetu&quot; in ultimativno komodifikacijo  izku\u0161nje. <\/strong>Kako \u017eiveti s tem brez obnavljanja poznanih tipov kritike medijev  in vra\u010danja k razvidnemu prepoznavanju logike razvitega kapitalizma? Debord nam  tu \u017eal ne more ve\u010d pomagati.<\/p>\n<p>Mesta potujejo,  umetniki potujejo, tranzicijski prostori, tranzicijske dru\u017ebe, mobilnost,  menjava in neposredno udejstvovanje: tako se navadno opisuje svet sodobne  umetnosti. <strong>Tip umetnika, ki nastaja, ne  pripada nikakr\u0161nim ustaljenim okoli\u0161\u010dinam, ampak je zaznamovan z mobilnostjo,  klatenjem po svetu, odkrivanjem raznolikosti in stalno kontekstualno  fluktuacijo.<\/strong> &quot;V na\u0161i dru\u017ebi morajo biti umetniki turisti, da lahko  pre\u017eivijo&quot;, se glasi neka druga kuratorska izjava.<\/p>\n<p>Mobilnost  izhaja iz potrebe za individualno samoorganizacijo izven institucionalnih  omejitev. Kljub temu je mobilnost povezana z vladajo\u010dimi mehanizmi razvitega  kapitalizma. Kapitalisti\u010dni podjetnik in njegov kriti\u010dni &quot;drugi&quot; sta  na enaki misiji permanentne mobilnosti. Brian Holmes opa\u017ea: &quot;Celotna  dvosmiselnost kapitalizma v njegovem konkretnem, zgodovinskem razvoju, je  povezanost med izjemno upravljalsko mo\u010djo nad usmeritvijo in vsebino \u010dlove\u0161ke  izku\u0161nje ter strukturno nujnim prostorom za razvoj avtonomije  posameznika.&quot;<\/p>\n<ul>\n<li><strong>Kak\u0161no  stali\u0161\u010de naj zavzamemo v tak\u0161nih okoli\u0161\u010dinah?<\/strong><\/li>\n<li><strong>Potujemo zato, da bi pri\u0161li do novih  izku\u0161enj, ali zato, da se ne bi oprijemali starih?<\/strong><\/li>\n<li><strong>Katero poziciju zavzemamo v tem  tranzicijskem stanju?<\/strong><\/li>\n<li><strong>Na kak\u0161en na\u010din ustvarjamo smisel v tem  &quot;vse gre\/vse se premika&quot; stanju?<\/strong><\/li>\n<\/ul>\n<p>Gre za  etnografski impulz z njegovo dvojno ostjo radovednosti in kolonializma,  direktne izku\u0161nje in strukturalnega premisleka, opa\u017eanja\/opisa in  razumevanja\/interpretacije. V dana\u0161nji kulturi je vse lahko predmet  etnografskega raziskovanja: specifi\u010dnosti, lokalizmi in situacije \u2013 vse je  slab\u0161e in slab\u0161e prepoznavno, ne le v premikanju &quot;med kulturami&quot;,  ampak tudi v &quot;perpetuirani premi\u010dnosti&quot; raziskovanega objekta. Pri  tem nam je lahko v pomo\u010d koncept &quot;participacijskega opazovanja,&quot; ki ga  prevzemamo po Jamesu Cliffordu. Ta koncept &quot;obsega prenos med empatijskim  udejstvovanjem v dolo\u010deni situaciji in\/ali dogajanju (izku\u0161nja) in ocene  njegovega pomena in zna\u010daja v \u0161ir\u0161em kontekstu (interpretacija).&quot;<\/p>\n<p>V sedanjosti prav poudarjanje prvega spodbuja \u0161tevil\u010dnost etnografskega in  umetni\u0161kega zanimanja, a tu lahko poudarimo pomen besede &quot;prenos&quot;, da  bi poudarili skrb za aktiviranje dinamike med motiviranim in situiranim  polo\u017eajem. Na kateri na\u010din lahko razmi\u0161ljamo o &quot;participacijskem  opazovanju&quot; v umetnosti, ki deluje kot prenosnik med empatijo in pomenom? <strong>Govorili bomo o pojmih, ki so med seboj  tako nepovezani, tako konfliktni, kakor so empatija in smeh, cinizem in  naivnost, opazovanje in interpretacija, humanitarni pogled in etnografski  pogled, trdna dejstva in fleksibilne idiosinkrazije, malo pa tudi o nogometu in  socializmu.<\/strong><\/p>\n<p><em>Branislav  Dimitrijevi\u0107<\/em><\/p>\n<p>Delavnica bo potekala v srbskem  jeziku.<\/p>\n<hr \/>\n<p><strong>URNIK<\/strong><\/p>\n<p><strong>Petek, 18. 5. 2012:<\/strong><br \/>\n11.00\u201314.00: Uvodno predavanje Branislava Dimitrijevi\u0107a<br \/>\n16.00\u201318.00: Razdelitev nalog udele\u017eencem delavnice: vsak udele\u017eenec delavnice bo moral na izbrano\/dodeljeno temo do naslednjega dne napisati tekst (min. 1800 znakov).  <\/p>\n<p><strong>Sobota, 19. 5. 2012:<\/strong><br \/>\n10.00\u201313.00: Predstavitve tekstov (10 min. na posami\u010den tekst), diskusija, evaluacija<\/p>\n","protected":false},"excerpt":{"rendered":"<p>SVET UMETNOSTI \u0160ola za kustose in kritike sodobne umetnosti Leto 14 1. letnik (november 2011\u2013junij 2012) Delavnica iz pisanja o sodobni umetnosti Udele\u017eenci: Ne\u017ea Mezeg, Lela B. Njatin in te\u010dajniki 14. letnika Sveta umetnosti. &quot;Umetnost je tisto, zaradi \u010desar je \u017eivljenje bolj zanimivo od umetnosti&quot;, je ena od izjav, ki si jih z lahkoto zapomnimo [&hellip;]<\/p>\n","protected":false},"author":1,"featured_media":0,"parent":896,"menu_order":0,"comment_status":"closed","ping_status":"closed","template":"","meta":{"footnotes":""},"categories":[],"tags":[],"_links":{"self":[{"href":"https:\/\/www.worldofart.org\/arhiv.worldofart.org\/aktualno\/wp-json\/wp\/v2\/pages\/260"}],"collection":[{"href":"https:\/\/www.worldofart.org\/arhiv.worldofart.org\/aktualno\/wp-json\/wp\/v2\/pages"}],"about":[{"href":"https:\/\/www.worldofart.org\/arhiv.worldofart.org\/aktualno\/wp-json\/wp\/v2\/types\/page"}],"author":[{"embeddable":true,"href":"https:\/\/www.worldofart.org\/arhiv.worldofart.org\/aktualno\/wp-json\/wp\/v2\/users\/1"}],"replies":[{"embeddable":true,"href":"https:\/\/www.worldofart.org\/arhiv.worldofart.org\/aktualno\/wp-json\/wp\/v2\/comments?post=260"}],"version-history":[{"count":2,"href":"https:\/\/www.worldofart.org\/arhiv.worldofart.org\/aktualno\/wp-json\/wp\/v2\/pages\/260\/revisions"}],"predecessor-version":[{"id":9581,"href":"https:\/\/www.worldofart.org\/arhiv.worldofart.org\/aktualno\/wp-json\/wp\/v2\/pages\/260\/revisions\/9581"}],"up":[{"embeddable":true,"href":"https:\/\/www.worldofart.org\/arhiv.worldofart.org\/aktualno\/wp-json\/wp\/v2\/pages\/896"}],"wp:attachment":[{"href":"https:\/\/www.worldofart.org\/arhiv.worldofart.org\/aktualno\/wp-json\/wp\/v2\/media?parent=260"}],"wp:term":[{"taxonomy":"category","embeddable":true,"href":"https:\/\/www.worldofart.org\/arhiv.worldofart.org\/aktualno\/wp-json\/wp\/v2\/categories?post=260"},{"taxonomy":"post_tag","embeddable":true,"href":"https:\/\/www.worldofart.org\/arhiv.worldofart.org\/aktualno\/wp-json\/wp\/v2\/tags?post=260"}],"curies":[{"name":"wp","href":"https:\/\/api.w.org\/{rel}","templated":true}]}}