{"id":2602,"date":"2012-08-22T13:52:37","date_gmt":"2012-08-22T11:52:37","guid":{"rendered":"http:\/\/www.worldofart.org\/aktualno\/?page_id=2602"},"modified":"2019-07-24T22:42:09","modified_gmt":"2019-07-24T20:42:09","slug":"zborniki","status":"publish","type":"page","link":"https:\/\/www.worldofart.org\/arhiv.worldofart.org\/aktualno\/zborniki","title":{"rendered":"Zborniki"},"content":{"rendered":"<p>V zbornikih objavljamo predavanja vabljenih gostov, intervjuje, ki predavatelje in predavateljice predstavijo v \u0161ir\u0161em kontekstu njihovega delovanja, besedila kon\u010dnih razstav \u0161ole, vizualni material idr. Zborniki so pomemben element za poglobljeno seznanjanje javnosti s programom <em>Svet umetnosti<\/em>, hkrati pa predstavljajo dragoceno gradivo za spoznavanje in raziskovanje izbranih tematik ter umetni\u0161kih, kuratorskih in kriti\u0161kih praks.<\/p>\n<p>Zborniki so dvojezi\u010dni (slovensko-angle\u0161ki). Ve\u010dina besedil je prosto dostopnih na spletu.<\/p>\n<hr \/>\n<table style=\"padding-top: 15px;\" border=\"0\" width=\"100%\">\n<tbody>\n<tr>\n<td valign=\"top\" width=\"250px\"><a title=\"Zbornik V precepu kuratorskih praks\" href=\"https:\/\/www.worldofart.org\/arhiv.worldofart.org\/aktualno\/wp-content\/zborniki\/svet7-14-big.jpg\" rel=\"lightbox[2602]\"><img decoding=\"async\" src=\"https:\/\/www.worldofart.org\/arhiv.worldofart.org\/aktualno\/wp-content\/zborniki\/svet7-14.jpg\" alt=\"Zbornik letnikov 7-14, 2012\" \/><\/a><\/td>\n<td valign=\"top\"><strong>Zbornik V PRECEPU KURATORSKIH PRAKS<\/strong><br \/>\nLetniki 7\u201314, 2012<br \/>\n<strong>Urednici:<\/strong> Sa\u0161a Nabergoj, Barbara Bor\u010di\u0107<br \/>\n<strong>Pomo\u010dnica urednic:<\/strong> Simona \u017dvanut<br \/>\n<strong>Besedila:<\/strong> <strong>Kuratorske in institucionalne strategije (predavanja\/teksti, pogovori, refleksije)<\/strong><br \/>\n<strong>Izbor tekstov 2007\u20132012:<\/strong><\/p>\n<ul>\n<li><a href=\"https:\/\/www.worldofart.org\/arhiv.worldofart.org\/aktualno\/archives\/5259\">Pau Cata: <em>Umetnik v rezidenci CeRCCa. Avto-etnografska perspektiva<\/em><\/a><\/li>\n<li><a href=\"https:\/\/www.worldofart.org\/arhiv.worldofart.org\/aktualno\/archives\/4543\">S\u00f8nke Gau in Katharina Schlieben: <em>Marginalizirane umetni\u0161ke prakse in samoorganizacija: &#8221;Zavihajmo rokave! Samoorganizacija v negotovih delovnih razmerah&#8221;<\/em><\/a><\/li>\n<li><a href=\"https:\/\/www.worldofart.org\/arhiv.worldofart.org\/aktualno\/archives\/4130\">Angela Harutyunyan:<em> Lo\u010deni smo skupaj: topografsko kuriranje<\/em><\/a><\/li>\n<li><a href=\"https:\/\/www.worldofart.org\/arhiv.worldofart.org\/aktualno\/archives\/5362\">Petra Kap\u0161: <em>Lete ali Mnemozina za fu-(turo) OR kot omniprisotna trojnost: poiesis, tehn\u00e9, parrhesia<\/em><\/a><\/li>\n<li><a href=\"https:\/\/www.worldofart.org\/arhiv.worldofart.org\/aktualno\/archives\/4690\">Dorothee Richter: <em>Umetniki in kustosi kot avtorji \u2013 tekmeci, sodelavci, ali \u010dlani iste ekipe?<\/em><\/a><\/li>\n<li><a href=\"https:\/\/www.worldofart.org\/arhiv.worldofart.org\/aktualno\/archives\/4987\">Nora Sternfeld in Luisa Ziaja: <em>Kaj se zgodi po dogodku? O post-reprezentacijskem kuratorstvu<\/em><\/a><\/li>\n<li><a href=\"https:\/\/www.worldofart.org\/arhiv.worldofart.org\/aktualno\/archives\/4684\">Andrzej Szczerski: <em>Kuriranje in pomembnost umetni\u0161kega dela<\/em><\/a><\/li>\n<li><a href=\"https:\/\/www.worldofart.org\/arhiv.worldofart.org\/aktualno\/archives\/2557\">Sa\u0161a Nabergoj: <em>Zanimajo nas modeli delovanja, ki nastajajo iz lokalnih potreb (pogovor: Petja Grafenauer)<\/em><\/a><\/li>\n<li><a href=\"https:\/\/www.worldofart.org\/arhiv.worldofart.org\/aktualno\/archives\/5365\">Dorothee Richter: <em>Nekaj vidikov izobra\u017eevanja kustosov in razvoja polja kuratorstva in mediacije umetnosti v prihodnosti<\/em><\/a><\/li>\n<li><a href=\"https:\/\/www.worldofart.org\/arhiv.worldofart.org\/aktualno\/archives\/2591\">Clementine Deliss: <em>Kustos je nekdo, ki skupaj z umetniki spodbudi vrsto idej (pogovor: Sa\u0161a Nabergoj)<\/em><\/a><\/li>\n<li><a href=\"https:\/\/www.worldofart.org\/arhiv.worldofart.org\/aktualno\/archives\/5358\">Petja Grafenauer: <em>Tak\u0161en je bil zame LabSUs<\/em><\/a><\/li>\n<li><a href=\"https:\/\/www.worldofart.org\/arhiv.worldofart.org\/aktualno\/archives\/2403\">Petja Grafenauer: <em>Pomen medregijskega povezovanja na podro\u010dju kuratorskih praks<\/em><\/a><\/li>\n<\/ul>\n<p><strong>Iz delavni\u0161kega arhiva:<\/strong><\/p>\n<ul>\n<li><a href=\"https:\/\/www.worldofart.org\/arhiv.worldofart.org\/aktualno\/archives\/2564\">Eda \u010cufer: <em>Intervju kot orodje<\/em><\/a><\/li>\n<li><a href=\"https:\/\/www.worldofart.org\/arhiv.worldofart.org\/aktualno\/wp-content\/uploads\/2012\/08\/MILEVSKA.pdf\" target=\"_blank\" rel=\"noopener noreferrer\">Suzana Milevska: <em>Lastni glas(ovi): Pisanje besedil za katalog kot specifi\u010den \u017eanr interdisciplinarnega in performativnega pisanja<\/em><\/a><\/li>\n<li><a href=\"https:\/\/www.worldofart.org\/arhiv.worldofart.org\/aktualno\/archives\/2549\">Okrogla miza: <em>Kuratorske prakse v slovenskem prostoru<\/em><\/a><\/li>\n<li><a href=\"https:\/\/www.worldofart.org\/arhiv.worldofart.org\/aktualno\/archives\/2395\">Sandra Bel\u0161ak: <em>\u010cisto umazano<\/em><\/a><\/li>\n<li><a href=\"https:\/\/www.worldofart.org\/arhiv.worldofart.org\/aktualno\/archives\/2420\">Iva Kova\u010d:<em> Ikonoklazem ali pomilostitev vizualnega u\u010dinka<\/em><\/a><\/li>\n<li><a href=\"https:\/\/www.worldofart.org\/arhiv.worldofart.org\/aktualno\/archives\/2416\">Lara Plav\u010dak: <em>V 4.380 dneh okoli sveta umetnosti<\/em><\/a><\/li>\n<\/ul>\n<p><strong>Svet umetnosti 1997\u20132012:<\/strong> Dokumentacija<\/p>\n<p><strong>Objave v medijih<\/strong><\/p>\n<p>V sloven\u0161\u010dini in angle\u0161\u010dini.<\/p>\n<p>Cena: 20 eur.<\/td>\n<\/tr>\n<\/tbody>\n<\/table>\n<hr \/>\n<table style=\"padding-top: 15px;\" border=\"0\" width=\"100%\">\n<tbody>\n<tr>\n<td valign=\"top\" width=\"250px\"><img decoding=\"async\" src=\"https:\/\/www.worldofart.org\/arhiv.worldofart.org\/aktualno\/wp-content\/zborniki\/svet0103.jpg\" alt=\"Zbornik Strategije predstavljanja 2 in 3, 2004\" \/><\/td>\n<td valign=\"top\"><strong>Zbornik STRATEGIJE PREDSTAVLJANJA 2 IN 3<\/strong><br \/>\n(s katalogom razstav <em>Camera Lucida<\/em> in <em>Fade In Fade Out<\/em>)<br \/>\nDvojna \u0161tevilka, 2004<br \/>\n<strong>Uredili:<\/strong> Barbara Bor\u010di\u0107, Sa\u0161a Glavan<br \/>\n<strong>Besedila:<\/strong><\/p>\n<ul>\n<li><a href=\"https:\/\/www.worldofart.org\/arhiv.worldofart.org\/0102\/predavanje-BB.htm\" target=\"_blank\" rel=\"noopener noreferrer\">Boris Buden:<em> Z umetnostjo do starih porazov: avstrijski primer<\/em><\/a><\/li>\n<li><a href=\"https:\/\/www.worldofart.org\/arhiv.worldofart.org\/0203\/predavanje-AC_DD.htm\" target=\"_blank\" rel=\"noopener noreferrer\">Anne Cartel, David Dronet:<em> Multimedijski kulturni center Station Mir<\/em><\/a><\/li>\n<li><a href=\"https:\/\/www.worldofart.org\/arhiv.worldofart.org\/0102\/predavanje-CE.htm\" target=\"_blank\" rel=\"noopener noreferrer\">Charles Esche: <em>Forum mo\u017enosti &#8211; institucionalna sprememba in skromni predlogi<\/em><\/a><\/li>\n<li><a href=\"https:\/\/www.worldofart.org\/arhiv.worldofart.org\/0203\/predavanje-DJ.htm\" target=\"_blank\" rel=\"noopener noreferrer\">Daniel Jewesbury:<em> Skopo<\/em><\/a><\/li>\n<li><a href=\"https:\/\/www.worldofart.org\/arhiv.worldofart.org\/0102\/predavanje-IK.htm\" target=\"_blank\" rel=\"noopener noreferrer\">Ivana Keser:<em> Avtorski \u010dasopis. Svoboda dezinformacije<\/em><\/a><\/li>\n<li><a href=\"https:\/\/www.worldofart.org\/arhiv.worldofart.org\/0102\/predavanje-VM.htm\" target=\"_blank\" rel=\"noopener noreferrer\">Viktor Misiano:<em> Strategije razstavljanja od modernizacije proti demodernizaciji<\/em><\/a><\/li>\n<li><a href=\"https:\/\/www.worldofart.org\/arhiv.worldofart.org\/0203\/predavanje-TP.htm\" target=\"_blank\" rel=\"noopener noreferrer\">Tadej Poga\u010dar: <em>This Is What You Want &#8211; This Is What You Get<\/em><\/a><\/li>\n<li><a href=\"https:\/\/www.worldofart.org\/arhiv.worldofart.org\/0203\/predavanje-DR-MM.htm\" target=\"_blank\" rel=\"noopener noreferrer\">Donatella Ruttar, Moreno Miorelli: <em>Postaja Topolove<\/em><\/a><\/li>\n<li><a href=\"https:\/\/www.worldofart.org\/arhiv.worldofart.org\/0203\/predavanje-NS.htm\" target=\"_blank\" rel=\"noopener noreferrer\">Nevenka \u0160ivavec: <em>O privla\u010dnosti lokalnega<\/em><\/a><\/li>\n<li><a href=\"https:\/\/www.worldofart.org\/arhiv.worldofart.org\/0203\/predavanje-Skart.htm\" target=\"_blank\" rel=\"noopener noreferrer\">\u0160KART: <em>Pesme koje su pobegle<\/em><\/a><\/li>\n<li><a href=\"https:\/\/www.worldofart.org\/arhiv.worldofart.org\/0102\/predavanje-WHW.htm\" target=\"_blank\" rel=\"noopener noreferrer\">WHW: <em>Med neodvisnostjo in mamljivostjo institucionalizacije<\/em><\/a><\/li>\n<li><a href=\"https:\/\/www.worldofart.org\/arhiv.worldofart.org\/0203\/mentorja-tekst.htm\">mentorji<\/a> in <a href=\"https:\/\/www.worldofart.org\/arhiv.worldofart.org\/0102\/teksti-tecajniki.htm\" target=\"_blank\" rel=\"noopener noreferrer\">te\u010dajniki<\/a> Sveta umetnosti (razstavi <a href=\"https:\/\/www.worldofart.org\/arhiv.worldofart.org\/0102\/index.htm\" target=\"_blank\" rel=\"noopener noreferrer\"><em>Camera Lucida<\/em><\/a> in <a href=\"https:\/\/www.worldofart.org\/arhiv.worldofart.org\/fadeinfadeout\/\" target=\"_blank\" rel=\"noopener noreferrer\"><em>Fade In in Fade Out<\/em><\/a>)<\/li>\n<\/ul>\n<p><strong>Pogovori s predavatelji:<\/strong> Eda \u010cufer (<a href=\"https:\/\/www.worldofart.org\/arhiv.worldofart.org\/0102\/intervju.htm\" target=\"_blank\" rel=\"noopener noreferrer\">2001\/02<\/a>, <a href=\"https:\/\/www.worldofart.org\/arhiv.worldofart.org\/0203\/pogovori0203.htm\" target=\"_blank\" rel=\"noopener noreferrer\">2002\/03<\/a>)<\/p>\n<p>V sloven\u0161\u010dini in angle\u0161\u010dini.<\/p>\n<p>Cena: 20 eur.<\/td>\n<\/tr>\n<\/tbody>\n<\/table>\n<hr \/>\n<table style=\"padding-top: 15px;\" border=\"0\" width=\"100%\">\n<tbody>\n<tr>\n<td valign=\"top\" width=\"250px\"><img decoding=\"async\" src=\"https:\/\/www.worldofart.org\/arhiv.worldofart.org\/aktualno\/wp-content\/zborniki\/svet00.jpg\" alt=\"Zbornik\" \/><\/td>\n<td valign=\"top\"><strong>Zbornik STRATEGIJE PREDSTAVLJANJA, 2000\/2001<\/strong><br \/>\n<strong>Uredili:<\/strong> Barbara Bor\u010di\u0107, Sa\u0161a Glavan<br \/>\n<strong>Besedila:<\/strong><\/p>\n<ul>\n<li><a href=\"https:\/\/www.worldofart.org\/arhiv.worldofart.org\/0001\/tekst_clementine_slo.htm\" target=\"_blank\" rel=\"noopener noreferrer\">Cl\u00e9mentine Deliss: <em>Metronom: kuratorska praksa in raziskovanje versus razstave<\/em><\/a><\/li>\n<li><a href=\"https:\/\/www.worldofart.org\/arhiv.worldofart.org\/0001\/tekst_branko_slo.htm\" target=\"_blank\" rel=\"noopener noreferrer\">Branislav Dimitrijevi\u0107: <em>Veliki kompromis: O uporabi politi\u010dnih referenc v srbski umetnosti devetdesetih let 20. stoletja in njenem zgodovinskem ozadju<\/em><\/a><\/li>\n<li><a href=\"https:\/\/www.worldofart.org\/arhiv.worldofart.org\/0001\/tekst_eurovision_slo.htm\" target=\"_blank\" rel=\"noopener noreferrer\">Marion von Osten, Peter Spillman in Susanna Perin: <em>EvroVizija sveta umetnosti<\/em><\/a><\/li>\n<li><a href=\"https:\/\/www.worldofart.org\/arhiv.worldofart.org\/0001\/tekst_mike_slo.htm\" target=\"_blank\" rel=\"noopener noreferrer\">Mike Hentz: <em>Prevod<\/em><\/a><\/li>\n<li><a href=\"https:\/\/www.worldofart.org\/arhiv.worldofart.org\/0001\/tekst_marko_slo.htm\" target=\"_blank\" rel=\"noopener noreferrer\">Marko Ko\u0161nik: <em>Abstrakcija in akcija<\/em><\/a><\/li>\n<li><a href=\"https:\/\/www.worldofart.org\/arhiv.worldofart.org\/0001\/tekst_oliver_slo.htm\" target=\"_blank\" rel=\"noopener noreferrer\">Oliver Marchart: <em>Politi\u010dne strategije kot umetni\u0161ke strategije: Raba multiplih imen<\/em><\/a><\/li>\n<li><a href=\"https:\/\/www.worldofart.org\/arhiv.worldofart.org\/0001\/tekst_olesya_slo.htm\" target=\"_blank\" rel=\"noopener noreferrer\">Olesya Turkina: <em>Peterbur\u0161ki neoakademizem. Preporod Velike Zgodbe<\/em><\/a><\/li>\n<li><a href=\"https:\/\/www.worldofart.org\/arhiv.worldofart.org\/0001\/tekst_miha_slo.htm\" target=\"_blank\" rel=\"noopener noreferrer\">Miha Zadnikar: <em>Restrukturacija subculture<\/em><\/a><\/li>\n<\/ul>\n<p><strong>Pogovori s predavatelji:<\/strong> <a href=\"https:\/\/www.worldofart.org\/arhiv.worldofart.org\/0001\/0001_pogovori.htm\" target=\"_blank\" rel=\"noopener noreferrer\">Eda \u010cufer, Ur\u0161a Jurman<\/a><\/p>\n<p><strong>Poro\u010dila:<\/strong><\/p>\n<ul>\n<li><a href=\"https:\/\/www.worldofart.org\/arhiv.worldofart.org\/0001\/tekst_tecajnice.htm\" target=\"_blank\" rel=\"noopener noreferrer\">Te\u010dajnice Sveta umetnosti: <em>Medij je oro\u017eje, vzemi ga v roke!<\/em><\/a><\/li>\n<li><a href=\"https:\/\/www.worldofart.org\/arhiv.worldofart.org\/0001\/tekst_simona_slo.htm\" target=\"_blank\" rel=\"noopener noreferrer\">Simona Zorko: <em>Okrogla miza &#8220;Prostori kulture: Metelkova mesto in umetni\u0161ke akademije <\/em><\/a><\/li>\n<li><a href=\"https:\/\/www.worldofart.org\/arhiv.worldofart.org\/0001\/tekst_alenka_slo.htm\" target=\"_blank\" rel=\"noopener noreferrer\">Alenka Gregori\u010d: <em>Na Zahodu ni\u010d novega &#8211; na Vzhodu prav tako<\/em><\/a><\/li>\n<li><a href=\"https:\/\/www.worldofart.org\/arhiv.worldofart.org\/0001\/tekst_sandra_slo.htm\" target=\"_blank\" rel=\"noopener noreferrer\">Sandra Sajovic: <em>Kulturni turizem<\/em><\/a><\/li>\n<li><a href=\"https:\/\/www.worldofart.org\/arhiv.worldofart.org\/0001\/tekst_sonja_slo.htm\" target=\"_blank\" rel=\"noopener noreferrer\">Sonja Zavrtanik: <em>Dunaj versus Beograd<\/em><\/a><\/li>\n<\/ul>\n<p>V sloven\u0161\u010dini in angle\u0161\u010dini.<\/p>\n<p>Cena: 15 eur.<\/td>\n<\/tr>\n<\/tbody>\n<\/table>\n<hr \/>\n<table style=\"padding-top: 15px;\" border=\"0\" width=\"100%\">\n<tbody>\n<tr>\n<td valign=\"top\" width=\"250px\"><img decoding=\"async\" src=\"https:\/\/www.worldofart.org\/arhiv.worldofart.org\/aktualno\/wp-content\/zborniki\/svet99.jpg\" alt=\"Zbornik\" \/><\/td>\n<td valign=\"top\"><strong>Zbornik GEOPOLITIKA IN UMETNOST, 1999<\/strong><br \/>\n<strong>Uredila:<\/strong> Sa\u0161a Glavan<br \/>\n<strong>Besedila:<\/strong><\/p>\n<ul>\n<li><a href=\"https:\/\/www.worldofart.org\/arhiv.worldofart.org\/99\/99charlytxtslo.htm\" target=\"_blank\" rel=\"noopener noreferrer\">Charles Harrison: <em>Nekompetentnost in njene prednosti<\/em><\/a><\/li>\n<li><a href=\"https:\/\/www.worldofart.org\/arhiv.worldofart.org\/99\/99andelslotxt.htm\" target=\"_blank\" rel=\"noopener noreferrer\">Jaroslav Andel: <em>Spreminjajo\u010da se stali\u0161\u010da umetnosti &#8211; primer \u010ce\u0161koslova\u0161ke \/ \u010ce\u0161ke<\/em><\/a><\/li>\n<li><a href=\"https:\/\/www.worldofart.org\/arhiv.worldofart.org\/99\/99calintxtslo.htm\" target=\"_blank\" rel=\"noopener noreferrer\">C\u0103lin Dan: <em>Geografija pogube. Ocena mo\u017enosti<\/em><\/a><\/li>\n<li><a href=\"https:\/\/www.worldofart.org\/arhiv.worldofart.org\/99\/99boruttxtslo.htm\" target=\"_blank\" rel=\"noopener noreferrer\">Borut Vogelnik: <em>Lastninjenje \u010dasa<\/em><\/a><\/li>\n<li><a href=\"https:\/\/www.worldofart.org\/arhiv.worldofart.org\/99\/99rutarslotxt.htm\" target=\"_blank\" rel=\"noopener noreferrer\">Du\u0161an Rutar: <em>Digitalna estetika, globalne podobe in etika novega tribalizma<\/em><\/a><\/li>\n<li><a href=\"https:\/\/www.worldofart.org\/arhiv.worldofart.org\/99\/99charlytxtslo.htm\" target=\"_blank\" rel=\"noopener noreferrer\">Edi Muka: <em>Permanentna nestabilnost<\/em><\/a><\/li>\n<li><a href=\"https:\/\/www.worldofart.org\/arhiv.worldofart.org\/99\/99peljhanslotxt.htm\" target=\"_blank\" rel=\"noopener noreferrer\">Marko Peljhan: <em>Strategije minimalnega odpora &#8211; analiza takti\u010dnega delovanja v dru\u017ebi kontrole<\/em><\/a><\/li>\n<\/ul>\n<p><strong>Pogovori s predavatelji:<\/strong> <a href=\"https:\/\/www.worldofart.org\/arhiv.worldofart.org\/99\/99_inter.htm\" target=\"_blank\" rel=\"noopener noreferrer\">Eda \u010cufer<\/a><\/p>\n<p><strong>Poro\u010dila:<\/strong><\/p>\n<ul>\n<li><a href=\"https:\/\/www.worldofart.org\/arhiv.worldofart.org\/99\/99_poto.htm\" target=\"_blank\" rel=\"noopener noreferrer\">Sa\u0161a Glavan: <em>Potovanja po svetu umetnosti<\/em><\/a><\/li>\n<li>Polona Tratnik: <em>Proces nastajanja koncepta za razstavo Obiskovalci\/Posjetioci<\/em><\/li>\n<\/ul>\n<p>V sloven\u0161\u010dini in angle\u0161\u010dini.<\/p>\n<p>Cena: 12 eur.<\/td>\n<\/tr>\n<\/tbody>\n<\/table>\n<hr \/>\n<table style=\"padding-top: 15px;\" border=\"0\" width=\"100%\">\n<tbody>\n<tr>\n<td valign=\"top\" width=\"250px\"><img decoding=\"async\" src=\"https:\/\/www.worldofart.org\/arhiv.worldofart.org\/aktualno\/wp-content\/zborniki\/svet98.jpg\" alt=\"Zbornik\" \/><\/td>\n<td valign=\"top\"><strong>Zbornik TEORIJE RAZSTAVLJANJA, 1997\/1998<\/strong><br \/>\n(s katalogom razstave <em>Ko umetnost nabija<\/em>)<br \/>\n<strong>Uredili: <\/strong>Metka Vre\u010dar, Nata\u0161a Petre\u0161in, Igor Zabel<br \/>\n<strong>Besedila:<\/strong><\/p>\n<ul>\n<li><a href=\"https:\/\/www.worldofart.org\/arhiv.worldofart.org\/98\/98steph1.htm\" target=\"_blank\" rel=\"noopener noreferrer\">Stephen Bann: <em>Razstavljanje skozi \u010das<\/em><\/a><\/li>\n<li><a href=\"https:\/\/www.worldofart.org\/arhiv.worldofart.org\/98\/98ute1.htm\" target=\"_blank\" rel=\"noopener noreferrer\">Ute Meta Bauer: <em>Do-It-Yourself: Razstave umetnikov 20. stoletja<\/em><\/a><\/li>\n<li><a href=\"https:\/\/www.worldofart.org\/arhiv.worldofart.org\/98\/98zgon1.htm\" target=\"_blank\" rel=\"noopener noreferrer\">Nadja Zgonik: <em>O vlogi ukvarjanja z nacionalno identiteto v teorijah razstavljanja na Slovenskem med zgodovino in sodobnostjo<\/em><\/a><\/li>\n<li><a href=\"https:\/\/www.worldofart.org\/arhiv.worldofart.org\/98\/98konst1.htm\" target=\"_blank\" rel=\"noopener noreferrer\">Konstantin Akinsha: <em>O underground sceni<\/em><\/a><\/li>\n<li><a href=\"https:\/\/www.worldofart.org\/arhiv.worldofart.org\/98\/98poga1.htm\" target=\"_blank\" rel=\"noopener noreferrer\">Tadej Poga\u010dar: <em>P.A.R.A.S.I.T.E. Muzej sodobne umetnosti in Novi parazitizem<\/em><\/a><\/li>\n<li><a href=\"https:\/\/www.worldofart.org\/arhiv.worldofart.org\/98\/98zab1.htm\" target=\"_blank\" rel=\"noopener noreferrer\">Igor Zabel: <em>Razstavne strategije v devetdesetih<\/em><\/a><\/li>\n<li><a href=\"https:\/\/www.worldofart.org\/arhiv.worldofart.org\/98\/98vuk1.htm\" target=\"_blank\" rel=\"noopener noreferrer\">Vuk \u0106osi\u0107: <em>Net.Art, besedilo<\/em><\/a><\/li>\n<\/ul>\n<p><strong>Poro\u010dila:<\/strong> Ur\u0161a Jurman: <em>Poro\u010dilo o poteku raziskave<\/em><\/p>\n<p>V sloven\u0161\u010dini in angle\u0161\u010dini.<\/p>\n<p>Razprodano.<\/td>\n<\/tr>\n<\/tbody>\n<\/table>\n<hr \/>\n<table style=\"padding-top: 15px;\" border=\"0\" width=\"100%\">\n<tbody>\n<tr>\n<td valign=\"top\" width=\"250px\"><img decoding=\"async\" src=\"https:\/\/www.worldofart.org\/arhiv.worldofart.org\/aktualno\/wp-content\/zborniki\/svet97.jpg\" alt=\"Zbornik\" \/><\/td>\n<td valign=\"top\"><strong>KONCEPTUALNA UMETNOST 60-IH IN 70-IH LET, 1996\/1997<\/strong><br \/>\n(s katalogom razstave <em>This Art is Recycled<\/em>)<br \/>\n<strong>Uredili:<\/strong> Ljubica Klan\u010dar, Lilijana Stepan\u010di\u010d, Igor \u0160panjol<br \/>\n<strong>Besedila:<\/strong><\/p>\n<ul>\n<li>Igor Zabel: <em>Na\u010deli serije in programa v ohojevski umetnosti<\/em><\/li>\n<li>Lilijana Stepan\u010di\u010d: <em>Body art in OHO<\/em><\/li>\n<li>Mi\u0161ko \u0160uvakovi\u0107: <em>Konceptualna umetnost v Srbiji<\/em><\/li>\n<li>Antje von Graevenitz: <em>Umetnikova osebnost kot sredstvo konceptualne umetnosti v Nem\u010diji<\/em><\/li>\n<li>Charles Harrison: <em>Konceptualna umetnost in problem predstavitve<\/em><\/li>\n<li>Laszlo Beke: <em>Konceptualna umetnost v vzhodni Srednji Evropi<\/em><\/li>\n<li>Branka Stipan\u010di\u010d: <em>Radikalna umetnost iz Hrva\u0161ke<\/em><\/li>\n<\/ul>\n<p><strong>Poro\u010dila:<\/strong><\/p>\n<ul>\n<li>Igor \u0160panjol: <em>Recikla\u017ea prostora in prostori recikla\u017ee<\/em><\/li>\n<li>Ljubica Klan\u010dar: <em>Od dematerializacije k recikla\u017ei in obratno<\/em><\/li>\n<li>Vasja Nagy: <em>Recikla\u017ea kot umetnostna tehnika<\/em><\/li>\n<li>Iztok Hotko:<em> Od Irwina do podgane v pasti<\/em><\/li>\n<li>Sabina Salomon: <em>Zakaj?<\/em><\/li>\n<li>Te\u010dajniki Sveta umetnosti: <em>Delavnice<\/em><\/li>\n<\/ul>\n<p>Samo v sloven\u0161\u010dini.<\/p>\n<p>Razprodano.<\/td>\n<\/tr>\n<\/tbody>\n<\/table>\n","protected":false},"excerpt":{"rendered":"<p>V zbornikih objavljamo predavanja vabljenih gostov, intervjuje, ki predavatelje in predavateljice predstavijo v \u0161ir\u0161em kontekstu njihovega delovanja, besedila kon\u010dnih razstav \u0161ole, vizualni material idr. Zborniki so pomemben element za poglobljeno seznanjanje javnosti s programom Svet umetnosti, hkrati pa predstavljajo dragoceno gradivo za spoznavanje in raziskovanje izbranih tematik ter umetni\u0161kih, kuratorskih in kriti\u0161kih praks. Zborniki so [&hellip;]<\/p>\n","protected":false},"author":1,"featured_media":3406,"parent":0,"menu_order":0,"comment_status":"closed","ping_status":"closed","template":"","meta":{"footnotes":""},"categories":[],"tags":[],"_links":{"self":[{"href":"https:\/\/www.worldofart.org\/arhiv.worldofart.org\/aktualno\/wp-json\/wp\/v2\/pages\/2602"}],"collection":[{"href":"https:\/\/www.worldofart.org\/arhiv.worldofart.org\/aktualno\/wp-json\/wp\/v2\/pages"}],"about":[{"href":"https:\/\/www.worldofart.org\/arhiv.worldofart.org\/aktualno\/wp-json\/wp\/v2\/types\/page"}],"author":[{"embeddable":true,"href":"https:\/\/www.worldofart.org\/arhiv.worldofart.org\/aktualno\/wp-json\/wp\/v2\/users\/1"}],"replies":[{"embeddable":true,"href":"https:\/\/www.worldofart.org\/arhiv.worldofart.org\/aktualno\/wp-json\/wp\/v2\/comments?post=2602"}],"version-history":[{"count":60,"href":"https:\/\/www.worldofart.org\/arhiv.worldofart.org\/aktualno\/wp-json\/wp\/v2\/pages\/2602\/revisions"}],"predecessor-version":[{"id":14695,"href":"https:\/\/www.worldofart.org\/arhiv.worldofart.org\/aktualno\/wp-json\/wp\/v2\/pages\/2602\/revisions\/14695"}],"wp:featuredmedia":[{"embeddable":true,"href":"https:\/\/www.worldofart.org\/arhiv.worldofart.org\/aktualno\/wp-json\/wp\/v2\/media\/3406"}],"wp:attachment":[{"href":"https:\/\/www.worldofart.org\/arhiv.worldofart.org\/aktualno\/wp-json\/wp\/v2\/media?parent=2602"}],"wp:term":[{"taxonomy":"category","embeddable":true,"href":"https:\/\/www.worldofart.org\/arhiv.worldofart.org\/aktualno\/wp-json\/wp\/v2\/categories?post=2602"},{"taxonomy":"post_tag","embeddable":true,"href":"https:\/\/www.worldofart.org\/arhiv.worldofart.org\/aktualno\/wp-json\/wp\/v2\/tags?post=2602"}],"curies":[{"name":"wp","href":"https:\/\/api.w.org\/{rel}","templated":true}]}}