{"id":262,"date":"2010-03-01T18:09:06","date_gmt":"2010-03-01T16:09:06","guid":{"rendered":"http:\/\/www.worldofart.org\/aktualno\/trinajsti-letnik-20102011\/delavnice-program\/"},"modified":"2018-06-18T21:40:14","modified_gmt":"2018-06-18T19:40:14","slug":"delavnice-program","status":"publish","type":"page","link":"https:\/\/www.worldofart.org\/arhiv.worldofart.org\/aktualno\/trinajsti-letnik-20102011\/delavnice-program","title":{"rendered":"Delavnice"},"content":{"rendered":"<p class=\"leto\"><strong>2010<\/strong><\/p>\n<table width=\"100%\" border=\"0\" cellspacing=\"0\" cellpadding=\"0\">\n<tr>\n<td class=\"mesec\" width=\"20%\" valign=\"top\">junij<\/td>\n<td class=\"tdprogramsredina\" width=\"20%\" valign=\"top\">nedelja<br \/>\n6. 6. 2010<\/td>\n<td class=\"tdprogram\" width=\"60%\" valign=\"top\"><a href=\"https:\/\/www.worldofart.org\/arhiv.worldofart.org\/aktualno\/trinajsti-letnik-20102011\/delavnice\/misko-suvakovic-teorija-in-praksa-umetnostne-kritike\/\">Mi\u0161ko \u0160uvakovi\u0107: Teorija in praksa umetnostne kritike<\/a><\/td>\n<\/tr>\n<tr>\n<td class=\"mesec\" width=\"20%\" valign=\"top\">november<\/td>\n<td class=\"tdprogramsredina\" width=\"20%\" valign=\"top\">\u010detrtek,<br \/>\n4. in 18. 11. 2010<\/td>\n<td class=\"tdprogram\" width=\"60%\" valign=\"top\"><a href=\"https:\/\/www.worldofart.org\/arhiv.worldofart.org\/aktualno\/trinajsti-letnik-20102011\/delavnice\/petja-grafenauer-pisanje-teksta-o-razstavi-sodobne-umetnosti\/\">Petja Grafenauer: Kako pisati besedilo o razstavi sodobne umetnosti? (Od opisa do umestitve v kontekst) <\/a><\/td>\n<\/tr>\n<\/table>\n<p class=\"leto\"><strong>2011<\/strong><\/p>\n<table width=\"100%\" border=\"0\" cellspacing=\"0\" cellpadding=\"0\">\n<tr>\n<td class=\"mesec\" width=\"20%\" valign=\"top\">januar<\/td>\n<td class=\"tdprogramsredina\" width=\"20%\" valign=\"top\">petek-sobota<br \/>\n 28.-29. 1. 2011<\/td>\n<td class=\"tdprogram\" width=\"60%\" valign=\"top\"><a href=\"https:\/\/www.worldofart.org\/arhiv.worldofart.org\/aktualno\/trinajsti-letnik-20102011\/delavnice\/suzana-milevska-tekst-za-katalog\/\">Suzana Milevska: Tekst za katalog<\/a><\/td>\n<\/tr>\n<\/table>\n<p>Delavnice so prvenstveno namenjene udele\u017eencem \u0161ole, za vsako pa bo razpisanih nekaj mest za zunanje udele\u017eence.<\/p>\n","protected":false},"excerpt":{"rendered":"<p>2010 junij nedelja 6. 6. 2010 Mi\u0161ko \u0160uvakovi\u0107: Teorija in praksa umetnostne kritike november \u010detrtek, 4. in 18. 11. 2010 Petja Grafenauer: Kako pisati besedilo o razstavi sodobne umetnosti? (Od opisa do umestitve v kontekst) 2011 januar petek-sobota 28.-29. 1. 2011 Suzana Milevska: Tekst za katalog Delavnice so prvenstveno namenjene udele\u017eencem \u0161ole, za vsako pa [&hellip;]<\/p>\n","protected":false},"author":1,"featured_media":0,"parent":237,"menu_order":0,"comment_status":"closed","ping_status":"closed","template":"","meta":{"footnotes":""},"categories":[],"tags":[],"_links":{"self":[{"href":"https:\/\/www.worldofart.org\/arhiv.worldofart.org\/aktualno\/wp-json\/wp\/v2\/pages\/262"}],"collection":[{"href":"https:\/\/www.worldofart.org\/arhiv.worldofart.org\/aktualno\/wp-json\/wp\/v2\/pages"}],"about":[{"href":"https:\/\/www.worldofart.org\/arhiv.worldofart.org\/aktualno\/wp-json\/wp\/v2\/types\/page"}],"author":[{"embeddable":true,"href":"https:\/\/www.worldofart.org\/arhiv.worldofart.org\/aktualno\/wp-json\/wp\/v2\/users\/1"}],"replies":[{"embeddable":true,"href":"https:\/\/www.worldofart.org\/arhiv.worldofart.org\/aktualno\/wp-json\/wp\/v2\/comments?post=262"}],"version-history":[{"count":1,"href":"https:\/\/www.worldofart.org\/arhiv.worldofart.org\/aktualno\/wp-json\/wp\/v2\/pages\/262\/revisions"}],"predecessor-version":[{"id":9539,"href":"https:\/\/www.worldofart.org\/arhiv.worldofart.org\/aktualno\/wp-json\/wp\/v2\/pages\/262\/revisions\/9539"}],"up":[{"embeddable":true,"href":"https:\/\/www.worldofart.org\/arhiv.worldofart.org\/aktualno\/wp-json\/wp\/v2\/pages\/237"}],"wp:attachment":[{"href":"https:\/\/www.worldofart.org\/arhiv.worldofart.org\/aktualno\/wp-json\/wp\/v2\/media?parent=262"}],"wp:term":[{"taxonomy":"category","embeddable":true,"href":"https:\/\/www.worldofart.org\/arhiv.worldofart.org\/aktualno\/wp-json\/wp\/v2\/categories?post=262"},{"taxonomy":"post_tag","embeddable":true,"href":"https:\/\/www.worldofart.org\/arhiv.worldofart.org\/aktualno\/wp-json\/wp\/v2\/tags?post=262"}],"curies":[{"name":"wp","href":"https:\/\/api.w.org\/{rel}","templated":true}]}}