{"id":2635,"date":"2012-08-24T12:43:49","date_gmt":"2012-08-24T10:43:49","guid":{"rendered":"http:\/\/www.worldofart.org\/aktualno\/?page_id=2635"},"modified":"2018-06-18T18:15:01","modified_gmt":"2018-06-18T16:15:01","slug":"modul-o-prakticnih-delih-kustosa","status":"publish","type":"page","link":"https:\/\/www.worldofart.org\/arhiv.worldofart.org\/aktualno\/stirinajsti-letnik-20112013\/modul-o-prakticnih-delih-kustosa","title":{"rendered":"Modul o prakti\u010dnih delih kustosa"},"content":{"rendered":"<p>SVET UMETNOSTI<br \/>\n\u0160ola za kustose in kritike sodobne umetnosti<br \/>\nLeto 14<br \/>\n2. letnik (september 2012\u2013maj 2013)<\/p>\n<hr \/>\n<p>Modul o prakti\u010dnih delih kustosa bo v ve\u010d delih preko celega drugega letnika ponudil predvsem prakti\u010dna znanja, ki bodo te\u010dajnike 14. letnika <em>Sveta umetnosti<\/em> dodatno usposobila za uspe\u0161no koncipiranje in izvedbo zaklju\u010dne razstave. V obliki predavanj, pogovorov in delavnic se bodo seznanili z osnovnimi znanji, informacijami in ve\u0161\u010dinami projektnega mened\u017ementa in iskanja sredstev, vodenja strategije odnosov z javnostjo, pripravo materialov za katalog razstave in pisanje teksta o razstavi itn.<\/p>\n<p class=\"leto\"><strong>2012<\/strong><\/p>\n<table width=\"100%\" border=\"0\" cellspacing=\"0\" cellpadding=\"0\">\n<tbody>\n<tr>\n<td class=\"mesec\" valign=\"top\" width=\"20%\">\u010detrtek,<br \/>\n27. 9. 2012<\/td>\n<td class=\"tdprogramsredina\" valign=\"top\" width=\"20%\">16.00\u201320.00<\/td>\n<td class=\"tdprogram\" valign=\"top\" width=\"60%\"><a href=\"https:\/\/www.worldofart.org\/arhiv.worldofart.org\/aktualno\/stirinajsti-letnik-20112013\/modul-o-prakticnih-delih-kustosa\/dusan-dovc-s-pravo-strategijo-od-projektne-ideje-do-denarja\">Du\u0161an Dov\u010d: Pridobivanje finan\u010dnih sredstev<\/a><\/td>\n<\/tr>\n<\/tbody>\n<\/table>\n<p class=\"leto\"><strong>2013<\/strong><\/p>\n<table width=\"100%\" border=\"0\" cellspacing=\"0\" cellpadding=\"0\">\n<tbody>\n<tr>\n<td class=\"mesec\" valign=\"top\" width=\"20%\">\u010detrtek,<br \/>\n28. 2. 2013<\/td>\n<td class=\"tdprogramsredina\" valign=\"top\" width=\"20%\">17.30\u201319.00<\/td>\n<td class=\"tdprogram\" valign=\"top\" width=\"60%\"><a href=\"https:\/\/www.worldofart.org\/arhiv.worldofart.org\/aktualno\/stirinajsti-letnik-20112013\/modul-o-prakticnih-delih-kustosa\/barbara-borcic-katalog-pogled-urednika\">Barbara Bor\u010di\u0107: Katalog. Pogled urednika<\/a><\/td>\n<\/tr>\n<tr>\n<td class=\"mesec\" valign=\"top\" width=\"20%\">\u010detrtek,<br \/>\n14. 3. 2013<\/td>\n<td class=\"tdprogramsredina\" valign=\"top\" width=\"20%\">13.30\u201315.30<\/td>\n<td class=\"tdprogram\" valign=\"top\" width=\"60%\"><a href=\"https:\/\/www.worldofart.org\/arhiv.worldofart.org\/aktualno\/trinajsti-letnik-20102011\/modul-o-prakticnih-delih-kustosa\/jana-intihar-ferjan-dokumentacija-2\">Jana Intihar Ferjan: Dokumentacija<\/a><\/td>\n<\/tr>\n<tr>\n<td class=\"mesec\" valign=\"top\" width=\"20%\">vsak \u010detrtek<br \/>\nv marcu 2013<\/td>\n<td class=\"tdprogramsredina\" valign=\"top\" width=\"20%\"><\/td>\n<td class=\"tdprogram\" valign=\"top\" width=\"60%\"><a href=\"https:\/\/www.worldofart.org\/arhiv.worldofart.org\/aktualno\/stirinajsti-letnik-20112013\/modul-o-prakticnih-delih-kustosa\/dusan-dovc-odnosi-z-javnostmi-za-razstavo-sodobne-umetnosti\">Du\u0161an Dov\u010d: Odnosi z javnostmi za razstavo sodobne umetnosti<\/a><\/td>\n<\/tr>\n<\/tbody>\n<\/table>\n","protected":false},"excerpt":{"rendered":"<p>SVET UMETNOSTI \u0160ola za kustose in kritike sodobne umetnosti Leto 14 2. letnik (september 2012\u2013maj 2013) Modul o prakti\u010dnih delih kustosa bo v ve\u010d delih preko celega drugega letnika ponudil predvsem prakti\u010dna znanja, ki bodo te\u010dajnike 14. letnika Sveta umetnosti dodatno usposobila za uspe\u0161no koncipiranje in izvedbo zaklju\u010dne razstave. V obliki predavanj, pogovorov in delavnic [&hellip;]<\/p>\n","protected":false},"author":1,"featured_media":0,"parent":866,"menu_order":0,"comment_status":"closed","ping_status":"closed","template":"","meta":{"footnotes":""},"categories":[],"tags":[],"_links":{"self":[{"href":"https:\/\/www.worldofart.org\/arhiv.worldofart.org\/aktualno\/wp-json\/wp\/v2\/pages\/2635"}],"collection":[{"href":"https:\/\/www.worldofart.org\/arhiv.worldofart.org\/aktualno\/wp-json\/wp\/v2\/pages"}],"about":[{"href":"https:\/\/www.worldofart.org\/arhiv.worldofart.org\/aktualno\/wp-json\/wp\/v2\/types\/page"}],"author":[{"embeddable":true,"href":"https:\/\/www.worldofart.org\/arhiv.worldofart.org\/aktualno\/wp-json\/wp\/v2\/users\/1"}],"replies":[{"embeddable":true,"href":"https:\/\/www.worldofart.org\/arhiv.worldofart.org\/aktualno\/wp-json\/wp\/v2\/comments?post=2635"}],"version-history":[{"count":12,"href":"https:\/\/www.worldofart.org\/arhiv.worldofart.org\/aktualno\/wp-json\/wp\/v2\/pages\/2635\/revisions"}],"predecessor-version":[{"id":9586,"href":"https:\/\/www.worldofart.org\/arhiv.worldofart.org\/aktualno\/wp-json\/wp\/v2\/pages\/2635\/revisions\/9586"}],"up":[{"embeddable":true,"href":"https:\/\/www.worldofart.org\/arhiv.worldofart.org\/aktualno\/wp-json\/wp\/v2\/pages\/866"}],"wp:attachment":[{"href":"https:\/\/www.worldofart.org\/arhiv.worldofart.org\/aktualno\/wp-json\/wp\/v2\/media?parent=2635"}],"wp:term":[{"taxonomy":"category","embeddable":true,"href":"https:\/\/www.worldofart.org\/arhiv.worldofart.org\/aktualno\/wp-json\/wp\/v2\/categories?post=2635"},{"taxonomy":"post_tag","embeddable":true,"href":"https:\/\/www.worldofart.org\/arhiv.worldofart.org\/aktualno\/wp-json\/wp\/v2\/tags?post=2635"}],"curies":[{"name":"wp","href":"https:\/\/api.w.org\/{rel}","templated":true}]}}