{"id":2641,"date":"2012-08-24T12:58:00","date_gmt":"2012-08-24T10:58:00","guid":{"rendered":"http:\/\/www.worldofart.org\/aktualno\/?page_id=2641"},"modified":"2018-06-18T18:15:15","modified_gmt":"2018-06-18T16:15:15","slug":"dusan-dovc-s-pravo-strategijo-od-projektne-ideje-do-denarja","status":"publish","type":"page","link":"https:\/\/www.worldofart.org\/arhiv.worldofart.org\/aktualno\/stirinajsti-letnik-20112013\/modul-o-prakticnih-delih-kustosa\/dusan-dovc-s-pravo-strategijo-od-projektne-ideje-do-denarja","title":{"rendered":"Du\u0161an Dov\u010d: S pravo strategijo od projektne ideje do denarja"},"content":{"rendered":"<p>SVET UMETNOSTI<br \/>\n\u0160ola za kustose in kritike sodobne umetnosti<br \/>\nLeto 14<br \/>\n2. letnik (september 2012\u2013maj 2013)<\/p>\n<p>Modul o prakti\u010dnih delih kustosa<\/p>\n<p><strong>\u010cetrtek, 27. 9. 2012<\/strong><br \/>\nProjektna soba SCCA, Metelkova 6, Ljubljana <\/p>\n<hr \/>\n<p>Modul v obliki delavnice bo udele\u017eencem \u0161ole <em>Svet umetnosti<\/em> ponudil osnovna znanja, informacije in ve\u0161\u010dine iskanja finan\u010dnih sredstev za izvedbo kulturnoumetni\u0161kih projektov s podro\u010dja likovne umetnosti.<\/p>\n<p>Financiranja projektov se bomo lotili glede na specifi\u010dne potrebe, strate\u0161ko analizo razli\u010dnih vrst projektov in ciljev, od kulturnih, umetni\u0161kih, dru\u017ebenih do politi\u010dnih. Udele\u017eenci bodo seznanjeni z nekaterimi priporo\u010dili, kako pridobivati sredstva, zlasti za evropske in mednarodne projekte.<\/p>\n<p>Delavnica bo med drugim odgovorila na vpra\u0161anja: Kako razmi\u0161ljati &#8221;projektno&#8221;? Kdo so potencialni financerji? Kje so viri informacij o financerjih, zlasti evropskih fundacijah in donatorjih? Kako razumeti poslanstvo in politike fundacij? Kako je strukturirana projektna prijava? Na kak\u0161en na\u010din uskladiti vsebino in prora\u010dun projekta? Kako pripraviti prora\u010dun? <\/p>\n<p>Program delavnice bo razdeljen na dva dela: <\/p>\n<ul>\n<li>1. del bo potekal v obliki predstavitve s pomo\u010djo prosojnic, demonstracije uporabe spletnih informacijskih to\u010dk in portalov ter kratkega pregleda, kaj je &#8221;fundraising&#8221;.<\/li>\n<li>2. del pa bo namenjen izmenjavi izku\u0161enj in predstavitvi na\u010dinov pridobivanja sredstev v okviru nevladne organizacije, javnega zavoda in neodvisnega oz. samostojnega kuratorskega delovanja. Z udele\u017eenci bomo analizirali aktualne razpise, ki nudijo podporo razstavnim projektom.<\/li>\n<\/ul>\n<p>Modul bo vodil <strong>Du\u0161an Dov\u010d<\/strong>, vodja produkcije Zavoda SCCA\u2212Ljubljana, pridru\u017eila pa se mu bosta tudi gosta, oba nekdanja te\u010dajnika Sveta umetnosti: <strong>Miha Colner<\/strong>, dipl. umetnostni zgodovinar, kritik in kurator, redni sodelavec galerije Photon, in <strong>Yasm\u00edn Mart\u00edn Vodopivec<\/strong>, magistra iz mened\u017ementa kulturnih in\u0161titucij in podjetij univerze v Barceloni, pomo\u010dnica direktorice MGLC. Skupaj bodo predavatelji udele\u017eencem predstavili celostno sliko financiranja projektov.<\/p>\n<hr \/>\n<p><strong>Vodja modula<\/strong><\/p>\n<p><img loading=\"lazy\" decoding=\"async\" style=\"margin-right: 10px; margin-bottom: 5px; margin-top: 3px; margin-left: 0px;\" src=\"https:\/\/www.worldofart.org\/arhiv.worldofart.org\/aktualno\/wp-content\/2007-08\/ekipa-board\/dusan_dovc.jpg\" alt=\"Du\u0161an Dov\u010d\" width=\"100\" height=\"100\" align=\"left\" \/><strong>Du\u0161an Dov\u010d<\/strong>, vodja produkcije Zavoda SCCA\u2212Ljubljana<br \/>\nDelovne izku\u0161nje sprva pridobival na Emzinu, neprofitnem zavodu in reviji za kulturo (1997\u22122002) kot urednik in vodja projektov; nato na Pristopu, dru\u017ebi za komunikacijski management, d.o.o. (junij\u2212december 2003) kot asistent odnosov z javnostmi za razli\u010dne naro\u010dnike (spremljanje in analiza dnevnih objav v medijih, priprava novinarskih gradiv, sourejanje in pisanje tekstov za interna glasila, priprava nate\u010dajev, vodenje ogla\u0161evalskih akcij). Od leta 2004 zaposlen na Zavodu SCCA\u2212Ljubljana, kjer koordinira produkcijo, skrbi za odnose z javnostmi in pridobivanje sredstev. Aktiven tudi v razli\u010dnih skupinah za razvoj kulturne politike (ekspertna skupina za mobilnost pri Evropski komisiji, maj\u2013december 2011, \u010dlan upravnega odbora pri Asociaciji). <\/p>\n<p>Kontakt: production.manager@scca-ljubljana.si, tel: 051 361 681, 01 431 83 85  <\/p>\n","protected":false},"excerpt":{"rendered":"<p>SVET UMETNOSTI \u0160ola za kustose in kritike sodobne umetnosti Leto 14 2. letnik (september 2012\u2013maj 2013) Modul o prakti\u010dnih delih kustosa \u010cetrtek, 27. 9. 2012 Projektna soba SCCA, Metelkova 6, Ljubljana Modul v obliki delavnice bo udele\u017eencem \u0161ole Svet umetnosti ponudil osnovna znanja, informacije in ve\u0161\u010dine iskanja finan\u010dnih sredstev za izvedbo kulturnoumetni\u0161kih projektov s podro\u010dja [&hellip;]<\/p>\n","protected":false},"author":1,"featured_media":0,"parent":2635,"menu_order":0,"comment_status":"closed","ping_status":"closed","template":"","meta":{"footnotes":""},"categories":[],"tags":[],"_links":{"self":[{"href":"https:\/\/www.worldofart.org\/arhiv.worldofart.org\/aktualno\/wp-json\/wp\/v2\/pages\/2641"}],"collection":[{"href":"https:\/\/www.worldofart.org\/arhiv.worldofart.org\/aktualno\/wp-json\/wp\/v2\/pages"}],"about":[{"href":"https:\/\/www.worldofart.org\/arhiv.worldofart.org\/aktualno\/wp-json\/wp\/v2\/types\/page"}],"author":[{"embeddable":true,"href":"https:\/\/www.worldofart.org\/arhiv.worldofart.org\/aktualno\/wp-json\/wp\/v2\/users\/1"}],"replies":[{"embeddable":true,"href":"https:\/\/www.worldofart.org\/arhiv.worldofart.org\/aktualno\/wp-json\/wp\/v2\/comments?post=2641"}],"version-history":[{"count":2,"href":"https:\/\/www.worldofart.org\/arhiv.worldofart.org\/aktualno\/wp-json\/wp\/v2\/pages\/2641\/revisions"}],"predecessor-version":[{"id":9588,"href":"https:\/\/www.worldofart.org\/arhiv.worldofart.org\/aktualno\/wp-json\/wp\/v2\/pages\/2641\/revisions\/9588"}],"up":[{"embeddable":true,"href":"https:\/\/www.worldofart.org\/arhiv.worldofart.org\/aktualno\/wp-json\/wp\/v2\/pages\/2635"}],"wp:attachment":[{"href":"https:\/\/www.worldofart.org\/arhiv.worldofart.org\/aktualno\/wp-json\/wp\/v2\/media?parent=2641"}],"wp:term":[{"taxonomy":"category","embeddable":true,"href":"https:\/\/www.worldofart.org\/arhiv.worldofart.org\/aktualno\/wp-json\/wp\/v2\/categories?post=2641"},{"taxonomy":"post_tag","embeddable":true,"href":"https:\/\/www.worldofart.org\/arhiv.worldofart.org\/aktualno\/wp-json\/wp\/v2\/tags?post=2641"}],"curies":[{"name":"wp","href":"https:\/\/api.w.org\/{rel}","templated":true}]}}