{"id":28,"date":"2007-01-31T13:10:30","date_gmt":"2007-01-31T12:10:30","guid":{"rendered":"http:\/\/www.worldofart.org\/aktualno\/laboratorij\/program\/"},"modified":"2018-06-18T22:08:59","modified_gmt":"2018-06-18T20:08:59","slug":"program-2006-07","status":"publish","type":"page","link":"https:\/\/www.worldofart.org\/arhiv.worldofart.org\/aktualno\/laboratorij-2006-07\/program-2006-07","title":{"rendered":"Program 2006\/07"},"content":{"rendered":"<p class=\"leto\"><strong>2006<\/strong><\/p>\n<table width=\"100%\" border=\"0\" cellspacing=\"0\" cellpadding=\"0\">\n<tr>\n<td class=\"mesec\" width=\"20%\" valign=\"top\">november<\/td>\n<td class=\"tdprogramsredina\" width=\"20%\" valign=\"top\">torek <br \/>\n    28. 11. 2006<\/td>\n<td class=\"tdprogram\" width=\"60%\" valign=\"top\"><strong>Prvo sre\u010danje udele\u017eencev Laboratorija<\/strong><\/td>\n<\/tr>\n<tr>\n<td class=\"mesec\" valign=\"top\">december<\/td>\n<td class=\"tdprogramsredina\" valign=\"top\">torek <br \/>\n    12. 12. 2006<\/td>\n<td class=\"tdprogram\" valign=\"top\"><a href=\"https:\/\/www.worldofart.org\/arhiv.worldofart.org\/aktualno\/archives\/34\"><strong>\u0160tudijska ekskurzija na Obalo<\/strong><\/a><\/td>\n<\/tr>\n<\/table>\n<p class=\"leto\"><strong>2007<\/strong><\/p>\n<table width=\"100%\" border=\"0\" cellspacing=\"0\" cellpadding=\"0\">\n<tr>\n<td class=\"mesec\" width=\"20%\" rowspan=\"4\" valign=\"top\">januar<\/td>\n<td class=\"tdprogramsredina\" width=\"20%\" valign=\"top\">sobota, nedelja <br \/>\n    6., 7. 1. 2007<\/td>\n<td class=\"tdprogram\" width=\"60%\" valign=\"top\"><a href=\"https:\/\/www.worldofart.org\/arhiv.worldofart.org\/aktualno\/archives\/64\"><strong>Mi\u0161ko \u0160uvakovi\u0107: Teorija in praksa umetnostne kritike<\/strong><\/a><\/td>\n<\/tr>\n<tr>\n<td class=\"tdprogramsredina\">petek, sobota, nedelja <br \/>\n    12. &#8211; 14. 1. 2007<\/td>\n<td class=\"tdprogram\"><a href=\"https:\/\/www.worldofart.org\/arhiv.worldofart.org\/aktualno\/archives\/50\"><strong>Gradska galerija Labin, Labin, Istra: delovni vikend<\/strong><\/a><\/td>\n<\/tr>\n<tr>\n<td class=\"tdprogramsredina\">\u010detrtek <br \/>\n    18. 1. ob 19.00<\/td>\n<td class=\"tdprogram\"><a href=\"https:\/\/www.worldofart.org\/arhiv.worldofart.org\/aktualno\/archives\/66\"><strong>Predavanje Angele Harutyunyan: Uva\u017eanje kustosa: Politike in identifikacije v sodobni armenski umetnosti<\/strong><\/a><\/td>\n<\/tr>\n<tr>\n<td class=\"tdprogramsredina\">torek <br \/>\n    23. 1. ob 11.00<\/td>\n<td class=\"tdprogram\" ><strong>Sre\u010danje z Angelo Harutyunyan<\/strong><\/td>\n<\/tr>\n<tr>\n<td class=\"mesec\" width=\"20%\" valign=\"top\">februar<\/td>\n<td class=\"tdprogramsredina\" width=\"20%\" valign=\"top\">petek<br \/>\n2. 2. 2007,<br \/>\n\u010detrtek<br \/>\n15. 2. 2007\n    <\/td>\n<td class=\"tdprogram\" width=\"60%\" valign=\"top\"><a href=\"https:\/\/www.worldofart.org\/arhiv.worldofart.org\/aktualno\/archives\/69\"><strong>Februarska sre\u010danja Laboratorija Sveta umetnosti<br \/>\n<\/strong><\/a><\/td>\n<\/tr>\n<tr>\n<td class=\"mesec\" width=\"20%\" valign=\"top\">marec<\/td>\n<td class=\"tdprogramsredina\" width=\"20%\" valign=\"top\">\u010detrtek<br \/>\n1. 3. 2007,<br \/>\n\u010detrtek<br \/>\n15. 3. 2007,<br \/>\n\u010detrtek<br \/>\n29. 3. 2007\n    <\/td>\n<td class=\"tdprogram\" width=\"60%\" valign=\"top\"><a href=\"https:\/\/www.worldofart.org\/arhiv.worldofart.org\/aktualno\/archives\/77\"><strong>Mar\u010devska sre\u010danja Laboratorija Sveta umetnosti<br \/>\n<\/strong><\/a><\/td>\n<\/tr>\n<tr>\n<td class=\"mesec\" width=\"20%\" valign=\"top\">april<\/td>\n<td class=\"tdprogramsredina\" width=\"20%\" valign=\"top\">sreda<br \/>\n18. 4. 2007\n    <\/td>\n<td class=\"tdprogram\" width=\"60%\" valign=\"top\"><strong>\u0160tudijska ekskurzija v Celje<\/strong><\/td>\n<\/tr>\n<tr>\n<td class=\"mesec\" width=\"20%\" rowspan=\"2\" valign=\"top\">maj<\/td>\n<td class=\"tdprogramsredina\" width=\"20%\" valign=\"top\">sreda<br \/>\n    9. 5. 2007<\/td>\n<td class=\"tdprogram\" width=\"60%\" valign=\"top\"><a href=\"https:\/\/www.worldofart.org\/arhiv.worldofart.org\/aktualno\/archives\/84\"><strong>Okrogla miza 1: Kuratorske prakse v slovenskem prostoru: zgodovina kuratorstva<\/strong><\/a><\/td>\n<\/tr>\n<tr>\n<td class=\"tdprogramsredina\">\u010detrtek<br \/>\n    17. 5. 2007<\/td>\n<td class=\"tdprogram\"><a href=\"https:\/\/www.worldofart.org\/arhiv.worldofart.org\/aktualno\/archives\/85\"><strong>Okrogla miza2: Kuratorske prakse v slovenskem prostoru: raznolikost kuratorskih praks danes<\/strong><\/a><\/td>\n<\/tr>\n<tr>\n<td class=\"mesec\" width=\"20%\" valign=\"top\">junij<\/td>\n<td class=\"tdprogramsredina\" width=\"20%\" valign=\"top\">sobota &#8211; petek<br \/>\n23. &#8211; 29. 6. 2007\n    <\/td>\n<td class=\"tdprogram\" width=\"60%\" valign=\"top\"><strong><a href=\"https:\/\/www.worldofart.org\/arhiv.worldofart.org\/aktualno\/archives\/106\">LabSUs &#8211; Odprta platforma kuratorjev, umetnikov, piscev, teoretikov<\/a><\/strong>, Galerija \u0160kuc<\/td>\n<\/tr>\n<tr>\n<td class=\"mesec\" width=\"20%\" valign=\"top\">oktober &#8211; november<\/td>\n<td class=\"tdprogramsredina\" width=\"20%\" valign=\"top\">\n20. 10. &#8211; 10. 11. 2007\n    <\/td>\n<td class=\"tdprogram\" width=\"60%\" valign=\"top\"><strong><a href=\"https:\/\/www.worldofart.org\/arhiv.worldofart.org\/aktualno\/archives\/125\">LabSUS, osebno\/osobno \u2013 razstava<\/a><\/strong>, Gradska galerija Labin\n<\/td>\n<\/tr>\n<\/table>\n","protected":false},"excerpt":{"rendered":"<p>2006 november torek 28. 11. 2006 Prvo sre\u010danje udele\u017eencev Laboratorija december torek 12. 12. 2006 \u0160tudijska ekskurzija na Obalo 2007 januar sobota, nedelja 6., 7. 1. 2007 Mi\u0161ko \u0160uvakovi\u0107: Teorija in praksa umetnostne kritike petek, sobota, nedelja 12. &#8211; 14. 1. 2007 Gradska galerija Labin, Labin, Istra: delovni vikend \u010detrtek 18. 1. ob 19.00 Predavanje [&hellip;]<\/p>\n","protected":false},"author":1,"featured_media":0,"parent":121,"menu_order":1,"comment_status":"closed","ping_status":"closed","template":"","meta":{"footnotes":""},"categories":[],"tags":[],"_links":{"self":[{"href":"https:\/\/www.worldofart.org\/arhiv.worldofart.org\/aktualno\/wp-json\/wp\/v2\/pages\/28"}],"collection":[{"href":"https:\/\/www.worldofart.org\/arhiv.worldofart.org\/aktualno\/wp-json\/wp\/v2\/pages"}],"about":[{"href":"https:\/\/www.worldofart.org\/arhiv.worldofart.org\/aktualno\/wp-json\/wp\/v2\/types\/page"}],"author":[{"embeddable":true,"href":"https:\/\/www.worldofart.org\/arhiv.worldofart.org\/aktualno\/wp-json\/wp\/v2\/users\/1"}],"replies":[{"embeddable":true,"href":"https:\/\/www.worldofart.org\/arhiv.worldofart.org\/aktualno\/wp-json\/wp\/v2\/comments?post=28"}],"version-history":[{"count":1,"href":"https:\/\/www.worldofart.org\/arhiv.worldofart.org\/aktualno\/wp-json\/wp\/v2\/pages\/28\/revisions"}],"predecessor-version":[{"id":9472,"href":"https:\/\/www.worldofart.org\/arhiv.worldofart.org\/aktualno\/wp-json\/wp\/v2\/pages\/28\/revisions\/9472"}],"up":[{"embeddable":true,"href":"https:\/\/www.worldofart.org\/arhiv.worldofart.org\/aktualno\/wp-json\/wp\/v2\/pages\/121"}],"wp:attachment":[{"href":"https:\/\/www.worldofart.org\/arhiv.worldofart.org\/aktualno\/wp-json\/wp\/v2\/media?parent=28"}],"wp:term":[{"taxonomy":"category","embeddable":true,"href":"https:\/\/www.worldofart.org\/arhiv.worldofart.org\/aktualno\/wp-json\/wp\/v2\/categories?post=28"},{"taxonomy":"post_tag","embeddable":true,"href":"https:\/\/www.worldofart.org\/arhiv.worldofart.org\/aktualno\/wp-json\/wp\/v2\/tags?post=28"}],"curies":[{"name":"wp","href":"https:\/\/api.w.org\/{rel}","templated":true}]}}