{"id":2947,"date":"2012-08-28T10:43:00","date_gmt":"2012-08-28T08:43:00","guid":{"rendered":"http:\/\/www.worldofart.org\/aktualno\/?page_id=2947"},"modified":"2018-06-18T18:15:33","modified_gmt":"2018-06-18T16:15:33","slug":"kuratorski-tecaj","status":"publish","type":"page","link":"https:\/\/www.worldofart.org\/arhiv.worldofart.org\/aktualno\/stirinajsti-letnik-20112013\/kuratorski-tecaj","title":{"rendered":"Kuratorski te\u010daj"},"content":{"rendered":"<p>SVET UMETNOSTI<br \/>\n\u0160ola za kustose in kritike sodobne umetnosti<br \/>\nLeto 14<br \/>\n2. letnik (september 2012\u2013maj 2013)<\/p>\n<hr \/>\n<p>Udele\u017eenci bodo v obliki skupinskega dela koncipirali in izvedli razstavo sodobne umetnosti v <strong>Galeriji \u0160kuc<\/strong>. Otvoritev bo konec marca ali v za\u010detku aprila 2013.<\/p>\n<p>Delo bo potekalo pod mentorskim vodstvom <strong>Nevenke \u0160ivavec<\/strong> in <strong>Mirana Moharja<\/strong>.<\/p>\n","protected":false},"excerpt":{"rendered":"<p>SVET UMETNOSTI \u0160ola za kustose in kritike sodobne umetnosti Leto 14 2. letnik (september 2012\u2013maj 2013) Udele\u017eenci bodo v obliki skupinskega dela koncipirali in izvedli razstavo sodobne umetnosti v Galeriji \u0160kuc. Otvoritev bo konec marca ali v za\u010detku aprila 2013. Delo bo potekalo pod mentorskim vodstvom Nevenke \u0160ivavec in Mirana Moharja.<\/p>\n","protected":false},"author":1,"featured_media":0,"parent":866,"menu_order":0,"comment_status":"closed","ping_status":"closed","template":"","meta":{"footnotes":""},"categories":[],"tags":[],"_links":{"self":[{"href":"https:\/\/www.worldofart.org\/arhiv.worldofart.org\/aktualno\/wp-json\/wp\/v2\/pages\/2947"}],"collection":[{"href":"https:\/\/www.worldofart.org\/arhiv.worldofart.org\/aktualno\/wp-json\/wp\/v2\/pages"}],"about":[{"href":"https:\/\/www.worldofart.org\/arhiv.worldofart.org\/aktualno\/wp-json\/wp\/v2\/types\/page"}],"author":[{"embeddable":true,"href":"https:\/\/www.worldofart.org\/arhiv.worldofart.org\/aktualno\/wp-json\/wp\/v2\/users\/1"}],"replies":[{"embeddable":true,"href":"https:\/\/www.worldofart.org\/arhiv.worldofart.org\/aktualno\/wp-json\/wp\/v2\/comments?post=2947"}],"version-history":[{"count":3,"href":"https:\/\/www.worldofart.org\/arhiv.worldofart.org\/aktualno\/wp-json\/wp\/v2\/pages\/2947\/revisions"}],"predecessor-version":[{"id":9585,"href":"https:\/\/www.worldofart.org\/arhiv.worldofart.org\/aktualno\/wp-json\/wp\/v2\/pages\/2947\/revisions\/9585"}],"up":[{"embeddable":true,"href":"https:\/\/www.worldofart.org\/arhiv.worldofart.org\/aktualno\/wp-json\/wp\/v2\/pages\/866"}],"wp:attachment":[{"href":"https:\/\/www.worldofart.org\/arhiv.worldofart.org\/aktualno\/wp-json\/wp\/v2\/media?parent=2947"}],"wp:term":[{"taxonomy":"category","embeddable":true,"href":"https:\/\/www.worldofart.org\/arhiv.worldofart.org\/aktualno\/wp-json\/wp\/v2\/categories?post=2947"},{"taxonomy":"post_tag","embeddable":true,"href":"https:\/\/www.worldofart.org\/arhiv.worldofart.org\/aktualno\/wp-json\/wp\/v2\/tags?post=2947"}],"curies":[{"name":"wp","href":"https:\/\/api.w.org\/{rel}","templated":true}]}}