{"id":298,"date":"2010-05-03T14:44:45","date_gmt":"2010-05-03T12:44:45","guid":{"rendered":"http:\/\/www.worldofart.org\/aktualno\/?page_id=298"},"modified":"2018-06-18T21:39:28","modified_gmt":"2018-06-18T19:39:28","slug":"alenka-pirman-umetnostni-sistem-pregled","status":"publish","type":"page","link":"https:\/\/www.worldofart.org\/arhiv.worldofart.org\/aktualno\/trinajsti-letnik-20102011\/serija-predavanj\/alenka-pirman-umetnostni-sistem-pregled","title":{"rendered":"Alenka Pirman: Umetnostni sistem. Pregled."},"content":{"rendered":"<p>SVET UMETNOSTI<br \/>\n\u0160ola za kustose in kritike sodobne umetnosti<br \/>\nLetnik 13<br \/>\n1. semester (april 2010 &#8211; junij 2010)<\/p>\n<p>Serija predavanj<\/p>\n<hr \/>\n<p>\u010ceprav se morda zdi, da sta pojem in predmet sodobne umetnosti dokaj dobro in nesporno opredeljena in dolo\u010dena, v resnici ni tako. Dosti je sporov o tem, kaj je sodobna umetnost in kaj njeno podro\u010dje,  kak\u0161na sta njena vloga in pomen v dru\u017ebi, kje so njene meje, kak\u0161en je njen odnos do drugih podro\u010dij in podobno. &#8220;Malo je pojmov, s katerim se povezujejo tako nejasne, neprecizne, neotipljive in raznovrstne predstave v teoriji in praksi, kot je to v primeru sodobne umetnosti&#8221;, upravi\u010deno pi\u0161e Vodineli\u0107.<\/p>\n<p>Vpra\u0161anje je morda na videz manj pomembno, ker naj bi \u0161lo zgolj za teoreti\u010dna razglabljanja, ki nimajo posebnega pomena za prakso, za razprave med strokovnjaki in profesorji, ki si \u017eelijo na akademski ravni razdeliti &#8216;delovno podro\u010dje&#8217; in &#8216;svoj&#8217; predmet ubraniti pred drugimi ter mu na univerzitetnem in visoko\u0161olskem podro\u010dju zagotoviti ustrezno mesto in obstoj.<\/p>\n<p>Toda izku\u0161nje ka\u017eejo, da tak\u0161ne ali druga\u010dne teoreti\u010dne opredelitve pomembno vplivajo tudi na prakso, zato ni vseeno, kako opredeliti pojem in predmet sodobne umetnosti.<\/p>\n<p><img decoding=\"async\" src=\" https:\/\/www.worldofart.org\/arhiv.worldofart.org\/aktualno\/wp-content\/2010-11\/pirman-predavanje.gif\" alt=\"Alenka Pirman, predavanje\" \/><\/p>\n<p><a href=\"http:\/\/www.ddr.si\/nema_predavanja.htm\" target=\"_blank\">www.ddr.si\/nema_predavanja.htm<\/a><\/p>\n","protected":false},"excerpt":{"rendered":"<p>SVET UMETNOSTI \u0160ola za kustose in kritike sodobne umetnosti Letnik 13 1. semester (april 2010 &#8211; junij 2010) Serija predavanj \u010ceprav se morda zdi, da sta pojem in predmet sodobne umetnosti dokaj dobro in nesporno opredeljena in dolo\u010dena, v resnici ni tako. Dosti je sporov o tem, kaj je sodobna umetnost in kaj njeno podro\u010dje, [&hellip;]<\/p>\n","protected":false},"author":1,"featured_media":0,"parent":240,"menu_order":1,"comment_status":"closed","ping_status":"closed","template":"","meta":{"footnotes":""},"categories":[],"tags":[],"_links":{"self":[{"href":"https:\/\/www.worldofart.org\/arhiv.worldofart.org\/aktualno\/wp-json\/wp\/v2\/pages\/298"}],"collection":[{"href":"https:\/\/www.worldofart.org\/arhiv.worldofart.org\/aktualno\/wp-json\/wp\/v2\/pages"}],"about":[{"href":"https:\/\/www.worldofart.org\/arhiv.worldofart.org\/aktualno\/wp-json\/wp\/v2\/types\/page"}],"author":[{"embeddable":true,"href":"https:\/\/www.worldofart.org\/arhiv.worldofart.org\/aktualno\/wp-json\/wp\/v2\/users\/1"}],"replies":[{"embeddable":true,"href":"https:\/\/www.worldofart.org\/arhiv.worldofart.org\/aktualno\/wp-json\/wp\/v2\/comments?post=298"}],"version-history":[{"count":1,"href":"https:\/\/www.worldofart.org\/arhiv.worldofart.org\/aktualno\/wp-json\/wp\/v2\/pages\/298\/revisions"}],"predecessor-version":[{"id":9561,"href":"https:\/\/www.worldofart.org\/arhiv.worldofart.org\/aktualno\/wp-json\/wp\/v2\/pages\/298\/revisions\/9561"}],"up":[{"embeddable":true,"href":"https:\/\/www.worldofart.org\/arhiv.worldofart.org\/aktualno\/wp-json\/wp\/v2\/pages\/240"}],"wp:attachment":[{"href":"https:\/\/www.worldofart.org\/arhiv.worldofart.org\/aktualno\/wp-json\/wp\/v2\/media?parent=298"}],"wp:term":[{"taxonomy":"category","embeddable":true,"href":"https:\/\/www.worldofart.org\/arhiv.worldofart.org\/aktualno\/wp-json\/wp\/v2\/categories?post=298"},{"taxonomy":"post_tag","embeddable":true,"href":"https:\/\/www.worldofart.org\/arhiv.worldofart.org\/aktualno\/wp-json\/wp\/v2\/tags?post=298"}],"curies":[{"name":"wp","href":"https:\/\/api.w.org\/{rel}","templated":true}]}}