{"id":3047,"date":"2012-08-30T12:55:55","date_gmt":"2012-08-30T10:55:55","guid":{"rendered":"http:\/\/www.worldofart.org\/aktualno\/?page_id=3047"},"modified":"2018-06-18T18:01:39","modified_gmt":"2018-06-18T16:01:39","slug":"evalvacija-laboratorija","status":"publish","type":"page","link":"https:\/\/www.worldofart.org\/arhiv.worldofart.org\/aktualno\/leto_2006-07\/evalvacija-laboratorija","title":{"rendered":"Evalvacija Laboratorija"},"content":{"rendered":"<p>Laboratorij se je sklenil dvakrat, z enotedenskim projektom z naslovom LabSUs v Galeriji \u0160kuc junija 2007 in z razstavo LabSUs osebno\/osobno v Mestni galeriji v Labinu oktobra istega leta. To sta bila dva razli\u010dna na\u010dina udejanjanja ene kuratorske prakse: v Galeriji \u0160kuc so kustosi z nenehno navzo\u010dnostjo in z intenzivnim ve\u010dplastnim javnim, pol-javnim in internim programom v enem teden trajajo\u010dem zamahu prikazali kuratorski vsakdan; v Labinu so svoj kuratorski kredo izpovedali z izborom umetni\u0161kih del in individualno kuratorsko izjavo. Razpiranju bi morala slediti sinteza; zbornik, poglobljeni teksti &#8230; \u017dal nam je ob pomanjkanju denarja zmanjkalo tudi energije.<\/p>\n<p>Zbornik <a href=\"https:\/\/www.worldofart.org\/arhiv.worldofart.org\/aktualno\/zborniki\"><em>V precepu kuratorskih praks<\/em><\/a> (junij 2012) pa nam je ponudil \u2013 sicer skromnej\u0161o \u2013 mo\u017enost (samo)refleksije, zato o Laboratoriju v svojem tekstu razmi\u0161lja ena njegovih akterk <strong>Petja Grafenauer<\/strong>.<\/p>\n<p><a href=\"https:\/\/www.worldofart.org\/arhiv.worldofart.org\/aktualno\/archives\/3059\">\u00bb Petja Grafenauer: <em>Tak\u0161en je bil zame LabSUs<\/em><\/a><\/p>\n<p>Vsebinske predpostavke, pri\u010dakovanja in dejanske rezultate eksperimenta je kriti\u010dno ovrednotila tudi <strong>Sa\u0161a Nabergoj<\/strong>, ki je Laboratorij tako zasnovala kot (mentorsko) vodila. S \u010dasovno distanco, novim znanjem in izku\u0161njami vodenja nadaljnjih \u0161tirih letnikov \u0161ole <em>Svet umetnosti<\/em>, je na mednarodni konferenci <em>O kuratorskih intervencijah<\/em> (10. in 11. maj 2012, Univerza uporabnih umetnosti Dunaj) predstavila svoj pogled na uspehe in <em>lapsuse<\/em> Laboratorija.<\/p>\n<p>\u00bb <a href=\"https:\/\/www.worldofart.org\/arhiv.worldofart.org\/aktualno\/archives\/2316\"><em>O kuratorskih intervencijah<\/em><\/a><\/p>\n","protected":false},"excerpt":{"rendered":"<p>Laboratorij se je sklenil dvakrat, z enotedenskim projektom z naslovom LabSUs v Galeriji \u0160kuc junija 2007 in z razstavo LabSUs osebno\/osobno v Mestni galeriji v Labinu oktobra istega leta. To sta bila dva razli\u010dna na\u010dina udejanjanja ene kuratorske prakse: v Galeriji \u0160kuc so kustosi z nenehno navzo\u010dnostjo in z intenzivnim ve\u010dplastnim javnim, pol-javnim in internim [&hellip;]<\/p>\n","protected":false},"author":1,"featured_media":5175,"parent":21,"menu_order":0,"comment_status":"closed","ping_status":"closed","template":"","meta":{"footnotes":""},"categories":[7],"tags":[],"_links":{"self":[{"href":"https:\/\/www.worldofart.org\/arhiv.worldofart.org\/aktualno\/wp-json\/wp\/v2\/pages\/3047"}],"collection":[{"href":"https:\/\/www.worldofart.org\/arhiv.worldofart.org\/aktualno\/wp-json\/wp\/v2\/pages"}],"about":[{"href":"https:\/\/www.worldofart.org\/arhiv.worldofart.org\/aktualno\/wp-json\/wp\/v2\/types\/page"}],"author":[{"embeddable":true,"href":"https:\/\/www.worldofart.org\/arhiv.worldofart.org\/aktualno\/wp-json\/wp\/v2\/users\/1"}],"replies":[{"embeddable":true,"href":"https:\/\/www.worldofart.org\/arhiv.worldofart.org\/aktualno\/wp-json\/wp\/v2\/comments?post=3047"}],"version-history":[{"count":2,"href":"https:\/\/www.worldofart.org\/arhiv.worldofart.org\/aktualno\/wp-json\/wp\/v2\/pages\/3047\/revisions"}],"predecessor-version":[{"id":13077,"href":"https:\/\/www.worldofart.org\/arhiv.worldofart.org\/aktualno\/wp-json\/wp\/v2\/pages\/3047\/revisions\/13077"}],"up":[{"embeddable":true,"href":"https:\/\/www.worldofart.org\/arhiv.worldofart.org\/aktualno\/wp-json\/wp\/v2\/pages\/21"}],"wp:featuredmedia":[{"embeddable":true,"href":"https:\/\/www.worldofart.org\/arhiv.worldofart.org\/aktualno\/wp-json\/wp\/v2\/media\/5175"}],"wp:attachment":[{"href":"https:\/\/www.worldofart.org\/arhiv.worldofart.org\/aktualno\/wp-json\/wp\/v2\/media?parent=3047"}],"wp:term":[{"taxonomy":"category","embeddable":true,"href":"https:\/\/www.worldofart.org\/arhiv.worldofart.org\/aktualno\/wp-json\/wp\/v2\/categories?post=3047"},{"taxonomy":"post_tag","embeddable":true,"href":"https:\/\/www.worldofart.org\/arhiv.worldofart.org\/aktualno\/wp-json\/wp\/v2\/tags?post=3047"}],"curies":[{"name":"wp","href":"https:\/\/api.w.org\/{rel}","templated":true}]}}