{"id":3744,"date":"2012-10-25T11:20:21","date_gmt":"2012-10-25T09:20:21","guid":{"rendered":"http:\/\/www.worldofart.org\/aktualno\/?page_id=3744"},"modified":"2016-11-19T22:00:52","modified_gmt":"2016-11-19T20:00:52","slug":"urnik-20112013-2-semester","status":"publish","type":"page","link":"https:\/\/www.worldofart.org\/arhiv.worldofart.org\/aktualno\/stirinajsti-letnik-20112013\/urnik-20112013\/urnik-20112013-2-semester","title":{"rendered":"Urnik 2011\/2013 \u2013 2. LETNIK"},"content":{"rendered":"<p class=\"leto-vi\"><strong>2. LETNIK<\/strong><\/p>\n<p class=\"leto\"><strong>2012<\/strong><\/p>\n<p class=\"mesec13\"><strong>september<\/strong><\/p>\n<table width=\"100%\" border=\"0\" cellspacing=\"0\" cellpadding=\"0\">\n<tbody>\n<tr>\n<td class=\"mesec\" valign=\"top\" width=\"20%\">\u010detrtek,<br \/>\n13. 9. 2012<\/td>\n<td class=\"tdprogramsredina\" valign=\"top\" width=\"20%\">16.00\u201319.30<\/td>\n<td class=\"tdprogram\" valign=\"top\" width=\"60%\">Predstavitev virtualnih razstav<\/td>\n<\/tr>\n<tr>\n<td class=\"mesec\" valign=\"top\" width=\"20%\">\u010detrtek,<br \/>\n20. 9. 2012<\/td>\n<td class=\"tdprogramsredina\" valign=\"top\" width=\"20%\">16.00\u201319.30<\/td>\n<td class=\"tdprogram\" valign=\"top\" width=\"60%\">Predstavitev virtualnih razstav<\/td>\n<\/tr>\n<tr>\n<td class=\"mesec\" valign=\"top\" width=\"20%\">\u010detrtek,<br \/>\n27. 9. 2012<\/td>\n<td class=\"tdprogramsredina\" valign=\"top\" width=\"20%\">16.00\u201320.00<\/td>\n<td class=\"tdprogram\" valign=\"top\" width=\"60%\">Du\u0161an Dov\u010d: Pridobivanje finan\u010dnih sredstev<\/td>\n<\/tr>\n<\/tbody>\n<\/table>\n<p class=\"mesec13\"><strong>oktober<\/strong><\/p>\n<table width=\"100%\" border=\"0\" cellspacing=\"0\" cellpadding=\"0\">\n<tbody>\n<tr>\n<td class=\"mesec\" rowspan=\"2\" valign=\"top\" width=\"20%\">\u010detrtek,<br \/>\n4. 10. 2012<\/td>\n<td class=\"tdprogramsredina\" valign=\"top\" width=\"20%\">14.00<\/td>\n<td class=\"tdprogram\" valign=\"top\" width=\"60%\">Vodstvo Nevenke \u0160ivavec po razstavi <em>Sistemi in ornamenti<\/em>, MGLC, Ljubljana<\/td>\n<\/tr>\n<tr>\n<td class=\"tdprogramsredina\" valign=\"top\" width=\"20%\">16.00\u201317.30<\/td>\n<td class=\"tdprogram\" valign=\"top\" width=\"60%\">Kuratorski kolegij<\/td>\n<\/tr>\n<tr>\n<td class=\"mesec\" rowspan=\"2\" valign=\"top\" width=\"20%\">\u010detrtek,<br \/>\n11. 10. 2012<\/td>\n<td class=\"tdprogramsredina\" valign=\"top\" width=\"20%\">16.00\u201317.30<\/td>\n<td class=\"tdprogram\" valign=\"top\" width=\"60%\">Du\u0161an Dov\u010d: Pridobivanje finan\u010dnih sredstev<\/td>\n<\/tr>\n<tr>\n<td class=\"tdprogramsredina\" valign=\"top\" width=\"20%\">17.45\u201319.30<\/td>\n<td class=\"tdprogram\" valign=\"top\" width=\"60%\">Petja Grafenauer: Delavnica podrobnega branja<\/td>\n<\/tr>\n<tr>\n<td class=\"mesec\" rowspan=\"2\" valign=\"top\" width=\"20%\">\u010detrtek,<br \/>\n18. 10. 2012<\/td>\n<td class=\"tdprogramsredina\" valign=\"top\" width=\"20%\">14.00\u201315.30<\/td>\n<td class=\"tdprogram\" valign=\"top\" width=\"60%\">Vodstvo Igorja \u0160panjola po razstavi <em>Marko Poga\u010dnik. Umetnost \u017eivljenja &#8211; \u017eivljenje umetnosti<\/em><\/td>\n<\/tr>\n<tr>\n<td class=\"tdprogramsredina\" valign=\"top\" width=\"20%\">16.00\u201317.45<\/td>\n<td class=\"tdprogram\" valign=\"top\" width=\"60%\">Kuratorski kolegij<\/td>\n<\/tr>\n<tr>\n<td class=\"mesec\" rowspan=\"2\" valign=\"top\" width=\"20%\">\u010detrtek,<br \/>\n25. 10. 2012<\/td>\n<td class=\"tdprogramsredina\" valign=\"top\" width=\"20%\">16.00\u201317.30<\/td>\n<td class=\"tdprogram\" valign=\"top\" width=\"60%\">Kuratorski kolegij<\/td>\n<\/tr>\n<tr>\n<td class=\"tdprogramsredina\" valign=\"top\" width=\"20%\">17.45\u201319.30<\/td>\n<td class=\"tdprogram\" valign=\"top\" width=\"60%\">Petja Grafenauer: Delavnica podrobnega branja<\/td>\n<\/tr>\n<\/tbody>\n<\/table>\n<p class=\"mesec13\"><strong>november<\/strong><\/p>\n<table width=\"100%\" border=\"0\" cellspacing=\"0\" cellpadding=\"0\">\n<tbody>\n<tr>\n<td class=\"mesec\" rowspan=\"2\" valign=\"top\" width=\"20%\">\u010detrtek,<br \/>\n8. 11. 2012<\/td>\n<td class=\"tdprogramsredina\" valign=\"top\" width=\"20%\">16.00\u201317.30<\/td>\n<td class=\"tdprogram\" valign=\"top\" width=\"60%\">Kuratorski kolegij<\/td>\n<\/tr>\n<tr>\n<td class=\"tdprogramsredina\" valign=\"top\" width=\"20%\">17.45\u201319.30<\/td>\n<td class=\"tdprogram\" valign=\"top\" width=\"60%\">Petja Grafenauer: Delavnica podrobnega branja<\/td>\n<\/tr>\n<tr>\n<td class=\"mesec\" valign=\"top\" width=\"20%\">ponedeljek,<br \/>\n12. 11. 2012<\/td>\n<td class=\"tdprogramsredina\" valign=\"top\" width=\"20%\">17.00<\/td>\n<td class=\"tdprogram\" valign=\"top\" width=\"60%\">Petja Grafenauer: Delavnica iz pisanja o sodobni umetnosti<br class=\"tdprogram\" \/> (uvodni sestanek)<\/td>\n<\/tr>\n<tr>\n<td class=\"mesec\" valign=\"top\" width=\"20%\">torek,<br \/>\n13. 11. 2012<\/td>\n<td class=\"tdprogramsredina\" valign=\"top\" width=\"20%\">20.00<\/td>\n<td class=\"tdprogram\" valign=\"top\" width=\"60%\">Petja Grafenauer: Delavnica iz pisanja o sodobni umetnosti<br class=\"tdprogram\" \/> (odprtje razstave)<\/td>\n<\/tr>\n<tr>\n<td class=\"mesec\" valign=\"top\" width=\"20%\">sreda,<br \/>\n14. 11. 2012<\/td>\n<td class=\"tdprogramsredina\" valign=\"top\" width=\"20%\">18.00<\/td>\n<td class=\"tdprogram\" valign=\"top\" width=\"60%\">Petja Grafenauer: Delavnica iz pisanja o sodobni umetnosti<br class=\"tdprogram\" \/> (predavanja, projekcije <em>Vidiki eksperimentalnega<\/em>, pogovori z vpletenimi v projekt)<\/td>\n<\/tr>\n<tr>\n<td class=\"mesec\" rowspan=\"2\" valign=\"top\" width=\"20%\">\u010detrtek,<br \/>\n15. 11. 2012<\/td>\n<td class=\"tdprogramsredina\" valign=\"top\" width=\"20%\">14.00\u201315.30<\/td>\n<td class=\"tdprogram\" valign=\"top\" width=\"60%\">Sarival Sosi\u010d: vodstvo po razstavi Milana Eri\u010da: <em>Nepregledna razstava<\/em>, MGML<\/td>\n<\/tr>\n<tr>\n<td class=\"tdprogramsredina\" valign=\"top\" width=\"20%\">16.00\u201317.30<\/td>\n<td class=\"tdprogram\" valign=\"top\" width=\"60%\">Sa\u0161a Nabergoj: Umetnost XX. stoletja. Poglavja.<\/td>\n<\/tr>\n<tr>\n<td class=\"mesec\" rowspan=\"2\" valign=\"top\" width=\"20%\">\u010detrtek,<br \/>\n22. 11. 2012<\/td>\n<td class=\"tdprogramsredina\" valign=\"top\" width=\"20%\">16.00\u201317.30<\/td>\n<td class=\"tdprogram\" valign=\"top\" width=\"60%\">Kuratorski kolegij<\/td>\n<\/tr>\n<tr>\n<td class=\"tdprogramsredina\" valign=\"top\" width=\"20%\">18.00\u201319.30<\/td>\n<td class=\"tdprogram\" valign=\"top\" width=\"60%\">Petja Grafenauer: Delavnica iz pisanja o sodobni umetnosti<br \/>\n(analiza in pogovor)<\/td>\n<\/tr>\n<tr>\n<td class=\"mesec\" valign=\"top\" width=\"20%\">sreda,<br \/>\n28. 11. 2012<\/td>\n<td class=\"tdprogramsredina\" valign=\"top\" width=\"20%\">15.00<\/td>\n<td class=\"tdprogram\" valign=\"top\" width=\"60%\">Petja Grafenauer: Delavnica iz pisanja o sodobni umetnosti<br \/>\n(ogled v galeriji posnete video sekvence)<\/td>\n<\/tr>\n<tr>\n<td class=\"mesec\" rowspan=\"2\" valign=\"top\" width=\"20%\">\u010detrtek,<br \/>\n29. 11. 2012<\/td>\n<td class=\"tdprogramsredina\" valign=\"top\" width=\"20%\">16.00\u201317.30<\/td>\n<td class=\"tdprogram\" valign=\"top\" width=\"60%\">Kuratorski kolegij<\/td>\n<\/tr>\n<tr>\n<td class=\"tdprogramsredina\" valign=\"top\" width=\"20%\">17.45\u201319.30<\/td>\n<td class=\"tdprogram\" valign=\"top\" width=\"60%\">Tev\u017e Logar: Obisk ateljeja <a href=\"http:\/\/www.zavod-parasite.si\/slo\/archives\/1140\" target=\"_blank\">Toma\u017ea Toma\u017eina<\/a><\/td>\n<\/tr>\n<\/tbody>\n<\/table>\n<p class=\"mesec13\"><strong>december<\/strong><\/p>\n<table width=\"100%\" border=\"0\" cellspacing=\"0\" cellpadding=\"0\">\n<tbody>\n<tr>\n<td class=\"mesec\" valign=\"top\" width=\"20%\">sobota,<br \/>\n1. 12. 2012<\/td>\n<td class=\"tdprogramsredina\" valign=\"top\" width=\"20%\">17.00<\/td>\n<td class=\"tdprogram\" valign=\"top\" width=\"60%\">Petja Grafenauer: Delavnica iz pisanja o sodobni umetnosti<br \/>\n(zadnji sestanek, zaklju\u010dek delavnice)<\/td>\n<\/tr>\n<tr>\n<td class=\"mesec\" valign=\"top\" width=\"20%\">torek,<br \/>\n12. 12. 2012<\/td>\n<td class=\"tdprogramsredina\" valign=\"top\" width=\"20%\"><\/td>\n<td class=\"tdprogram\" valign=\"top\" width=\"60%\">Petja Grafenauer: Delavnica iz pisanja o sodobni umetnosti<br \/>\n(oddaja besedila, individualni pogovori s pisci)<\/td>\n<\/tr>\n<tr>\n<td class=\"mesec\" valign=\"top\" width=\"20%\">\u010detrtek,<br \/>\n6. 12. 2012<\/td>\n<td class=\"tdprogramsredina\" valign=\"top\" width=\"20%\">16.00\u201317.30<\/td>\n<td class=\"tdprogram\" valign=\"top\" width=\"60%\">Kuratorski kolegij<\/td>\n<\/tr>\n<tr>\n<td class=\"mesec\" valign=\"top\" width=\"20%\">\u010detrtek,<br \/>\n13. 12. 2012<\/td>\n<td class=\"tdprogramsredina\" valign=\"top\" width=\"20%\">16.00\u201317.30<\/td>\n<td class=\"tdprogram\" valign=\"top\" width=\"60%\">Kuratorski kolegij<\/td>\n<\/tr>\n<tr>\n<td class=\"mesec\" valign=\"top\" width=\"20%\">sreda,<br \/>\n19. 12. 2012<\/td>\n<td class=\"tdprogramsredina\" valign=\"top\" width=\"20%\">16.00\u201317.30<\/td>\n<td class=\"tdprogram\" valign=\"top\" width=\"60%\">Kuratorski kolegij<\/td>\n<\/tr>\n<\/tbody>\n<\/table>\n<p class=\"leto\"><strong>2013<\/strong><\/p>\n<p class=\"mesec13\"><strong>januar<\/strong><\/p>\n<table width=\"100%\" border=\"0\" cellspacing=\"0\" cellpadding=\"0\">\n<tbody>\n<tr>\n<td class=\"mesec\" valign=\"top\" width=\"20%\">\u010detrtek,<br \/>\n3. 11. 20132<\/td>\n<td class=\"tdprogramsredina\" valign=\"top\" width=\"20%\">16.00\u201317.30<\/td>\n<td class=\"tdprogram\" valign=\"top\" width=\"60%\">Kuratorski kolegij<\/td>\n<\/tr>\n<tr>\n<td class=\"mesec\" valign=\"top\" width=\"20%\">\u010detrtek,<br \/>\n10. 1. 2013<\/td>\n<td class=\"tdprogramsredina\" valign=\"top\" width=\"20%\">16.00\u201317.30<\/td>\n<td class=\"tdprogram\" valign=\"top\" width=\"60%\">Kuratorski kolegij<\/td>\n<\/tr>\n<tr>\n<td class=\"mesec\" valign=\"top\" width=\"20%\">\u010detrtek,<br \/>\n17. 1. 2013<\/td>\n<td class=\"tdprogramsredina\" valign=\"top\" width=\"20%\">16.00\u201317.30<\/td>\n<td class=\"tdprogram\" valign=\"top\" width=\"60%\">Kuratorski kolegij<\/td>\n<\/tr>\n<tr>\n<td class=\"mesec\" valign=\"top\" width=\"20%\">\u010detrtek,<br \/>\n24. 1. 2013<\/td>\n<td class=\"tdprogramsredina\" valign=\"top\" width=\"20%\">16.00\u201317.30<\/td>\n<td class=\"tdprogram\" valign=\"top\" width=\"60%\">Kuratorski kolegij<\/td>\n<\/tr>\n<tr>\n<td class=\"mesec\" valign=\"top\" width=\"20%\">\u010detrtek,<br \/>\n31. 1. 2013<\/td>\n<td class=\"tdprogramsredina\" valign=\"top\" width=\"20%\">16.00\u201317.30<\/td>\n<td class=\"tdprogram\" valign=\"top\" width=\"60%\">Kuratorski kolegij<\/td>\n<\/tr>\n<\/tbody>\n<\/table>\n<p class=\"mesec13\"><strong>februar<\/strong><\/p>\n<table width=\"100%\" border=\"0\" cellspacing=\"0\" cellpadding=\"0\">\n<tbody>\n<tr>\n<td class=\"mesec\" valign=\"top\" width=\"20%\">\u010detrtek,<br \/>\n7. 2. 2013<\/td>\n<td class=\"tdprogramsredina\" valign=\"top\" width=\"20%\">16.00\u201317.30<\/td>\n<td class=\"tdprogram\" valign=\"top\" width=\"60%\">Kuratorski kolegij<\/td>\n<\/tr>\n<tr>\n<td class=\"mesec\" valign=\"top\" width=\"20%\">\u010detrtek,<br \/>\n14. 2. 2013<\/td>\n<td class=\"tdprogramsredina\" valign=\"top\" width=\"20%\">16.00\u201317.30<\/td>\n<td class=\"tdprogram\" valign=\"top\" width=\"60%\">Kuratorski kolegij<\/td>\n<\/tr>\n<tr>\n<td class=\"mesec\" valign=\"top\" width=\"20%\">sreda,<br \/>\n21. 2. 2013<\/td>\n<td class=\"tdprogramsredina\" valign=\"top\" width=\"20%\">16.00\u201317.30<\/td>\n<td class=\"tdprogram\" valign=\"top\" width=\"60%\">Kuratorski kolegij<\/td>\n<\/tr>\n<tr>\n<td class=\"mesec\" rowspan=\"2\" valign=\"top\" width=\"20%\">sreda,<br \/>\n28. 2. 2013<\/td>\n<td class=\"tdprogramsredina\" valign=\"top\" width=\"20%\">16.00\u201317.30<\/td>\n<td class=\"tdprogram\" valign=\"top\" width=\"60%\">Kuratorski kolegij<\/td>\n<\/tr>\n<tr>\n<td class=\"tdprogramsredina\" valign=\"top\" width=\"20%\">17.30\u201319.00<\/td>\n<td class=\"tdprogram\" valign=\"top\" width=\"60%\"><a href=\"https:\/\/www.worldofart.org\/arhiv.worldofart.org\/aktualno\/stirinajsti-letnik-20112013\/modul-o-prakticnih-delih-kustosa\/barbara-borcic-katalog-pogled-urednika\">Barbara Bor\u010di\u0107: Katalog. Pogled urednika<\/a><\/td>\n<\/tr>\n<\/tbody>\n<\/table>\n<p class=\"mesec13\"><strong>marec<\/strong><\/p>\n<table width=\"100%\" border=\"0\" cellspacing=\"0\" cellpadding=\"0\">\n<tbody>\n<tr>\n<td class=\"mesec\" valign=\"top\" width=\"20%\">\u010detrtek,<br \/>\n7. 3. 2013<\/td>\n<td class=\"tdprogramsredina\" valign=\"top\" width=\"20%\">16.00\u201317.30<\/td>\n<td class=\"tdprogram\" valign=\"top\" width=\"60%\">Kuratorski kolegij<\/td>\n<\/tr>\n<tr>\n<td class=\"mesec\" rowspan=\"2\" valign=\"top\" width=\"20%\">\u010detrtek,<br \/>\n14. 3. 2013<\/td>\n<td class=\"tdprogramsredina\" valign=\"top\" width=\"20%\">13.30\u201315.30<\/td>\n<td class=\"tdprogram\" valign=\"top\" width=\"60%\"><a href=\"https:\/\/www.worldofart.org\/arhiv.worldofart.org\/aktualno\/trinajsti-letnik-20102011\/modul-o-prakticnih-delih-kustosa\/jana-intihar-ferjan-dokumentacija-2\">Jana Intihar Ferjan: Dokumentacija<\/a><\/td>\n<\/tr>\n<tr>\n<td class=\"tdprogramsredina\" valign=\"top\" width=\"20%\">16.00\u201317.30<\/td>\n<td class=\"tdprogram\" valign=\"top\" width=\"60%\">Kuratorski kolegij<\/td>\n<\/tr>\n<tr>\n<td class=\"mesec\" valign=\"top\" width=\"20%\">sreda,<br \/>\n21. 3. 2013<\/td>\n<td class=\"tdprogramsredina\" valign=\"top\" width=\"20%\">16.00\u201317.30<\/td>\n<td class=\"tdprogram\" valign=\"top\" width=\"60%\">Kuratorski kolegij<\/td>\n<\/tr>\n<tr>\n<td class=\"mesec\" valign=\"top\" width=\"20%\">sreda,<br \/>\n28. 3. 2013<\/td>\n<td class=\"tdprogramsredina\" valign=\"top\" width=\"20%\">16.00\u201317.30<\/td>\n<td class=\"tdprogram\" valign=\"top\" width=\"60%\">Kuratorski kolegij<\/td>\n<\/tr>\n<\/tbody>\n<\/table>\n<p class=\"mesec13\"><strong>april<\/strong><\/p>\n<table border=\"0\" cellspacing=\"0\" cellpadding=\"0\">\n<tbody>\n<tr>\n<td class=\"mesec\" valign=\"top\" width=\"20%\">\u010detrtek,<br \/>\n4. 4., 2013<\/td>\n<td class=\"tdprogramsredina\" valign=\"top\" width=\"15%\">20.00<\/td>\n<td class=\"tdprogram\" valign=\"top\">Odprtje razstave &#8220;4. 4.&#8221;, Galerija \u0160kuc, Stari trg 21<\/td>\n<\/tr>\n<tr>\n<td class=\"mesec\" valign=\"top\">Petek,<br \/>\n5. 4., 2013<\/td>\n<td class=\"tdprogramsredina\" valign=\"top\">10.00\u201318.00<\/td>\n<td class=\"tdprogram\" valign=\"top\">Pregled ljubljanskega umetnostnega prizori\u0161\u010da s \u0161tudenti FF, sre\u010danja s kustosi<\/td>\n<\/tr>\n<tr>\n<td class=\"mesec\" valign=\"top\">sobota,<br \/>\n6. 4., 2013<\/td>\n<td class=\"tdprogramsredina\" valign=\"top\"><\/td>\n<td class=\"tdprogram\" valign=\"top\">Pregled ljubljanskega umetnostnega prizori\u0161\u010da s \u0161tudenti FF, predstavitve posameznih galerij v izvedbi \u0161tudentov FF<\/td>\n<\/tr>\n<tr>\n<td class=\"mesec\" valign=\"top\">nedelja,<br \/>\n7. 4., 2013<\/td>\n<td class=\"tdprogramsredina\" valign=\"top\"><\/td>\n<td class=\"tdprogram\" valign=\"top\">Samostojni obisk (\u0161tudentov St. Joost &amp; FF) razstave &#8220;4. 4.&#8221;, Galerija \u0160kuc<\/td>\n<\/tr>\n<tr>\n<td class=\"mesec\" rowspan=\"3\" valign=\"top\">ponedeljek,<br \/>\n8. 4., 2013<\/td>\n<td class=\"tdprogramsredina\" valign=\"top\" width=\"20%\">11.00\u201312.00<\/td>\n<td class=\"tdprogram\" valign=\"top\">Predstavitev Galerije \u0160kuc, Vladimir Vidmar<\/td>\n<\/tr>\n<tr>\n<td class=\"tdprogramsredina\" valign=\"top\" width=\"20%\">12.00\u201313.00<\/td>\n<td class=\"tdprogram\" valign=\"top\">Pogovor \u0161tudentov St. Joost, SU in FF o razstavi &#8220;4. 4.&#8221;, Galerija \u0160kuc<\/td>\n<\/tr>\n<tr>\n<td class=\"tdprogramsredina\" valign=\"top\" width=\"20%\">13.00\u201315.00<\/td>\n<td class=\"tdprogram\" valign=\"top\">Vodstvo \u0161tudentov\/kustosov SU po razstavi &#8220;4. 4.&#8221;, sledi pogovor<\/td>\n<\/tr>\n<tr>\n<td class=\"mesec\" rowspan=\"3\" valign=\"top\">torek,<br \/>\n9. 4., 2013<\/td>\n<td class=\"tdprogramsredina\" valign=\"top\" width=\"20%\">11.00\u201312.00<\/td>\n<td class=\"tdprogram\" valign=\"top\">Predstavitev SCCA, Projektna soba, SCCA\u2013Ljubljana, Metelkova 6<\/td>\n<\/tr>\n<tr>\n<td class=\"tdprogramsredina\" valign=\"top\" width=\"20%\">12.00<\/td>\n<td class=\"tdprogram\" valign=\"top\">Za\u010detek delovnega tedna \u0161tudentov St. Joost &amp; SU<\/td>\n<\/tr>\n<tr>\n<td class=\"tdprogramsredina\" valign=\"top\" width=\"20%\">19.00<\/td>\n<td class=\"tdprogram\" valign=\"top\"><a href=\"https:\/\/www.worldofart.org\/arhiv.worldofart.org\/aktualno\/archives\/4501\">Erik Hagoort, <em>Diagonalna recipro\u010dnost. Sre\u010devanje kot umetni\u0161ka praksa<\/em><\/a>, javno predavanje, Galerija \u0160kuc, Stari trg 21<\/td>\n<\/tr>\n<tr>\n<td class=\"mesec\" valign=\"top\">sreda,<br \/>\n10. 4., 2013<\/td>\n<td class=\"tdprogramsredina\" valign=\"top\">10.00\u201318.00<\/td>\n<td class=\"tdprogram\" valign=\"top\">Delo v skupini, Projektna soba, SCCA\u2013Ljubljana<\/td>\n<\/tr>\n<tr>\n<td class=\"mesec\" rowspan=\"2\" valign=\"top\">\u010detrtek,<br \/>\n11. 4., 2013<\/td>\n<td class=\"tdprogramsredina\" valign=\"top\">10.00\u201318.00<\/td>\n<td class=\"tdprogram\" valign=\"top\">George Korsmit, O organizacijski iniciativi <a href=\"http:\/\/www.rainbowsoulclub.nl\/\" target=\"_blank\">Rainbow Soul Club<\/a><\/td>\n<\/tr>\n<tr>\n<td class=\"tdprogramsredina\" valign=\"top\" width=\"20%\">11.30\u201318.00<\/td>\n<td class=\"tdprogram\" valign=\"top\">Delo v skupini, Projektna soba, SCCA\u2013Ljubljana<\/td>\n<\/tr>\n<tr>\n<td class=\"mesec\" rowspan=\"2\" valign=\"top\">petek,<br \/>\n12. 4., 2013<\/td>\n<td class=\"tdprogramsredina\" valign=\"top\" width=\"20%\">10.00\u201318.00<\/td>\n<td class=\"tdprogram\" valign=\"top\">Delo v skupini, Projektna soba, SCCA\u2013Ljubljana<\/td>\n<\/tr>\n<tr>\n<td class=\"tdprogramsredina\" valign=\"top\" width=\"20%\">19.00<\/td>\n<td class=\"tdprogram\" valign=\"top\">Javna predstavitev sodelovanja \u0161tudentov St. Joost in SU, Projektna soba, SCCA\u2013Ljubljana<\/td>\n<\/tr>\n<\/tbody>\n<\/table>\n<p class=\"mesec13\"><strong>maj in junij<\/strong><\/p>\n<table border=\"0\" cellspacing=\"0\" cellpadding=\"0\">\n<tbody>\n<tr>\n<td class=\"mesec\" valign=\"top\" width=\"20%\">ponedeljek,<br \/>\n6. 5., 2013<\/td>\n<td class=\"tdprogramsredina\" valign=\"top\" width=\"15%\">18.00<br \/>\nMSUM<\/td>\n<td class=\"tdprogram\" valign=\"top\"><a href=\"https:\/\/www.worldofart.org\/arhiv.worldofart.org\/aktualno\/archives\/4705\">Nata\u0161a Petre\u0161in-Bachelez: Situirana umetni\u0161ka raziskava in samorefleksivni reziden\u010dni programi<\/a> (predavanje)<\/td>\n<\/tr>\n<tr>\n<td class=\"mesec\" valign=\"top\">sreda,<br \/>\n5. 6., 2013<\/td>\n<td class=\"tdprogramsredina\" valign=\"top\">20.00<\/td>\n<td class=\"tdprogram\" valign=\"top\"><a href=\"https:\/\/www.worldofart.org\/arhiv.worldofart.org\/aktualno\/archives\/4859\">Predstavitev razstavnega kataloga in pogovor z umetniki<\/a><\/td>\n<\/tr>\n<tr>\n<td class=\"mesec\" valign=\"top\">ponedeljek,<br \/>\n17. 6. 2013<\/td>\n<td class=\"tdprogramsredina\" valign=\"top\">18.00<\/td>\n<td class=\"tdprogram\" valign=\"top\">Podelitev diplom (lahko polinka\u0161 na novico, ki ti jo bom \u0161e poslala) in <a href=\"http:\/\/www.scca-ljubljana.si\/news_13_37.htm\" target=\"_blank\">javno vodstvo po AKC Metelkova mesto<\/a><\/td>\n<\/tr>\n<\/tbody>\n<\/table>\n","protected":false},"excerpt":{"rendered":"<p>2. LETNIK 2012 september \u010detrtek, 13. 9. 2012 16.00\u201319.30 Predstavitev virtualnih razstav \u010detrtek, 20. 9. 2012 16.00\u201319.30 Predstavitev virtualnih razstav \u010detrtek, 27. 9. 2012 16.00\u201320.00 Du\u0161an Dov\u010d: Pridobivanje finan\u010dnih sredstev oktober \u010detrtek, 4. 10. 2012 14.00 Vodstvo Nevenke \u0160ivavec po razstavi Sistemi in ornamenti, MGLC, Ljubljana 16.00\u201317.30 Kuratorski kolegij \u010detrtek, 11. 10. 2012 16.00\u201317.30 Du\u0161an [&hellip;]<\/p>\n","protected":false},"author":1,"featured_media":0,"parent":953,"menu_order":0,"comment_status":"closed","ping_status":"closed","template":"","meta":{"footnotes":""},"categories":[],"tags":[],"_links":{"self":[{"href":"https:\/\/www.worldofart.org\/arhiv.worldofart.org\/aktualno\/wp-json\/wp\/v2\/pages\/3744"}],"collection":[{"href":"https:\/\/www.worldofart.org\/arhiv.worldofart.org\/aktualno\/wp-json\/wp\/v2\/pages"}],"about":[{"href":"https:\/\/www.worldofart.org\/arhiv.worldofart.org\/aktualno\/wp-json\/wp\/v2\/types\/page"}],"author":[{"embeddable":true,"href":"https:\/\/www.worldofart.org\/arhiv.worldofart.org\/aktualno\/wp-json\/wp\/v2\/users\/1"}],"replies":[{"embeddable":true,"href":"https:\/\/www.worldofart.org\/arhiv.worldofart.org\/aktualno\/wp-json\/wp\/v2\/comments?post=3744"}],"version-history":[{"count":23,"href":"https:\/\/www.worldofart.org\/arhiv.worldofart.org\/aktualno\/wp-json\/wp\/v2\/pages\/3744\/revisions"}],"predecessor-version":[{"id":9603,"href":"https:\/\/www.worldofart.org\/arhiv.worldofart.org\/aktualno\/wp-json\/wp\/v2\/pages\/3744\/revisions\/9603"}],"up":[{"embeddable":true,"href":"https:\/\/www.worldofart.org\/arhiv.worldofart.org\/aktualno\/wp-json\/wp\/v2\/pages\/953"}],"wp:attachment":[{"href":"https:\/\/www.worldofart.org\/arhiv.worldofart.org\/aktualno\/wp-json\/wp\/v2\/media?parent=3744"}],"wp:term":[{"taxonomy":"category","embeddable":true,"href":"https:\/\/www.worldofart.org\/arhiv.worldofart.org\/aktualno\/wp-json\/wp\/v2\/categories?post=3744"},{"taxonomy":"post_tag","embeddable":true,"href":"https:\/\/www.worldofart.org\/arhiv.worldofart.org\/aktualno\/wp-json\/wp\/v2\/tags?post=3744"}],"curies":[{"name":"wp","href":"https:\/\/api.w.org\/{rel}","templated":true}]}}