{"id":4,"date":"2006-12-11T19:29:56","date_gmt":"2006-12-11T18:29:56","guid":{"rendered":"http:\/\/www.worldofart.org\/aktualno\/?page_id=4"},"modified":"2018-06-18T21:59:40","modified_gmt":"2018-06-18T19:59:40","slug":"seminar","status":"publish","type":"page","link":"https:\/\/www.worldofart.org\/arhiv.worldofart.org\/aktualno\/dvanajsti-letnik-20082009\/seminar","title":{"rendered":"Seminar 2008\/2009"},"content":{"rendered":"<p>Seminar iz pisanja zapolnjuje vrzel v teoretski in kriti\u0161ki refleksiji ter spodbuja pisanje o sodobnih umetni\u0161kih praksah in iniciira nove diskurze, metode zapisovanja in zgodovinjenja umetni\u0161kih praks. Sestavljajo ga delavnice, ki jih vodijo gostujo\u010di strokovnjaki in so namenjene seznanjanju z razli\u010dnimi \u017eanri pisanja in medijskih predstavitev ter prakti\u010dnemu preizku\u0161anju v njih. <\/p>\n<p>Za vsako posami\u010dno delavnico bomo pripravili javni razpis za udele\u017ebo. Natan\u010den urnik bo pripravljen oktobra 2008.<\/p>\n<hr \/>\n<ul>\n<li><a href=\"https:\/\/www.worldofart.org\/arhiv.worldofart.org\/aktualno\/seminar\/program\/\">Program<\/a><\/li>\n<li><a href=\"https:\/\/www.worldofart.org\/arhiv.worldofart.org\/aktualno\/seminar\/voditelji-delavnic\/\">Voditelji delavnic<\/a><\/li>\n<\/ul>\n","protected":false},"excerpt":{"rendered":"<p>Seminar iz pisanja zapolnjuje vrzel v teoretski in kriti\u0161ki refleksiji ter spodbuja pisanje o sodobnih umetni\u0161kih praksah in iniciira nove diskurze, metode zapisovanja in zgodovinjenja umetni\u0161kih praks. Sestavljajo ga delavnice, ki jih vodijo gostujo\u010di strokovnjaki in so namenjene seznanjanju z razli\u010dnimi \u017eanri pisanja in medijskih predstavitev ter prakti\u010dnemu preizku\u0161anju v njih. Za vsako posami\u010dno delavnico [&hellip;]<\/p>\n","protected":false},"author":1,"featured_media":0,"parent":232,"menu_order":0,"comment_status":"closed","ping_status":"closed","template":"","meta":{"footnotes":""},"categories":[],"tags":[],"_links":{"self":[{"href":"https:\/\/www.worldofart.org\/arhiv.worldofart.org\/aktualno\/wp-json\/wp\/v2\/pages\/4"}],"collection":[{"href":"https:\/\/www.worldofart.org\/arhiv.worldofart.org\/aktualno\/wp-json\/wp\/v2\/pages"}],"about":[{"href":"https:\/\/www.worldofart.org\/arhiv.worldofart.org\/aktualno\/wp-json\/wp\/v2\/types\/page"}],"author":[{"embeddable":true,"href":"https:\/\/www.worldofart.org\/arhiv.worldofart.org\/aktualno\/wp-json\/wp\/v2\/users\/1"}],"replies":[{"embeddable":true,"href":"https:\/\/www.worldofart.org\/arhiv.worldofart.org\/aktualno\/wp-json\/wp\/v2\/comments?post=4"}],"version-history":[{"count":1,"href":"https:\/\/www.worldofart.org\/arhiv.worldofart.org\/aktualno\/wp-json\/wp\/v2\/pages\/4\/revisions"}],"predecessor-version":[{"id":9437,"href":"https:\/\/www.worldofart.org\/arhiv.worldofart.org\/aktualno\/wp-json\/wp\/v2\/pages\/4\/revisions\/9437"}],"up":[{"embeddable":true,"href":"https:\/\/www.worldofart.org\/arhiv.worldofart.org\/aktualno\/wp-json\/wp\/v2\/pages\/232"}],"wp:attachment":[{"href":"https:\/\/www.worldofart.org\/arhiv.worldofart.org\/aktualno\/wp-json\/wp\/v2\/media?parent=4"}],"wp:term":[{"taxonomy":"category","embeddable":true,"href":"https:\/\/www.worldofart.org\/arhiv.worldofart.org\/aktualno\/wp-json\/wp\/v2\/categories?post=4"},{"taxonomy":"post_tag","embeddable":true,"href":"https:\/\/www.worldofart.org\/arhiv.worldofart.org\/aktualno\/wp-json\/wp\/v2\/tags?post=4"}],"curies":[{"name":"wp","href":"https:\/\/api.w.org\/{rel}","templated":true}]}}