{"id":415,"date":"2010-08-27T12:52:31","date_gmt":"2010-08-27T10:52:31","guid":{"rendered":"http:\/\/www.worldofart.org\/aktualno\/?page_id=415"},"modified":"2018-06-18T20:54:16","modified_gmt":"2018-06-18T18:54:16","slug":"urnik-20102011-1-semester","status":"publish","type":"page","link":"https:\/\/www.worldofart.org\/arhiv.worldofart.org\/aktualno\/trinajsti-letnik-20102011\/urnik-20102011\/urnik-20102011-1-semester","title":{"rendered":"Urnik 2010\/2011, 1.semester"},"content":{"rendered":"<p class=\"leto-ru\"><strong>1. SEMESTER<\/strong><\/p>\n<p class=\"mesec13\"><strong>april<\/strong><\/p>\n<table border=\"0\" cellspacing=\"0\" cellpadding=\"0\" width=\"100%\">\n<tbody>\n<tr>\n<td class=\"mesec\" rowspan=\"2\" width=\"20%\" valign=\"top\">\u010detrtek,<br \/>\n8. 4. 2010<\/td>\n<td class=\"tdprogramsredina\" width=\"20%\" valign=\"top\">16.00 \u2013 17.30<\/td>\n<td class=\"tdprogram\" width=\"60%\" valign=\"top\">Uvodno sre\u010danje: Predstavitev procesa dela, udele\u017eencev in ekipe<\/td>\n<\/tr>\n<tr>\n<td class=\"tdprogramsredina\" width=\"20%\" valign=\"top\">17.45 \u2013 19.15<\/td>\n<td class=\"tdprogram\" width=\"60%\" valign=\"top\">Sa\u0161a Nabergoj in Rebeka Vidrih: Umetnost XX. stoletja. Poglavja.<\/td>\n<\/tr>\n<tr>\n<td class=\"mesec\" rowspan=\"2\" width=\"20%\" valign=\"top\">\u010detrtek,<br \/>\n15. 4. 2010<\/td>\n<td class=\"tdprogramsredina\" width=\"20%\" valign=\"top\">16.00 \u2013 17.30<\/td>\n<td class=\"tdprogram\" width=\"60%\" valign=\"top\">Sa\u0161a Nabergoj in Rebeka Vidrih: Umetnost XX. stoletja. Poglavja.<\/td>\n<\/tr>\n<tr>\n<td class=\"tdprogramsredina\" width=\"20%\" valign=\"top\">17.45 \u2013 19.15<\/td>\n<td class=\"tdprogram\" width=\"60%\" valign=\"top\"><a href=\"https:\/\/www.worldofart.org\/arhiv.worldofart.org\/aktualno\/trinajsti-letnik-20102011\/delavnice\/petja-grafenauer-kaj-se-skriva-v-besedilu\/\">Petja Grafenauer: Delavnica podrobnega branja<\/a><\/td>\n<\/tr>\n<tr>\n<td class=\"mesec\" width=\"20%\" valign=\"top\">sreda,<br \/>\n21. 4. 2010<\/td>\n<td class=\"tdprogramsredina\" width=\"20%\" valign=\"top\">13.00<\/td>\n<td class=\"tdprogram\" width=\"60%\" valign=\"top\">Obisk ateljejev na ALUO<\/td>\n<\/tr>\n<tr>\n<td class=\"mesec\" rowspan=\"2\" width=\"20%\" valign=\"top\">\u010detrtek,<br \/>\n22. 4. 2010<\/td>\n<td class=\"tdprogramsredina\" width=\"20%\" valign=\"top\">16.00 \u2013 17.30<\/td>\n<td class=\"tdprogram\" width=\"60%\" valign=\"top\">Obisk ateljeja: <a href=\"http:\/\/www.kracina.com\" target=\"_blank\">Damijan Kracina<\/a><\/td>\n<\/tr>\n<tr>\n<td class=\"tdprogramsredina\" width=\"20%\" valign=\"top\">17.45 \u2013 19.15<\/td>\n<td class=\"tdprogram\" width=\"60%\" valign=\"top\">Sa\u0161a Nabergoj in Rebeka Vidrih: Umetnost XX. stoletja. Poglavja.<\/td>\n<\/tr>\n<\/tbody>\n<\/table>\n<p class=\"mesec13\"><strong>maj<\/strong><\/p>\n<table border=\"0\" cellspacing=\"0\" cellpadding=\"0\" width=\"100%\">\n<tbody>\n<tr>\n<td class=\"mesec\" rowspan=\"2\" width=\"20%\" valign=\"top\">\u010detrtek,<br \/>\n6. 5. 2010<\/td>\n<td class=\"tdprogramsredina\" width=\"20%\" valign=\"top\">16.00 \u2013 17.30<\/td>\n<td class=\"tdprogram\" width=\"60%\" valign=\"top\"><a href=\"https:\/\/www.worldofart.org\/arhiv.worldofart.org\/aktualno\/trinajsti-letnik-20102011\/serija-predavanj\/alenka-pirman-umetnostni-sistem-pregled\" target=\"_blank\">Alenka Pirman: Umetnostni sistem. Pregled.<\/a><\/td>\n<\/tr>\n<tr>\n<td class=\"tdprogramsredina\" width=\"20%\" valign=\"top\">17.45 \u2013 19.15<\/td>\n<td class=\"tdprogram\" width=\"60%\" valign=\"top\">Sa\u0161a Nabergoj in Rebeka Vidrih: Umetnost XX. stoletja. Poglavja.<\/td>\n<\/tr>\n<tr>\n<td class=\"mesec\" rowspan=\"2\" width=\"20%\" valign=\"top\">\u010detrtek,<br \/>\n13. 5. 2010<\/td>\n<td class=\"tdprogramsredina\" width=\"20%\" valign=\"top\">16.00 \u2013 17.30<\/td>\n<td class=\"tdprogram\" width=\"60%\" valign=\"top\">Sa\u0161a Nabergoj in Rebeka Vidrih: Umetnost XX. stoletja. Poglavja.<\/td>\n<\/tr>\n<tr>\n<td class=\"tdprogramsredina\" width=\"20%\" valign=\"top\">17.45 \u2013 19.15<\/td>\n<td class=\"tdprogram\" width=\"60%\" valign=\"top\"><a href=\"https:\/\/www.worldofart.org\/arhiv.worldofart.org\/aktualno\/trinajsti-letnik-20102011\/delavnice\/petja-grafenauer-kaj-se-skriva-v-besedilu\/\">Petja Grafenauer: Delavnica podrobnega branja<\/a><\/td>\n<\/tr>\n<tr>\n<td class=\"mesec\" rowspan=\"2\" width=\"20%\" valign=\"top\">\u010detrtek,<br \/>\n20. 5. 2010<\/td>\n<td class=\"tdprogramsredina\" width=\"20%\" valign=\"top\">16.00 \u2013 17.30<\/td>\n<td class=\"tdprogram\" width=\"60%\" valign=\"top\">SCCA \u2013 Ljubljana se predstavi<\/td>\n<\/tr>\n<tr>\n<td class=\"tdprogramsredina\" width=\"20%\" valign=\"top\">17.45 \u2013 19.15<\/td>\n<td class=\"tdprogram\" width=\"60%\" valign=\"top\"><a href=\"https:\/\/www.worldofart.org\/arhiv.worldofart.org\/aktualno\/trinajsti-letnik-20102011\/delavnice\/zemira-alajbegovic-in-neven-korda-videoesej\">Zemira Alajbegovi\u0107 in Neven Korda: Videoesej<\/a> (uvodno sre\u010danje)<\/td>\n<\/tr>\n<tr>\n<td class=\"mesec\" rowspan=\"2\" width=\"20%\" valign=\"top\">\u010detrtek,<br \/>\n27. 5. 2010<\/td>\n<td class=\"tdprogramsredina\" width=\"20%\" valign=\"top\">16.00 \u2013 17.30<\/td>\n<td class=\"tdprogram\" width=\"60%\" valign=\"top\"><a href=\"http:\/\/www.mglc-lj.si\/slo\/index.htm\" target=\"_blank\">Obisk razstave GESAMTKUNST LAIBACH, Temelji 1980-1990 <\/a><\/td>\n<\/tr>\n<tr>\n<td class=\"tdprogramsredina\" width=\"20%\" valign=\"top\">18.00 \u2013 19.30<\/td>\n<td class=\"tdprogram\" width=\"60%\" valign=\"top\"><a href=\"https:\/\/www.worldofart.org\/arhiv.worldofart.org\/aktualno\/trinajsti-letnik-20102011\/delavnice\/petja-grafenauer-kaj-se-skriva-v-besedilu\/\">Petja Grafenauer: Delavnica podrobnega branja<\/a><\/td>\n<\/tr>\n<\/tbody>\n<\/table>\n<p class=\"mesec13\"><strong>junij<\/strong><\/p>\n<table border=\"0\" cellspacing=\"0\" cellpadding=\"0\" width=\"100%\">\n<tbody>\n<tr>\n<td class=\"mesec\" rowspan=\"2\" width=\"20%\" valign=\"top\">\u010detrtek,<br \/>\n3. 6. 2010<\/td>\n<td class=\"tdprogramsredina\" width=\"20%\" valign=\"top\">16.00 \u2013 17.30<\/td>\n<td class=\"tdprogram\" width=\"60%\" valign=\"top\">Sa\u0161a Nabergoj in Rebeka Vidrih: Umetnost XX. stoletja. Poglavja.<\/td>\n<\/tr>\n<tr>\n<td class=\"tdprogramsredina\" width=\"20%\" valign=\"top\">17.45 \u2013 19.15<\/td>\n<td class=\"tdprogram\" width=\"60%\" valign=\"top\"><a href=\"https:\/\/www.worldofart.org\/arhiv.worldofart.org\/aktualno\/trinajsti-letnik-20102011\/delavnice\/petja-grafenauer-kaj-se-skriva-v-besedilu\/\">Petja Grafenauer: Delavnica podrobnega branja<\/a><\/td>\n<\/tr>\n<tr>\n<td class=\"mesec\" width=\"20%\" valign=\"top\">nedelja,<br \/>\n6. 6. 2010<\/td>\n<td class=\"tdprogramsredina\" width=\"20%\" valign=\"top\">11.00 \u2013 14.00<br \/>\n16.00 \u2013 19.00<\/td>\n<td class=\"tdprogram\" width=\"60%\" valign=\"top\"><a href=\"https:\/\/www.worldofart.org\/arhiv.worldofart.org\/aktualno\/trinajsti-letnik-20102011\/delavnice\/misko-suvakovic-teorija-in-praksa-umetnostne-kritike\/\">Mi\u0161ko \u0160uvakovi\u0107: Teorija in praksa umetnostne kritike<\/a><\/td>\n<\/tr>\n<tr>\n<td class=\"mesec\" rowspan=\"2\" width=\"20%\" valign=\"top\">\u010detrtek,<br \/>\n10. 6. 2010<\/td>\n<td class=\"tdprogramsredina\" width=\"20%\" valign=\"top\">15.00 \u2013 17.00<\/td>\n<td class=\"tdprogram\" width=\"60%\" valign=\"top\"><a href=\"http:\/\/www.mg-lj.si\/node\/512\" target=\"_blank\">U3 &#8211; 6. trienale sodobne slovenske umetnosti<\/a>: vodeni ogled in pogovor s kustosom Charlesom Eschejem<\/td>\n<\/tr>\n<tr>\n<td class=\"tdprogramsredina\" width=\"20%\" valign=\"top\">17.30 \u2013 19.00<\/td>\n<td class=\"tdprogram\" width=\"60%\" valign=\"top\">Galerija Alkatraz: obisk razstave in predstavitev galerije<\/td>\n<\/tr>\n<tr>\n<td class=\"mesec\" rowspan=\"2\" width=\"20%\" valign=\"top\">\u010detrtek,<br \/>\n17. 6. 2010<\/td>\n<td class=\"tdprogramsredina\" width=\"20%\" valign=\"top\">16.00 \u2013 17.30<\/td>\n<td class=\"tdprogram\" width=\"60%\" valign=\"top\">Sa\u0161a Nabergoj in Rebeka Vidrih: Umetnost XX. stoletja. Poglavja.<\/td>\n<\/tr>\n<tr>\n<td class=\"tdprogramsredina\" width=\"20%\" valign=\"top\">17.45 \u2013 19.15<\/td>\n<td class=\"tdprogram\" width=\"60%\" valign=\"top\"><a href=\"https:\/\/www.worldofart.org\/arhiv.worldofart.org\/aktualno\/trinajsti-letnik-20102011\/delavnice\/petja-grafenauer-kaj-se-skriva-v-besedilu\/\">Petja Grafenauer: Delavnica podrobnega branja<\/a><\/td>\n<\/tr>\n<tr>\n<td class=\"mesec\" rowspan=\"2\" width=\"20%\" valign=\"top\">\u010detrtek,<br \/>\n24. 6. 2010<\/td>\n<td class=\"tdprogramsredina\" width=\"20%\" valign=\"top\">16.00 \u2013 17.30<\/td>\n<td class=\"tdprogram\" width=\"60%\" valign=\"top\">Petja Grafenauer: Delavnica podrobnega branja<\/td>\n<\/tr>\n<tr>\n<td class=\"tdprogramsredina\" width=\"20%\" valign=\"top\">18.00 \u2013 19.30<\/td>\n<td class=\"tdprogram\" width=\"60%\" valign=\"top\">Barbara Bor\u010di\u010d: Video kot orodje in izrazno sredstvo umetnikov. Izbrani primeri.<\/td>\n<\/tr>\n<\/tbody>\n<\/table>\n","protected":false},"excerpt":{"rendered":"<p>1. SEMESTER april \u010detrtek, 8. 4. 2010 16.00 \u2013 17.30 Uvodno sre\u010danje: Predstavitev procesa dela, udele\u017eencev in ekipe 17.45 \u2013 19.15 Sa\u0161a Nabergoj in Rebeka Vidrih: Umetnost XX. stoletja. Poglavja. \u010detrtek, 15. 4. 2010 16.00 \u2013 17.30 Sa\u0161a Nabergoj in Rebeka Vidrih: Umetnost XX. stoletja. Poglavja. 17.45 \u2013 19.15 Petja Grafenauer: Delavnica podrobnega branja sreda, [&hellip;]<\/p>\n","protected":false},"author":1,"featured_media":0,"parent":239,"menu_order":0,"comment_status":"closed","ping_status":"closed","template":"","meta":{"footnotes":""},"categories":[],"tags":[],"_links":{"self":[{"href":"https:\/\/www.worldofart.org\/arhiv.worldofart.org\/aktualno\/wp-json\/wp\/v2\/pages\/415"}],"collection":[{"href":"https:\/\/www.worldofart.org\/arhiv.worldofart.org\/aktualno\/wp-json\/wp\/v2\/pages"}],"about":[{"href":"https:\/\/www.worldofart.org\/arhiv.worldofart.org\/aktualno\/wp-json\/wp\/v2\/types\/page"}],"author":[{"embeddable":true,"href":"https:\/\/www.worldofart.org\/arhiv.worldofart.org\/aktualno\/wp-json\/wp\/v2\/users\/1"}],"replies":[{"embeddable":true,"href":"https:\/\/www.worldofart.org\/arhiv.worldofart.org\/aktualno\/wp-json\/wp\/v2\/comments?post=415"}],"version-history":[{"count":1,"href":"https:\/\/www.worldofart.org\/arhiv.worldofart.org\/aktualno\/wp-json\/wp\/v2\/pages\/415\/revisions"}],"predecessor-version":[{"id":9567,"href":"https:\/\/www.worldofart.org\/arhiv.worldofart.org\/aktualno\/wp-json\/wp\/v2\/pages\/415\/revisions\/9567"}],"up":[{"embeddable":true,"href":"https:\/\/www.worldofart.org\/arhiv.worldofart.org\/aktualno\/wp-json\/wp\/v2\/pages\/239"}],"wp:attachment":[{"href":"https:\/\/www.worldofart.org\/arhiv.worldofart.org\/aktualno\/wp-json\/wp\/v2\/media?parent=415"}],"wp:term":[{"taxonomy":"category","embeddable":true,"href":"https:\/\/www.worldofart.org\/arhiv.worldofart.org\/aktualno\/wp-json\/wp\/v2\/categories?post=415"},{"taxonomy":"post_tag","embeddable":true,"href":"https:\/\/www.worldofart.org\/arhiv.worldofart.org\/aktualno\/wp-json\/wp\/v2\/tags?post=415"}],"curies":[{"name":"wp","href":"https:\/\/api.w.org\/{rel}","templated":true}]}}