{"id":4560,"date":"2013-04-12T14:45:28","date_gmt":"2013-04-12T12:45:28","guid":{"rendered":"http:\/\/www.worldofart.org\/aktualno\/?page_id=4560"},"modified":"2016-11-19T22:00:50","modified_gmt":"2016-11-19T20:00:50","slug":"jana-intihar-ferjan-dokumentacija-2","status":"publish","type":"page","link":"https:\/\/www.worldofart.org\/arhiv.worldofart.org\/aktualno\/trinajsti-letnik-20102011\/modul-o-prakticnih-delih-kustosa\/jana-intihar-ferjan-dokumentacija-2","title":{"rendered":"Jana Intihar Ferjan: Dokumentacija"},"content":{"rendered":"<p>SVET UMETNOSTI<br \/>\n\u0160ola za kustose in kritike sodobne umetnosti<br \/>\nLeto 14<br \/>\n2. letnik (september 2012\u2013maj 2013)<\/p>\n<p>Modul o prakti\u010dnih delih kustosa<\/p>\n<p><strong>\u010cetrtek, 14. 3. 2013<\/strong><br \/>\nMuzej sodobne umetnosti Metelkova, Maistrova 3, Ljubljana<\/p>\n<hr \/>\n<p>Razjasnili naj bi si, kaj pokriva termin muzejska dokumentacija in kako izgleda stanje v praksi.<\/p>\n<p>Ob predstavitvi prakti\u010dnega dela v dokumentaciji-arhivu Moderne galerije naj bi si odgovorili, kako lahko kustosi prispevajo k dopolnjevanju podatkov \u2013 kreiranju arhiva sodobne slovenske umetnosti.<\/p>\n<p>Posku\u0161ali naj bi si pojasniti razliko med arhivom kot strokovnim \u2013 \u0161tudijskim medijem in arhivom \u2013 umetni\u0161kim projektom.<\/p>\n<hr \/>\n<p><strong>Vodja modula<\/strong><\/p>\n<p><strong>Jana Intihar Ferjan<\/strong><br \/>\n1981 diplomirala na Filozofski fakulteti v Ljubljani.<br \/>\nPrvo zaposlitev v splo\u0161ni knji\u017enici zaklju\u010dila s strokovnim izpitom iz bibliotekarske stroke. Od 1983 v Moderni galeriji na mestu kustosinje na oddelku Dokumentacija \u2013 arhiv, bibliografija. Delovno mesto je opredeljeno kot zbiranje, obdelovanje, hranjenje in posredovanje podatkov o dogajanju na podro\u010dju moderne in sodobne likovne umetnosti na Slovenskem.<br \/>\nDogajanje se najpogosteje prezentira skozi sistemati\u010dno vodenje evidenc razstav in ovrednotenih odzivov nanje ter sisteamti\u010dno pridobivanje bio-bibliografskih podatkov o umetnikih in njihovem delu. V ta namen so \u017ee leta 1989\/90 oz. 1993 v Moderni galeriji razvili lastna ra\u010dunalni\u0161ka programa Razstava in Umetnik, povezana v sistem Raz_Ume. Od leta 2009 je majhen del podatkov iz lokalnih baz dostopen tudi preko spletne strani Moderne galerije, <a href=\"www.mg-lj.si\" target=\"_blank\">www.mg-lj.si<\/a> ali direktno <a href=\"http:\/\/razume.mg-lj.si\" target=\"_blank\">razume.mg-lj.si<\/a>. Oddelek sodeluje z evropskim partnerstvom arhivov sodobne umetnosti v platformi <a href=\"http:\/\/www.european-art.net\" target=\"_blank\">www.european-art.net<\/a>.<br \/>\nVe\u010dino objav tvorijo izbrane kronologije, bibliografije in seznami razstav v dokumentarnih delih katalogov ve\u010djih razstav in zbirk Moderne galerije in gesla v Allgemeines K\u00fcnstlerlexikon. Die Bildenden K\u00fcnstler aller Zeiten und V\u00f6lker.<br \/>\nSodelovala pri evropskih projektih: Vektor \u2013 European Contemporary Art Archives (2001-2003, nosilec Basis Wien), ki se nadaljuje v platformi European.art.net (EAN), in Gravity \u2013 Art_Religion_ Science (2002-2004, nosilec Kulturzentrum bei den Minoriten Graz).<br \/>\nOd leta 2003 \u010dlanica uredni\u0161kega odbora revije Umetnostna kronika (izdaja Umetnostno zgodovinski in\u0161titut Franceta Steleta pri SAZU), od 2009 \u0161e Umetnostnozgodovinskega biltena (izhaja on-line).<br \/>\nZa svoje delo je leta 2007 prejela priznanje Izidorja Cankarja.<\/p>\n<div><img loading=\"lazy\" decoding=\"async\" class=\"alignnone size-full wp-image-4667\" title=\"\" src=\"https:\/\/www.worldofart.org\/arhiv.worldofart.org\/aktualno\/wp-content\/uploads\/2013\/04\/foto-dokumentacija2_.jpg\" alt=\"foto-dokumentacija2_\" width=\"220\" height=\"147\" \/> <img loading=\"lazy\" decoding=\"async\" class=\"alignnone size-full wp-image-4668\" title=\"\" src=\"https:\/\/www.worldofart.org\/arhiv.worldofart.org\/aktualno\/wp-content\/uploads\/2013\/04\/foto-dokumentacija1_.jpg\" alt=\"foto-dokumentacija1_\" width=\"220\" height=\"149\" \/><\/div>\n","protected":false},"excerpt":{"rendered":"<p>SVET UMETNOSTI \u0160ola za kustose in kritike sodobne umetnosti Leto 14 2. letnik (september 2012\u2013maj 2013) Modul o prakti\u010dnih delih kustosa \u010cetrtek, 14. 3. 2013 Muzej sodobne umetnosti Metelkova, Maistrova 3, Ljubljana Razjasnili naj bi si, kaj pokriva termin muzejska dokumentacija in kako izgleda stanje v praksi. Ob predstavitvi prakti\u010dnega dela v dokumentaciji-arhivu Moderne galerije [&hellip;]<\/p>\n","protected":false},"author":1,"featured_media":0,"parent":249,"menu_order":0,"comment_status":"closed","ping_status":"closed","template":"","meta":{"footnotes":""},"categories":[],"tags":[],"_links":{"self":[{"href":"https:\/\/www.worldofart.org\/arhiv.worldofart.org\/aktualno\/wp-json\/wp\/v2\/pages\/4560"}],"collection":[{"href":"https:\/\/www.worldofart.org\/arhiv.worldofart.org\/aktualno\/wp-json\/wp\/v2\/pages"}],"about":[{"href":"https:\/\/www.worldofart.org\/arhiv.worldofart.org\/aktualno\/wp-json\/wp\/v2\/types\/page"}],"author":[{"embeddable":true,"href":"https:\/\/www.worldofart.org\/arhiv.worldofart.org\/aktualno\/wp-json\/wp\/v2\/users\/1"}],"replies":[{"embeddable":true,"href":"https:\/\/www.worldofart.org\/arhiv.worldofart.org\/aktualno\/wp-json\/wp\/v2\/comments?post=4560"}],"version-history":[{"count":7,"href":"https:\/\/www.worldofart.org\/arhiv.worldofart.org\/aktualno\/wp-json\/wp\/v2\/pages\/4560\/revisions"}],"predecessor-version":[{"id":9547,"href":"https:\/\/www.worldofart.org\/arhiv.worldofart.org\/aktualno\/wp-json\/wp\/v2\/pages\/4560\/revisions\/9547"}],"up":[{"embeddable":true,"href":"https:\/\/www.worldofart.org\/arhiv.worldofart.org\/aktualno\/wp-json\/wp\/v2\/pages\/249"}],"wp:attachment":[{"href":"https:\/\/www.worldofart.org\/arhiv.worldofart.org\/aktualno\/wp-json\/wp\/v2\/media?parent=4560"}],"wp:term":[{"taxonomy":"category","embeddable":true,"href":"https:\/\/www.worldofart.org\/arhiv.worldofart.org\/aktualno\/wp-json\/wp\/v2\/categories?post=4560"},{"taxonomy":"post_tag","embeddable":true,"href":"https:\/\/www.worldofart.org\/arhiv.worldofart.org\/aktualno\/wp-json\/wp\/v2\/tags?post=4560"}],"curies":[{"name":"wp","href":"https:\/\/api.w.org\/{rel}","templated":true}]}}