{"id":48,"date":"2007-02-20T14:06:12","date_gmt":"2007-02-20T13:06:12","guid":{"rendered":"http:\/\/www.worldofart.org\/aktualno\/razvoj\/sodelovanje\/"},"modified":"2018-06-18T22:10:42","modified_gmt":"2018-06-18T20:10:42","slug":"sodelovanje-2006-07","status":"publish","type":"page","link":"https:\/\/www.worldofart.org\/arhiv.worldofart.org\/aktualno\/razvoj-2006-07\/sodelovanje-2006-07","title":{"rendered":"Sodelovanje 2006\/07"},"content":{"rendered":"<p>Dolgoletni anga\u017ema Zavoda SCCA-Ljubljana na podro\u010dju izobra\u017eevanja v sodobni umetnosti je pripeljal do sodelovanja z <a href=\"http:\/\/www.naac.am\/\">Zdru\u017eenjem armenskih likovnih kritikov<\/a>, ki je leta 2006 pripravilo prvo poletno \u0161olo za kustose sodobne umetnosti. Nadaljnji razvoj \u0161ole, ki bo postala vsakoletna, pa je Zdru\u017eenje zasnovalo z regionalnimi partnerji, ki sistemati\u010dno in dolgoro\u010dno vzpostavljajo platformo za spodbujanje in razumevanje sodobnih  kuratorskih praks in kritike. SCCA-Ljubljana tako skupaj s <a href=\"http:\/\/www.scca.kz\/\">Sorosovim centrom za sodobno umetnost iz Almatyja<\/a> (Kazahstan) in istanbulskim <a href=\"http:\/\/www.btmadra.com\/\">BM Contemporary Art Centrom<\/a> sodeluje pri pripravi kurikuluma nove \u0161ole v regiji.<\/p>\n<p><a href=\"https:\/\/www.worldofart.org\/arhiv.worldofart.org\/aktualno\/archives\/109\">\u017de druga poletna kuratorska \u0161ola<\/a>,  Erevan, 23. 7.-7. 8. 2007<\/p>\n<hr \/>\n<p><a href=\"https:\/\/www.worldofart.org\/arhiv.worldofart.org\/aktualno\/archives\/110\">Kuratorsko prevajanje<\/a>,  Skopje, 24.-30. 9. 2007<\/p>\n","protected":false},"excerpt":{"rendered":"<p>Dolgoletni anga\u017ema Zavoda SCCA-Ljubljana na podro\u010dju izobra\u017eevanja v sodobni umetnosti je pripeljal do sodelovanja z Zdru\u017eenjem armenskih likovnih kritikov, ki je leta 2006 pripravilo prvo poletno \u0161olo za kustose sodobne umetnosti. Nadaljnji razvoj \u0161ole, ki bo postala vsakoletna, pa je Zdru\u017eenje zasnovalo z regionalnimi partnerji, ki sistemati\u010dno in dolgoro\u010dno vzpostavljajo platformo za spodbujanje in razumevanje [&hellip;]<\/p>\n","protected":false},"author":1,"featured_media":0,"parent":5,"menu_order":0,"comment_status":"closed","ping_status":"closed","template":"","meta":{"footnotes":""},"categories":[],"tags":[],"_links":{"self":[{"href":"https:\/\/www.worldofart.org\/arhiv.worldofart.org\/aktualno\/wp-json\/wp\/v2\/pages\/48"}],"collection":[{"href":"https:\/\/www.worldofart.org\/arhiv.worldofart.org\/aktualno\/wp-json\/wp\/v2\/pages"}],"about":[{"href":"https:\/\/www.worldofart.org\/arhiv.worldofart.org\/aktualno\/wp-json\/wp\/v2\/types\/page"}],"author":[{"embeddable":true,"href":"https:\/\/www.worldofart.org\/arhiv.worldofart.org\/aktualno\/wp-json\/wp\/v2\/users\/1"}],"replies":[{"embeddable":true,"href":"https:\/\/www.worldofart.org\/arhiv.worldofart.org\/aktualno\/wp-json\/wp\/v2\/comments?post=48"}],"version-history":[{"count":1,"href":"https:\/\/www.worldofart.org\/arhiv.worldofart.org\/aktualno\/wp-json\/wp\/v2\/pages\/48\/revisions"}],"predecessor-version":[{"id":9517,"href":"https:\/\/www.worldofart.org\/arhiv.worldofart.org\/aktualno\/wp-json\/wp\/v2\/pages\/48\/revisions\/9517"}],"up":[{"embeddable":true,"href":"https:\/\/www.worldofart.org\/arhiv.worldofart.org\/aktualno\/wp-json\/wp\/v2\/pages\/5"}],"wp:attachment":[{"href":"https:\/\/www.worldofart.org\/arhiv.worldofart.org\/aktualno\/wp-json\/wp\/v2\/media?parent=48"}],"wp:term":[{"taxonomy":"category","embeddable":true,"href":"https:\/\/www.worldofart.org\/arhiv.worldofart.org\/aktualno\/wp-json\/wp\/v2\/categories?post=48"},{"taxonomy":"post_tag","embeddable":true,"href":"https:\/\/www.worldofart.org\/arhiv.worldofart.org\/aktualno\/wp-json\/wp\/v2\/tags?post=48"}],"curies":[{"name":"wp","href":"https:\/\/api.w.org\/{rel}","templated":true}]}}