{"id":490,"date":"2010-09-27T18:06:58","date_gmt":"2010-09-27T16:06:58","guid":{"rendered":"http:\/\/www.worldofart.org\/aktualno\/?page_id=490"},"modified":"2018-06-18T20:53:52","modified_gmt":"2018-06-18T18:53:52","slug":"urnik-20102011-2-semester","status":"publish","type":"page","link":"https:\/\/www.worldofart.org\/arhiv.worldofart.org\/aktualno\/trinajsti-letnik-20102011\/urnik-20102011\/urnik-20102011-2-semester","title":{"rendered":"Urnik 2010\/2011, 2. semester (predviden urnik)"},"content":{"rendered":"<p>Natan\u010den urnik bo objavljen za mesec dni vnaprej in se bo sproti prilagajal trenutnemu dogajanju v svetu umetnosti.<br \/>\nPridr\u017eujemo si pravico do sprememb.<\/p>\n<p><a href=\"https:\/\/www.worldofart.org\/arhiv.worldofart.org\/aktualno\/trinajsti-letnik-20102011\/urnik-20102011\/urnik-20102011-1-semester\">1. SEMESTER<\/a><br \/>\n<a href=\"https:\/\/www.worldofart.org\/arhiv.worldofart.org\/aktualno\/trinajsti-letnik-20102011\/urnik-20102011\">AKTUALNI URNIK<\/a><\/p>\n<p class=\"leto-ru\"><strong>2. SEMESTER<\/strong><\/p>\n<p class=\"mesec13\"><strong>september<\/strong><\/p>\n<table border=\"0\" cellspacing=\"0\" cellpadding=\"0\" width=\"100%\">\n<tbody>\n<tr>\n<td class=\"mesec\" width=\"20%\" valign=\"top\">petek \u2013 sobota<br \/>\n10.-12. 9. 2010<\/td>\n<td class=\"tdprogramsredina\" width=\"20%\" valign=\"top\"><\/td>\n<td class=\"tdprogram\" width=\"60%\" valign=\"top\">Dvodnevna \u0161tudijska osama: analiza raziskav virtualnih razstav (Reka, Hrva\u0161ka)<\/td>\n<\/tr>\n<tr>\n<td class=\"mesec\" rowspan=\"3\" width=\"20%\" valign=\"top\">\u010detrtek,<br \/>\n16. 9. 2010<\/td>\n<td class=\"tdprogramsredina\" width=\"20%\" valign=\"top\">16.00 \u2013 17.00<\/td>\n<td class=\"tdprogram\" width=\"60%\" valign=\"top\">Predstavitev raziskovalnih nalog<\/td>\n<\/tr>\n<tr>\n<td class=\"tdprogramsredina\" width=\"20%\" valign=\"top\">17.15 \u2013 18.30<\/td>\n<td class=\"tdprogram\" width=\"60%\" valign=\"top\">Jo\u017ee Bar\u0161i: Predavanje<br \/>\nIrwin: NSK Dr\u017eava v \u010dasu (detajl &#8211; Nigerijci)<\/td>\n<\/tr>\n<tr>\n<td class=\"tdprogramsredina\" width=\"20%\" valign=\"top\">19.00<\/td>\n<td class=\"tdprogram\" width=\"60%\" valign=\"top\"><a href=\"https:\/\/www.worldofart.org\/arhiv.worldofart.org\/aktualno\/archives\/412\">Joa Ljungberg in Edi Muka. Kuratorske strategije: 2 zgodbi<br \/>\n(Sanje neuspehi in dose\u017eki: krmarjenje skozi institucionalno pu\u0161\u010davo, Dve nordijski elektrarni za umetnost)<\/a><br \/>\n(predavanje)<\/td>\n<\/tr>\n<tr>\n<td class=\"mesec\" width=\"20%\" valign=\"top\">\u010detrtek,<br \/>\n23. 9. 2010<\/td>\n<td class=\"tdprogramsredina\" width=\"20%\" valign=\"top\"><\/td>\n<td class=\"tdprogram\" width=\"60%\" valign=\"top\">\u0160tudijska ekskurzija v Celje<\/td>\n<\/tr>\n<tr>\n<td class=\"mesec\" rowspan=\"2\" width=\"20%\" valign=\"top\">\u010detrtek,<br \/>\n30. 9. 2010<\/td>\n<td class=\"tdprogramsredina\" width=\"20%\" valign=\"top\">16.00 \u2013 17.30<\/td>\n<td class=\"tdprogram\" width=\"60%\" valign=\"top\">Sa\u0161a Nabergoj in Rebeka Vidrih: Umetnost XX. stoletja. Poglavja.<\/td>\n<\/tr>\n<tr>\n<td class=\"tdprogramsredina\" width=\"20%\" valign=\"top\">17.45 \u2013 19.15<\/td>\n<td class=\"tdprogram\" width=\"60%\" valign=\"top\">Jo\u017ee Bar\u0161i: Predavanje<br \/>\nJanja \u017dvegelj: Turist<\/td>\n<\/tr>\n<\/tbody>\n<\/table>\n<p class=\"mesec13\"><strong>oktober<\/strong><\/p>\n<table border=\"0\" cellspacing=\"0\" cellpadding=\"0\" width=\"100%\">\n<tbody>\n<tr>\n<td class=\"mesec\" width=\"20%\" valign=\"top\">\u010detrtek-petek,<br \/>\n7.-8. 10. 2010<\/td>\n<td class=\"tdprogramsredina\" width=\"20%\" valign=\"top\"><\/td>\n<td class=\"tdprogram\" width=\"60%\" valign=\"top\"><a href=\"https:\/\/www.worldofart.org\/arhiv.worldofart.org\/aktualno\/trinajsti-letnik-20102011\/modul-o-prakticnih-delih-kustosa\/\">Modul o prakti\u010dnih delih kustosa<\/a><\/td>\n<\/tr>\n<tr>\n<td class=\"mesec\" rowspan=\"3\" width=\"20%\" valign=\"top\">\u010detrtek,<br \/>\n14. 10. 2010\n<\/td>\n<td class=\"tdprogramsredina\" width=\"20%\" valign=\"top\">14.00 \u2013 15.30<br \/>\nMestna galerija Ljubljana<\/td>\n<td class=\"tdprogram\" width=\"60%\" valign=\"top\">Pogovor ob razstavi DOBESEDNO BREZ BESED<br \/>\n<a href=\"http:\/\/www.ddr.si\/\" target=\"_blank\">Dru\u0161tvo za doma\u010de raziskave<\/a> in Alenka Gregori\u010d\n<\/td>\n<\/tr>\n<tr>\n<td class=\"tdprogramsredina\" width=\"20%\" valign=\"top\">16.00 \u2013 17.30<\/td>\n<td class=\"tdprogram\" width=\"60%\" valign=\"top\">Sa\u0161a Nabergoj in Rebeka Vidrih: Umetnost XX. stoletja. Poglavja.<\/td>\n<\/tr>\n<tr>\n<td class=\"tdprogramsredina\" width=\"20%\" valign=\"top\">17.45 \u2013 19.15<\/td>\n<td class=\"tdprogram\" width=\"60%\" valign=\"top\">Jo\u017ee Bar\u0161i: Predavanje<br \/>\nBas Jan Ader: Ponavljanje in kriza<\/td>\n<\/tr>\n<tr>\n<td class=\"mesec\" rowspan=\"2\" width=\"20%\" valign=\"top\">\u010detrtek,<br \/>\n21. 10. 2010<\/td>\n<td class=\"tdprogramsredina\" width=\"20%\" valign=\"top\">16.00 \u2013 17.30<\/td>\n<td class=\"tdprogram\" width=\"60%\" valign=\"top\">Petja Grafenauer: Delavnica podrobnega branja<\/td>\n<\/tr>\n<tr>\n<td class=\"tdprogramsredina\" width=\"20%\" valign=\"top\">17.45 \u2013 19.15<\/td>\n<td class=\"tdprogram\" width=\"60%\" valign=\"top\">Jo\u017ee Bar\u0161i: Predavanje<br \/>\nSantiago Sierra: Uprizarjanje in udejanjanje<\/td>\n<\/tr>\n<tr>\n<td class=\"mesec\" width=\"20%\" valign=\"top\">sreda,<br \/>\n27. 10. 2010<\/td>\n<td class=\"tdprogramsredina\" width=\"20%\" valign=\"top\">21.00<br \/>\nGalerija Alkatraz<\/td>\n<td class=\"tdprogram\" width=\"60%\" valign=\"top\"><a href=\"https:\/\/www.worldofart.org\/arhiv.worldofart.org\/aktualno\/archives\/564\">Tomislav Brajnovi\u0107: Ekspedicija_ego<\/a><\/td>\n<\/tr>\n<tr>\n<td class=\"mesec\" rowspan=\"2\" width=\"20%\" valign=\"top\">\u010detrtek,<br \/>\n28. 10. 2010<\/td>\n<td class=\"tdprogramsredina\" width=\"20%\" valign=\"top\">16.00 \u2013 17.30<\/td>\n<td class=\"tdprogram\" width=\"60%\" valign=\"top\">Tomislav Brajnovi\u0107: Predstavitev umetnika<\/td>\n<\/tr>\n<tr>\n<td class=\"tdprogramsredina\" width=\"20%\" valign=\"top\">17.45 \u2013 19.15<\/td>\n<td class=\"tdprogram\" width=\"60%\" valign=\"top\">Jo\u017ee Bar\u0161i: Predavanje<br \/>\nKaj, \u010de kaj proizvede relacija smrt\/umetnost?<\/td>\n<\/tr>\n<\/tbody>\n<\/table>\n<p class=\"mesec13\"><strong>november<\/strong><\/p>\n<table border=\"0\" cellspacing=\"0\" cellpadding=\"0\" width=\"100%\">\n<tbody>\n<tr>\n<td class=\"mesec\" width=\"20%\" valign=\"top\">\u010detrtek,<br \/>\n4. 11. 2010<\/td>\n<td class=\"tdprogramsredina\" width=\"20%\" valign=\"top\">10.00 \u2013 18.00<\/td>\n<td class=\"tdprogram\" width=\"60%\" valign=\"top\"><a href=\"https:\/\/www.worldofart.org\/arhiv.worldofart.org\/aktualno\/trinajsti-letnik-20102011\/delavnice\/petja-grafenauer-pisanje-teksta-o-razstavi-sodobne-umetnosti\/\">Petja Grafenauer: Pisanje teksta o razstavi sodobne umetnosti<\/a><br \/>\n(1.del)<br \/>\n(delavnica)<\/td>\n<\/tr>\n<tr>\n<td class=\"mesec\" rowspan=\"2\" width=\"20%\" valign=\"top\">\u010detrtek,<br \/>\n11. 11. 2010<\/td>\n<td class=\"tdprogramsredina\" width=\"20%\" valign=\"top\">16.00 \u2013 17.30<\/td>\n<td class=\"tdprogram\" width=\"60%\" valign=\"top\">Tanja La\u017eeti\u0107: Knjiga umetnika: Poskusiti znova\n<\/td>\n<\/tr>\n<tr>\n<td class=\"tdprogramsredina\" width=\"20%\" valign=\"top\">17.45 \u2013 19.30<\/td>\n<td class=\"tdprogram\" width=\"60%\" valign=\"top\">Predstavitev raziskovalnih nalog: Pozicija umetnika\n<\/td>\n<\/tr>\n<tr>\n<td class=\"mesec\" width=\"20%\" valign=\"top\">torek,<br \/>\n16. 11. 2010<\/td>\n<td class=\"tdprogramsredina\" width=\"20%\" valign=\"top\">20.00<br \/>\nZavod SCCA-Ljubljana<\/td>\n<td class=\"tdprogram\" width=\"60%\" valign=\"top\"><a href=\"https:\/\/www.worldofart.org\/arhiv.worldofart.org\/aktualno\/trinajsti-letnik-20102011\/serija-predavanj\/spopadanje-z-druzbenimi-in-politicnimi-nujnimi-zadevami-na-podrocju-umetnostne-prakse\">Maria Hlavajova: Spopadanje z dru\u017ebenimi in politi\u010dnimi nujnimi zadevami na podro\u010dju umetnostne prakse: BAK, basis voor actuele kunst, kot \u0161tudija primera<\/a><br \/>\n(predavanje)<\/td>\n<\/tr>\n<tr>\n<td class=\"mesec\" width=\"20%\" valign=\"top\">sreda,<br \/>\n17. 11. 2010<\/td>\n<td class=\"tdprogramsredina\" width=\"20%\" valign=\"top\">19.00<br \/>\nMestna galerija Nova Gorica<\/td>\n<td class=\"tdprogram\" width=\"60%\" valign=\"top\"><a href=\"https:\/\/www.worldofart.org\/arhiv.worldofart.org\/aktualno\/trinajsti-letnik-20102011\/serija-predavanj\/spopadanje-z-druzbenimi-in-politicnimi-nujnimi-zadevami-na-podrocju-umetnostne-prakse\">Maria Hlavajova: Spopadanje z dru\u017ebenimi in politi\u010dnimi nujnimi zadevami na podro\u010dju umetnostne prakse: BAK, basis voor actuele kunst, kot \u0161tudija primera<\/a><br \/>\n(predavanje)<\/td>\n<\/tr>\n<tr>\n<td class=\"mesec\" rowspan=\"2\" width=\"20%\" valign=\"top\">\u010detrtek,<br \/>\n18. 11. 2010<\/td>\n<td class=\"tdprogramsredina\" width=\"20%\" valign=\"top\">16.00 \u2013 17.30<\/td>\n<td class=\"tdprogram\" width=\"60%\" valign=\"top\">Vodeni ogled razstave:  SOCI\u00c9T\u00c9 R\u00c9ALISTE<br \/>\nEnosmerni svet \/ One-way world \/ Einbahnwelt, Galerija \u0160kuc<br \/>\n<\/tr>\n<tr>\n<td class=\"tdprogramsredina\" width=\"20%\" valign=\"top\">17.45 \u2013 19.30 <\/td>\n<td class=\"tdprogram\" width=\"60%\" valign=\"top\">Predstavitev raziskovalnih nalog: Pozicija umetnika<\/td>\n<\/tr>\n<tr>\n<td class=\"mesec\" width=\"20%\" valign=\"top\">\u010detrtek,<br \/>\n25. 11. 2010<\/td>\n<td class=\"tdprogramsredina\" width=\"20%\" valign=\"top\">9.00 \u2013 21.00<\/td>\n<td class=\"tdprogram\" width=\"60%\" valign=\"top\">\n\u0160tudijska ekskurzija v Maribor<\/td>\n<\/tr>\n<\/tbody>\n<\/table>\n<p class=\"mesec13\"><strong>december<\/strong><\/p>\n<table border=\"0\" cellspacing=\"0\" cellpadding=\"0\" width=\"100%\">\n<tbody>\n<tr>\n<td class=\"mesec\" rowspan=\"2\" width=\"20%\" valign=\"top\">\u010detrtek,<br \/>\n2. 12. 2010<\/td>\n<td class=\"tdprogramsredina\" width=\"20%\" valign=\"top\">16.00 \u2013 18.00<\/td>\n<td class=\"tdprogram\" width=\"60%\" valign=\"top\"><a href=\"https:\/\/www.worldofart.org\/arhiv.worldofart.org\/aktualno\/trinajsti-letnik-20102011\/delavnice\/petja-grafenauer-pisanje-teksta-o-razstavi-sodobne-umetnosti\/\">Petja Grafenauer: Pisanje teksta o razstavi sodobne umetnosti<\/a> (2.del)<br \/>\n(delavnica)<\/td>\n<\/tr>\n<tr>\n<td class=\"tdprogramsredina\" width=\"20%\" valign=\"top\">18.15 \u2013 19.30 <\/td>\n<td class=\"tdprogram\" width=\"60%\" valign=\"top\">Predstavitev raziskovalnih nalog: Pozicija umetnika<\/td>\n<\/tr>\n<tr>\n<td class=\"mesec\" width=\"20%\" valign=\"top\">sreda-sobota,<br \/>\n8.-11. 12. 2010<\/td>\n<td class=\"tdprogramsredina\" width=\"20%\" valign=\"top\"><\/td>\n<td class=\"tdprogram\" width=\"60%\" valign=\"top\">\u0160tudijska ekskurzija na Dunaj<\/td>\n<\/tr>\n<tr>\n<td class=\"mesec\" rowspan=\"2\" width=\"20%\" valign=\"top\">\u010detrtek,<br \/>\n16. 12. 2010<\/td>\n<td class=\"tdprogramsredina\" width=\"20%\" valign=\"top\">16.00 \u2013 17.30<\/td>\n<td class=\"tdprogram\" width=\"60%\" valign=\"top\">Sa\u0161a Nabergoj in Rebeka Vidrih: Umetnost XX. stoletja. Poglavja.<\/td>\n<\/tr>\n<tr>\n<td class=\"tdprogramsredina\" width=\"20%\" valign=\"top\">17.45 \u2013 19.30 <\/td>\n<td class=\"tdprogram\" width=\"60%\" valign=\"top\">Prva predstavitev osnutka razstave: ideje in mo\u017eni scenariji<\/td>\n<\/tr>\n<\/tbody>\n<\/table>\n<p class=\"leto\"><strong>2011<\/strong><\/p>\n<p class=\"mesec13\"><strong>januar<\/strong><\/p>\n<table border=\"0\" cellspacing=\"0\" cellpadding=\"0\" width=\"100%\">\n<tbody>\n<tr>\n<td class=\"mesec\" rowspan=\"2\" width=\"20%\" valign=\"top\">\u010detrtek,<br \/>\n6. 1. 2011<\/td>\n<td class=\"tdprogramsredina\" width=\"20%\" valign=\"top\">16.00 \u2013 17.30<\/td>\n<td class=\"tdprogram\" width=\"60%\" valign=\"top\">Sa\u0161a Nabergoj in Rebeka Vidrih: Umetnost XX. stoletja. Poglavja.<\/td>\n<\/tr>\n<tr>\n<td class=\"tdprogramsredina\" width=\"20%\" valign=\"top\">17.45 \u2013 19.30<\/td>\n<td class=\"tdprogram\" width=\"60%\" valign=\"top\">Prva predstavitev osnutka razstave: ideje in mo\u017eni scenariji<\/td>\n<\/tr>\n<tr>\n<td class=\"mesec\" rowspan=\"2\" width=\"20%\" valign=\"top\">\u010detrtek,<br \/>\n13. 1. 2011<\/td>\n<td class=\"tdprogramsredina\" width=\"20%\" valign=\"top\">16.00 \u2013 17.30<\/td>\n<td class=\"tdprogram\" width=\"60%\" valign=\"top\">Sa\u0161a Nabergoj in Rebeka Vidrih: Umetnost XX. stoletja. Poglavja.<\/td>\n<\/tr>\n<tr>\n<td class=\"tdprogramsredina\" width=\"20%\" valign=\"top\">17.45 \u2013 19.30<\/td>\n<td class=\"tdprogram\" width=\"60%\" valign=\"top\">Kuratorski kolegij<\/td>\n<\/tr>\n<tr>\n<td class=\"mesec\" rowspan=\"2\" width=\"20%\" valign=\"top\">\u010detrtek,<br \/>\n20. 1. 2011<\/td>\n<td class=\"tdprogramsredina\" width=\"20%\" valign=\"top\">16.00 \u2013 17.30<\/td>\n<td class=\"tdprogram\" width=\"60%\" valign=\"top\">Sa\u0161a Nabergoj in Rebeka Vidrih: Umetnost XX. stoletja. Poglavja.<\/td>\n<\/tr>\n<tr>\n<td class=\"tdprogramsredina\" width=\"20%\" valign=\"top\">17.45 \u2013 19.30<\/td>\n<td class=\"tdprogram\" width=\"60%\" valign=\"top\">Kuratorski kolegij<\/td>\n<\/tr>\n<tr>\n<td class=\"mesec\" rowspan=\"2\" width=\"20%\" valign=\"top\">\u010detrtek,<br \/>\n27. 1. 2011<\/td>\n<td class=\"tdprogramsredina\" width=\"20%\" valign=\"top\">16.00 \u2013 17.30<\/td>\n<td class=\"tdprogram\" width=\"60%\" valign=\"top\">Sa\u0161a Nabergoj in Rebeka Vidrih: Umetnost XX. stoletja. Poglavja.<\/td>\n<\/tr>\n<tr>\n<td class=\"tdprogramsredina\" width=\"20%\" valign=\"top\">17.45 \u2013 19.30<\/td>\n<td class=\"tdprogram\" width=\"60%\" valign=\"top\">Kuratorski kolegij<\/td>\n<\/tr>\n<tr>\n<td class=\"mesec\" width=\"20%\" valign=\"top\">petek-sobota,<br \/>\n28.-29. 1. 2011<\/td>\n<td class=\"tdprogramsredina\" width=\"20%\" valign=\"top\"><\/td>\n<td class=\"tdprogram\" width=\"60%\" valign=\"top\"><a href=\"https:\/\/www.worldofart.org\/arhiv.worldofart.org\/aktualno\/trinajsti-letnik-20102011\/delavnice\/suzana-milevska-tekst-za-katalog\/\">Suzana Milevska: Tekst za katalog<\/a><br \/>\n(delavnica)<\/td>\n<\/tr>\n<\/tbody>\n<\/table>\n<p class=\"mesec13\"><strong>februar<\/strong><\/p>\n<table border=\"0\" cellspacing=\"0\" cellpadding=\"0\" width=\"100%\">\n<tbody>\n<tr>\n<td class=\"mesec\" rowspan=\"2\" width=\"20%\" valign=\"top\">\u010detrtek,<br \/>\n3. 2. 2011<\/td>\n<td class=\"tdprogramsredina\" width=\"20%\" valign=\"top\">16.00 \u2013 17.30<\/td>\n<td class=\"tdprogram\" width=\"60%\" valign=\"top\">Sa\u0161a Nabergoj in Rebeka Vidrih: Umetnost XX. stoletja. Poglavja.<\/td>\n<\/tr>\n<tr>\n<td class=\"tdprogramsredina\" width=\"20%\" valign=\"top\">17.45 \u2013 19.00<\/td>\n<td class=\"tdprogram\" width=\"60%\" valign=\"top\">Kuratorski kolegij<\/td>\n<\/tr>\n<tr>\n<td class=\"mesec\" rowspan=\"2\" width=\"20%\" valign=\"top\">\u010detrtek,<br \/>\n10. 2. 2011<\/td>\n<td class=\"tdprogramsredina\" width=\"20%\" valign=\"top\">16.00 \u2013 17.30<\/td>\n<td class=\"tdprogram\" width=\"60%\" valign=\"top\">Sa\u0161a Nabergoj in Rebeka Vidrih: Umetnost XX. stoletja. Poglavja.<\/td>\n<\/tr>\n<tr>\n<td class=\"tdprogramsredina\" width=\"20%\" valign=\"top\">17.45 \u2013 19.00<\/td>\n<td class=\"tdprogram\" width=\"60%\" valign=\"top\">Kuratorski kolegij<\/td>\n<\/tr>\n<tr>\n<td class=\"mesec\" rowspan=\"2\" width=\"20%\" valign=\"top\">\u010detrtek,<br \/>\n17. 2. 2011<\/td>\n<td class=\"tdprogramsredina\" width=\"20%\" valign=\"top\">16.00 \u2013 17.30<\/td>\n<td class=\"tdprogram\" width=\"60%\" valign=\"top\">Sa\u0161a Nabergoj in Rebeka Vidrih: Umetnost XX. stoletja. Poglavja.<\/td>\n<\/tr>\n<tr>\n<td class=\"tdprogramsredina\" width=\"20%\" valign=\"top\">17.45 \u2013 19.00<\/td>\n<td class=\"tdprogram\" width=\"60%\" valign=\"top\">Kuratorski kolegij<\/td>\n<\/tr>\n<tr>\n<td class=\"mesec\" rowspan=\"2\" width=\"20%\" valign=\"top\">\u010detrtek,<br \/>\n24. 2. 2011<\/td>\n<td class=\"tdprogramsredina\" width=\"20%\" valign=\"top\">16.00 \u2013 17.30<\/td>\n<td class=\"tdprogram\" width=\"60%\" valign=\"top\">Sa\u0161a Nabergoj in Rebeka Vidrih: Umetnost XX. stoletja. Poglavja.<\/td>\n<\/tr>\n<tr>\n<td class=\"tdprogramsredina\" width=\"20%\" valign=\"top\">17.45 \u2013 19.00<\/td>\n<td class=\"tdprogram\" width=\"60%\" valign=\"top\">Kuratorski kolegij<\/td>\n<\/tr>\n<\/tbody>\n<\/table>\n<p class=\"mesec13\"><strong>marec<\/strong><\/p>\n<table border=\"0\" cellspacing=\"0\" cellpadding=\"0\" width=\"100%\">\n<tbody>\n<tr>\n<td class=\"mesec\" rowspan=\"2\" width=\"20%\" valign=\"top\">\u010detrtek,<br \/>\n3. 3. 2011<\/td>\n<td class=\"tdprogramsredina\" width=\"20%\" valign=\"top\">16.00 \u2013 17.30<\/td>\n<td class=\"tdprogram\" width=\"60%\" valign=\"top\">Sa\u0161a Nabergoj in Rebeka Vidrih: Umetnost XX. stoletja. Poglavja.<\/td>\n<\/tr>\n<tr>\n<td class=\"tdprogramsredina\" width=\"20%\" valign=\"top\">17.45 \u2013 19.00<\/td>\n<td class=\"tdprogram\" width=\"60%\" valign=\"top\">Kuratorski kolegij<\/td>\n<\/tr>\n<tr>\n<td class=\"mesec\" rowspan=\"2\" width=\"20%\" valign=\"top\">\u010detrtek,<br \/>\n10. 3. 2011<\/td>\n<td class=\"tdprogramsredina\" width=\"20%\" valign=\"top\">16.00 \u2013 17.30<\/td>\n<td class=\"tdprogram\" width=\"60%\" valign=\"top\">Sa\u0161a Nabergoj in Rebeka Vidrih: Umetnost XX. stoletja. Poglavja.<\/td>\n<\/tr>\n<tr>\n<td class=\"tdprogramsredina\" width=\"20%\" valign=\"top\">17.45 \u2013 19.00<\/td>\n<td class=\"tdprogram\" width=\"60%\" valign=\"top\">Kuratorski kolegij<\/td>\n<\/tr>\n<tr>\n<td class=\"mesec\" rowspan=\"2\" width=\"20%\" valign=\"top\">\u010detrtek,<br \/>\n17. 3. 2011<\/td>\n<td class=\"tdprogramsredina\" width=\"20%\" valign=\"top\">16.00 \u2013 17.30<\/td>\n<td class=\"tdprogram\" width=\"60%\" valign=\"top\">Sa\u0161a Nabergoj in Rebeka Vidrih: Umetnost XX. stoletja. Poglavja.<\/td>\n<\/tr>\n<tr>\n<td class=\"tdprogramsredina\" width=\"20%\" valign=\"top\">17.45 \u2013 19.00<\/td>\n<td class=\"tdprogram\" width=\"60%\" valign=\"top\">Kuratorski kolegij<\/td>\n<\/tr>\n<tr>\n<td class=\"mesec\" rowspan=\"2\" width=\"20%\" valign=\"top\">\u010detrtek,<br \/>\n24. 3. 2011<\/td>\n<td class=\"tdprogramsredina\" width=\"20%\" valign=\"top\">16.00 \u2013 17.30<\/td>\n<td class=\"tdprogram\" width=\"60%\" valign=\"top\">Sa\u0161a Nabergoj in Rebeka Vidrih: Umetnost XX. stoletja. Poglavja.<\/td>\n<\/tr>\n<tr>\n<td class=\"tdprogramsredina\" width=\"20%\" valign=\"top\">17.45 \u2013 19.00<\/td>\n<td class=\"tdprogram\" width=\"60%\" valign=\"top\">Kuratorski kolegij<\/td>\n<\/tr>\n<tr>\n<td class=\"mesec\" rowspan=\"2\" width=\"20%\" valign=\"top\">\u010detrtek,<br \/>\n31. 3. 2011<\/td>\n<td class=\"tdprogramsredina\" width=\"20%\" valign=\"top\">16.00 \u2013 17.30<\/td>\n<td class=\"tdprogram\" width=\"60%\" valign=\"top\">Sa\u0161a Nabergoj in Rebeka Vidrih: Umetnost XX. stoletja. Poglavja.<\/td>\n<\/tr>\n<tr>\n<td class=\"tdprogramsredina\" width=\"20%\" valign=\"top\">17.45 \u2013 19.00<\/td>\n<td class=\"tdprogram\" width=\"60%\" valign=\"top\">Kuratorski kolegij<\/td>\n<\/tr>\n<\/tbody>\n<\/table>\n<p class=\"mesec13\"><strong>april<\/strong><\/p>\n<table border=\"0\" cellspacing=\"0\" cellpadding=\"0\" width=\"100%\">\n<tbody>\n<tr>\n<td class=\"mesec\" width=\"20%\" valign=\"top\">torek,<br \/>\n13. 4. 2011<\/td>\n<td class=\"tdprogramsredina\" width=\"20%\" valign=\"top\"><\/td>\n<td class=\"tdprogram\" width=\"60%\" valign=\"top\">Otvoritev kon\u010dne razstave, Galerija Alkatraz<\/td>\n<\/tr>\n<\/tbody>\n<\/table>\n<p class=\"mesec13\"><strong>maj<\/strong><\/p>\n<table border=\"0\" cellspacing=\"0\" cellpadding=\"0\" width=\"100%\">\n<tbody>\n<tr>\n<td class=\"mesec\" width=\"20%\" valign=\"top\">sobota,<br \/>\n8. 5. 2011<\/td>\n<td class=\"tdprogramsredina\" width=\"20%\" valign=\"top\"><\/td>\n<td class=\"tdprogram\" width=\"60%\" valign=\"top\">Zatvoritev kon\u010dne razstave, Galerija Alkatraz<\/td>\n<\/tr>\n<tr>\n<td class=\"mesec\" width=\"20%\" valign=\"top\">petek\u2013nedelja,<br \/>\n13.-15. 5. 2011<\/td>\n<td class=\"tdprogramsredina\" width=\"20%\" valign=\"top\"><\/td>\n<td class=\"tdprogram\" width=\"60%\" valign=\"top\">Dvodnevna \u0161tudijska osama: evaluacija razstave in celoletnega programa \u0161ole (Labin, Hrva\u0161ka)<\/td>\n<\/tr>\n<\/tbody>\n<\/table>\n<div id=\"_mcePaste\" style=\"position: absolute; left: -10000px; top: 228px; width: 1px; height: 1px; overflow: hidden;\">Jo\u017ee Bar\u0161i: Predavanje<br \/>\nIrwin: NSK Dr\u017eava v \u010dasu (detajl &#8211; Nigerijci)<\/div>\n","protected":false},"excerpt":{"rendered":"<p>Natan\u010den urnik bo objavljen za mesec dni vnaprej in se bo sproti prilagajal trenutnemu dogajanju v svetu umetnosti. Pridr\u017eujemo si pravico do sprememb. 1. SEMESTER AKTUALNI URNIK 2. SEMESTER september petek \u2013 sobota 10.-12. 9. 2010 Dvodnevna \u0161tudijska osama: analiza raziskav virtualnih razstav (Reka, Hrva\u0161ka) \u010detrtek, 16. 9. 2010 16.00 \u2013 17.00 Predstavitev raziskovalnih nalog [&hellip;]<\/p>\n","protected":false},"author":1,"featured_media":0,"parent":239,"menu_order":0,"comment_status":"closed","ping_status":"closed","template":"","meta":{"footnotes":""},"categories":[],"tags":[],"_links":{"self":[{"href":"https:\/\/www.worldofart.org\/arhiv.worldofart.org\/aktualno\/wp-json\/wp\/v2\/pages\/490"}],"collection":[{"href":"https:\/\/www.worldofart.org\/arhiv.worldofart.org\/aktualno\/wp-json\/wp\/v2\/pages"}],"about":[{"href":"https:\/\/www.worldofart.org\/arhiv.worldofart.org\/aktualno\/wp-json\/wp\/v2\/types\/page"}],"author":[{"embeddable":true,"href":"https:\/\/www.worldofart.org\/arhiv.worldofart.org\/aktualno\/wp-json\/wp\/v2\/users\/1"}],"replies":[{"embeddable":true,"href":"https:\/\/www.worldofart.org\/arhiv.worldofart.org\/aktualno\/wp-json\/wp\/v2\/comments?post=490"}],"version-history":[{"count":1,"href":"https:\/\/www.worldofart.org\/arhiv.worldofart.org\/aktualno\/wp-json\/wp\/v2\/pages\/490\/revisions"}],"predecessor-version":[{"id":9568,"href":"https:\/\/www.worldofart.org\/arhiv.worldofart.org\/aktualno\/wp-json\/wp\/v2\/pages\/490\/revisions\/9568"}],"up":[{"embeddable":true,"href":"https:\/\/www.worldofart.org\/arhiv.worldofart.org\/aktualno\/wp-json\/wp\/v2\/pages\/239"}],"wp:attachment":[{"href":"https:\/\/www.worldofart.org\/arhiv.worldofart.org\/aktualno\/wp-json\/wp\/v2\/media?parent=490"}],"wp:term":[{"taxonomy":"category","embeddable":true,"href":"https:\/\/www.worldofart.org\/arhiv.worldofart.org\/aktualno\/wp-json\/wp\/v2\/categories?post=490"},{"taxonomy":"post_tag","embeddable":true,"href":"https:\/\/www.worldofart.org\/arhiv.worldofart.org\/aktualno\/wp-json\/wp\/v2\/tags?post=490"}],"curies":[{"name":"wp","href":"https:\/\/api.w.org\/{rel}","templated":true}]}}