{"id":5,"date":"2006-12-11T19:38:13","date_gmt":"2006-12-11T18:38:13","guid":{"rendered":"http:\/\/www.worldofart.org\/aktualno\/?page_id=5"},"modified":"2018-06-18T21:59:49","modified_gmt":"2018-06-18T19:59:49","slug":"razvoj-2006-07","status":"publish","type":"page","link":"https:\/\/www.worldofart.org\/arhiv.worldofart.org\/aktualno\/razvoj-2006-07","title":{"rendered":"Razvoj 2006\/07"},"content":{"rendered":"<p>V desetem letu Sveta umetnosti se program \u0161ole posve\u010da tudi delu na prenovljenem kurikulumu; analizi in ovrednotenju preteklih devetih let in razmisleku o vsebini in formi prihodnjih letnikov.<\/p>\n<p>K debati o kuratorski praksi in razli\u010dnih modelih izobra\u017eevanja na podro\u010dju sodobne umetnosti, njihovih elementih, teoretski utemeljitvi in udejanjanju v praksi smo pritegnili \u0161tevilne doma\u010de in tuje strokovnjake. <\/p>\n<p>Pripravljamo posvete, predavanja in delavnice. <\/p>\n<hr \/>\n<ul>\n<li><a href=\"https:\/\/www.worldofart.org\/arhiv.worldofart.org\/aktualno\/razvoj-2006-7\/board\/\">Board<\/a><\/li>\n<li><a href=\"https:\/\/www.worldofart.org\/arhiv.worldofart.org\/aktualno\/razvoj-2006-7\/sodelovanje\/\">Sodelovanje<\/a><\/li>\n<\/ul>\n","protected":false},"excerpt":{"rendered":"<p>V desetem letu Sveta umetnosti se program \u0161ole posve\u010da tudi delu na prenovljenem kurikulumu; analizi in ovrednotenju preteklih devetih let in razmisleku o vsebini in formi prihodnjih letnikov. K debati o kuratorski praksi in razli\u010dnih modelih izobra\u017eevanja na podro\u010dju sodobne umetnosti, njihovih elementih, teoretski utemeljitvi in udejanjanju v praksi smo pritegnili \u0161tevilne doma\u010de in tuje [&hellip;]<\/p>\n","protected":false},"author":1,"featured_media":0,"parent":0,"menu_order":0,"comment_status":"closed","ping_status":"closed","template":"","meta":{"footnotes":""},"categories":[],"tags":[],"_links":{"self":[{"href":"https:\/\/www.worldofart.org\/arhiv.worldofart.org\/aktualno\/wp-json\/wp\/v2\/pages\/5"}],"collection":[{"href":"https:\/\/www.worldofart.org\/arhiv.worldofart.org\/aktualno\/wp-json\/wp\/v2\/pages"}],"about":[{"href":"https:\/\/www.worldofart.org\/arhiv.worldofart.org\/aktualno\/wp-json\/wp\/v2\/types\/page"}],"author":[{"embeddable":true,"href":"https:\/\/www.worldofart.org\/arhiv.worldofart.org\/aktualno\/wp-json\/wp\/v2\/users\/1"}],"replies":[{"embeddable":true,"href":"https:\/\/www.worldofart.org\/arhiv.worldofart.org\/aktualno\/wp-json\/wp\/v2\/comments?post=5"}],"version-history":[{"count":1,"href":"https:\/\/www.worldofart.org\/arhiv.worldofart.org\/aktualno\/wp-json\/wp\/v2\/pages\/5\/revisions"}],"predecessor-version":[{"id":9514,"href":"https:\/\/www.worldofart.org\/arhiv.worldofart.org\/aktualno\/wp-json\/wp\/v2\/pages\/5\/revisions\/9514"}],"wp:attachment":[{"href":"https:\/\/www.worldofart.org\/arhiv.worldofart.org\/aktualno\/wp-json\/wp\/v2\/media?parent=5"}],"wp:term":[{"taxonomy":"category","embeddable":true,"href":"https:\/\/www.worldofart.org\/arhiv.worldofart.org\/aktualno\/wp-json\/wp\/v2\/categories?post=5"},{"taxonomy":"post_tag","embeddable":true,"href":"https:\/\/www.worldofart.org\/arhiv.worldofart.org\/aktualno\/wp-json\/wp\/v2\/tags?post=5"}],"curies":[{"name":"wp","href":"https:\/\/api.w.org\/{rel}","templated":true}]}}