{"id":501,"date":"2010-09-27T18:15:42","date_gmt":"2010-09-27T16:15:42","guid":{"rendered":"http:\/\/www.worldofart.org\/aktualno\/?page_id=501"},"modified":"2018-06-18T20:51:00","modified_gmt":"2018-06-18T18:51:00","slug":"udelezenci-sole-2-semester","status":"publish","type":"page","link":"https:\/\/www.worldofart.org\/arhiv.worldofart.org\/aktualno\/trinajsti-letnik-20102011\/udelezenci-sole\/udelezenci-sole-2-semester","title":{"rendered":"Udele\u017eenci \u0161ole: 2. semester"},"content":{"rendered":"<p><img loading=\"lazy\" decoding=\"async\" width=\"100\" height=\"100\" align=\"left\" style=\"margin-right: 10px; margin-bottom: 5px; margin-top: 3px; margin-left: 0px\" src=\"https:\/\/www.worldofart.org\/arhiv.worldofart.org\/aktualno\/wp-content\/2010-11\/tecajniki\/yasmin-brik.jpg\" alt=\"Yasm\u00edn Brik\" \/><strong>Yasm\u00edn Brik<\/strong><br \/>\n\u010ceprav se je rodila v Sloveniji, je Yasm\u00edn Mart\u00edn Vodopivec ve\u010dino svojega \u017eivljenja pre\u017eivela v \u0160paniji. Diplomirala je iz slovanskih jezikov, smer ruski jezik in knji\u017eevnost, na univerzi Complutense v Madridu. Njena profesionalna pot se je za\u010dela v slovenski galeriji A+A v Madridu, kjer je delala dve leti. Po dalj\u0161em obdobju ki ga je pre\u017eivela v Rusiji, se je pred dvema letoma vrnila v Slovenijo in postala vodja kulturnega programa Veleposlani\u0161tva \u0160panije v Ljubljani. Svoje znanje je nadgradila s podiplomskim \u0161tudijem iz mednarodnega sodelovanja in kulturnega mened\u017ementa ter z magisterijem iz mened\u017ementa kulturnih in\u0161titucij in podjetij univerze v Barceloni.<\/p>\n<hr \/>\n<p><img loading=\"lazy\" decoding=\"async\" width=\"100\" height=\"100\" align=\"left\" style=\"margin-right: 10px; margin-bottom: 5px; margin-top: 3px; margin-left: 0px\" src=\"https:\/\/www.worldofart.org\/arhiv.worldofart.org\/aktualno\/wp-content\/2010-11\/tecajniki\/ana-grobler.jpg\" alt=\"Ana Grobler\" \/><strong>Ana Grobler<\/strong><br \/>\nAkademska slikarka Ana Grobler je podiplomska \u0161tudentka videa na ALUO v Ljubljani. V \u0161tudijskem letu 2009\/10 prejema \u0161tipendijo za \u0161tudij Ministrstva za kulturo. Ana Grobler razstavlja doma in v tujini, za svoje delo je prejela nekaj nominacij in priznanj, sodeluje na mednarodnem feministi\u010dnem in queer festivalu Rde\u010de zore v Ljubljani kot \u010dlanica selekcije vizualnega umetni\u0161kega programa in je asistentka v Galeriji Alkatraz. Leta 2009 je v okviru Rde\u010dih zor v Projektni sobi kurirala prvo razstavo slovenske feministi\u010dne umetnosti. Je tudi \u010dlanica projektne skupine Postaja DIVA, digitalni intermedijski video arhiv (SCCA-Ljubljana). <\/p>\n<hr \/>\n<p><img loading=\"lazy\" decoding=\"async\" width=\"100\" height=\"100\" align=\"left\" style=\"margin-right: 10px; margin-bottom: 5px; margin-top: 3px; margin-left: 0px\" src=\"https:\/\/www.worldofart.org\/arhiv.worldofart.org\/aktualno\/wp-content\/2010-11\/tecajniki\/iva-kovac.jpg\" alt=\"Iva Kova\u010d\" \/><strong>Iva Kova\u010d (1983)<\/strong><br \/>\nRojena v Splitu. Otro\u0161tvo pre\u017eivela v Mariboru. Leta 2008 je diplomirala na Akademiji likovnih umetnosti v Zagrebu, kjer je prejela nagrado za najbolj\u0161o diplomsko nalogo. V \u010dasu \u0161tudija je dobila \u0161tipendijo na Indiana University of Pennsylvania (ZDA), delala je v Peggy Guggenheim Collection v Benetkah, sodelovala je na delavnici Dana Perjovschija na Summer Academy v Salzburgu. Po \u0161tudiju je obiskovala eksperimentalni kuratorski program Kustoska platforma v Zagrebu, delala za multimedijalno gledali\u0161ko skupino Baca\u010di sjenki ter sodelovala na SAP2009 reziden\u010dnem programu v Republiki Koreji, kjer je skupaj z Elvisom Krstulovi\u0107em organizirala serijo predavanj ter izdala \u010dasopis in spletno stran <a href=\"http:\/\/www.stonenwater.org\/iva_and_elvis\/home.html\" target=\"_blank\">Art&#038;Market<\/a>.<\/p>\n<hr \/>\n<p><img loading=\"lazy\" decoding=\"async\" width=\"100\" height=\"100\" align=\"left\" style=\"margin-right: 10px; margin-bottom: 5px; margin-top: 3px; margin-left: 0px\" src=\"https:\/\/www.worldofart.org\/arhiv.worldofart.org\/aktualno\/wp-content\/2010-11\/tecajniki\/spela-pavli.jpg\" alt=\"\u0160pela Pavli\" \/><strong>\u0160pela Pavli (1982)<\/strong><br \/>\nDiplomirala iz likovne umetnosti, pri prof. Petri Varl, na Pedago\u0161ki Fakulteti v Mariboru. Leta 2005 se je udele\u017eila \u0161tudijske izmenjave na \u010ce\u0161kem (Art Centre, Olomouc). Leta 2008 vpisala magistrski \u0161tudij Teorija in filozofija vizualne kulture na Fakulteti za Humanisti\u010dne \u0161tudije v Kopru, pri prof. Ale\u0161u Erjavcu. Leta 2009 je uspe\u0161no zaklju\u010dila seminar iz pisanja o sodobni umetnosti (Zavod SCCA \u2013 Ljubljana). Ob umetni\u0161kem delu, ki je povezan s klasi\u010dnimi in novo medijskimi likovnimi tehnikami skozi pisanje in razmi\u0161ljanje, raziskuje vpra\u0161anja o sodobni umetnosti in filozofiji. Trenutno dela kot programska sodelavka v Zavodu za kulturo Delavski dom Trbovlje.<\/p>\n<hr \/>\n<p><img loading=\"lazy\" decoding=\"async\" width=\"100\" height=\"100\" align=\"left\" style=\"margin-right: 10px; margin-bottom: 5px; margin-top: 3px; margin-left: 0px\" src=\"https:\/\/www.worldofart.org\/arhiv.worldofart.org\/aktualno\/wp-content\/2010-11\/tecajniki\/lara-plavcak.jpg\" alt=\"Lara Plav\u010dak\" \/><strong>Lara Plav\u010dak (1987)<\/strong><br \/>\nRojena v Celju. Leta 2006 je vpisala enopredmetni \u0161tudij umetnostne zgodovine na Filozofski fakulteti in leto kasneje vzporedni \u0161tudij kulturologije na Fakulteti za dru\u017ebene vede. V obdobju med 2008 in 2009 je redno pisala za Kinote\u010dnik, poleg tega so njene prispevke do zdaj objavili v reviji Dialogi (2009), v Likovnih besedah (2009) in v Delovi prilogi Pogledi (2010). Od leta 2008 pomaga pri arhivu Zavoda za sodobno umetnost SCCA. Trenutno \u0161tudira v Ljubljani.<\/p>\n<div style=\"margin: 15px; color: #fff\">.<\/div>\n<hr \/>\n<p><img loading=\"lazy\" decoding=\"async\" width=\"100\" height=\"100\" align=\"left\" style=\"margin-right: 10px; margin-bottom: 5px; margin-top: 3px; margin-left: 0px\" src=\"https:\/\/www.worldofart.org\/arhiv.worldofart.org\/aktualno\/wp-content\/2010-11\/tecajniki\/vladimir-vidmar.jpg\" alt=\"Vladimir Vidmar\" \/><strong>Vladimir Vidmar (1982)<\/strong><br \/>\nRojen na Reki. Diplomiral iz filozofije na Filozofski fakulteti in novinarstva na Fakulteti za dru\u017ebene vede v Ljubljani. Kon\u010duje tudi vzporedni \u0161tudij umetnostne zgodovine. Od leta 2008 je zunanji sodelavec Mestnega muzeja Ljubljana, udele\u017eeval se je strokovnih sta\u017eev v tujini (Peggy Guggenheim Collection). Ukvarja se tudi s prevajanjem.  <\/p>\n<div style=\"margin: 20px; color: #fff\">.<\/div>\n<hr \/>\n<p><img loading=\"lazy\" decoding=\"async\" width=\"100\" height=\"100\" align=\"left\" style=\"margin-right: 10px; margin-bottom: 5px; margin-top: 3px; margin-left: 0px\" src=\"https:\/\/www.worldofart.org\/arhiv.worldofart.org\/aktualno\/wp-content\/2010-11\/tecajniki\/asta-vrecko.jpg\" alt=\"Asta Vre\u010dko\" \/><strong>Asta Vre\u010dko (1984)<\/strong><br \/>\nRojena v Celju. Diplomirala je iz Umetnostne zgodovine na Filozofski fakulteti v Ljubljani. Leta 2009 je vpisala doktorski \u0161tudij Humanistika in dru\u017eboslovje \u2013 smer umetnostna zgodovina iz slovenske umetnosti tridesetih let prej\u0161njega stoletja. Ukvarja se s prepleti politike in umetnosti, predvsem jo zanimajo svetovno nazorski pogledi umetnikov ter odraz le-teh na njihovih delih. V \u010dasu \u0161tudija je bila \u010dlanica  senata Filozofske fakultete in  dve leti predsednica dru\u0161tva \u0161tudentov umetnostne zgodovine Kunsthisterik. Od leta 2008 obiskuje \u0161tudijski bralni seminar Transformacije v umetnosti v okviru DPU. \u017divi in dela v Ljubljani.<\/p>\n<hr \/>\n<p><img loading=\"lazy\" decoding=\"async\" width=\"100\" height=\"100\" align=\"left\" style=\"margin-right: 10px; margin-bottom: 5px; margin-top: 3px; margin-left: 0px\" src=\"https:\/\/www.worldofart.org\/arhiv.worldofart.org\/aktualno\/wp-content\/2010-11\/tecajniki\/mojca-zaloznik.jpg\" alt=\"Mojca Zalo\u017enik\" \/><strong>Mojca Zalo\u017enik (1978)<\/strong><br \/>\nRojena v Ljubljani. Diplomirala je iz mikrobiologije na Biotehni\u0161ki fakulteti v Ljubljani in likovne pedagogike na Pedago\u0161ki fakulteti v Ljubljani. Zaklju\u010duje magistrski \u0161tudij biologije na Biotehni\u0161ki fakulteti v Ljubljani, leta 2007 pa je vpisala podiplomski \u0161tudij slikarstva na ALUO v Ljubljani. <\/p>\n","protected":false},"excerpt":{"rendered":"<p>Yasm\u00edn Brik \u010ceprav se je rodila v Sloveniji, je Yasm\u00edn Mart\u00edn Vodopivec ve\u010dino svojega \u017eivljenja pre\u017eivela v \u0160paniji. Diplomirala je iz slovanskih jezikov, smer ruski jezik in knji\u017eevnost, na univerzi Complutense v Madridu. Njena profesionalna pot se je za\u010dela v slovenski galeriji A+A v Madridu, kjer je delala dve leti. Po dalj\u0161em obdobju ki ga [&hellip;]<\/p>\n","protected":false},"author":1,"featured_media":0,"parent":308,"menu_order":0,"comment_status":"closed","ping_status":"closed","template":"","meta":{"footnotes":""},"categories":[],"tags":[],"_links":{"self":[{"href":"https:\/\/www.worldofart.org\/arhiv.worldofart.org\/aktualno\/wp-json\/wp\/v2\/pages\/501"}],"collection":[{"href":"https:\/\/www.worldofart.org\/arhiv.worldofart.org\/aktualno\/wp-json\/wp\/v2\/pages"}],"about":[{"href":"https:\/\/www.worldofart.org\/arhiv.worldofart.org\/aktualno\/wp-json\/wp\/v2\/types\/page"}],"author":[{"embeddable":true,"href":"https:\/\/www.worldofart.org\/arhiv.worldofart.org\/aktualno\/wp-json\/wp\/v2\/users\/1"}],"replies":[{"embeddable":true,"href":"https:\/\/www.worldofart.org\/arhiv.worldofart.org\/aktualno\/wp-json\/wp\/v2\/comments?post=501"}],"version-history":[{"count":1,"href":"https:\/\/www.worldofart.org\/arhiv.worldofart.org\/aktualno\/wp-json\/wp\/v2\/pages\/501\/revisions"}],"predecessor-version":[{"id":9565,"href":"https:\/\/www.worldofart.org\/arhiv.worldofart.org\/aktualno\/wp-json\/wp\/v2\/pages\/501\/revisions\/9565"}],"up":[{"embeddable":true,"href":"https:\/\/www.worldofart.org\/arhiv.worldofart.org\/aktualno\/wp-json\/wp\/v2\/pages\/308"}],"wp:attachment":[{"href":"https:\/\/www.worldofart.org\/arhiv.worldofart.org\/aktualno\/wp-json\/wp\/v2\/media?parent=501"}],"wp:term":[{"taxonomy":"category","embeddable":true,"href":"https:\/\/www.worldofart.org\/arhiv.worldofart.org\/aktualno\/wp-json\/wp\/v2\/categories?post=501"},{"taxonomy":"post_tag","embeddable":true,"href":"https:\/\/www.worldofart.org\/arhiv.worldofart.org\/aktualno\/wp-json\/wp\/v2\/tags?post=501"}],"curies":[{"name":"wp","href":"https:\/\/api.w.org\/{rel}","templated":true}]}}