{"id":505,"date":"2010-10-07T07:15:28","date_gmt":"2010-10-07T05:15:28","guid":{"rendered":"http:\/\/www.worldofart.org\/aktualno\/?page_id=505"},"modified":"2018-06-18T20:50:40","modified_gmt":"2018-06-18T18:50:40","slug":"bojana-leskovar-odnosi-z-javnostmi","status":"publish","type":"page","link":"https:\/\/www.worldofart.org\/arhiv.worldofart.org\/aktualno\/trinajsti-letnik-20102011\/modul-o-prakticnih-delih-kustosa\/bojana-leskovar-odnosi-z-javnostmi","title":{"rendered":"Bojana Leskovar: Odnosi z javnostmi"},"content":{"rendered":"<p>SVET UMETNOSTI<br \/>\n\u0160ola za kustose in kritike sodobne umetnosti<br \/>\nLetnik 13<br \/>\n2. semester (september 2010 \u2013 maj 2010)<\/p>\n<p><a href=\"https:\/\/www.worldofart.org\/arhiv.worldofart.org\/aktualno\/trinajsti-letnik-20102011\/modul-o-prakticnih-delih-kustosa\">Modul o prakti\u010dnih delih kustosa<\/a><br \/>\n7.-8. 10. 2010<\/p>\n<hr \/>\n<p>Odnosi z javnostmi ali pr(public relations) so s pridobitvijo domovinske pravice v Sloveniji(stari so pribli\u017eno toliko kot na\u0161a nova dr\u017eava, sicer pa dobrih sto let), zasedli tudi mesto v razli\u010dnih modulih, pou\u010devanjih, predavanjih, na \u0161olah, so predmet na univerzi&#8230; A \u0161e ni povsem nedvoumno, da se mora z odnosi z javnostmi ukvarjati nekdo, ki pozna teorijo in, za\u017eeleno, tudi prakso. Kajti pravila v odnosih z javnostmi so zato, da smo u\u010dinkovitej\u0161i, da so svari preprostej\u0161e in da delamo \u010dim manj stresno. So pa odnosi z javnostmi \u0161e bistveno kaj drugega kot samo po\u0161iljanje vabil medijem&#8230;<\/p>\n","protected":false},"excerpt":{"rendered":"<p>SVET UMETNOSTI \u0160ola za kustose in kritike sodobne umetnosti Letnik 13 2. semester (september 2010 \u2013 maj 2010) Modul o prakti\u010dnih delih kustosa 7.-8. 10. 2010 Odnosi z javnostmi ali pr(public relations) so s pridobitvijo domovinske pravice v Sloveniji(stari so pribli\u017eno toliko kot na\u0161a nova dr\u017eava, sicer pa dobrih sto let), zasedli tudi mesto v [&hellip;]<\/p>\n","protected":false},"author":1,"featured_media":0,"parent":249,"menu_order":0,"comment_status":"closed","ping_status":"closed","template":"","meta":{"footnotes":""},"categories":[],"tags":[],"_links":{"self":[{"href":"https:\/\/www.worldofart.org\/arhiv.worldofart.org\/aktualno\/wp-json\/wp\/v2\/pages\/505"}],"collection":[{"href":"https:\/\/www.worldofart.org\/arhiv.worldofart.org\/aktualno\/wp-json\/wp\/v2\/pages"}],"about":[{"href":"https:\/\/www.worldofart.org\/arhiv.worldofart.org\/aktualno\/wp-json\/wp\/v2\/types\/page"}],"author":[{"embeddable":true,"href":"https:\/\/www.worldofart.org\/arhiv.worldofart.org\/aktualno\/wp-json\/wp\/v2\/users\/1"}],"replies":[{"embeddable":true,"href":"https:\/\/www.worldofart.org\/arhiv.worldofart.org\/aktualno\/wp-json\/wp\/v2\/comments?post=505"}],"version-history":[{"count":1,"href":"https:\/\/www.worldofart.org\/arhiv.worldofart.org\/aktualno\/wp-json\/wp\/v2\/pages\/505\/revisions"}],"predecessor-version":[{"id":9544,"href":"https:\/\/www.worldofart.org\/arhiv.worldofart.org\/aktualno\/wp-json\/wp\/v2\/pages\/505\/revisions\/9544"}],"up":[{"embeddable":true,"href":"https:\/\/www.worldofart.org\/arhiv.worldofart.org\/aktualno\/wp-json\/wp\/v2\/pages\/249"}],"wp:attachment":[{"href":"https:\/\/www.worldofart.org\/arhiv.worldofart.org\/aktualno\/wp-json\/wp\/v2\/media?parent=505"}],"wp:term":[{"taxonomy":"category","embeddable":true,"href":"https:\/\/www.worldofart.org\/arhiv.worldofart.org\/aktualno\/wp-json\/wp\/v2\/categories?post=505"},{"taxonomy":"post_tag","embeddable":true,"href":"https:\/\/www.worldofart.org\/arhiv.worldofart.org\/aktualno\/wp-json\/wp\/v2\/tags?post=505"}],"curies":[{"name":"wp","href":"https:\/\/api.w.org\/{rel}","templated":true}]}}