{"id":5971,"date":"2014-02-21T13:35:40","date_gmt":"2014-02-21T11:35:40","guid":{"rendered":"http:\/\/www.worldofart.org\/aktualno\/?page_id=5971"},"modified":"2016-11-19T22:00:48","modified_gmt":"2016-11-19T20:00:48","slug":"petnajsto-leto-2014-2016","status":"publish","type":"page","link":"https:\/\/www.worldofart.org\/arhiv.worldofart.org\/aktualno\/petnajsto-leto-2014-2016","title":{"rendered":"Petnajsto leto 2014\/2016"},"content":{"rendered":"<p>SVET UMETNOSTI<br \/>\n\u0160ola za kustose in kritike sodobne umetnosti<br \/>\nLeto 15<\/p>\n<hr \/>\n<h3 class=\"solazelena\">1. letnik: 2014\/2015<\/h3>\n<ul>\n<li><a href=\"https:\/\/www.worldofart.org\/arhiv.worldofart.org\/aktualno\/petnajsto-leto-2014-2016\/serija-predavanj\"><strong>Serija predavanj<\/strong><\/a><\/li>\n<li><a href=\"https:\/\/www.worldofart.org\/arhiv.worldofart.org\/aktualno\/petnajsto-leto-2014-2016\/seminar\"><strong>Seminar<\/strong><\/a>\n<ul>\n<li>Sa\u0161a Nabergoj: Seminar iz pisanja o sodobni umetnosti <\/li>\n<li><a href=\"https:\/\/www.worldofart.org\/arhiv.worldofart.org\/aktualno\/petnajsto-leto-2014-2016\/seminar\/andrej-pezelj-emancipacija-v-polju-umetniskih-diskurzov\">Andrej Pezelj: Emancipacija v polju umetni\u0161kih diskurzov<\/li>\n<\/ul>\n<\/li>\n<li><a href=\"https:\/\/www.worldofart.org\/arhiv.worldofart.org\/aktualno\/petnajsto-leto-2014-2016\/obiski-razstav\"><strong>Obiski razstav<\/strong><\/a><\/li>\n<li><a href=\"https:\/\/www.worldofart.org\/arhiv.worldofart.org\/aktualno\/petnajsto-leto-2014-2016\/tevz-logar-obiski-ateljejev\"><strong>Obiski ateljejev<\/strong><\/a><\/li>\n<li><a href=\"https:\/\/www.worldofart.org\/arhiv.worldofart.org\/aktualno\/petnajsto-leto-2014-2016\/studijske-ekskurzije\"><strong>\u0160tudijske ekskurzije<\/strong><\/a><\/li>\n<\/ul>\n<div style=\"height: 20px;\"><\/div>\n<h3 class=\"solazelena\">2. letnik: 2015\/2016<\/h3>\n<p>Drugi letnik bo namenjen kuratorskim in kriti\u0161kim \u0161tudijam ter njihovemu preizku\u0161anju v praksi. Udele\u017eenci bodo pod mentorskim vodstvom zasnovali in izvedli razstavo sodobne umetnosti.<br \/>\nObenem pa bodo znanje iz prvega semestra lahko nadgradili s serijo fokusiranih delavnic, predavanj in modulov o prakti\u010dnem delu kustosa, ki jih bodo vodili uveljavljeni tuji in doma\u010di kustosi, teoretiki, pisci in strokovnjaki.<br \/>\nRedna sre\u010danja z mentorji bodo potekala vsak \u010detrtek od 16.00 dalje, delavnice bodo ob vikendih.<\/p>\n<hr \/>\n<p><a href=\"https:\/\/www.worldofart.org\/arhiv.worldofart.org\/aktualno\/petnajsto-leto-2014-2016\/urnik-2014-2015\"><strong>Urnik<\/strong><\/a><\/p>\n","protected":false},"excerpt":{"rendered":"<p>SVET UMETNOSTI \u0160ola za kustose in kritike sodobne umetnosti Leto 15 1. letnik: 2014\/2015 Serija predavanj Seminar Sa\u0161a Nabergoj: Seminar iz pisanja o sodobni umetnosti Andrej Pezelj: Emancipacija v polju umetni\u0161kih diskurzov Obiski razstav Obiski ateljejev \u0160tudijske ekskurzije 2. letnik: 2015\/2016 Drugi letnik bo namenjen kuratorskim in kriti\u0161kim \u0161tudijam ter njihovemu preizku\u0161anju v praksi. Udele\u017eenci [&hellip;]<\/p>\n","protected":false},"author":1,"featured_media":0,"parent":0,"menu_order":0,"comment_status":"closed","ping_status":"closed","template":"","meta":{"footnotes":""},"categories":[],"tags":[],"_links":{"self":[{"href":"https:\/\/www.worldofart.org\/arhiv.worldofart.org\/aktualno\/wp-json\/wp\/v2\/pages\/5971"}],"collection":[{"href":"https:\/\/www.worldofart.org\/arhiv.worldofart.org\/aktualno\/wp-json\/wp\/v2\/pages"}],"about":[{"href":"https:\/\/www.worldofart.org\/arhiv.worldofart.org\/aktualno\/wp-json\/wp\/v2\/types\/page"}],"author":[{"embeddable":true,"href":"https:\/\/www.worldofart.org\/arhiv.worldofart.org\/aktualno\/wp-json\/wp\/v2\/users\/1"}],"replies":[{"embeddable":true,"href":"https:\/\/www.worldofart.org\/arhiv.worldofart.org\/aktualno\/wp-json\/wp\/v2\/comments?post=5971"}],"version-history":[{"count":20,"href":"https:\/\/www.worldofart.org\/arhiv.worldofart.org\/aktualno\/wp-json\/wp\/v2\/pages\/5971\/revisions"}],"predecessor-version":[{"id":6447,"href":"https:\/\/www.worldofart.org\/arhiv.worldofart.org\/aktualno\/wp-json\/wp\/v2\/pages\/5971\/revisions\/6447"}],"wp:attachment":[{"href":"https:\/\/www.worldofart.org\/arhiv.worldofart.org\/aktualno\/wp-json\/wp\/v2\/media?parent=5971"}],"wp:term":[{"taxonomy":"category","embeddable":true,"href":"https:\/\/www.worldofart.org\/arhiv.worldofart.org\/aktualno\/wp-json\/wp\/v2\/categories?post=5971"},{"taxonomy":"post_tag","embeddable":true,"href":"https:\/\/www.worldofart.org\/arhiv.worldofart.org\/aktualno\/wp-json\/wp\/v2\/tags?post=5971"}],"curies":[{"name":"wp","href":"https:\/\/api.w.org\/{rel}","templated":true}]}}