{"id":5978,"date":"2014-02-21T15:16:07","date_gmt":"2014-02-21T13:16:07","guid":{"rendered":"http:\/\/www.worldofart.org\/aktualno\/?page_id=5978"},"modified":"2016-11-19T22:00:49","modified_gmt":"2016-11-19T20:00:49","slug":"serija-predavanj","status":"publish","type":"page","link":"https:\/\/www.worldofart.org\/arhiv.worldofart.org\/aktualno\/petnajsto-leto-2014-2016\/serija-predavanj","title":{"rendered":"Serija predavanj"},"content":{"rendered":"<p>SVET UMETNOSTI<br \/>\n\u0160ola za kustose in kritike sodobne umetnosti<br \/>\nLeto 15<br \/>\n1. letnik (oktober 2014\u2013junij 2015)<\/p>\n<hr \/>\n<p><strong>Sa\u0161a Nabergoj in Rebeka Vidrih: Umetnost XX. stoletja. Poglavja.<\/strong><br \/>\n10 predavanj<br \/>\nPregled umetni\u0161kih praks, gibanj in dru\u017ebeno politi\u010dnega konteksta ter klju\u010dnih premikov v razumevanju, tematiziranju, analizi in historizaciji likovne umetnosti v 20. stoletju.<\/p>\n<p><strong>Barbara Bor\u010di\u010d: Video kot orodje in izrazno sredstvo umetnikov. <\/strong><br \/>\n2 predavanji<br \/>\nO rabi videa kot izraznemu sredstvu. Tematski pregled video produkcije v slovenskem prostoru.<\/p>\n<p><strong>Sa\u0161a Nabergoj: Dolce Far Niente: Hvalnica lenobi<\/strong><br \/>\npredavanje<br \/>\nPredavanje raziskuje 18. stoletje, kamor segajo korenine na\u0161e obsedenosti z delom in produktivnostjo. Takrat se je v okviru razsvetljenstva formiral kapitalisti\u010dni ekonomski sistem, znotraj katerega se je pojavil racionalen diskurz o delu in ekonomiji. A isto\u010dasno se je vzpostavil tudi alternativni diskurz, ki slavi lenobo. Tu najdemo za\u010detke odpora do sodelovanja v socialnem projektu, utemeljenem na delovni etiki, in za\u010detek skepticizma do prepri\u010danja, da sta produktivnost in proizvodnja dobrin na\u0161a ultimativna \u017eivljenjska cilja. S pomo\u010djo umetnikov, kot so Kazimir Malevi\u010d, Marcel Duchamp in Mladen Stilinovi\u0107, bomo pretresli vsesplo\u0161no sprejet krog &#8220;dobave&#8221; in &#8220;povpra\u0161evanja&#8221;, ki poganja sodobno potro\u0161ni\u0161ko dru\u017ebo 21. stoletja. Lenobo bomo sku\u0161ali razumeti kot alternativo, ki lahko nujo po (multi)produkciji preobrne v svobodo za produkcijo.<\/p>\n","protected":false},"excerpt":{"rendered":"<p>SVET UMETNOSTI \u0160ola za kustose in kritike sodobne umetnosti Leto 15 1. letnik (oktober 2014\u2013junij 2015) Sa\u0161a Nabergoj in Rebeka Vidrih: Umetnost XX. stoletja. Poglavja. 10 predavanj Pregled umetni\u0161kih praks, gibanj in dru\u017ebeno politi\u010dnega konteksta ter klju\u010dnih premikov v razumevanju, tematiziranju, analizi in historizaciji likovne umetnosti v 20. stoletju. Barbara Bor\u010di\u010d: Video kot orodje in [&hellip;]<\/p>\n","protected":false},"author":1,"featured_media":0,"parent":5971,"menu_order":0,"comment_status":"closed","ping_status":"closed","template":"","meta":{"footnotes":""},"categories":[],"tags":[],"_links":{"self":[{"href":"https:\/\/www.worldofart.org\/arhiv.worldofart.org\/aktualno\/wp-json\/wp\/v2\/pages\/5978"}],"collection":[{"href":"https:\/\/www.worldofart.org\/arhiv.worldofart.org\/aktualno\/wp-json\/wp\/v2\/pages"}],"about":[{"href":"https:\/\/www.worldofart.org\/arhiv.worldofart.org\/aktualno\/wp-json\/wp\/v2\/types\/page"}],"author":[{"embeddable":true,"href":"https:\/\/www.worldofart.org\/arhiv.worldofart.org\/aktualno\/wp-json\/wp\/v2\/users\/1"}],"replies":[{"embeddable":true,"href":"https:\/\/www.worldofart.org\/arhiv.worldofart.org\/aktualno\/wp-json\/wp\/v2\/comments?post=5978"}],"version-history":[{"count":12,"href":"https:\/\/www.worldofart.org\/arhiv.worldofart.org\/aktualno\/wp-json\/wp\/v2\/pages\/5978\/revisions"}],"predecessor-version":[{"id":9509,"href":"https:\/\/www.worldofart.org\/arhiv.worldofart.org\/aktualno\/wp-json\/wp\/v2\/pages\/5978\/revisions\/9509"}],"up":[{"embeddable":true,"href":"https:\/\/www.worldofart.org\/arhiv.worldofart.org\/aktualno\/wp-json\/wp\/v2\/pages\/5971"}],"wp:attachment":[{"href":"https:\/\/www.worldofart.org\/arhiv.worldofart.org\/aktualno\/wp-json\/wp\/v2\/media?parent=5978"}],"wp:term":[{"taxonomy":"category","embeddable":true,"href":"https:\/\/www.worldofart.org\/arhiv.worldofart.org\/aktualno\/wp-json\/wp\/v2\/categories?post=5978"},{"taxonomy":"post_tag","embeddable":true,"href":"https:\/\/www.worldofart.org\/arhiv.worldofart.org\/aktualno\/wp-json\/wp\/v2\/tags?post=5978"}],"curies":[{"name":"wp","href":"https:\/\/api.w.org\/{rel}","templated":true}]}}