{"id":598,"date":"2010-10-20T21:33:23","date_gmt":"2010-10-20T19:33:23","guid":{"rendered":"http:\/\/www.worldofart.org\/aktualno\/?page_id=598"},"modified":"2018-06-18T20:46:07","modified_gmt":"2018-06-18T18:46:07","slug":"tomislav-brajnovic-ekspedicija_ego","status":"publish","type":"page","link":"https:\/\/www.worldofart.org\/arhiv.worldofart.org\/aktualno\/tomislav-brajnovic-ekspedicija_ego","title":{"rendered":"Tomislav Brajnovi\u0107: Ekspedicija_ego"},"content":{"rendered":"<p>Svet umetnosti &#8211; \u0160ola za sodobno umetnost, letnik 2010\/2011 predstavlja<\/p>\n<p><strong>Tomislav Brajnovi\u0107: Ekspedicija_ego<br \/>\n27. 10.\u201312. 11. 2010<\/strong><br \/>\nGalerija Alkatraz, AKC Metelkova mesto, Ljubljana<\/p>\n<p><strong>Odprtje v sredo, 27. oktober 2010, ob 21. uri<\/strong><\/p>\n<hr \/>\n<p><strong>Tomislav Brajnovi\u0107<\/strong> se s samostojno razstavo prvi\u010d predstavlja v slovenskem prostoru. Gre za umetnika, ki je po \u0161tudiju na akademijah v Londonu, Haagu in Zagrebu vzpostavil svojo prakso v specifi\u010dni periferni, dru\u017einski situaciji na Golem Brdu pri Rovinju na Hrva\u0161kem. Tam ima atelje, ki je del organsko rasto\u010dega in razvijajo\u010dega se dru\u017einskega posestva na hribu na koncu poti, kjer ustvarjajo in \u017eivijo njegov o\u010de, mati in brat, vsi umetniki. Sam ga uporablja tudi kot prizori\u0161\u010de razstav, enodnevnih umetni\u0161kih intervencij drugih umetnikov, ki jih kot kustos koncipira in organizira zadnjih pet let.<\/p>\n<p>V svojem delu se Brajnovi\u0107 ukvarja z ve\u010dnimi temami etike, morale in vere, kriti\u010dno prevpra\u0161uje vlogo ideologije, politike, dru\u017ebe, analizira vpliv potro\u0161ni\u0161tva, manipulacije, medijske propagande in vpliva kolektivnih in individualnih mitov. K tem vpra\u0161anjem pristopa trezno analiti\u010dno, kriti\u010dno in skrajno anga\u017eirano. Njegove strategije so najpogosteje deskriptivne in narativne, jezik enostaven, izbru\u0161en in \u010dist, a njegovo sporo\u010dilo precizno in subtilno.<\/p>\n<p>Na razstavi v Galeriji Alkatraz se bo Brajnovi\u0107 predstavil s fotografijami in videi iz dveh serij: <em>Arkti\u010dni krog (The Arctic Circle)<\/em> in <em>Ego Trip<\/em>.<\/p>\n<figure id=\"attachment_11962\" aria-describedby=\"caption-attachment-11962\" style=\"width: 640px\" class=\"wp-caption alignnone\"><img loading=\"lazy\" decoding=\"async\" class=\"wp-image-11962 size-large\" src=\"https:\/\/www.worldofart.org\/arhiv.worldofart.org\/aktualno\/wp-content\/uploads\/2010\/10\/Tomislav-Brajnovic_Ekspedicija-ego-707x471.jpg\" alt=\"\" width=\"640\" height=\"426\" srcset=\"https:\/\/www.worldofart.org\/arhiv.worldofart.org\/aktualno\/wp-content\/uploads\/2010\/10\/Tomislav-Brajnovic_Ekspedicija-ego-707x471.jpg 707w, https:\/\/www.worldofart.org\/arhiv.worldofart.org\/aktualno\/wp-content\/uploads\/2010\/10\/Tomislav-Brajnovic_Ekspedicija-ego-400x267.jpg 400w, https:\/\/www.worldofart.org\/arhiv.worldofart.org\/aktualno\/wp-content\/uploads\/2010\/10\/Tomislav-Brajnovic_Ekspedicija-ego-768x512.jpg 768w, https:\/\/www.worldofart.org\/arhiv.worldofart.org\/aktualno\/wp-content\/uploads\/2010\/10\/Tomislav-Brajnovic_Ekspedicija-ego.jpg 992w\" sizes=\"(max-width: 640px) 100vw, 640px\" \/><figcaption id=\"caption-attachment-11962\" class=\"wp-caption-text\">Tomislav Brajnovi\u0107, <em>Hitrost (Speed)<\/em>, 2009<\/figcaption><\/figure>\n<p><strong>ARKTI\u010cNI KROG<\/strong><br \/>\nProjekt\/odprava Arkti\u010dni krog se je v organizaciji The Farm fondacije iz New Yorka odvila oktobra 2009. Petnajst umetnikov, trije znanstveniki in ekipa (direktor fondacije, novinar in pet \u010dlanov posadke) je petnajst dni plula po fjordih Svalbarda, pribli\u017eno 1.000 km od severnega pola. Stoletna ladja je tako postala za\u010dasen inkubator za razmi\u0161ljanje, raziskovanje in sodelovanje njenih skrbno izbranih potnikov. Surove razmere v fjordih arhipelaga (mraz, nezmo\u017enost dolgoro\u010dne intervencije v prostor&#8230;), od koder ponavadi krenejo ekspedicije osvajanja daljnega severa, so narekovale specifi\u010den na\u010din dela realiziranja umetni\u0161kih projektov in izvajanja znanstvenih raziskav.<\/p>\n<p>Brajnovi\u0107 je napravil serijo intervencij v prostoru: <em>Pohlep (Greed)<\/em>, <em>Ogenj (Fire)<\/em>, <em>Zgodovina (History)<\/em>, <em>Hitrost (Speed)<\/em>, jih dokumentiral s fotografijami in posnel \u0161tiri videe: <em>Mir (Peace)<\/em>, <em>Geneza (Genesis)<\/em>, <em>Zastava (Flag)<\/em> in <em>Ego Trip<\/em>.<br \/>\nVideo <em>Ego Trip<\/em> je hkrati sti\u010dni element obeh serij <em>Arkti\u010dni krog<\/em> in <em>Ego Trip<\/em>. Za Brajnovi\u010devo prakso je namre\u010d zna\u010dilna procesualnost in s tem nenehen razvoj posami\u010dnih, tudi \u017ee dokon\u010danih del, ki pogosto pripeljejo do prepletov znotraj njegovega opusa.<\/p>\n<p><strong>EGO TRIP<\/strong><br \/>\nSerija <em>Ego Trip<\/em> se ukvarja s prisotnostjo in potovanjem \u010dlove\u0161kega (in s tem tudi umetnikovega) ega po paradigmatskih mestih, centrih mo\u010di. Serijo sestavljajo fotografije umetnika v klasi\u010dni obleki s &#8220;skrivnostno&#8221; osvetljenim obrazom na razli\u010dnih koncih umetnostnega sveta (od New Yorka do Benetk), posnetih v specifi\u010dni svetlobi trenutkov, ko se dan preve\u0161a v ve\u010der. Obleko s samostojno razsvetljavo je skonstruiral sam, slu\u017ei pa poudarjanjem osebe umetnika, njegove domi\u0161ljavosti in s tem kontinuiranem razgaljanju njegovega ega.<\/p>\n<p>Na\u010din produkcije Brajnovi\u0107evih del je nelo\u010dljivo povezan z njihovo konceptualizacijo. Video dela so praviloma posneta v enem kadru, monta\u017ee prakti\u010dno ni. Sam tudi konstruira tehnolo\u0161ki del svojih projektov. Brajnovi\u0107 deluje po principu brklja\u010da (bricoleurja), ki pri pridobivanju znanja in ve\u0161\u010din posega v tisto neumetni\u0161ko polje, ki ga v dolo\u010denem trenutku potrebuje za izvedbo svojih idej in ho\u010de pri grajenju lastnega umetni\u0161kega sveta obvladovati tudi tehni\u010dni del izvedbe.<\/p>\n<p><em>Sa\u0161a Nabergoj<\/em><\/p>\n<hr \/>\n<p>Svet umetnosti, \u0160ola za sodobno umetnost je od leta 1997 razvil razli\u010dne formate izobra\u017eevanja v polju sodobne umetnosti: te\u010daj za kustose, seminar iz pisanja, predavanja, delavnice, okrogle mize, posvete, situacije, intervencije, razstave&#8230; Razstave so bile praviloma sklepni del skupnega dela te\u010dajnikov, bodo\u010dih kustosov. Od leta 2005 dalje se je v okviru \u0161ole razvila platforma, ki je skozi razli\u010dne na\u010dine delovanja omogo\u010dala analizo in refleksijo preteklih dose\u017ekov, obenem pa tudi razmislek o bodo\u010dem delovanju Sveta umetnosti. Tako se je na primer v okviru Laboratorija kuratorskih praks v letih 2006\/2007 razmi\u0161ljalo o in kontekstualiziralo razli\u010dne na\u010dine delovanja in sodelovanja v svetu umetnosti. Del procesa je bil tudi <em><a href=\"https:\/\/www.worldofart.org\/arhiv.worldofart.org\/aktualno\/laboratorij-2006-07\/labsus\">Labsus, Odprta platforma kuratorjev, piscev, umetnikov in teoretikov<\/a><\/em>, ki je junija 2007 delovala v Galeriji \u0160kuc.  Z razstavno dokumentarnim projektom <em><a href=\"https:\/\/www.worldofart.org\/arhiv.worldofart.org\/aktualno\/archives\/222\">V 4.380 dneh okoli sveta umetnosti \/ Svet umetnosti 1997-2009<\/a><\/em> je bila oktobra 2009 v Galeriji Alkatraz celostno predstavljena dvanajstletna zgodovina \u0161ole. Poleg umetni\u0161kih del je bil na ogled tudi uredni\u0161ko obdelan arhiv dogodkov, akcij, predavanj, delavnic, razstav. Aprila 2010 pa je z delom v okviru povsem prenovljenega Sveta umetnosti za\u010dela \u0161tirinajsta generacija.<\/p>\n<p>Pri\u010dujo\u010da razstava zaklju\u010duje dolgotrajen proces razmisleka o preteklosti in gradnje prihodnosti. Tomislav Brajnovi\u0107 je bil na razli\u010dnih ravneh vpleten v raziskovalni proces \u0161ole od leta 2006 dalje, njegovo umetni\u0161ko kot tudi kuratorsko prakso pa razumemo kot primer odgovornega in dobrega delovanja na obeh poljih. In kot taki klju\u010den del \u0161ole, ki se ukvarja s kuratorskimi, kriti\u0161kimi in umetni\u0161kimi praksami.<\/p>\n<hr \/>\n<p><a href=\"https:\/\/www.worldofart.org\/arhiv.worldofart.org\/aktualno\/tomislav-brajnovic-ekspedicija_ego\/tomislav-brajnovic-ekspedicija_ego-dela\">Izbor del z razstave<\/a><\/p>\n<p><a href=\"https:\/\/www.worldofart.org\/arhiv.worldofart.org\/aktualno\/tomislav-brajnovic-ekspedicija_ego\/tomislav-brajnovic-ekspedicija_ego-otvoritev\">Fotografije z otvoritve<\/a><\/p>\n<p><a href=\"https:\/\/www.worldofart.org\/arhiv.worldofart.org\/aktualno\/tomislav-brajnovic-ekspedicija_ego\/tomislav-brajnovic-ekspedicija_ego-razstava\">Fotografije postavitve razstave<\/a><\/p>\n<hr \/>\n<p>FOTOGRAFIJE ZA MEDIJE<\/p>\n<p><a href=\" http:\/\/www.scca-ljubljana.si\/press\/razstava-brajnovic\/\" target=\"_blank\">www.scca-ljubljana.si\/press\/razstava-brajnovic<\/a><\/p>\n<hr \/>\n<p>Kustosinji: <strong>Sa\u0161a Nabergoj<\/strong>, <strong>Sonja Zavrtanik<\/strong><br \/>\nProdukcija: <a href=\"http:\/\/www.scca-ljubljana.si\" target=\"_blank\"><strong>Zavod SCCA-Ljubljana<\/strong><\/a><br \/>\nV sodelovanju z: <a href=\"http:\/\/www.galerijalkatraz.org\/\" target=\"_blank\"><strong>Galerija Alkatraz \/ KUD Mre\u017ea<\/strong><\/a><\/p>\n<hr \/>\n<p>Zavod SCCA-Ljubljana, Metelkova 6, 1000 Ljubljana, http:\/\/www.scca-ljubljana.si<br \/>\nTel.: (01) 431 83 85, kontaktna oseba: Du\u0161an Dov\u010d, 051 361 681, production.manager@scca-ljubljana.si<br \/>\n(Program Zavoda SCCA-Ljubljana podpirata MOL, Oddelek za kulturo in Ministrstvo za kulturo RS.)<\/p>\n","protected":false},"excerpt":{"rendered":"<p>Svet umetnosti &#8211; \u0160ola za sodobno umetnost, letnik 2010\/2011 predstavlja Tomislav Brajnovi\u0107: Ekspedicija_ego 27. 10.\u201312. 11. 2010 Galerija Alkatraz, AKC Metelkova mesto, Ljubljana Odprtje v sredo, 27. oktober 2010, ob 21. uri Tomislav Brajnovi\u0107 se s samostojno razstavo prvi\u010d predstavlja v slovenskem prostoru. Gre za umetnika, ki je po \u0161tudiju na akademijah v Londonu, Haagu [&hellip;]<\/p>\n","protected":false},"author":1,"featured_media":11962,"parent":0,"menu_order":0,"comment_status":"closed","ping_status":"closed","template":"","meta":{"footnotes":""},"categories":[],"tags":[],"_links":{"self":[{"href":"https:\/\/www.worldofart.org\/arhiv.worldofart.org\/aktualno\/wp-json\/wp\/v2\/pages\/598"}],"collection":[{"href":"https:\/\/www.worldofart.org\/arhiv.worldofart.org\/aktualno\/wp-json\/wp\/v2\/pages"}],"about":[{"href":"https:\/\/www.worldofart.org\/arhiv.worldofart.org\/aktualno\/wp-json\/wp\/v2\/types\/page"}],"author":[{"embeddable":true,"href":"https:\/\/www.worldofart.org\/arhiv.worldofart.org\/aktualno\/wp-json\/wp\/v2\/users\/1"}],"replies":[{"embeddable":true,"href":"https:\/\/www.worldofart.org\/arhiv.worldofart.org\/aktualno\/wp-json\/wp\/v2\/comments?post=598"}],"version-history":[{"count":3,"href":"https:\/\/www.worldofart.org\/arhiv.worldofart.org\/aktualno\/wp-json\/wp\/v2\/pages\/598\/revisions"}],"predecessor-version":[{"id":11966,"href":"https:\/\/www.worldofart.org\/arhiv.worldofart.org\/aktualno\/wp-json\/wp\/v2\/pages\/598\/revisions\/11966"}],"wp:featuredmedia":[{"embeddable":true,"href":"https:\/\/www.worldofart.org\/arhiv.worldofart.org\/aktualno\/wp-json\/wp\/v2\/media\/11962"}],"wp:attachment":[{"href":"https:\/\/www.worldofart.org\/arhiv.worldofart.org\/aktualno\/wp-json\/wp\/v2\/media?parent=598"}],"wp:term":[{"taxonomy":"category","embeddable":true,"href":"https:\/\/www.worldofart.org\/arhiv.worldofart.org\/aktualno\/wp-json\/wp\/v2\/categories?post=598"},{"taxonomy":"post_tag","embeddable":true,"href":"https:\/\/www.worldofart.org\/arhiv.worldofart.org\/aktualno\/wp-json\/wp\/v2\/tags?post=598"}],"curies":[{"name":"wp","href":"https:\/\/api.w.org\/{rel}","templated":true}]}}