{"id":5980,"date":"2014-02-21T15:17:31","date_gmt":"2014-02-21T13:17:31","guid":{"rendered":"http:\/\/www.worldofart.org\/aktualno\/?page_id=5980"},"modified":"2016-11-19T22:00:49","modified_gmt":"2016-11-19T20:00:49","slug":"seminar","status":"publish","type":"page","link":"https:\/\/www.worldofart.org\/arhiv.worldofart.org\/aktualno\/petnajsto-leto-2014-2016\/seminar","title":{"rendered":"Seminar"},"content":{"rendered":"<p>SVET UMETNOSTI<br \/>\n\u0160ola za kustose in kritike sodobne umetnosti<br \/>\nLeto 15<br \/>\n1. letnik (oktober 2014\u2013junij 2015)<\/p>\n<hr \/>\n<p><strong>Seminar iz pisanja o sodobni umetnosti<\/strong><br \/>\nMentorica v 1. letniku: Sa\u0161a Nabergoj<br \/>\nMentorica v 2. letniku: Barbara Bor\u010di\u0107<\/p>\n<p>Seminar iz pisanja o sodobni umetnosti poteka individualno z vsakim udele\u017eencem; po obisku dogovorjene razstave sodobne umetnosti ali strokovne ekskurzije mora udele\u017eenec pod mentorskim vodstvom napisati kritiko razstave oz. poro\u010dilo\/pregled umetni\u0161ke scene obiskanega mesta s kriti\u010dnim premislekom. Kon\u010dne verzije kritik in poro\u010dil so objavljene na spletni strani \u0161ole v rubrikah <a title=\"Kritike razstav\" href=\"https:\/\/www.worldofart.org\/arhiv.worldofart.org\/aktualno\/archives\/category\/kritike-razstav-analize-del\">Kritike razstav<\/a> in <a href=\"https:\/\/www.worldofart.org\/arhiv.worldofart.org\/aktualno\/archives\/category\/porocila\">Poro\u010dila<\/a>.<\/p>\n<p>&#8212;<\/p>\n<p><strong>Seminar: Uvod v teorijo<\/strong><br \/>\n<a href=\"https:\/\/www.worldofart.org\/arhiv.worldofart.org\/aktualno\/petnajsto-leto-2014-2016\/seminar\/andrej-pezelj-emancipacija-v-polju-umetniskih-diskurzov\"><strong>Andrej Pezelj: Emancipacija v polju umetni\u0161kih diskurzov<\/strong><\/a><br \/>\nV sklopu deseturnega seminarja <em>Emancipacija v polju umetni\u0161kih diskurzov<\/em> bomo, skozi analizo tekstov Rancierja, Bourdieuja in Foucaulta, posku\u0161ali postaviti temelje za emancipacijo v strogo hierarhiziranem umetni\u0161kem diskurzu, kjer \u0161e danes pogosto prevladuje metafora.<\/p>\n<p>&#8212;<\/p>\n<p><strong>Seminar: Interpretacija \u2013 analiza umetni\u0161kega dela<\/strong><br \/>\nMentorica: Barbara Bor\u010di\u0107<\/p>\n<p>Pri seminarju smo se tokrat osredoto\u010dili na analizo posami\u010dnih umetni\u0161kih del s pregledne razstave NSK od Kapitala do kapitala. Neue Slowenische Kunst \u2013 dogodek zadnjega desetletja Jugoslavije (Moderna galerija Ljubljana, 11. maj\u201316. avgust 2015).<br \/>\nNa obse\u017enih razstavah se vse prepogosto zgodi, da so umetni\u0161ka dela zapostavljena zaradi splo\u0161nih ocen prireditve ali pa se jih na hitro odpravi s stereotipnimi, vnaprej\u0161njimi in povr\u0161inskimi izjavami o sodobni umetnosti, umetniku ali galeriji. Da bi se temu izognili, smo v okviru seminarja spodbudili pisanje analiz in interpretacij umetnin z razstave. Analiza dela z dolo\u010dene pozicije izjavljanja je hkrati \u017ee interpretacija, ki jo dolo\u010da ve\u010d faktorjev: izbor dela, poznavanje umetni\u0161kih praks in produkcijskih pogojev, metodolo\u0161ki prijem, nabor znanja in izku\u0161enj, praksa pisanja \u2026<br \/>\nNaloga je bila preprosta: izbrati eno umetni\u0161ko delo in se preizkusiti v analizi. Sledilo je ve\u010d obiskov razstave, pogovorov, mentorskih posvetov in predelav.<\/p>\n<p>Besedila te\u010dajnic in te\u010dajnikov:<\/p>\n<ul>\n<li><a href=\"https:\/\/www.worldofart.org\/arhiv.worldofart.org\/aktualno\/archives\/8345\">Kritike razstave Narobe obrnjeno \u2013 Ne tako bela kocka<\/a><\/li>\n<li><a href=\"https:\/\/www.worldofart.org\/arhiv.worldofart.org\/aktualno\/archives\/8054\">Analize umetnin z razstave NSK od Kapitala do kapitala. Neue Slowenische Kunst \u2013 dogodek zadnjega desetletja Jugoslavije<\/a><\/li>\n<\/ul>\n","protected":false},"excerpt":{"rendered":"<p>SVET UMETNOSTI \u0160ola za kustose in kritike sodobne umetnosti Leto 15 1. letnik (oktober 2014\u2013junij 2015) Seminar iz pisanja o sodobni umetnosti Mentorica v 1. letniku: Sa\u0161a Nabergoj Mentorica v 2. letniku: Barbara Bor\u010di\u0107 Seminar iz pisanja o sodobni umetnosti poteka individualno z vsakim udele\u017eencem; po obisku dogovorjene razstave sodobne umetnosti ali strokovne ekskurzije mora [&hellip;]<\/p>\n","protected":false},"author":1,"featured_media":0,"parent":5971,"menu_order":0,"comment_status":"closed","ping_status":"closed","template":"","meta":{"footnotes":""},"categories":[],"tags":[],"_links":{"self":[{"href":"https:\/\/www.worldofart.org\/arhiv.worldofart.org\/aktualno\/wp-json\/wp\/v2\/pages\/5980"}],"collection":[{"href":"https:\/\/www.worldofart.org\/arhiv.worldofart.org\/aktualno\/wp-json\/wp\/v2\/pages"}],"about":[{"href":"https:\/\/www.worldofart.org\/arhiv.worldofart.org\/aktualno\/wp-json\/wp\/v2\/types\/page"}],"author":[{"embeddable":true,"href":"https:\/\/www.worldofart.org\/arhiv.worldofart.org\/aktualno\/wp-json\/wp\/v2\/users\/1"}],"replies":[{"embeddable":true,"href":"https:\/\/www.worldofart.org\/arhiv.worldofart.org\/aktualno\/wp-json\/wp\/v2\/comments?post=5980"}],"version-history":[{"count":24,"href":"https:\/\/www.worldofart.org\/arhiv.worldofart.org\/aktualno\/wp-json\/wp\/v2\/pages\/5980\/revisions"}],"predecessor-version":[{"id":9506,"href":"https:\/\/www.worldofart.org\/arhiv.worldofart.org\/aktualno\/wp-json\/wp\/v2\/pages\/5980\/revisions\/9506"}],"up":[{"embeddable":true,"href":"https:\/\/www.worldofart.org\/arhiv.worldofart.org\/aktualno\/wp-json\/wp\/v2\/pages\/5971"}],"wp:attachment":[{"href":"https:\/\/www.worldofart.org\/arhiv.worldofart.org\/aktualno\/wp-json\/wp\/v2\/media?parent=5980"}],"wp:term":[{"taxonomy":"category","embeddable":true,"href":"https:\/\/www.worldofart.org\/arhiv.worldofart.org\/aktualno\/wp-json\/wp\/v2\/categories?post=5980"},{"taxonomy":"post_tag","embeddable":true,"href":"https:\/\/www.worldofart.org\/arhiv.worldofart.org\/aktualno\/wp-json\/wp\/v2\/tags?post=5980"}],"curies":[{"name":"wp","href":"https:\/\/api.w.org\/{rel}","templated":true}]}}