{"id":5991,"date":"2014-02-21T15:25:11","date_gmt":"2014-02-21T13:25:11","guid":{"rendered":"http:\/\/www.worldofart.org\/aktualno\/?page_id=5991"},"modified":"2016-11-19T22:00:49","modified_gmt":"2016-11-19T20:00:49","slug":"studijske-ekskurzije","status":"publish","type":"page","link":"https:\/\/www.worldofart.org\/arhiv.worldofart.org\/aktualno\/petnajsto-leto-2014-2016\/studijske-ekskurzije","title":{"rendered":"\u0160tudijske ekskurzije"},"content":{"rendered":"<p>SVET UMETNOSTI<br \/>\n\u0160ola za kustose in kritike sodobne umetnosti<br \/>\nLeto 15<br \/>\n1. letnik (oktober 2014\u2013junij 2015)<\/p>\n<hr \/>\n<p>Na \u0161tudijskih ekskurzijah po Sloveniji se bodo udele\u017eenci \u0161ole seznanili s prizori\u0161\u010di, njihovimi protagonisti, umetni\u0161ko produkcijo ter funkcioniranjem umetnostnega sistema, ki ponujajo mo\u017enosti za nadaljnje raziskovanje in sodelovanje.<\/p>\n<hr \/>\n<p><strong>STROKOVNA EKSKURZIJA V PIVKO, HI\u0160A KULTURE V PIVKI, 13. 2. 2015<\/strong><\/p>\n<div class=\"komentar2\">\n<p class=\"komentarslike\"><img loading=\"lazy\" decoding=\"async\" style=\"border: 0; margin: 0; padding: 0 0 7px 0;\" src=\"https:\/\/www.worldofart.org\/arhiv.worldofart.org\/current\/wp-content\/uploads\/2014\/03\/ekskurzija-pivka.jpg\" alt=\"Strokovna ekskurzija v Pivko, Hi\u0161a kulture v Pivki, 13. 2. 2015\" title=\"Strokovna ekskurzija v Pivko, Hi\u0161a kulture v Pivki, 13. 2. 2015\"  width=\"600\" height=\"300\" class=\"alignnone size-full wp-image-2606\" \/><\/p>\n<\/div>\n<div style=\"clear: both;\"><\/div>\n<p>PROGRAM<\/p>\n<p>16.30 odhod iz Metelkove 6<\/p>\n<p>18.00 Mojca Grmek, Tanja Milhar\u010di\u010d, Leon Zuodar: predstavitev zgodovine, programov in delovanja <a href=\"http:\/\/hisakulturepivka.com\/\" target=\"_blank\">Hi\u0161e kulture<\/a>.<\/p>\n<p>19.00 Predogled razstave <a href=\"http:\/\/www.vesna-bukovec.net\/eng\/projects\/vesna-bukovec-in-ce-se-motim-and-if-i-am-wrong\" target=\"_blank\">Vesna Bukovec: <em>In \u010de se motim? \/ And if I am wrong?<\/em><\/a> z vodstvom umetnice in kuratorke Mojce Grmek.<br \/>\n(<a href=\"https:\/\/www.worldofart.org\/arhiv.worldofart.org\/aktualno\/archives\/7262\">kritika razstave<\/a>)<\/p>\n<hr \/>\n<p><strong>STROKOVNA EKSKURZIJA V GORICO, 16. 1. 2015<\/strong><\/p>\n<div class=\"komentar2\">\n<p class=\"komentarslike\"><a href=\"https:\/\/www.worldofart.org\/arhiv.worldofart.org\/aktualno\/archives\/7915\"><img loading=\"lazy\" decoding=\"async\" style=\"border: 0; margin: 0; padding: 0 0 7px 0;\"  src=\"https:\/\/www.worldofart.org\/arhiv.worldofart.org\/aktualno\/wp-content\/uploads\/2014\/02\/ekskurzija-vsu.jpg\" alt=\"\" title=\"Strokovna ekskurzija v Gorico, 16. 1. 2015\" width=\"600\" height=\"300\" class=\"alignnone size-full wp-image-7923\" srcset=\"https:\/\/www.worldofart.org\/arhiv.worldofart.org\/aktualno\/wp-content\/uploads\/2014\/02\/ekskurzija-vsu.jpg 600w, https:\/\/www.worldofart.org\/arhiv.worldofart.org\/aktualno\/wp-content\/uploads\/2014\/02\/ekskurzija-vsu-300x150.jpg 300w\" sizes=\"(max-width: 600px) 100vw, 600px\" \/><br \/>\n<strong>Poro\u010dilo z ekskurzije v Gorico: 16. januar 2015<\/strong><\/a><\/p>\n<\/div>\n<div style=\"clear: both;\"><\/div>\n<p>PROGRAM<\/p>\n<p>8.30: odhod iz Metelkove 6<\/p>\n<p>10.00\u201314.00: Rene Rusjan in Bo\u0161tjan Potokar, ustanovitelja in vodji <a href=\"http:\/\/www.ung.si\/sl\/studij\/visoka-sola-za-umetnost\/\" target=\"_blank\">Visoke \u0161ole za umetnost<\/a> (Univerza v Novi Gorici, Gorica): predstavitev zgodovine in programa \u0161ole; obhod ateljejev s \u0161tudenti (Palazzo Alvarez, Via Armando Diaz 5, Gorizia)<\/p>\n<p>14.00\u201315.30: kosilo<\/p>\n<p>15.30\u201318.00: Mateja Zorn in Nadja Velu\u0161\u010dek: predstavitev zgodovine, projektov in delovanja Kino ateljeja (Piazza della Vittoria \/ Travnik 38, Gorizia)<\/p>\n<p>18.00\u2013: Odprtje semestrske razstave \u0161tudentov V\u0160U (Palazzo Alvarez, Via Armando Diaz 5, Gorizia)<\/p>\n<hr \/>\n<p><strong>STROKOVNA EKSKURZIJA V CELJE, 10. 11. 2014<\/strong><\/p>\n<div class=\"komentar2\">\n<p class=\"komentarslike\"><a href=\"https:\/\/www.worldofart.org\/arhiv.worldofart.org\/aktualno\/archives\/7039\"><img loading=\"lazy\" decoding=\"async\" style=\"border: 0; margin: 0; padding: 0 0 7px 0;\" src=\"https:\/\/www.worldofart.org\/arhiv.worldofart.org\/aktualno\/wp-content\/uploads\/2014\/02\/ekskurzija-celje-2014.jpg\" alt=\"Poro\u010dilo z ekskurzije v Celje: 10. november 2014\" title=\"Poro\u010dilo z ekskurzije v Celje: 10. november 2014\" width=\"600\" height=\"300\" class=\"alignnone size-full wp-image-7073\" srcset=\"https:\/\/www.worldofart.org\/arhiv.worldofart.org\/aktualno\/wp-content\/uploads\/2014\/02\/ekskurzija-celje-2014.jpg 600w, https:\/\/www.worldofart.org\/arhiv.worldofart.org\/aktualno\/wp-content\/uploads\/2014\/02\/ekskurzija-celje-2014-300x150.jpg 300w\" sizes=\"(max-width: 600px) 100vw, 600px\" \/><br \/>\n<strong>Poro\u010dilo z ekskurzije v Celje: 10. november 2014<\/strong><\/a><\/p>\n<\/div>\n<div style=\"clear: both;\"><\/div>\n<p>PROGRAM<\/p>\n<p>9.30: odhod iz Metelkove 6<\/p>\n<p>11.00\u201313.00: Maja Anton\u010di\u010d, kustosinja: predstavitev <a href=\"http:\/\/www.celeia.info\/center_sodobnih_umetnosti\" target=\"_blank\">Centra sodobne umetnosti<\/a>: Galerija sodobne umetnosti in Likovni salon (Trg celjskih knezov 8) ter vodstvo po razstavi <em><a href=\"http:\/\/www.celeia.info\/Galerija_sodobne_umetnosti_Celje\" target=\"_blank\">Vidno\/nevidno. Afekt in razpolo\u017eenje skozi fotografijo<\/a><\/em> (Galerija sodobne umetnosti).<\/p>\n<p>13.00\u201314.30: kosilo<\/p>\n<p>14.30\u201316.30: Maja Anton\u010di\u010d: predstavitev umetni\u0161ke \u010detrti, obiski ateljejev in pogovori z umetniki ter predstavitev <a href=\"https:\/\/www.facebook.com\/AQ.galerija?fref=ts\" target=\"_blank\">Galerije AQ<\/a> (Na okopih 2c).<\/p>\n<p>16.30: Matija Plevnik: predstavitev <a href=\"http:\/\/www.culture.si\/en\/Plevnik-Kronkowska_Gallery\" target=\"_blank\">Plevnik-Kronkowska galerije<\/a> (Ulica Kozjanskega odreda 5)<strong><\/strong><\/p>\n<p>19.00: Otvoritev razstave <em><a href=\"http:\/\/sestankinaprostem.wordpress.com\/\" target=\"_blank\">Sestanki na prostem<\/a><\/em> v Likovnem salonu, vodstvo po razstavi (kustosinja Ida Hir\u0161enfelder)<br \/>\n(<a href=\"https:\/\/www.worldofart.org\/arhiv.worldofart.org\/aktualno\/archives\/6785\">kritika razstave<\/a>)<\/p>\n<hr \/>\n<p><a href=\"https:\/\/www.worldofart.org\/arhiv.worldofart.org\/aktualno\/stirinajsti-letnik-20112013\/studijske-ekskurzije\">&raquo; \u0160tudijske ekskurzije v 14. letu<\/a><\/p>\n","protected":false},"excerpt":{"rendered":"<p>SVET UMETNOSTI \u0160ola za kustose in kritike sodobne umetnosti Leto 15 1. letnik (oktober 2014\u2013junij 2015) Na \u0161tudijskih ekskurzijah po Sloveniji se bodo udele\u017eenci \u0161ole seznanili s prizori\u0161\u010di, njihovimi protagonisti, umetni\u0161ko produkcijo ter funkcioniranjem umetnostnega sistema, ki ponujajo mo\u017enosti za nadaljnje raziskovanje in sodelovanje. STROKOVNA EKSKURZIJA V PIVKO, HI\u0160A KULTURE V PIVKI, 13. 2. 2015 [&hellip;]<\/p>\n","protected":false},"author":1,"featured_media":0,"parent":5971,"menu_order":0,"comment_status":"closed","ping_status":"closed","template":"","meta":{"footnotes":""},"categories":[],"tags":[],"_links":{"self":[{"href":"https:\/\/www.worldofart.org\/arhiv.worldofart.org\/aktualno\/wp-json\/wp\/v2\/pages\/5991"}],"collection":[{"href":"https:\/\/www.worldofart.org\/arhiv.worldofart.org\/aktualno\/wp-json\/wp\/v2\/pages"}],"about":[{"href":"https:\/\/www.worldofart.org\/arhiv.worldofart.org\/aktualno\/wp-json\/wp\/v2\/types\/page"}],"author":[{"embeddable":true,"href":"https:\/\/www.worldofart.org\/arhiv.worldofart.org\/aktualno\/wp-json\/wp\/v2\/users\/1"}],"replies":[{"embeddable":true,"href":"https:\/\/www.worldofart.org\/arhiv.worldofart.org\/aktualno\/wp-json\/wp\/v2\/comments?post=5991"}],"version-history":[{"count":21,"href":"https:\/\/www.worldofart.org\/arhiv.worldofart.org\/aktualno\/wp-json\/wp\/v2\/pages\/5991\/revisions"}],"predecessor-version":[{"id":9512,"href":"https:\/\/www.worldofart.org\/arhiv.worldofart.org\/aktualno\/wp-json\/wp\/v2\/pages\/5991\/revisions\/9512"}],"up":[{"embeddable":true,"href":"https:\/\/www.worldofart.org\/arhiv.worldofart.org\/aktualno\/wp-json\/wp\/v2\/pages\/5971"}],"wp:attachment":[{"href":"https:\/\/www.worldofart.org\/arhiv.worldofart.org\/aktualno\/wp-json\/wp\/v2\/media?parent=5991"}],"wp:term":[{"taxonomy":"category","embeddable":true,"href":"https:\/\/www.worldofart.org\/arhiv.worldofart.org\/aktualno\/wp-json\/wp\/v2\/categories?post=5991"},{"taxonomy":"post_tag","embeddable":true,"href":"https:\/\/www.worldofart.org\/arhiv.worldofart.org\/aktualno\/wp-json\/wp\/v2\/tags?post=5991"}],"curies":[{"name":"wp","href":"https:\/\/api.w.org\/{rel}","templated":true}]}}