{"id":5995,"date":"2014-02-21T15:28:48","date_gmt":"2014-02-21T13:28:48","guid":{"rendered":"http:\/\/www.worldofart.org\/aktualno\/?page_id=5995"},"modified":"2016-11-19T22:00:48","modified_gmt":"2016-11-19T20:00:48","slug":"kuratorski-tecaj","status":"publish","type":"page","link":"https:\/\/www.worldofart.org\/arhiv.worldofart.org\/aktualno\/petnajsto-leto-2014-2016\/kuratorski-tecaj","title":{"rendered":"Kuratorski te\u010daj"},"content":{"rendered":"<p>SVET UMETNOSTI<br \/>\n\u0160ola za kustose in kritike sodobne umetnosti<br \/>\nLeto 15<br \/>\n2. letnik (oktober 2015\u2013junij 2016)<\/p>\n<hr \/>\n<p>Udele\u017eenke bodo v obliki skupinskega dela zasnovale in izvedle razstavo sodobne umetnosti v <a href=\"http:\/\/www.galerijaskuc.si\/\" target=\"_blank\"><strong>Galeriji \u0160kuc<\/strong><\/a>. Odprtje razstave bo 26. maja 2016.<\/p>\n<p>Delo poteka pod mentorskim vodstvom <strong>Alenke Gregori\u010d<\/strong> in<strong> Mirana Moharja<\/strong>.<\/p>\n<hr \/>\n<p>Snovanje razstave<\/p>\n<p><a href=\"https:\/\/www.worldofart.org\/arhiv.worldofart.org\/aktualno\/wp-content\/uploads\/2014\/02\/kuratorski-tecaj-leto15_01.jpg\" rel=\"lightbox[5995]\"><img loading=\"lazy\" decoding=\"async\" class=\"alignnone size-thumbnail wp-image-8497\" src=\"https:\/\/www.worldofart.org\/arhiv.worldofart.org\/aktualno\/wp-content\/uploads\/2014\/02\/kuratorski-tecaj-leto15_01-150x150.jpg\" alt=\"Kuratorski te\u010daj. Leto15, 2. letnik.\" width=\"150\" height=\"150\" \/><\/a> <a href=\"https:\/\/www.worldofart.org\/arhiv.worldofart.org\/aktualno\/wp-content\/uploads\/2014\/02\/kuratorski-tecaj-leto15_02.jpg\" rel=\"lightbox[5995]\"><img loading=\"lazy\" decoding=\"async\" class=\"alignnone size-thumbnail wp-image-8498\" src=\"https:\/\/www.worldofart.org\/arhiv.worldofart.org\/aktualno\/wp-content\/uploads\/2014\/02\/kuratorski-tecaj-leto15_02-150x150.jpg\" alt=\"Kuratorski te\u010daj. Leto15, 2. letnik.\" width=\"150\" height=\"150\" \/><\/a> <a href=\"https:\/\/www.worldofart.org\/arhiv.worldofart.org\/aktualno\/wp-content\/uploads\/2014\/02\/kuratorski-tecaj-leto15_03.jpg\" rel=\"lightbox[5995]\"><img loading=\"lazy\" decoding=\"async\" class=\"alignnone size-thumbnail wp-image-8499\" src=\"https:\/\/www.worldofart.org\/arhiv.worldofart.org\/aktualno\/wp-content\/uploads\/2014\/02\/kuratorski-tecaj-leto15_03-150x150.jpg\" alt=\"Kuratorski te\u010daj. Leto15, 2. letnik.\" width=\"150\" height=\"150\" \/><\/a> <a href=\"https:\/\/www.worldofart.org\/arhiv.worldofart.org\/aktualno\/wp-content\/uploads\/2014\/02\/kuratorski-tecaj-leto15_04.jpg\" rel=\"lightbox[5995]\"><img loading=\"lazy\" decoding=\"async\" class=\"alignnone size-thumbnail wp-image-8500\" src=\"https:\/\/www.worldofart.org\/arhiv.worldofart.org\/aktualno\/wp-content\/uploads\/2014\/02\/kuratorski-tecaj-leto15_04-150x150.jpg\" alt=\"Kuratorski te\u010daj. Leto15, 2. letnik.\" width=\"150\" height=\"150\" \/><\/a> <a href=\"https:\/\/www.worldofart.org\/arhiv.worldofart.org\/aktualno\/wp-content\/uploads\/2014\/02\/kuratorski-tecaj-leto15_05.jpg\" rel=\"lightbox[5995]\"><img loading=\"lazy\" decoding=\"async\" class=\"alignnone size-thumbnail wp-image-8501\" src=\"https:\/\/www.worldofart.org\/arhiv.worldofart.org\/aktualno\/wp-content\/uploads\/2014\/02\/kuratorski-tecaj-leto15_05-150x150.jpg\" alt=\"Kuratorski te\u010daj. Leto15, 2. letnik.\" width=\"150\" height=\"150\" \/><\/a> <a href=\"https:\/\/www.worldofart.org\/arhiv.worldofart.org\/aktualno\/wp-content\/uploads\/2014\/02\/kuratorski-tecaj-leto15_06.jpg\" rel=\"lightbox[5995]\"><img loading=\"lazy\" decoding=\"async\" class=\"alignnone size-thumbnail wp-image-8502\" src=\"https:\/\/www.worldofart.org\/arhiv.worldofart.org\/aktualno\/wp-content\/uploads\/2014\/02\/kuratorski-tecaj-leto15_06-150x150.jpg\" alt=\"Kuratorski te\u010daj. Leto15, 2. letnik.\" width=\"150\" height=\"150\" \/><\/a> <a href=\"https:\/\/www.worldofart.org\/arhiv.worldofart.org\/aktualno\/wp-content\/uploads\/2014\/02\/kuratorski-tecaj-leto15_07.jpg\" rel=\"lightbox[5995]\"><img loading=\"lazy\" decoding=\"async\" class=\"alignnone size-thumbnail wp-image-8503\" src=\"https:\/\/www.worldofart.org\/arhiv.worldofart.org\/aktualno\/wp-content\/uploads\/2014\/02\/kuratorski-tecaj-leto15_07-150x150.jpg\" alt=\"Kuratorski te\u010daj. Leto15, 2. letnik.\" width=\"150\" height=\"150\" \/><\/a> <a href=\"https:\/\/www.worldofart.org\/arhiv.worldofart.org\/aktualno\/wp-content\/uploads\/2014\/02\/kuratorski-tecaj-leto15_08.jpg\" rel=\"lightbox[5995]\"><img loading=\"lazy\" decoding=\"async\" class=\"alignnone size-thumbnail wp-image-8504\" src=\"https:\/\/www.worldofart.org\/arhiv.worldofart.org\/aktualno\/wp-content\/uploads\/2014\/02\/kuratorski-tecaj-leto15_08-150x150.jpg\" alt=\"Kuratorski te\u010daj. Leto15, 2. letnik.\" width=\"150\" height=\"150\" \/><\/a><\/p>\n<hr \/>\n<p>Sre\u010danje v Galeriji \u0160kuc, 31. 3. 2016<\/p>\n<p><a href=\"https:\/\/www.worldofart.org\/arhiv.worldofart.org\/aktualno\/wp-content\/uploads\/2014\/02\/k01.jpg\" rel=\"lightbox[5995]\"><img loading=\"lazy\" decoding=\"async\" class=\"alignnone size-thumbnail wp-image-8538\" src=\"https:\/\/www.worldofart.org\/arhiv.worldofart.org\/aktualno\/wp-content\/uploads\/2014\/02\/k01-150x150.jpg\" alt=\"Sre\u010danje v Galeriji \u0160kuc, 31. 3. 2016\" width=\"150\" height=\"150\" \/><\/a> <a href=\"https:\/\/www.worldofart.org\/arhiv.worldofart.org\/aktualno\/wp-content\/uploads\/2014\/02\/k02.jpg\" rel=\"lightbox[5995]\"><img loading=\"lazy\" decoding=\"async\" class=\"alignnone size-thumbnail wp-image-8539\" src=\"https:\/\/www.worldofart.org\/arhiv.worldofart.org\/aktualno\/wp-content\/uploads\/2014\/02\/k02-150x150.jpg\" alt=\"Sre\u010danje v Galeriji \u0160kuc, 31. 3. 2016\" width=\"150\" height=\"150\" \/><\/a> <a href=\"https:\/\/www.worldofart.org\/arhiv.worldofart.org\/aktualno\/wp-content\/uploads\/2014\/02\/k03.jpg\" rel=\"lightbox[5995]\"><img loading=\"lazy\" decoding=\"async\" class=\"alignnone size-thumbnail wp-image-8540\" src=\"https:\/\/www.worldofart.org\/arhiv.worldofart.org\/aktualno\/wp-content\/uploads\/2014\/02\/k03-150x150.jpg\" alt=\"Sre\u010danje v Galeriji \u0160kuc, 31. 3. 2016\" width=\"150\" height=\"150\" \/><\/a> <a href=\"https:\/\/www.worldofart.org\/arhiv.worldofart.org\/aktualno\/wp-content\/uploads\/2014\/02\/k04.jpg\" rel=\"lightbox[5995]\"><img loading=\"lazy\" decoding=\"async\" class=\"alignnone size-thumbnail wp-image-8541\" src=\"https:\/\/www.worldofart.org\/arhiv.worldofart.org\/aktualno\/wp-content\/uploads\/2014\/02\/k04-150x150.jpg\" alt=\"Sre\u010danje v Galeriji \u0160kuc, 31. 3. 2016\" width=\"150\" height=\"150\" \/><\/a><\/p>\n<hr \/>\n<p>Iskanje povezav med umetni\u0161kimi deli, 7. 4. 2016<\/p>\n<p><a href=\"https:\/\/www.worldofart.org\/arhiv.worldofart.org\/aktualno\/wp-content\/uploads\/2014\/02\/kuratorski-kolegij_pisanje-besedila1.jpg\" rel=\"lightbox[5995]\"><img loading=\"lazy\" decoding=\"async\" class=\"alignnone size-thumbnail wp-image-8597\" src=\"https:\/\/www.worldofart.org\/arhiv.worldofart.org\/aktualno\/wp-content\/uploads\/2014\/02\/kuratorski-kolegij_pisanje-besedila1-150x150.jpg\" alt=\"Iskanje povezav med umetni\u0161kimi deli, 7. 4. 2016\" width=\"150\" height=\"150\" \/><\/a> <a href=\"https:\/\/www.worldofart.org\/arhiv.worldofart.org\/aktualno\/wp-content\/uploads\/2014\/02\/kuratorski-kolegij_pisanje-besedila3.jpg\" rel=\"lightbox[5995]\"><img loading=\"lazy\" decoding=\"async\" class=\"alignnone size-thumbnail wp-image-8598\" src=\"https:\/\/www.worldofart.org\/arhiv.worldofart.org\/aktualno\/wp-content\/uploads\/2014\/02\/kuratorski-kolegij_pisanje-besedila3-150x150.jpg\" alt=\"Iskanje povezav med umetni\u0161kimi deli, 7. 4. 2016\" width=\"150\" height=\"150\" \/><\/a> <a href=\"https:\/\/www.worldofart.org\/arhiv.worldofart.org\/aktualno\/wp-content\/uploads\/2014\/02\/kuratorski-kolegij_pisanje-besedila4.jpg\" rel=\"lightbox[5995]\"><img loading=\"lazy\" decoding=\"async\" class=\"alignnone size-thumbnail wp-image-8599\" src=\"https:\/\/www.worldofart.org\/arhiv.worldofart.org\/aktualno\/wp-content\/uploads\/2014\/02\/kuratorski-kolegij_pisanje-besedila4-150x150.jpg\" alt=\"Iskanje povezav med umetni\u0161kimi deli, 7. 4. 2016\" width=\"150\" height=\"150\" \/><\/a> <a href=\"https:\/\/www.worldofart.org\/arhiv.worldofart.org\/aktualno\/wp-content\/uploads\/2014\/02\/kuratorski-kolegij_pisanje-besedila5.jpg\" rel=\"lightbox[5995]\"><img loading=\"lazy\" decoding=\"async\" class=\"alignnone size-thumbnail wp-image-8600\" src=\"https:\/\/www.worldofart.org\/arhiv.worldofart.org\/aktualno\/wp-content\/uploads\/2014\/02\/kuratorski-kolegij_pisanje-besedila5-150x150.jpg\" alt=\"Iskanje povezav med umetni\u0161kimi deli, 7. 4. 2016\" width=\"150\" height=\"150\" \/><\/a><\/p>\n<hr \/>\n<p>Pisanje spremnega besedila za razstavo, 14. 4. 2016<\/p>\n<p><a href=\"https:\/\/www.worldofart.org\/arhiv.worldofart.org\/aktualno\/wp-content\/uploads\/2014\/02\/pisanje-besedila-1.jpg\" rel=\"lightbox[5995]\"><img loading=\"lazy\" decoding=\"async\" class=\"alignnone size-thumbnail wp-image-8608\" src=\"https:\/\/www.worldofart.org\/arhiv.worldofart.org\/aktualno\/wp-content\/uploads\/2014\/02\/pisanje-besedila-1-150x150.jpg\" alt=\"Pisanje spremnega besedila za razstavo, 14. 4. 2016\" width=\"150\" height=\"150\" \/><\/a> <a href=\"https:\/\/www.worldofart.org\/arhiv.worldofart.org\/aktualno\/wp-content\/uploads\/2014\/02\/pisanje-besedila-2.jpg\" rel=\"lightbox[5995]\"><img loading=\"lazy\" decoding=\"async\" class=\"alignnone size-thumbnail wp-image-8609\" src=\"https:\/\/www.worldofart.org\/arhiv.worldofart.org\/aktualno\/wp-content\/uploads\/2014\/02\/pisanje-besedila-2-150x150.jpg\" alt=\"Pisanje spremnega besedila za razstavo, 14. 4. 2016\" width=\"150\" height=\"150\" \/><\/a> <a href=\"https:\/\/www.worldofart.org\/arhiv.worldofart.org\/aktualno\/wp-content\/uploads\/2014\/02\/pisanje-besedila-3.jpg\" rel=\"lightbox[5995]\"><img loading=\"lazy\" decoding=\"async\" class=\"alignnone size-thumbnail wp-image-8610\" src=\"https:\/\/www.worldofart.org\/arhiv.worldofart.org\/aktualno\/wp-content\/uploads\/2014\/02\/pisanje-besedila-3-150x150.jpg\" alt=\"Pisanje spremnega besedila za razstavo, 14. 4. 2016\" width=\"150\" height=\"150\" \/><\/a> <a href=\"https:\/\/www.worldofart.org\/arhiv.worldofart.org\/aktualno\/wp-content\/uploads\/2014\/02\/pisanje-besedila-4.jpg\" rel=\"lightbox[5995]\"><img loading=\"lazy\" decoding=\"async\" class=\"alignnone size-thumbnail wp-image-8611\" src=\"https:\/\/www.worldofart.org\/arhiv.worldofart.org\/aktualno\/wp-content\/uploads\/2014\/02\/pisanje-besedila-4-150x150.jpg\" alt=\"Pisanje spremnega besedila za razstavo, 14. 4. 2016\" width=\"150\" height=\"150\" \/><\/a><\/p>\n<hr \/>\n<p>Pisanje opisov del za razstavo, 5. 5. 2016<\/p>\n<p><a href=\"https:\/\/www.worldofart.org\/arhiv.worldofart.org\/aktualno\/wp-content\/uploads\/2014\/02\/kuratorski-kolegij_pisanje-opisov1.jpg\" rel=\"lightbox[5995]\"><img loading=\"lazy\" decoding=\"async\" class=\"alignnone size-thumbnail wp-image-8638\" src=\"https:\/\/www.worldofart.org\/arhiv.worldofart.org\/aktualno\/wp-content\/uploads\/2014\/02\/kuratorski-kolegij_pisanje-opisov1-150x150.jpg\" alt=\"Pisanje opisov del za razstavo, 5. 5. 2016\" width=\"150\" height=\"150\" \/><\/a> <a href=\"https:\/\/www.worldofart.org\/arhiv.worldofart.org\/aktualno\/wp-content\/uploads\/2014\/02\/kuratorski-kolegij_pisanje-opisov-del2.jpg\" rel=\"lightbox[5995]\"><img loading=\"lazy\" decoding=\"async\" class=\"alignnone size-thumbnail wp-image-8639\" src=\"https:\/\/www.worldofart.org\/arhiv.worldofart.org\/aktualno\/wp-content\/uploads\/2014\/02\/kuratorski-kolegij_pisanje-opisov-del2-150x150.jpg\" alt=\"Pisanje opisov del za razstavo, 5. 5. 2016\" width=\"150\" height=\"150\" \/><\/a> <a href=\"https:\/\/www.worldofart.org\/arhiv.worldofart.org\/aktualno\/wp-content\/uploads\/2014\/02\/kuratorski-kolegij_pisanje-opisov-del3.jpg\" rel=\"lightbox[5995]\"><img loading=\"lazy\" decoding=\"async\" class=\"alignnone size-thumbnail wp-image-8640\" src=\"https:\/\/www.worldofart.org\/arhiv.worldofart.org\/aktualno\/wp-content\/uploads\/2014\/02\/kuratorski-kolegij_pisanje-opisov-del3-150x150.jpg\" alt=\"Pisanje opisov del za razstavo, 5. 5. 2016\" width=\"150\" height=\"150\" \/><\/a> <a href=\"https:\/\/www.worldofart.org\/arhiv.worldofart.org\/aktualno\/wp-content\/uploads\/2014\/02\/kuratorski-kolegij_pisanje-opisov-del4.jpg\" rel=\"lightbox[5995]\"><img loading=\"lazy\" decoding=\"async\" class=\"alignnone size-thumbnail wp-image-8641\" src=\"https:\/\/www.worldofart.org\/arhiv.worldofart.org\/aktualno\/wp-content\/uploads\/2014\/02\/kuratorski-kolegij_pisanje-opisov-del4-150x150.jpg\" alt=\"Pisanje opisov del za razstavo, 5. 5. 2016\" width=\"150\" height=\"150\" \/><\/a><\/p>\n<hr \/>\n<p>Sestanek v galeriji \u0160kuc, 11. 5. 2016<\/p>\n<p><a href=\"https:\/\/www.worldofart.org\/arhiv.worldofart.org\/aktualno\/wp-content\/uploads\/2014\/02\/sestanek_skuc1.jpg\" rel=\"lightbox[5995]\"><img loading=\"lazy\" decoding=\"async\" class=\"alignnone size-thumbnail wp-image-8643\" src=\"https:\/\/www.worldofart.org\/arhiv.worldofart.org\/aktualno\/wp-content\/uploads\/2014\/02\/sestanek_skuc1-150x150.jpg\" alt=\"Sestanek v galeriji \u0160kuc, 11. 5. 2016\" width=\"150\" height=\"150\" \/><\/a> <a href=\"https:\/\/www.worldofart.org\/arhiv.worldofart.org\/aktualno\/wp-content\/uploads\/2014\/02\/sestanek_skuc2.jpg\" rel=\"lightbox[5995]\"><img loading=\"lazy\" decoding=\"async\" class=\"alignnone size-thumbnail wp-image-8644\" src=\"https:\/\/www.worldofart.org\/arhiv.worldofart.org\/aktualno\/wp-content\/uploads\/2014\/02\/sestanek_skuc2-150x150.jpg\" alt=\"Sestanek v galeriji \u0160kuc, 11. 5. 2016\" width=\"150\" height=\"150\" \/><\/a> <a href=\"https:\/\/www.worldofart.org\/arhiv.worldofart.org\/aktualno\/wp-content\/uploads\/2014\/02\/sestanek_skuc3.jpg\" rel=\"lightbox[5995]\"><img loading=\"lazy\" decoding=\"async\" class=\"alignnone size-thumbnail wp-image-8645\" src=\"https:\/\/www.worldofart.org\/arhiv.worldofart.org\/aktualno\/wp-content\/uploads\/2014\/02\/sestanek_skuc3-150x150.jpg\" alt=\"Sestanek v galeriji \u0160kuc, 11. 5. 2016\" width=\"150\" height=\"150\" \/><\/a> <a href=\"https:\/\/www.worldofart.org\/arhiv.worldofart.org\/aktualno\/wp-content\/uploads\/2014\/02\/sestanek_skuc4.jpg\" rel=\"lightbox[5995]\"><img loading=\"lazy\" decoding=\"async\" class=\"alignnone size-thumbnail wp-image-8646\" src=\"https:\/\/www.worldofart.org\/arhiv.worldofart.org\/aktualno\/wp-content\/uploads\/2014\/02\/sestanek_skuc4-150x150.jpg\" alt=\"Sestanek v galeriji \u0160kuc, 11. 5. 2016\" width=\"150\" height=\"150\" \/><\/a><\/p>\n<hr \/>\n<p>Postavljanje kon\u010dne razstave v Galeriji \u0160kuc, 21.\u201326. 5. 2016<\/p>\n<p><a href=\"https:\/\/www.worldofart.org\/arhiv.worldofart.org\/aktualno\/wp-content\/uploads\/2014\/02\/postavljanje-razstave-12.jpg\" rel=\"lightbox[5995]\"><img loading=\"lazy\" decoding=\"async\" class=\"alignnone size-thumbnail wp-image-8791\" src=\"https:\/\/www.worldofart.org\/arhiv.worldofart.org\/aktualno\/wp-content\/uploads\/2014\/02\/postavljanje-razstave-12-150x150.jpg\" alt=\"Postavljanje kon\u010dne razstave v Galeriji \u0160kuc, 21.\u201326. 5. 2016\" width=\"150\" height=\"150\" \/><\/a> <a href=\"https:\/\/www.worldofart.org\/arhiv.worldofart.org\/aktualno\/wp-content\/uploads\/2014\/02\/postavljanje-razstave-1.jpg\" rel=\"lightbox[5995]\"><img loading=\"lazy\" decoding=\"async\" class=\"alignnone size-thumbnail wp-image-8748\" src=\"https:\/\/www.worldofart.org\/arhiv.worldofart.org\/aktualno\/wp-content\/uploads\/2014\/02\/postavljanje-razstave-1-150x150.jpg\" alt=\"Postavljanje kon\u010dne razstave v Galeriji \u0160kuc, 21.\u201326. 5. 2016 \" width=\"150\" height=\"150\" \/><\/a> <a href=\"https:\/\/www.worldofart.org\/arhiv.worldofart.org\/aktualno\/wp-content\/uploads\/2014\/02\/postavljanje-razstave-3.jpg\" rel=\"lightbox[5995]\"><img loading=\"lazy\" decoding=\"async\" class=\"alignnone size-thumbnail wp-image-8750\" src=\"https:\/\/www.worldofart.org\/arhiv.worldofart.org\/aktualno\/wp-content\/uploads\/2014\/02\/postavljanje-razstave-3-150x150.jpg\" alt=\"Postavljanje kon\u010dne razstave v Galeriji \u0160kuc, 21.\u201326. 5. 2016 \" width=\"150\" height=\"150\" \/><\/a> <a href=\"https:\/\/www.worldofart.org\/arhiv.worldofart.org\/aktualno\/wp-content\/uploads\/2014\/02\/postavljanje-razstave-6.jpg\" rel=\"lightbox[5995]\"><img loading=\"lazy\" decoding=\"async\" class=\"alignnone size-thumbnail wp-image-8753\" src=\"https:\/\/www.worldofart.org\/arhiv.worldofart.org\/aktualno\/wp-content\/uploads\/2014\/02\/postavljanje-razstave-6-150x150.jpg\" alt=\"Postavljanje kon\u010dne razstave v Galeriji \u0160kuc, 21.\u201326. 5. 2016 \" width=\"150\" height=\"150\" \/><\/a> <a href=\"https:\/\/www.worldofart.org\/arhiv.worldofart.org\/aktualno\/wp-content\/uploads\/2014\/02\/postavljanje-razstave-7.jpg\" rel=\"lightbox[5995]\"><img loading=\"lazy\" decoding=\"async\" class=\"alignnone size-thumbnail wp-image-8754\" src=\"https:\/\/www.worldofart.org\/arhiv.worldofart.org\/aktualno\/wp-content\/uploads\/2014\/02\/postavljanje-razstave-7-150x150.jpg\" alt=\"Postavljanje kon\u010dne razstave v Galeriji \u0160kuc, 21.\u201326. 5. 2016 \" width=\"150\" height=\"150\" \/><\/a> <a href=\"https:\/\/www.worldofart.org\/arhiv.worldofart.org\/aktualno\/wp-content\/uploads\/2014\/02\/postavljanje-razstave-11.jpg\" rel=\"lightbox[5995]\"><img loading=\"lazy\" decoding=\"async\" class=\"alignnone size-thumbnail wp-image-8790\" src=\"https:\/\/www.worldofart.org\/arhiv.worldofart.org\/aktualno\/wp-content\/uploads\/2014\/02\/postavljanje-razstave-11-150x150.jpg\" alt=\"Postavljanje kon\u010dne razstave v Galeriji \u0160kuc, 21.\u201326. 5. 2016\" width=\"150\" height=\"150\" \/><\/a> <a href=\"https:\/\/www.worldofart.org\/arhiv.worldofart.org\/aktualno\/wp-content\/uploads\/2014\/02\/postavljanje-razstave-10.jpg\" rel=\"lightbox[5995]\"><img loading=\"lazy\" decoding=\"async\" class=\"alignnone size-thumbnail wp-image-8789\" src=\"https:\/\/www.worldofart.org\/arhiv.worldofart.org\/aktualno\/wp-content\/uploads\/2014\/02\/postavljanje-razstave-10-150x150.jpg\" alt=\"Postavljanje kon\u010dne razstave v Galeriji \u0160kuc, 21.\u201326. 5. 2016\" width=\"150\" height=\"150\" \/><\/a> <a href=\"https:\/\/www.worldofart.org\/arhiv.worldofart.org\/aktualno\/wp-content\/uploads\/2014\/02\/postavljanje-razstave-13.jpg\" rel=\"lightbox[5995]\"><img loading=\"lazy\" decoding=\"async\" class=\"alignnone size-thumbnail wp-image-8792\" src=\"https:\/\/www.worldofart.org\/arhiv.worldofart.org\/aktualno\/wp-content\/uploads\/2014\/02\/postavljanje-razstave-13-150x150.jpg\" alt=\"Postavljanje kon\u010dne razstave v Galeriji \u0160kuc, 21.\u201326. 5. 2016\" width=\"150\" height=\"150\" \/><\/a><\/p>\n<hr \/>\n<p>Zadnje sre\u010danje: evalvacija programa, razstave in podelitev diplom, 30. 6. 2016<\/p>\n<p><img loading=\"lazy\" decoding=\"async\" src=\"https:\/\/www.worldofart.org\/arhiv.worldofart.org\/aktualno\/wp-content\/uploads\/2014\/02\/SU15leto-zadnje-srecanje.jpg\" alt=\"Zadnje sre\u010danje: evalvacija programa, razstave in podelitev diplom, 30. 6. 2016\" width=\"610\" height=\"343\" class=\"alignnone size-full wp-image-8955\" srcset=\"https:\/\/www.worldofart.org\/arhiv.worldofart.org\/aktualno\/wp-content\/uploads\/2014\/02\/SU15leto-zadnje-srecanje.jpg 610w, https:\/\/www.worldofart.org\/arhiv.worldofart.org\/aktualno\/wp-content\/uploads\/2014\/02\/SU15leto-zadnje-srecanje-300x169.jpg 300w\" sizes=\"(max-width: 610px) 100vw, 610px\" \/><\/p>\n<hr \/>\n<p><img loading=\"lazy\" decoding=\"async\" style=\"margin: 3px 10px 5px 0px;\" src=\"https:\/\/www.worldofart.org\/arhiv.worldofart.org\/aktualno\/wp-content\/2011-13\/miran-mohar.jpg\" alt=\"Miran Mohar\" width=\"100\" height=\"100\" align=\"left\" \/><strong>Miran Mohar (1958)<\/strong><br \/>\nSlikar, oblikovalec in scenograf. \u017divi in dela v Ljubljani. Je \u010dlan skupine Irwin in so-ustanovitelj gibanja Neue Slowenische Kunst, oblikovalskega studia Novi kolektivizem in Gledali\u0161\u010da Sester Scipion Nasice. Je tudi predavatelj na Akademiji za vizualne umetnosti Ljubljana in njen prodekan ter so-ustanovitelj gibanja Maja Farol za odprto arhitekturo.<\/p>\n<p>&nbsp;<\/p>\n<p><img loading=\"lazy\" decoding=\"async\" class=\"alignleft size-full wp-image-8081\" style=\"margin: 3px 10px 5px 0px;\" title=\"Alenka Gregori\u010d, foto: Mavric Pivk\/Delo\" src=\"https:\/\/www.worldofart.org\/arhiv.worldofart.org\/aktualno\/wp-content\/uploads\/2015\/10\/alenka-gregoric.jpg\" alt=\"\" width=\"100\" height=\"100\" \/><strong>Alenka Gregori\u010d (1976)<\/strong><br \/>\nUmetnostna zgodovinarka, kuratorka in piska. Med leti 2003 in 2009 je bila umetni\u0161ka vodja Galerije \u0160kuc, od leta 2010 pa je umetni\u0161ka vodja Mestne galerije Ljubljana in Toba\u010dne 001 \u2013 Muzej in galerije mesta Ljubljane. V letu 2009 je kurirala slovenski paviljon na bene\u0161kem bienalu in sokurirala 28. Grafi\u010dni bienale v Ljubljani, leta 2011 je z Galit Eilat sokurirala <em>52. Oktobrski salon<\/em> v Beogradu, v 2014 pa je bila ena od kuratork projekta <em>Curated by_Vienna<\/em>. Kurirala je ve\u010d kot petdeset samostojnih in skupinskih razstav v Sloveniji in v tujini, kjer so med drugimi razstavljali tudi Vuk \u0106osi\u0107, Jan Fabre, Omer Fast, Harun Farocki, Vadim Fi\u0161kin, Irwin, Jannis Kounellis, Rabih Morue, Ivan Moudov, Marjetica Potr\u010d, Mladen Stilinovi\u0107, Ra\u0161a Todosojevi\u0107, Bill Viola, Katarina Zdjelar in \u0161tevilni drugi. Napisala tudi \u0161tevilne eseje, kritike in \u010dlanke za razli\u010dne knjige umetnikov, kataloge in druge publikacije.\u00a0 Osrednja to\u010dka njenega zanimanja je predvsem odgovornost institucij in posameznikov, ki ustvarjajo sodobno umetnost, kakor tudi njihova vloga v sodobni dru\u017ebi.<\/p>\n","protected":false},"excerpt":{"rendered":"<p>SVET UMETNOSTI \u0160ola za kustose in kritike sodobne umetnosti Leto 15 2. letnik (oktober 2015\u2013junij 2016) Udele\u017eenke bodo v obliki skupinskega dela zasnovale in izvedle razstavo sodobne umetnosti v Galeriji \u0160kuc. Odprtje razstave bo 26. maja 2016. Delo poteka pod mentorskim vodstvom Alenke Gregori\u010d in Mirana Moharja. Snovanje razstave Sre\u010danje v Galeriji \u0160kuc, 31. 3. [&hellip;]<\/p>\n","protected":false},"author":1,"featured_media":0,"parent":5971,"menu_order":0,"comment_status":"closed","ping_status":"closed","template":"","meta":{"footnotes":""},"categories":[],"tags":[],"_links":{"self":[{"href":"https:\/\/www.worldofart.org\/arhiv.worldofart.org\/aktualno\/wp-json\/wp\/v2\/pages\/5995"}],"collection":[{"href":"https:\/\/www.worldofart.org\/arhiv.worldofart.org\/aktualno\/wp-json\/wp\/v2\/pages"}],"about":[{"href":"https:\/\/www.worldofart.org\/arhiv.worldofart.org\/aktualno\/wp-json\/wp\/v2\/types\/page"}],"author":[{"embeddable":true,"href":"https:\/\/www.worldofart.org\/arhiv.worldofart.org\/aktualno\/wp-json\/wp\/v2\/users\/1"}],"replies":[{"embeddable":true,"href":"https:\/\/www.worldofart.org\/arhiv.worldofart.org\/aktualno\/wp-json\/wp\/v2\/comments?post=5995"}],"version-history":[{"count":26,"href":"https:\/\/www.worldofart.org\/arhiv.worldofart.org\/aktualno\/wp-json\/wp\/v2\/pages\/5995\/revisions"}],"predecessor-version":[{"id":8956,"href":"https:\/\/www.worldofart.org\/arhiv.worldofart.org\/aktualno\/wp-json\/wp\/v2\/pages\/5995\/revisions\/8956"}],"up":[{"embeddable":true,"href":"https:\/\/www.worldofart.org\/arhiv.worldofart.org\/aktualno\/wp-json\/wp\/v2\/pages\/5971"}],"wp:attachment":[{"href":"https:\/\/www.worldofart.org\/arhiv.worldofart.org\/aktualno\/wp-json\/wp\/v2\/media?parent=5995"}],"wp:term":[{"taxonomy":"category","embeddable":true,"href":"https:\/\/www.worldofart.org\/arhiv.worldofart.org\/aktualno\/wp-json\/wp\/v2\/categories?post=5995"},{"taxonomy":"post_tag","embeddable":true,"href":"https:\/\/www.worldofart.org\/arhiv.worldofart.org\/aktualno\/wp-json\/wp\/v2\/tags?post=5995"}],"curies":[{"name":"wp","href":"https:\/\/api.w.org\/{rel}","templated":true}]}}