{"id":6001,"date":"2014-02-21T15:56:19","date_gmt":"2014-02-21T13:56:19","guid":{"rendered":"http:\/\/www.worldofart.org\/aktualno\/?page_id=6001"},"modified":"2017-03-06T16:50:44","modified_gmt":"2017-03-06T14:50:44","slug":"serija-javnih-predavanj","status":"publish","type":"page","link":"https:\/\/www.worldofart.org\/arhiv.worldofart.org\/aktualno\/petnajsto-leto-2014-2016\/serija-javnih-predavanj","title":{"rendered":"Serija javnih predavanj"},"content":{"rendered":"<p>SVET UMETNOSTI<br \/>\n\u0160ola za kustose in kritike sodobne umetnosti<br \/>\nLeto 15<\/p>\n<hr \/>\n<p><strong>KAKO KRITI\u010cNO JE STANJE KRITI\u0160KEGA PISANJA?<\/strong><br \/>\nserija javnih predavanj<\/p>\n<p>Kriti\u010dna refleksija kuratorskih praks in kompleksna razmerja med teorijo in prakso v polju sodobne umetnosti so stalna problemska polja javnih predavanj v okviru \u0161ole za kustose in kritike Svet umetnosti. V letu 2015 se bomo skupaj z mednarodno priznanimi teoretiki in praktiki sodobne umetnosti osredoto\u010dili na spremembe, ki smo jim pri\u010da v umetnostnem in predvsem kriti\u0161kem pisanju.<\/p>\n<p>Osvetlili bomo stanje in status sodobnega kriti\u0161kega pisanja na podro\u010dju umetnosti in kulture. Na\u0161e izhodi\u0161\u010de je zavedanje, da je kriti\u0161ko pisanje pomemben del umetnostnega sistema, brez katerega umetnost svoje dru\u017ebene in\/ali kulturne vloge pravzaprav sploh ne more scela izpolniti. Kljub temu pa je dandanes stanje kriti\u0161kega pisanja <em>kriti\u010dno<\/em>. Umetnostna kritika je skorajda izginila iz (javnih) ob\u010dil, vloga in polo\u017eaj umetnostnega kritika sta z izgubljanjem njegovega zgodovinskega in dru\u017ebenega pomena vedno bolj nejasni, hkrati pa kritika izpodriva vedno pomembnej\u0161a figura kustosa oz. kuratorja. Nejasnost razmer \u0161e dodatno zapleta demokratizacija kulturne produkcije, ki jo omogo\u010da internet: vsakdo z dostopom do interneta ima lahko svoj glas, svoj blog, \u2026 je lahko kritik.<\/p>\n<p>Kriza identitete umetnostne kritike vpliva na to, na kak\u0161en na\u010din razmi\u0161ljati o njeni vlogi danes. Cilj serije javnih predavanj in delavnic je preu\u010diti in oceniti zna\u010dilnosti te krize ter ugotoviti, kaj se je spremenilo in zakaj, kak\u0161ne so naloge umetnostnih kritikov danes in kak\u0161ne nove pristope je mogo\u010de \u0161e iskati. Pri tem pa moramo preu\u010diti nekatere kulturne, ekonomske, tehnolo\u0161ke in dru\u017ebene dejavnike, ki so prispevali k opisanemu stanju. Med obravnavanjem teme bomo iskali odgovore na vpra\u0161anja: Kak\u0161ni so (zgodovinski idr.) pogoji krize umetnostne kritike? Kaj je zavrnitev sodbe v umetnostni kritiki, ki se je zgodila ob koncu 20. stoletja, \u0161e dodatno spro\u017eila? Kak\u0161en je odnos med institucionalno in umetnostno kritiko? Kako misliti umetnostno kritiko v digitalni dobi in v \u010dasu socialnih omre\u017eij? Kak\u0161ne so posledice navidezne zastarelosti likovne kritike danes? Kako je vse to povezano s stanjem in statusom kriti\u010dne misli na splo\u0161no? Ali dejstvo, da je umetnostna kritika v krizi, govori o tem, da je dana\u0161nji histori\u010dni moment <em>postkriti\u010den<\/em>? Ali pa se je umetnostna kritika preprosto raz\u0161irila in preusmerila med razli\u010dne akterje \u2013 kuratorje, umetnostne institucije, teoretike in umetnike?<\/p>\n<p>Program javnih predavanj in delavnic pripravljamo v sodelovanju z <a href=\"http:\/\/www.igorzabel.org\/sl\/drustvo\" target=\"_blank\">Dru\u0161tvom Igor Zabel za kulturo in teorijo<\/a>.<\/p>\n<p><img loading=\"lazy\" decoding=\"async\" class=\"alignleft size-full wp-image-7606\" title=\"Svet umetnosti \/ World of Art\" src=\"https:\/\/www.worldofart.org\/arhiv.worldofart.org\/aktualno\/wp-content\/uploads\/2015\/06\/woa120.gif\" alt=\"Svet umetnosti \/ World of Art\" width=\"120\" height=\"87\" \/>\u00a0\u00a0\u00a0\u00a0<img loading=\"lazy\" decoding=\"async\" class=\"alignnone size-full wp-image-7607\" title=\"Dru\u0161tvo Igor Zabel za kulturo in teorijo\" src=\"https:\/\/www.worldofart.org\/arhiv.worldofart.org\/aktualno\/wp-content\/uploads\/2015\/06\/igor_zabel_logo.png\" alt=\"Dru\u0161tvo Igor Zabel za kulturo in teorijo\" width=\"120\" height=\"75\" \/><\/p>\n<div style=\"clear: both;\"><\/div>\n<p><strong><\/strong><\/p>\n<p class=\"leto\"><strong>2015<\/strong><\/p>\n<table width=\"100%\" border=\"0\" cellspacing=\"0\" cellpadding=\"0\">\n<tbody>\n<tr>\n<td class=\"mesec\" rowspan=\"2\" valign=\"top\" width=\"20%\">februar<\/td>\n<td class=\"tdprogramsredina\" valign=\"top\" width=\"25%\">\u010detrtek,<br \/>\n5. 2. 2015, ob 18.00 uri,<br \/>\nTrubarjeva hi\u0161a literature<\/td>\n<td class=\"tdprogram\" valign=\"top\" width=\"58%\"><a href=\"https:\/\/www.worldofart.org\/arhiv.worldofart.org\/aktualno\/archives\/7003\">Boris Buden: Umetnost in kritika v kuriranju preteklosti, predavanje<\/a><\/td>\n<\/tr>\n<tr>\n<td class=\"tdprogramsredina\" valign=\"top\" width=\"25%\">petek,<br \/>\n6. 2. 2015, ob 18.00 uri,<br \/>\nTrubarjeva hi\u0161a literature<\/td>\n<td class=\"tdprogram\" valign=\"top\" width=\"58%\"><a href=\"https:\/\/www.worldofart.org\/arhiv.worldofart.org\/aktualno\/archives\/7003\">Boris Buden: Pogovor z avtorjem ob izidu slovenskega prevoda knjige <em>Cona prehoda. O koncu postkomunizma<\/em><\/a><\/td>\n<\/tr>\n<tr>\n<td class=\"mesec\" valign=\"top\" width=\"20%\">marec<\/td>\n<td class=\"tdprogramsredina\" valign=\"top\" width=\"25%\">petek,<br \/>\n27. 3. 2015, ob 18.00 uri,<br \/>\nProjektna soba SCCA-Ljubljana<\/td>\n<td class=\"tdprogram\" valign=\"top\" width=\"58%\"><a href=\"https:\/\/www.worldofart.org\/arhiv.worldofart.org\/aktualno\/archives\/7153\">Lina D\u017euverovi\u0107: Besede so ljudje.* Besedilo kot umetnost in umetnost kot besedilo<\/a><\/td>\n<\/tr>\n<tr>\n<td class=\"mesec\" valign=\"top\" width=\"20%\">junij<\/td>\n<td class=\"tdprogramsredina\" valign=\"top\" width=\"25%\">torek,<br \/>\n16. 6. 2015, ob 18.00 uri,<br \/>\nProjektna soba SCCA-Ljubljana<\/td>\n<td class=\"tdprogram\" valign=\"top\" width=\"58%\"><a href=\"https:\/\/www.worldofart.org\/arhiv.worldofart.org\/aktualno\/archives\/7599\">Jelena Vesi\u0107: Kritika v krizi \/ kritika kot kriza<\/a><\/td>\n<\/tr>\n<tr>\n<td class=\"mesec\" rowspan=\"2\" valign=\"top\" width=\"20%\">september<\/td>\n<td class=\"tdprogramsredina\" valign=\"top\" width=\"25%\">petek,<br \/>\n4. 9. 2015, ob 18.00 uri,<br \/>\nProjektna soba SCCA-Ljubljana<\/td>\n<td class=\"tdprogram\" valign=\"top\" width=\"58%\"><a href=\"https:\/\/www.worldofart.org\/arhiv.worldofart.org\/aktualno\/archives\/7849\">Jennifer Allen: Umetnostna kritika v digitalni dobi<\/a><\/td>\n<\/tr>\n<tr>\n<td class=\"tdprogramsredina\" valign=\"top\" width=\"25%\">sreda,<br \/>\n16. 9. 2015, ob 16.00 uri,<br \/>\nProjektna soba SCCA-Ljubljana<\/td>\n<td class=\"tdprogram\" valign=\"top\" width=\"58%\"><a href=\"https:\/\/www.worldofart.org\/arhiv.worldofart.org\/aktualno\/archives\/7870\">Edit Andr\u00e1s: Tirnica kritike v \u010dasu postsocialisti\u010dnega nacionalizma \u2013 Primer Mad\u017earska<\/a><\/td>\n<\/tr>\n<\/tbody>\n<\/table>\n<p><strong><\/strong><br \/>\n<strong><\/strong><\/p>\n<p>Program podpirata: Mestna ob\u010dina Ljubljana \u2013 Oddelek za kulturo in Erste sklad.<br \/>\nPredavanje Jennifer Allen podpira <a href=\"http:\/\/www.ifa.de\/\" target=\"_blank\">Institut f\u00fcr Auslandsbeziehungen e. V. Stuttgart<\/a>.<\/p>\n<p><img loading=\"lazy\" decoding=\"async\" class=\"alignnone size-full wp-image-5935\" title=\"Mestna ob\u010dina Ljubljana \u2013 Oddelek za kulturo\" src=\"https:\/\/www.worldofart.org\/arhiv.worldofart.org\/aktualno\/wp-content\/uploads\/2014\/01\/mol.jpg\" alt=\"Mestna ob\u010dina Ljubljana \u2013 Oddelek za kulturo\" width=\"118\" height=\"84\" \/> <img loading=\"lazy\" decoding=\"async\" class=\"alignnone size-full wp-image-5934\" title=\"Erste sklad\" src=\"https:\/\/www.worldofart.org\/arhiv.worldofart.org\/aktualno\/wp-content\/uploads\/2014\/01\/erste-stiftung.jpg\" alt=\"Erste sklad\" width=\"149\" height=\"84\" \/> <img loading=\"lazy\" decoding=\"async\" class=\"alignnone size-full wp-image-7717\" title=\"Institut f\u00fcr Auslandsbeziehungen e. V. Stuttgart\" src=\"https:\/\/www.worldofart.org\/arhiv.worldofart.org\/aktualno\/wp-content\/uploads\/2014\/02\/ifa_.png\" alt=\"\" width=\"188\" height=\"84\" \/><\/p>\n<hr \/>\n<p><a name=\"2014\"><\/a><br \/>\n<strong>PREMISLEKI IN PREMISE V SODOBNI UMETNOSTI, UMETNOSTNI TEORIJI IN ZGODOVINI<\/strong><br \/>\nserija javnih predavanj<\/p>\n<p>V letu 2014 v okviru 15. leta \u0161ole za kustose in kritike Svet umetnosti smo pripravili niz predavanj in delavnic, v katerih smo obravnavali kompleksna razmerja med teorijo in prakso v polju sodobne umetnosti. V dru\u017ebi uveljavljenih gostov smo brusili kriti\u010dno refleksijo o sodobnih kuratorskih praksah, poglabljali znanje o sodobni umetnostni teoriji in zgodovini ter vse to vedno znova soo\u010dali s sodobnimi umetni\u0161kimi praksami. Program smo pripravili v sodelovanju z <a href=\"http:\/\/www.igorzabel.org\/sl\" target=\"_blank\"><strong>Dru\u0161tvom Igor Zabel za kulturo in teorijo<\/strong><\/a>.<\/p>\n<p><img loading=\"lazy\" decoding=\"async\" class=\"alignleft size-full wp-image-7606\" title=\"Svet umetnosti \/ World of Art\" src=\"https:\/\/www.worldofart.org\/arhiv.worldofart.org\/aktualno\/wp-content\/uploads\/2015\/06\/woa120.gif\" alt=\"Svet umetnosti \/ World of Art\" width=\"120\" height=\"87\" \/>\u00a0\u00a0\u00a0\u00a0<img loading=\"lazy\" decoding=\"async\" class=\"alignnone size-full wp-image-7607\" title=\"Dru\u0161tvo Igor Zabel za kulturo in teorijo\" src=\"https:\/\/www.worldofart.org\/arhiv.worldofart.org\/aktualno\/wp-content\/uploads\/2015\/06\/igor_zabel_logo.png\" alt=\"Dru\u0161tvo Igor Zabel za kulturo in teorijo\" width=\"120\" height=\"75\" \/><\/p>\n<div style=\"clear: both;\"><\/div>\n<p><strong><a name=\"2014\"><\/a><\/strong><\/p>\n<p class=\"leto\"><strong>2014<\/strong><\/p>\n<table width=\"100%\" border=\"0\" cellspacing=\"0\" cellpadding=\"0\">\n<tbody>\n<tr>\n<td class=\"mesec\" valign=\"top\" width=\"20%\">februar<\/td>\n<td class=\"tdprogramsredina\" valign=\"top\" width=\"22%\">sreda,<br \/>\n5. 2. 2014, ob 18. uri,<br \/>\nProjektna soba SCCA-Ljubljana<\/td>\n<td class=\"tdprogram\" valign=\"top\" width=\"58%\"><a href=\"https:\/\/www.worldofart.org\/arhiv.worldofart.org\/aktualno\/archives\/5924\">Suzana Milevska: Problemati\u010dnost razmerja med teorijo in kuratorsko prakso<\/a><\/td>\n<\/tr>\n<tr>\n<td class=\"mesec\" valign=\"top\" width=\"20%\">marec<\/td>\n<td class=\"tdprogramsredina\" valign=\"top\" width=\"22%\">\u010detrtek,<br \/>\n13. 3. 2014, ob 19. uri,<br \/>\nProjektna soba SCCA-Ljubljana<\/td>\n<td class=\"tdprogram\" valign=\"top\" width=\"58%\"><a href=\"https:\/\/www.worldofart.org\/arhiv.worldofart.org\/aktualno\/archives\/6037\">Elke Krasny: Zapis in pisanje nena\u010drtovane (urbane) zgodovine kot kriti\u010dna kuratorska praksa<\/a><\/td>\n<\/tr>\n<tr>\n<td class=\"mesec\" valign=\"top\" width=\"20%\">april<\/td>\n<td class=\"tdprogramsredina\" valign=\"top\" width=\"22%\">torek,<br \/>\n15. 4. 2014, ob 19. uri,<br \/>\nProjektna soba SCCA-Ljubljana<\/td>\n<td class=\"tdprogram\" valign=\"top\" width=\"58%\"><a href=\"https:\/\/www.worldofart.org\/arhiv.worldofart.org\/aktualno\/archives\/6179\">Jayme McLellan: Razli\u010dni modeli delovanja v umetnostnem sistemu v ZDA (Washington)<\/a><\/td>\n<\/tr>\n<tr>\n<td class=\"mesec\" valign=\"top\" width=\"20%\">maj<\/td>\n<td class=\"tdprogramsredina\" valign=\"top\" width=\"22%\">ponedeljek,<br \/>\n12. 5. 2014, ob 19. uri,<br \/>\nProjektna soba SCCA-Ljubljana<\/td>\n<td class=\"tdprogram\" valign=\"top\" width=\"58%\"><a href=\"https:\/\/www.worldofart.org\/arhiv.worldofart.org\/aktualno\/archives\/6217\">Paul O\u2019Neill: Ali je nekdo spet omenil kuratorstvo? Zadnji preobrati v kuratorski praksi<\/a><\/td>\n<\/tr>\n<tr>\n<td class=\"mesec\" valign=\"top\" width=\"20%\">september<\/td>\n<td class=\"tdprogramsredina\" valign=\"top\" width=\"22%\">ponedeljek,<br \/>\n22. 9. 2014, ob 18. uri,<br \/>\nMSUM<\/td>\n<td class=\"tdprogram\" valign=\"top\" width=\"58%\"><a href=\"https:\/\/www.worldofart.org\/arhiv.worldofart.org\/aktualno\/archives\/6339\">Piotr Piotrowski: Globalna mre\u017ea. Naproti primerjalni umetnostni zgodovini<br \/>\nKlara Kemp-Welch: Kontinuiteta in prelom. Mre\u017eenje in sodelovanje od 1970-ih do 2000<\/a><\/td>\n<\/tr>\n<\/tbody>\n<\/table>\n<p><strong><\/strong><br \/>\n<strong><\/strong><\/p>\n<p>Program podpirajo: Mestna ob\u010dina Ljubljana \u2013 Oddelek za kulturo, Erste sklad in Veleposlani\u0161tvo Zdru\u017eenih dr\u017eav Amerike v Ljubljani<\/p>\n<p><img loading=\"lazy\" decoding=\"async\" class=\"alignnone size-full wp-image-5935\" title=\"Mestna ob\u010dina Ljubljana \u2013 Oddelek za kulturo\" src=\"https:\/\/www.worldofart.org\/arhiv.worldofart.org\/aktualno\/wp-content\/uploads\/2014\/01\/mol.jpg\" alt=\"Mestna ob\u010dina Ljubljana \u2013 Oddelek za kulturo\" width=\"118\" height=\"84\" \/> <img loading=\"lazy\" decoding=\"async\" class=\"alignnone size-full wp-image-5934\" title=\"Erste sklad\" src=\"https:\/\/www.worldofart.org\/arhiv.worldofart.org\/aktualno\/wp-content\/uploads\/2014\/01\/erste-stiftung.jpg\" alt=\"Erste sklad\" width=\"149\" height=\"84\" \/> <img loading=\"lazy\" decoding=\"async\" class=\"alignnone size-full wp-image-5933\" title=\"Veleposlani\u0161tvo Zdru\u017eenih dr\u017eav Amerike v Ljubljani\" src=\"https:\/\/www.worldofart.org\/arhiv.worldofart.org\/aktualno\/wp-content\/uploads\/2014\/01\/US-embassy.jpg\" alt=\"Veleposlani\u0161tvo Zdru\u017eenih dr\u017eav Amerike v Ljubljani\" width=\"55\" height=\"84\" \/><\/p>\n","protected":false},"excerpt":{"rendered":"<p>SVET UMETNOSTI \u0160ola za kustose in kritike sodobne umetnosti Leto 15 KAKO KRITI\u010cNO JE STANJE KRITI\u0160KEGA PISANJA? serija javnih predavanj Kriti\u010dna refleksija kuratorskih praks in kompleksna razmerja med teorijo in prakso v polju sodobne umetnosti so stalna problemska polja javnih predavanj v okviru \u0161ole za kustose in kritike Svet umetnosti. V letu 2015 se bomo [&hellip;]<\/p>\n","protected":false},"author":1,"featured_media":0,"parent":5971,"menu_order":0,"comment_status":"closed","ping_status":"closed","template":"","meta":{"footnotes":""},"categories":[],"tags":[],"_links":{"self":[{"href":"https:\/\/www.worldofart.org\/arhiv.worldofart.org\/aktualno\/wp-json\/wp\/v2\/pages\/6001"}],"collection":[{"href":"https:\/\/www.worldofart.org\/arhiv.worldofart.org\/aktualno\/wp-json\/wp\/v2\/pages"}],"about":[{"href":"https:\/\/www.worldofart.org\/arhiv.worldofart.org\/aktualno\/wp-json\/wp\/v2\/types\/page"}],"author":[{"embeddable":true,"href":"https:\/\/www.worldofart.org\/arhiv.worldofart.org\/aktualno\/wp-json\/wp\/v2\/users\/1"}],"replies":[{"embeddable":true,"href":"https:\/\/www.worldofart.org\/arhiv.worldofart.org\/aktualno\/wp-json\/wp\/v2\/comments?post=6001"}],"version-history":[{"count":49,"href":"https:\/\/www.worldofart.org\/arhiv.worldofart.org\/aktualno\/wp-json\/wp\/v2\/pages\/6001\/revisions"}],"predecessor-version":[{"id":11084,"href":"https:\/\/www.worldofart.org\/arhiv.worldofart.org\/aktualno\/wp-json\/wp\/v2\/pages\/6001\/revisions\/11084"}],"up":[{"embeddable":true,"href":"https:\/\/www.worldofart.org\/arhiv.worldofart.org\/aktualno\/wp-json\/wp\/v2\/pages\/5971"}],"wp:attachment":[{"href":"https:\/\/www.worldofart.org\/arhiv.worldofart.org\/aktualno\/wp-json\/wp\/v2\/media?parent=6001"}],"wp:term":[{"taxonomy":"category","embeddable":true,"href":"https:\/\/www.worldofart.org\/arhiv.worldofart.org\/aktualno\/wp-json\/wp\/v2\/categories?post=6001"},{"taxonomy":"post_tag","embeddable":true,"href":"https:\/\/www.worldofart.org\/arhiv.worldofart.org\/aktualno\/wp-json\/wp\/v2\/tags?post=6001"}],"curies":[{"name":"wp","href":"https:\/\/api.w.org\/{rel}","templated":true}]}}