{"id":6010,"date":"2014-02-21T16:01:23","date_gmt":"2014-02-21T14:01:23","guid":{"rendered":"http:\/\/www.worldofart.org\/aktualno\/?page_id=6010"},"modified":"2016-11-19T22:00:49","modified_gmt":"2016-11-19T20:00:49","slug":"voditelji-delavnic-2014-2016","status":"publish","type":"page","link":"https:\/\/www.worldofart.org\/arhiv.worldofart.org\/aktualno\/petnajsto-leto-2014-2016\/voditelji-delavnic-2014-2016","title":{"rendered":"Voditelji delavnic 2014\/2016"},"content":{"rendered":"<p><img loading=\"lazy\" decoding=\"async\" class=\"alignleft size-full wp-image-6041\" title=\"Elke Krasny\" src=\"https:\/\/www.worldofart.org\/arhiv.worldofart.org\/aktualno\/wp-content\/uploads\/2014\/02\/elke-krasny.jpg\" alt=\"Elke Krasny\" width=\"100\" height=\"100\" \/><strong>Elke Krasny<\/strong> (Dunaj) je teoreti\u010darka kulture, kustosinja in docentka na dunajski Akademiji likovnih umetnosti. V letu 2014 je gostujo\u010da profesorica mesta Dunaj na Tehni\u0161ki univerzi, v letu 2013 pa je bila gostujo\u010da profesorica na Akademiji likovnih umetnosti v N\u00fcrnbergu, kjer je predavala arhitekturo in urbano raziskavo. Podro\u010dja njenega delovanja in raziskovanja so kriti\u010dne in dru\u017ebeno anga\u017eirane umetni\u0161ke prakse, arhitektura in prostorske prakse, urbana epistemologija, postkolonialna teorija in feministi\u010dno zgodovinopisje.<br \/>\nMed njenimi nedavnimi odmevnimi kuratorskimi projekti je tudi Hands-on Urbanism 1850-2012. The Right to Green (2012), ki je bil leta 2012 vklju\u010den tudi na bene\u0161ki bienale arhitekture.<\/p>\n<hr \/>\n<p><img loading=\"lazy\" decoding=\"async\" src=\"https:\/\/www.worldofart.org\/arhiv.worldofart.org\/aktualno\/wp-content\/uploads\/2014\/02\/jayme-mclellan.jpg\" alt=\"Jayme Mclellan\" title=\"Jayme Mclellan\" width=\"100\" height=\"100\" class=\"alignleft size-full wp-image-6181\" \/><strong>Jayme Mclellan<\/strong><br \/>\nUmetnica, predavateljica, kustosinja, piska, ustanoviteljica in direktorica galerije Civilian Art Projects (Washington D.C., ZDA), ki podpira tako umetnike na za\u010detku kariere kot \u017ee uveljavljene umetnike. Na podro\u010dju umetnosti deluje \u017ee od 90-ih, kurirala je \u0161tevilne razstave in organizirala razli\u010dne dogodke v galerijah, muzejih in alternativnih prostorih v Washingtonu D.C., Baltimoru, New Orleansu, Minneapolisu, New Yorku, Miamiju, Kanadi in tudi v Evropi. \u017de pred ustanovitvijo galerije Civilian Art Projects je bila so-ustanoviteljica in so-direktorica neprofitne organizacije Transformer (2002\u20132006), ki je bila prav tako osredoto\u010dena na podporo umetnikov na za\u010detku kariere. Predava predmet profesionalni razvoj za dodiplomske \u0161tudente na fakulteti Maryland Institute College of Art. Bila je tudi predavateljica predmetov profesionalni razvoj, kuratorske prakse in umetnostna zgodovina na Corcoran College of Art &#038; Design, American University in St. Mary\u2019s College of Maryland. Vodja projekta in so-kustosinja knjige in potujo\u010de razstave o za\u010detkih D.C. punk gibanja HARD ART DC 1979 (Akashic Books); razstava bo na ogled v Center for Documentary Studies, Duke University (maj\u2013oktober 2014). <\/p>\n<hr \/>\n<p><img loading=\"lazy\" decoding=\"async\" class=\"alignleft size-full wp-image-5928\" title=\"Suzana Milevska, foto: Dejan Petrovi\u0107\" src=\"https:\/\/www.worldofart.org\/arhiv.worldofart.org\/aktualno\/wp-content\/uploads\/2014\/01\/Suzana_Milevska_foto-dejan-petrovic.jpg\" alt=\"Suzana Milevska, foto: Dejan Petrovi\u0107\" width=\"100\" height=\"100\" \/><strong>Suzana Milevska<\/strong> (Skopje) je umetnostna zgodovinarka, kustosinja in teoreti\u010darka vizualne umetnosti in kulture. Zaklju\u010dila je doktorat iz vizualne kulture na Goldsmiths College v Londonu.<br \/>\nV svojem akademskem in kuratorskem delu se ukvarja s postkolonialno kritiko hegemoni\u010dne mo\u010di v polju umetnosti, teorijo spolov in feminizmov v umetni\u0161kih praksah, dru\u017ebeno anga\u017eiranimi in participatornimi umetni\u0161kimi praksami. Kurirala je preko 70 mednarodnih razstav, v katerih se je pove\u010dini posve\u010dala iskanju novih kuratorskih formatov in na\u010dinov predstavljanja kriti\u010dnih diskurzov ter dru\u017ebeno in politi\u010dno anga\u017eiranih umetni\u0161kih praks. Redno objavlja v strokovnih periodi\u010dnih in monografskih publikacijah; leta 2010 je izdala knjigi <em>Gender Difference in the Balkans <\/em>in <em>The Renaming Machine: The Book. <\/em>Leta 2012 je prejela nagrado Igor Zabel za kulturo in teorijo. Leta 2013 pa je bila izbrana za gostujo\u010do profesorico umetnostne zgodovine Srednje in Jugovzhodne Evrope na dunajski likovni akademiji.<\/p>\n<hr \/>\n<p><img loading=\"lazy\" decoding=\"async\" src=\"https:\/\/www.worldofart.org\/arhiv.worldofart.org\/current\/wp-content\/uploads\/2014\/04\/paul-oneill.jpg\" alt=\"\" title=\"Paul O&#039;Neill\" width=\"100\" height=\"100\" class=\"alignleft size-full wp-image-1770\" \/><strong>Paul O&#8217;Neill<\/strong> je kustos, umetnik, predavatelj, avtor in urednik \u0161tevilnih knjig, v katerih raziskuje teorijo in zgodovino kuratorskih praks. Pred kratkim je prevzel direktorsko mesto na Bard Centre for Curatorial Studies (New York), ki je eden izmed pomembnej\u0161ih kuratorskih \u0161tudijskih programov.<br \/>\n<a href=\"https:\/\/www.worldofart.org\/arhiv.worldofart.org\/current\/15th-season-2014-2016\/lecturers-20142016#paul-oneill\">\u00bb Podrobnej\u0161i \u017eivljenjepis v angle\u0161\u010dini<\/a><\/p>\n<div style=\"height:7px\">&nbsp;<\/div>\n","protected":false},"excerpt":{"rendered":"<p>Elke Krasny (Dunaj) je teoreti\u010darka kulture, kustosinja in docentka na dunajski Akademiji likovnih umetnosti. V letu 2014 je gostujo\u010da profesorica mesta Dunaj na Tehni\u0161ki univerzi, v letu 2013 pa je bila gostujo\u010da profesorica na Akademiji likovnih umetnosti v N\u00fcrnbergu, kjer je predavala arhitekturo in urbano raziskavo. Podro\u010dja njenega delovanja in raziskovanja so kriti\u010dne in dru\u017ebeno [&hellip;]<\/p>\n","protected":false},"author":1,"featured_media":0,"parent":5971,"menu_order":0,"comment_status":"closed","ping_status":"closed","template":"","meta":{"footnotes":""},"categories":[],"tags":[],"_links":{"self":[{"href":"https:\/\/www.worldofart.org\/arhiv.worldofart.org\/aktualno\/wp-json\/wp\/v2\/pages\/6010"}],"collection":[{"href":"https:\/\/www.worldofart.org\/arhiv.worldofart.org\/aktualno\/wp-json\/wp\/v2\/pages"}],"about":[{"href":"https:\/\/www.worldofart.org\/arhiv.worldofart.org\/aktualno\/wp-json\/wp\/v2\/types\/page"}],"author":[{"embeddable":true,"href":"https:\/\/www.worldofart.org\/arhiv.worldofart.org\/aktualno\/wp-json\/wp\/v2\/users\/1"}],"replies":[{"embeddable":true,"href":"https:\/\/www.worldofart.org\/arhiv.worldofart.org\/aktualno\/wp-json\/wp\/v2\/comments?post=6010"}],"version-history":[{"count":6,"href":"https:\/\/www.worldofart.org\/arhiv.worldofart.org\/aktualno\/wp-json\/wp\/v2\/pages\/6010\/revisions"}],"predecessor-version":[{"id":9511,"href":"https:\/\/www.worldofart.org\/arhiv.worldofart.org\/aktualno\/wp-json\/wp\/v2\/pages\/6010\/revisions\/9511"}],"up":[{"embeddable":true,"href":"https:\/\/www.worldofart.org\/arhiv.worldofart.org\/aktualno\/wp-json\/wp\/v2\/pages\/5971"}],"wp:attachment":[{"href":"https:\/\/www.worldofart.org\/arhiv.worldofart.org\/aktualno\/wp-json\/wp\/v2\/media?parent=6010"}],"wp:term":[{"taxonomy":"category","embeddable":true,"href":"https:\/\/www.worldofart.org\/arhiv.worldofart.org\/aktualno\/wp-json\/wp\/v2\/categories?post=6010"},{"taxonomy":"post_tag","embeddable":true,"href":"https:\/\/www.worldofart.org\/arhiv.worldofart.org\/aktualno\/wp-json\/wp\/v2\/tags?post=6010"}],"curies":[{"name":"wp","href":"https:\/\/api.w.org\/{rel}","templated":true}]}}