{"id":6016,"date":"2014-02-21T16:13:25","date_gmt":"2014-02-21T14:13:25","guid":{"rendered":"http:\/\/www.worldofart.org\/aktualno\/?page_id=6016"},"modified":"2018-08-03T09:44:51","modified_gmt":"2018-08-03T07:44:51","slug":"andrej-pezelj-emancipacija-v-polju-umetniskih-diskurzov","status":"publish","type":"page","link":"https:\/\/www.worldofart.org\/arhiv.worldofart.org\/aktualno\/petnajsto-leto-2014-2016\/seminar\/andrej-pezelj-emancipacija-v-polju-umetniskih-diskurzov","title":{"rendered":"Andrej Pezelj: Emancipacija v polju umetnostnih diskurzov"},"content":{"rendered":"<p>Svet umetnosti | \u0160ola za kuratorske prakse in kriti\u0161ko pisanje | Leto 15<\/p>\n<hr \/>\n<div class=\"komentar2\">\n<div class=\"komentar2\">\n<p><strong>Seminar Uvod v teorijo<\/strong><\/p>\n<p class=\"komentarslike\"><strong>Andrej Pezelj: Emancipacija v polju umetnostnih diskurzov<\/strong><\/p>\n<\/div>\n<p>Zaklad estetskih izrazov in konceptov je kot vsak dru\u017ebeni fenomen rezultat to\u010dno dolo\u010denih zgodovinskih procesov. Izrazi, ki jih danes pogosto uporabljamo avtomati\u010dno, zato ker se zdi, da upodabljajo nek zaokro\u017een pomen ali funkcijo, imajo to\u010dno dolo\u010den \u010das obstoja, a vendar se nam zdi, kot da bi bili od vedno del tega zaklada. \u201cUniverzalnost\u201d estetskih izrazov narekuje univerzalnost umetnine a obenem onemogo\u010da emancipacijo gledalca.<br \/>\nV sklopu seminarja bomo preko analize besedil Rancierja, Bourdieuja in Foucaulta posku\u0161ali postaviti temelje za emancipacijo v strogo hierarhiziranem umetnostnem diskurzu, v katerem \u0161e danes pogosto kraljuje metafora.<\/p>\n<p>V prvem delu seminarja se bomo seznanili z Rancierjevim konceptom emancipacije inteligenc, ki ga je razvil v knjigi <em>Nevedni u\u010ditelj<\/em>. \u010ce je umetnostni sistem v veliki meri odvisen od hierarhizacije simbolnih kategorij in igre mo\u010di, ki je tej hierarhizaciji imanentna, je mogo\u010de najbolj\u0161i na\u010din, da se umetnostni sistem konceptualno \u201cpreseneti\u201d skozi analizo pedago\u0161kih vzrokov hierarhizacije. Ni uspe\u0161ne emancipacije, ki se ne bi mogla emancipirati tudi od svojega lastnega konceptualnega orodja.<br \/>\nZato je osnovni cilj seminarja ravno v tem, da se bo posku\u0161alo ugotoviti slabe to\u010dke Rancierjeve emancipacije inteligenc.<\/p>\n<p>Literatura:<\/p>\n<ul>\n<li>Jacques Rancie\u0300re: Nevedni u\u010ditelj: pet lekcij o intelektualni emancipaciji<\/li>\n<li>Jacques Rancie\u0300re: Emancipirani gledalec, poglavlje paradoksi politi\u010dne umetnosti<\/li>\n<\/ul>\n<p>V drugem delu seminarja se bomo podrobneje ukvarjali s sistemi in strategijami klasne distinkcije okusa in umetni\u0161kega \u010dutenja. Kot konceptualna osnova bosta temu slu\u017eila Bourideujev koncept habitusa in klasne distinkcije. Znan je tisti izrek, da se o okusih ne razpravlja. Moto seminarja bo, in Bourdieu bi se zagotovo strinjal, da so okusi edino, o \u010demer je smiselno razpravljati.<\/p>\n<p>Literatura:<\/p>\n<ul>\n<li>Pierre Bourdieu: Distinkcija prvo poglavlje, angle\u0161ki prevod<\/li>\n<li>Pierre Bourdieu: Pravila umetnosti, izbrani deli<\/li>\n<\/ul>\n<p>V zadnjem delu seminarja bodo na splo\u0161no predstavljeni pomembni Foucaultovi koncepti, ki lahko igrajo pomembno vlogo pri analiziranju umetnostnih diskurzov. Govorili bomo o redkosti izjav, avtorstvu, arhivih in diskontinuiteti. Ne glede na to, da se Foucault ni intenzivno ukvarjal z likovno umetnostjo, nam njegova razmi\u0161ljanja lahko neposredno nudijo odli\u010dne koncepte za sir\u0161e razumevanje umetnosti.<\/p>\n<p>Literatura:<\/p>\n<ul>\n<li>Michel Foucault: Kaj je avtor?<\/li>\n<li>Michel Foucault: Zgodovina seksualnosti 1<\/li>\n<\/ul>\n<p><img loading=\"lazy\" decoding=\"async\" class=\"\" src=\"https:\/\/www.worldofart.org\/arhiv.worldofart.org\/aktualno\/wp-content\/2011-13\/seminar-pezelj.jpg\" alt=\"Seminar Andrej Pezelj: Emancipacija v polju umetni\u0161kih diskurzov\" width=\"732\" height=\"244\" \/><\/p>\n<\/div>\n","protected":false},"excerpt":{"rendered":"<p>Svet umetnosti | \u0160ola za kuratorske prakse in kriti\u0161ko pisanje | Leto 15 Seminar Uvod v teorijo Andrej Pezelj: Emancipacija v polju umetnostnih diskurzov Zaklad estetskih izrazov in konceptov je kot vsak dru\u017ebeni fenomen rezultat to\u010dno dolo\u010denih zgodovinskih procesov. Izrazi, ki jih danes pogosto uporabljamo avtomati\u010dno, zato ker se zdi, da upodabljajo nek zaokro\u017een pomen [&hellip;]<\/p>\n","protected":false},"author":1,"featured_media":0,"parent":5980,"menu_order":0,"comment_status":"closed","ping_status":"closed","template":"","meta":{"footnotes":""},"categories":[31],"tags":[],"_links":{"self":[{"href":"https:\/\/www.worldofart.org\/arhiv.worldofart.org\/aktualno\/wp-json\/wp\/v2\/pages\/6016"}],"collection":[{"href":"https:\/\/www.worldofart.org\/arhiv.worldofart.org\/aktualno\/wp-json\/wp\/v2\/pages"}],"about":[{"href":"https:\/\/www.worldofart.org\/arhiv.worldofart.org\/aktualno\/wp-json\/wp\/v2\/types\/page"}],"author":[{"embeddable":true,"href":"https:\/\/www.worldofart.org\/arhiv.worldofart.org\/aktualno\/wp-json\/wp\/v2\/users\/1"}],"replies":[{"embeddable":true,"href":"https:\/\/www.worldofart.org\/arhiv.worldofart.org\/aktualno\/wp-json\/wp\/v2\/comments?post=6016"}],"version-history":[{"count":8,"href":"https:\/\/www.worldofart.org\/arhiv.worldofart.org\/aktualno\/wp-json\/wp\/v2\/pages\/6016\/revisions"}],"predecessor-version":[{"id":13477,"href":"https:\/\/www.worldofart.org\/arhiv.worldofart.org\/aktualno\/wp-json\/wp\/v2\/pages\/6016\/revisions\/13477"}],"up":[{"embeddable":true,"href":"https:\/\/www.worldofart.org\/arhiv.worldofart.org\/aktualno\/wp-json\/wp\/v2\/pages\/5980"}],"wp:attachment":[{"href":"https:\/\/www.worldofart.org\/arhiv.worldofart.org\/aktualno\/wp-json\/wp\/v2\/media?parent=6016"}],"wp:term":[{"taxonomy":"category","embeddable":true,"href":"https:\/\/www.worldofart.org\/arhiv.worldofart.org\/aktualno\/wp-json\/wp\/v2\/categories?post=6016"},{"taxonomy":"post_tag","embeddable":true,"href":"https:\/\/www.worldofart.org\/arhiv.worldofart.org\/aktualno\/wp-json\/wp\/v2\/tags?post=6016"}],"curies":[{"name":"wp","href":"https:\/\/api.w.org\/{rel}","templated":true}]}}