{"id":6598,"date":"2014-10-20T08:43:53","date_gmt":"2014-10-20T06:43:53","guid":{"rendered":"http:\/\/www.worldofart.org\/aktualno\/?page_id=6598"},"modified":"2016-11-19T22:00:49","modified_gmt":"2016-11-19T20:00:49","slug":"udelezenci-sole-20142016","status":"publish","type":"page","link":"https:\/\/www.worldofart.org\/arhiv.worldofart.org\/aktualno\/petnajsto-leto-2014-2016\/udelezenci-sole-20142016","title":{"rendered":"Udele\u017eenci \u0161ole 2014\/2016"},"content":{"rendered":"<h3 class=\"solazelena\" style=\"font-weight: normal;\">1. in 2. letnik<\/h3>\n<p><img loading=\"lazy\" decoding=\"async\" style=\"margin-right: 10px; margin-bottom: 5px; margin-top: 3px; margin-left: 0px;\" src=\"https:\/\/www.worldofart.org\/arhiv.worldofart.org\/aktualno\/wp-content\/2014-2016\/tecajniki\/Petra-Bole.jpg\" alt=\"Petra Bole\" width=\"100\" height=\"100\" align=\"left\" \/><strong>Petra Bole<\/strong> je diplomirala je na Fakulteti za arhitekturo v Ljubljani, magistrirala na Londonski metropolitanski univerzi (MA Silversmithing &amp; Jewellery) ter zaklju\u010dila doktorski \u0161tudij na Univerzi na Primorskem, Fakulteti za humanisti\u010dne \u0161tudije Koper, smer Filozofija in teorija vizualne kulture. V okviru svojega doktorskega \u0161tudija je raziskovala pomen in vlogo umetni\u0161kega nakita v prostoru sodobne umetnosti. Je ustanoviteljica Dru\u0161tva oblikovanja nakita Slovenije (DONS). Razstavljala je na 8 samostojnih razstavah, 35 skupnih razstavah v Sloveniji in na 19 skupnih razstavah v tujini (Avstrija, Italija, Hrva\u0161ka, Nem\u010dija, Nizozemska, Kolumbija, Danska in Velika Britanija) ter sodelovala pri organizaciji ve\u010d projektov (BREAK 21, BIO 19 \u2013 okrogla miza o sodobnem nakitu, Ministrstvo za kulturo, Bilateralni fokus). Zanimajo jo prostor in telo, konceptualni nakit kot paradigma sodobne umetnosti in arhitekturni nakit kot fenomenolo\u0161ko do\u017eivljanje prostora. Umetni\u0161ki nakit je njena strast in na\u010din \u017eivljenja.<\/p>\n<hr \/>\n<p><img loading=\"lazy\" decoding=\"async\" style=\"margin-right: 10px; margin-bottom: 5px; margin-top: 3px; margin-left: 0px;\" src=\"https:\/\/www.worldofart.org\/arhiv.worldofart.org\/aktualno\/wp-content\/2014-2016\/tecajniki\/Nina-Jesih.jpg\" alt=\"Nina Jesih\" width=\"100\" height=\"100\" align=\"left\" \/><strong>Nina Jesih<\/strong>, rojena v Kranju (1988), je zaklju\u010dila \u0161tudij umetnostne zgodovine na Filozofski fakulteti v Ljubljani in odhaja na magistrski \u0161tudij kuratorstva v Anglijo. Opravlja prostovoljno delo v Prirodoslovnem muzeju, sodelovala pa je tudi z Jakopi\u010devo galerijo (MGML), kjer je pomagala pri postavljanju kar nekaj razstav. Ukvarja se s pisanjem \u010dlankov, ki jih objavlja v umetnostno zgodovinski reviji Artfiks in na portalu mojpogled.com ter mednarodni spletni strani honestcooking.com. Je asistentka na prihajajo\u010dem knji\u017enem projektu o konceptualni umetnosti Dr. Noaha Charneyja, poleg tega pa je tudi \u010dlanica \u0160ugle (\u0160ola uli\u010dnega gledali\u0161\u010da), ki spada pod okrilje Gledali\u0161\u010da Ane Monro.  <\/p>\n<hr \/>\n<p><img loading=\"lazy\" decoding=\"async\" style=\"margin-right: 10px; margin-bottom: 5px; margin-top: 3px; margin-left: 0px;\" src=\"https:\/\/www.worldofart.org\/arhiv.worldofart.org\/aktualno\/wp-content\/2014-2016\/tecajniki\/Zala-Kurincic.jpg\" alt=\"Zala Kurin\u010di\u010d\" width=\"100\" height=\"100\" align=\"left\" \/><strong>Zala Kurin\u010di\u010d<\/strong>, rojena v Ljubljani, je diplomirana socialna antropologinja in kulturologinja, trenutno pa zaklju\u010duje obveznosti na magistrskem \u0161tudiju kognitivne znanosti. \u0160iroko interesno polje: od opazovanja estetskih izku\u0161enj z eyetrackerjem, do kriti\u010dne teorije, od filozofije znanosti pa do izbolj\u0161anja uporabni\u0161ke izku\u0161nje razstavnih prostorov.<\/p>\n<div style=\"margin: 20px; color: #fff;\">.<\/div>\n<hr \/>\n<p><img loading=\"lazy\" decoding=\"async\" style=\"margin-right: 10px; margin-bottom: 5px; margin-top: 3px; margin-left: 0px;\" src=\"https:\/\/www.worldofart.org\/arhiv.worldofart.org\/aktualno\/wp-content\/2014-2016\/tecajniki\/Hana-Ostan-Ozbolt.jpg\" alt=\"Hana Ostan O\u017ebolt\" width=\"100\" height=\"100\" align=\"left\" \/><strong>Hana Ostan O\u017ebolt<\/strong> (1991, Ljubljana) je leta 2014 diplomirala iz dvopredmetnega \u0161tudija primerjalne knji\u017eevnosti in literarne teorije ter nemcistike na Filozofski fakulteti v Ljubljani. V \u0161olskem letu 2012\/13 je bila na enoletni \u0161tudijski izmenjavi na Humboldt-Universit\u00e4t zu Berlin, kjer je pol leta opravljala tudi prakso v privatni berlinski galeriji. Kot prostovoljka je dve leti zapored sodelovala pri organizaciji festivala Mesto \u017eensk in Liffe, leto dni (2014\u20132015) pa opravljala slu\u017ebo stikov z javnostjo v Aksiomi \u2013 Zavodu za sodobne umetnosti, Ljubljana. Trenutno kon\u010duje drugi letnik magistrskega \u0161tudija umetnostne zgodovine na Filozofski fakulteti. Sodobna umetnost jo veseli, nagovarja in drami.<\/p>\n<div style=\"margin: 5px; color: #fff;\">.<\/div>\n<hr \/>\n<p><img loading=\"lazy\" decoding=\"async\" style=\"margin-right: 10px; margin-bottom: 5px; margin-top: 3px; margin-left: 0px;\" src=\"https:\/\/www.worldofart.org\/arhiv.worldofart.org\/aktualno\/wp-content\/2014-2016\/tecajniki\/Mojca-Sfiligoj.jpg\" alt=\"Mojca Sfiligoj\" width=\"100\" height=\"100\" align=\"left\" \/><strong>Mojca Sfiligoj<\/strong>, rojena v Ljubljani. Zaposlena na Ministrstvu za kulturo RS na podro\u010dju vsebin povezanih z varstvom kulturne dedi\u0161\u010dine. Po \u0161olanju na Srednji \u0161oli za oblikovanje in fotografijo je diplomirala na Fakulteti za upravo. Zaklju\u010duje magistrski \u0161tudij na Fakulteti za uporabne dru\u017ebene \u0161tudije, smer Medkulturni mened\u017ement. Aktivno skrbi za obnovo in revitalizacijo kulturnega etnolo\u0161kega spomenika v bli\u017eini Ljubljane.<\/p>\n<div style=\"margin: 10px; color: #fff;\">.<\/div>\n<hr \/>\n<p><img loading=\"lazy\" decoding=\"async\" style=\"margin-right: 10px; margin-bottom: 5px; margin-top: 3px; margin-left: 0px;\" src=\"https:\/\/www.worldofart.org\/arhiv.worldofart.org\/aktualno\/wp-content\/2014-2016\/tecajniki\/Katarina-Stopar.jpg\" alt=\"Katarina Stopar\" width=\"100\" height=\"100\" align=\"left\" \/><strong>Katarina Stopar<\/strong> (1987) je rojena v Ljubljani in trenutno zaklju\u010duje \u0161tudij umetnostne zgodovine in primerjalne knji\u017eevnosti na Filozofski fakulteti v Ljubljani. Kot \u0161tudentka je izvajala pedago\u0161ko-andrago\u0161ke dejavnosti v Narodni galeriji, leta 2011 pa se je pridru\u017eila redakciji za kulturo in humanisti\u010dne vede Radia \u0160tudent. Svoje literarne prispevke objavlja tudi na portalu LUD Literatura, v prostem \u010dasu pa ob\u010dasno slika ter rada prebira katerega izmed sodobnih filozofov.<\/p>\n<div style=\"margin: 30px; color: #fff;\">.<\/div>\n<h3 class=\"solazelena\" style=\"font-weight: normal;\">1. letnik<\/h3>\n<p><img loading=\"lazy\" decoding=\"async\" style=\"margin-right: 10px; margin-bottom: 5px; margin-top: 3px; margin-left: 0px;\" src=\"https:\/\/www.worldofart.org\/arhiv.worldofart.org\/aktualno\/wp-content\/2014-2016\/tecajniki\/Jerko-Gluscevic.jpg\" alt=\"Jerko Glu\u0161\u010devi\u0107\" width=\"100\" height=\"100\" align=\"left\" \/><strong>Jerko Glu\u0161\u010devi\u0107<\/strong> (1962), rojen v Dalmaciji, \u017eivel in \u0161tudiral na Hrva\u0161kem, 1985. Diplomiral na Arhitekturni fakulteti Univerze v Zagrebu, potem pa \u017eivel in delal kot arhitekt na Hrva\u0161kem, v Al\u017eiriji, kon\u010dno v Sloveniji. Ves ta \u010das pa strastno spremljal likovno umetnost, knji\u017eevnost, gledali\u0161\u010de, film, glasbo, sodobni ples, oblikovanje.<\/p>\n<div style=\"margin: 20px; color: #fff;\">.<\/div>\n<hr \/>\n<p><img loading=\"lazy\" decoding=\"async\" style=\"margin-right: 10px; margin-bottom: 5px; margin-top: 3px; margin-left: 0px;\" src=\"https:\/\/www.worldofart.org\/arhiv.worldofart.org\/aktualno\/wp-content\/2014-2016\/tecajniki\/Marusa-Meglic.jpg\" alt=\"Maru\u0161a Megli\u010d\" width=\"100\" height=\"100\" align=\"left\" \/><strong>Maru\u0161a Megli\u010d<\/strong> (1989), rojena v Ljubljani. Leta 2012 je diplomirala iz slikarstva na ljubljanski Akademiji za likovno umetnost in oblikovanje. V Pragi je opravljala podiplomsko \u0161tudijsko izmenjavo na Akademiji za umetnost, arhitekturo in oblikovanje. Sodelovala je na skupinskih razstavah tako doma kakor v tujini. Za seboj ima tudi prvo samostojno razstavo v Be\u017eigrajski galeriji 1. Trenutno zaklju\u010duje magisterski \u0161tudij na ljubljanski Akademiji. \u017divi in dela v Ljubljani<\/p>\n<div style=\"margin: 10px; color: #fff;\">.<\/div>\n<hr \/>\n<p><img loading=\"lazy\" decoding=\"async\" style=\"margin-right: 10px; margin-bottom: 5px; margin-top: 3px; margin-left: 0px;\" src=\"https:\/\/www.worldofart.org\/arhiv.worldofart.org\/aktualno\/wp-content\/2014-2016\/tecajniki\/Lili-Anamarija-No.jpg\" alt=\"Lili Anamarija No\" width=\"100\" height=\"100\" align=\"left\" \/><strong>Lili Anamarija No<\/strong>, \u0161tudentka Akademije za likovno umetnost in oblikovanje v Ljubljani, Oddelek slikarstvo. Na kuratorsko znanje gledam kot na komplementarni in nujni del integritete sodobnega vizualnega umetnika.<br \/>\nVedno bom ravnala v dobro in v interesu Umetnosti ter v skupno dobro.<\/p>\n<div style=\"margin: 20px; color: #fff;\">.<\/div>\n<hr \/>\n<p><img loading=\"lazy\" decoding=\"async\" style=\"margin-right: 10px; margin-bottom: 5px; margin-top: 3px; margin-left: 0px;\" src=\"https:\/\/www.worldofart.org\/arhiv.worldofart.org\/aktualno\/wp-content\/2014-2016\/tecajniki\/Domen-Ograjensek.jpg\" alt=\"Domen Ograjen\u0161ek\" width=\"100\" height=\"100\" align=\"left\" \/><strong>Domen Ograjen\u0161ek<\/strong> je absolvent filozofije na Filozofski fakulteti v Ljubljani in recenzent likovne umetnosti na Radiu \u0160tudent. Objavlja v revijah <em>Tribuna<\/em>, <em>\u0160um<\/em> in drugje. V svojem raziskovanju se giblje med nem\u0161ko klasi\u010dno in sodobno francosko filozofijo, i\u0161\u010de\u010d njune kontinuitete in prelome ter njihov pomen za sodobne umetni\u0161ke prakse.<\/p>\n<div style=\"margin: 20px; color: #fff;\">.<\/div>\n<hr \/>\n<p><img loading=\"lazy\" decoding=\"async\" style=\"margin-right: 10px; margin-bottom: 5px; margin-top: 3px; margin-left: 0px;\" src=\"https:\/\/www.worldofart.org\/arhiv.worldofart.org\/aktualno\/wp-content\/2014-2016\/tecajniki\/Aljaz-Plos.jpg\" alt=\"Alja\u017e Plos\" width=\"100\" height=\"100\" align=\"left\" \/><strong>Alja\u017e Plos<\/strong> (1988), rojen v Postojni, \u017eivi pa v Starem trgu pri Lo\u017eu. Po poklicu je gastronom. Kalil se je v ve\u010d hotelskih restavracijah vi\u0161je kategorije v Ljubljani in na Bledu. \u017de zgodaj je bil primoran za\u010deti delati in se samostojno pre\u017eivljati. Pred izu\u010ditvijo v glavnega kuharja je delal \u0161tevilne stvari, od gozdarskih, proizvodnih in administrativnih del. Spremlja sodobno umetnost in ob delu \u0161tudira novinarstvo. Zanima ga kritika. Pred \u0161tudijem novinarstva je \u0161tudiral fiziko, kar pa je zaradi pomanjkanja \u010dasa in \u017eelje po ustvarjalnosti opustil. V srednjem izobra\u017eevanju je obiskoval klasi\u010dni oddelek Gimnazije Poljane. Pred tem je obiskoval Osnovno \u0161olo Heroja Janeza Hribarja.<\/p>\n<hr \/>\n<p><img loading=\"lazy\" decoding=\"async\" style=\"margin-right: 10px; margin-bottom: 5px; margin-top: 3px; margin-left: 0px;\" src=\"https:\/\/www.worldofart.org\/arhiv.worldofart.org\/aktualno\/wp-content\/2014-2016\/tecajniki\/Miha-Poljak.jpg\" alt=\"Miha Poljak\" width=\"100\" height=\"100\" align=\"left\" \/><strong>Miha Poljak<\/strong> (1979), rojen v Ljubljani. Na Filozofski fakulteti v Ljubljani je \u0161tudiral dvopredmetni \u0161tudij sociologije kulture in filozofije. V okviru podjetja Studia \u010cerne je skrbel za organizacijo likovnih razstav tako s tujimi kot slovenskimi avtorji. Trenutno je urednik spletnih strani, ukvarja se z digitalnim tr\u017eenjem, razvojem produktov in iskanjem novih paradigem.<\/p>\n<div style=\"margin: 20px; color: #fff;\">.<\/div>\n","protected":false},"excerpt":{"rendered":"<p>1. in 2. letnik Petra Bole je diplomirala je na Fakulteti za arhitekturo v Ljubljani, magistrirala na Londonski metropolitanski univerzi (MA Silversmithing &amp; Jewellery) ter zaklju\u010dila doktorski \u0161tudij na Univerzi na Primorskem, Fakulteti za humanisti\u010dne \u0161tudije Koper, smer Filozofija in teorija vizualne kulture. V okviru svojega doktorskega \u0161tudija je raziskovala pomen in vlogo umetni\u0161kega nakita [&hellip;]<\/p>\n","protected":false},"author":1,"featured_media":0,"parent":5971,"menu_order":0,"comment_status":"closed","ping_status":"closed","template":"","meta":{"footnotes":""},"categories":[],"tags":[],"_links":{"self":[{"href":"https:\/\/www.worldofart.org\/arhiv.worldofart.org\/aktualno\/wp-json\/wp\/v2\/pages\/6598"}],"collection":[{"href":"https:\/\/www.worldofart.org\/arhiv.worldofart.org\/aktualno\/wp-json\/wp\/v2\/pages"}],"about":[{"href":"https:\/\/www.worldofart.org\/arhiv.worldofart.org\/aktualno\/wp-json\/wp\/v2\/types\/page"}],"author":[{"embeddable":true,"href":"https:\/\/www.worldofart.org\/arhiv.worldofart.org\/aktualno\/wp-json\/wp\/v2\/users\/1"}],"replies":[{"embeddable":true,"href":"https:\/\/www.worldofart.org\/arhiv.worldofart.org\/aktualno\/wp-json\/wp\/v2\/comments?post=6598"}],"version-history":[{"count":23,"href":"https:\/\/www.worldofart.org\/arhiv.worldofart.org\/aktualno\/wp-json\/wp\/v2\/pages\/6598\/revisions"}],"predecessor-version":[{"id":8698,"href":"https:\/\/www.worldofart.org\/arhiv.worldofart.org\/aktualno\/wp-json\/wp\/v2\/pages\/6598\/revisions\/8698"}],"up":[{"embeddable":true,"href":"https:\/\/www.worldofart.org\/arhiv.worldofart.org\/aktualno\/wp-json\/wp\/v2\/pages\/5971"}],"wp:attachment":[{"href":"https:\/\/www.worldofart.org\/arhiv.worldofart.org\/aktualno\/wp-json\/wp\/v2\/media?parent=6598"}],"wp:term":[{"taxonomy":"category","embeddable":true,"href":"https:\/\/www.worldofart.org\/arhiv.worldofart.org\/aktualno\/wp-json\/wp\/v2\/categories?post=6598"},{"taxonomy":"post_tag","embeddable":true,"href":"https:\/\/www.worldofart.org\/arhiv.worldofart.org\/aktualno\/wp-json\/wp\/v2\/tags?post=6598"}],"curies":[{"name":"wp","href":"https:\/\/api.w.org\/{rel}","templated":true}]}}