{"id":660,"date":"2010-11-08T16:09:56","date_gmt":"2010-11-08T14:09:56","guid":{"rendered":"http:\/\/www.worldofart.org\/aktualno\/?page_id=660"},"modified":"2018-06-18T20:45:14","modified_gmt":"2018-06-18T18:45:14","slug":"tomislav-brajnovic-ekspedicija_ego-dela","status":"publish","type":"page","link":"https:\/\/www.worldofart.org\/arhiv.worldofart.org\/aktualno\/tomislav-brajnovic-ekspedicija_ego\/tomislav-brajnovic-ekspedicija_ego-dela","title":{"rendered":"Tomislav Brajnovi\u0107: Ekspedicija_ego &#8211; dela"},"content":{"rendered":"<div class=\"komentar2\">\n<p class=\"komentarslike\"><img decoding=\"async\" style=\"border: 0; margin: 0; padding: 0 0 7px 0;\" src=\"https:\/\/www.worldofart.org\/arhiv.worldofart.org\/aktualno\/wp-content\/brajnovic\/brajnovic-greed.jpg\" alt=\"Tomislav Brajnovi\u0107, Greed\" \/><br \/>\nPohlep (Greed), dokumentacija intervencije, 2009<\/p>\n<\/div>\n<div class=\"komentar2\">\n<p class=\"komentarslike\"><img decoding=\"async\" style=\"border: 0; margin: 0; padding: 0 0 7px 0;\" src=\"https:\/\/www.worldofart.org\/arhiv.worldofart.org\/aktualno\/wp-content\/brajnovic\/brajnovic-fire.jpg\" alt=\"Tomislav Brajnovi\u0107, Fire\" \/><br \/>\nOgenj (Fire), dokumentacija intervencije, 2009<\/p>\n<\/div>\n<div class=\"komentar2\">\n<p class=\"komentarslike\"><img decoding=\"async\" style=\"border: 0; margin: 0; padding: 0 0 7px 0;\" src=\"https:\/\/www.worldofart.org\/arhiv.worldofart.org\/aktualno\/wp-content\/brajnovic\/brajnovic-history.jpg\" alt=\"Tomislav Brajnovi\u0107, History\" \/><br \/>\nZgodovina (History), dokumentacija intervencije, 2009<\/p>\n<\/div>\n<div class=\"komentar2\">\n<p class=\"komentarslike\"><img decoding=\"async\" style=\"border: 0; margin: 0; padding: 0 0 7px 0;\" src=\"https:\/\/www.worldofart.org\/arhiv.worldofart.org\/aktualno\/wp-content\/brajnovic\/brajnovic-speed.jpg\" alt=\"Tomislav Brajnovi\u0107, Speed\" \/><br \/>\nHitrost (Speed), dokumentacija intervencije, 2009<\/p>\n<\/div>\n<div class=\"komentar2\">\n<p class=\"komentarslike\"><img decoding=\"async\" style=\"border: 0; margin: 0; padding: 0 0 7px 0;\" src=\"https:\/\/www.worldofart.org\/arhiv.worldofart.org\/aktualno\/wp-content\/brajnovic\/1brajnovic_ego-venezia.jpg\" alt=\"Tomislav Brajnovi\u0107, Ego Trip (Venice)\" \/><br \/>\nBenetke (Venice), foto: Xiao Quan (Kitajska), 2009<\/p>\n<\/div>\n<div class=\"komentar2\">\n<p class=\"komentarslike\"><img decoding=\"async\" style=\"border: 0; margin: 0; padding: 0 0 7px 0;\" src=\"https:\/\/www.worldofart.org\/arhiv.worldofart.org\/aktualno\/wp-content\/brajnovic\/2brajnovic_ego-satelit.jpg\" alt=\"Tomislav Brajnovi\u0107, Ego Trip (Satelit)\" \/><br \/>\nSatelit (Satellite), foto: Sarah Anne Johnson (Kanada), 2009<\/p>\n<\/div>\n<div class=\"komentar2\">\n<p class=\"komentarslike\"><img decoding=\"async\" style=\"border: 0; margin: 0; padding: 0 0 7px 0;\" src=\"https:\/\/www.worldofart.org\/arhiv.worldofart.org\/aktualno\/wp-content\/brajnovic\/3brajnovic_ego-glacier.jpg\" alt=\"Tomislav Brajnovi\u0107, Ego Trip (Glacier)\" \/><br \/>\nLedenik (Glacier), foto: Kuang-Yu Tsui (Tajska), 2009<\/p>\n<\/div>\n<div class=\"komentar2\">\n<p class=\"komentarslike\"><img decoding=\"async\" style=\"border: 0; margin: 0; padding: 0 0 7px 0;\" src=\"https:\/\/www.worldofart.org\/arhiv.worldofart.org\/aktualno\/wp-content\/brajnovic\/4brajnovic_ego-NY-TS.jpg\" alt=\"Tomislav Brajnovi\u0107, Ego Trip (Times Square)\" \/><br \/>\nTimes Square, foto: Neboj\u0161a \u0160eri\u0107 \u2013 Shoba (ZDA), 2010<\/p>\n<\/div>\n<div class=\"komentar2\">\n<p class=\"komentarslike\"><img decoding=\"async\" style=\"border: 0; margin: 0; padding: 0 0 7px 0;\" src=\"https:\/\/www.worldofart.org\/arhiv.worldofart.org\/aktualno\/wp-content\/brajnovic\/5brajnovic_ego-NY-skyline.jpg\" alt=\"Tomislav Brajnovi\u0107, Ego Trip (Times Square)\" \/><br \/>\nNew York Skyline, foto: Raphaele Shirley (ZDA), 2010<\/p>\n<\/div>\n<div class=\"komentar2\">\n<p class=\"komentarslike\"><img decoding=\"async\" style=\"border: 0; margin: 0; padding: 0 0 7px 0;\" src=\"https:\/\/www.worldofart.org\/arhiv.worldofart.org\/aktualno\/wp-content\/brajnovic\/mir_peace.jpg\" alt=\"Tomislav Brajnovi\u0107, Mir (Peace)\" \/><br \/>\nMir (Peace), video, 0&#8242; 47&#8221;, 2009<\/p>\n<\/div>\n<div class=\"komentar2\">\n<p class=\"komentarslike\"><img decoding=\"async\" style=\"border: 0; margin: 0; padding: 0 0 7px 0;\" src=\"https:\/\/www.worldofart.org\/arhiv.worldofart.org\/aktualno\/wp-content\/brajnovic\/geneza_genesis.jpg\" alt=\"Tomislav Brajnovi\u0107, Geneza (Genesis)\" \/><br \/>\nGeneza (Genesis), video, 1&#8242; 53&#8221;, 2009<\/p>\n<\/div>\n<div class=\"komentar2\">\n<p class=\"komentarslike\"><img decoding=\"async\" style=\"border: 0; margin: 0; padding: 0 0 7px 0;\" src=\"https:\/\/www.worldofart.org\/arhiv.worldofart.org\/aktualno\/wp-content\/brajnovic\/zastava_flag.jpg\" alt=\"Tomislav Brajnovi\u0107, Zastava (Flag)\" \/><br \/>\nZastava (Flag), video, 3&#8242; 12&#8221;, 2009<\/p>\n<\/div>\n<div class=\"komentar2\">\n<p class=\"komentarslike\"><img decoding=\"async\" style=\"border: 0; margin: 0; padding: 0 0 7px 0;\" src=\"https:\/\/www.worldofart.org\/arhiv.worldofart.org\/aktualno\/wp-content\/brajnovic\/ego-trip.jpg\" alt=\"Tomislav Brajnovi\u0107, Ego Trip\" \/><br \/>\nEgo Trip, 3&#8242; 38&#8221;, video, 2009<\/p>\n<\/div>\n<div style=\"clear:both\"><\/div>\n","protected":false},"excerpt":{"rendered":"<p>Pohlep (Greed), dokumentacija intervencije, 2009 Ogenj (Fire), dokumentacija intervencije, 2009 Zgodovina (History), dokumentacija intervencije, 2009 Hitrost (Speed), dokumentacija intervencije, 2009 Benetke (Venice), foto: Xiao Quan (Kitajska), 2009 Satelit (Satellite), foto: Sarah Anne Johnson (Kanada), 2009 Ledenik (Glacier), foto: Kuang-Yu Tsui (Tajska), 2009 Times Square, foto: Neboj\u0161a \u0160eri\u0107 \u2013 Shoba (ZDA), 2010 New York Skyline, foto: [&hellip;]<\/p>\n","protected":false},"author":1,"featured_media":0,"parent":598,"menu_order":0,"comment_status":"closed","ping_status":"closed","template":"","meta":{"footnotes":""},"categories":[],"tags":[],"_links":{"self":[{"href":"https:\/\/www.worldofart.org\/arhiv.worldofart.org\/aktualno\/wp-json\/wp\/v2\/pages\/660"}],"collection":[{"href":"https:\/\/www.worldofart.org\/arhiv.worldofart.org\/aktualno\/wp-json\/wp\/v2\/pages"}],"about":[{"href":"https:\/\/www.worldofart.org\/arhiv.worldofart.org\/aktualno\/wp-json\/wp\/v2\/types\/page"}],"author":[{"embeddable":true,"href":"https:\/\/www.worldofart.org\/arhiv.worldofart.org\/aktualno\/wp-json\/wp\/v2\/users\/1"}],"replies":[{"embeddable":true,"href":"https:\/\/www.worldofart.org\/arhiv.worldofart.org\/aktualno\/wp-json\/wp\/v2\/comments?post=660"}],"version-history":[{"count":1,"href":"https:\/\/www.worldofart.org\/arhiv.worldofart.org\/aktualno\/wp-json\/wp\/v2\/pages\/660\/revisions"}],"predecessor-version":[{"id":9528,"href":"https:\/\/www.worldofart.org\/arhiv.worldofart.org\/aktualno\/wp-json\/wp\/v2\/pages\/660\/revisions\/9528"}],"up":[{"embeddable":true,"href":"https:\/\/www.worldofart.org\/arhiv.worldofart.org\/aktualno\/wp-json\/wp\/v2\/pages\/598"}],"wp:attachment":[{"href":"https:\/\/www.worldofart.org\/arhiv.worldofart.org\/aktualno\/wp-json\/wp\/v2\/media?parent=660"}],"wp:term":[{"taxonomy":"category","embeddable":true,"href":"https:\/\/www.worldofart.org\/arhiv.worldofart.org\/aktualno\/wp-json\/wp\/v2\/categories?post=660"},{"taxonomy":"post_tag","embeddable":true,"href":"https:\/\/www.worldofart.org\/arhiv.worldofart.org\/aktualno\/wp-json\/wp\/v2\/tags?post=660"}],"curies":[{"name":"wp","href":"https:\/\/api.w.org\/{rel}","templated":true}]}}