{"id":7319,"date":"2015-04-21T21:39:52","date_gmt":"2015-04-21T19:39:52","guid":{"rendered":"http:\/\/www.worldofart.org\/aktualno\/?page_id=7319"},"modified":"2016-11-19T22:00:48","modified_gmt":"2016-11-19T20:00:48","slug":"curating-in-depth","status":"publish","type":"page","link":"https:\/\/www.worldofart.org\/arhiv.worldofart.org\/aktualno\/petnajsto-leto-2014-2016\/curating-in-depth","title":{"rendered":"Curating\u2013In\u2013Depth"},"content":{"rendered":"<p><strong>Curating\u2013In\u2013Depth<\/strong>, ki ga pripravljamo <strong>SCCA \u2013 Ljubljana<\/strong>, <strong>Planting Rice<\/strong> s Filipinov in <strong>Kurziv <\/strong>s Hrva\u0161ke, je razvojni projekt med nevladnimi organizacijami iz Evrope in Azije, ki razvijajo kuratorsko izobra\u017eevanje. Projekt povezuje pobude v polju kuratorskih praks in produkciji razstav vizualne umetnosti, ki ubirajo soroden pristop (kuriranje, ki izhaja iz poglobljene raziskave), vendar so zakoreninjene v razli\u010dnih kulturnih in umetni\u0161kih okoljih. Skupaj se posku\u0161amo odzvati na pojav &#8220;kuratorjev padalcev&#8221;, ki se zana\u0161ajo na minimalno sodelovanje in v novem kulturnem okolju zanemarjajo politike kulturne reprezentacije. Delimo tudi mnenje, da se morajo sodobna vizualna umetnost ter kuratorske in kriti\u0161ke prakse globlje povezovati s kontekstom.<\/p>\n<p>Pri\u010dakujemo, da bomo preko mobilnosti za kuratorje in kulturne delavce med Filipini, Slovenijo in Hrva\u0161ko pove\u010dali znanje o teh kulturnih prizori\u0161\u010dih in razvili prakso odgovornosti v medkulturnih izmenjavah in medkulturnem kuratorstvu.<\/p>\n<p>Prvi del programa se bo odvijal v Ljubljani in v Zagrebu med 3. in 16. majem 2015 ter bo vklju\u010deval pogovore z umetniki, predavanja, ve\u010der video projekcij in druge na\u010dine predstavitve. S tem \u017eelimo graditi medkulturni dialog in pove\u010dati zavedanje, da prav z umetnostjo lahko povezujemo raznolika kulturna in dru\u017ebena okolja, kot so npr. slovensko, hrva\u0161ko in filipinsko.<\/p>\n<hr \/>\n<p><img loading=\"lazy\" decoding=\"async\" class=\"alignnone size-full wp-image-3235\" title=\"Curating-In-Depth\" src=\"https:\/\/www.worldofart.org\/arhiv.worldofart.org\/current\/wp-content\/uploads\/2015\/04\/curating-in-depth-web.jpg\" alt=\"\" width=\"620\" height=\"284\" \/><\/p>\n<p>Projekt <strong>Curating\u2013In\u2013Depth<\/strong> je eden od treh projektov, ki je v \u010detrti izdaji <em>Creative Encounters: Cultural Partnerships between Asia and Europe<\/em> prejel podporo <a href=\"http:\/\/www.asef.org\/\" target=\"_blank\"><strong>Asia-Europe Foundation<\/strong><\/a> (ASEF). S podporo umetni\u0161kih sodelovanj, izmenjav in dialogov v okviru programa <a href=\"http:\/\/www.asef.org\/index.php\/projects\/themes\/culture\/3218-creative-encounters--fourth-edition-2014--2015-\" target=\"_blank\"><strong><em>Creative Encounters<\/em><\/strong><\/a> ASEF ter njegova partnerja <a href=\"http:\/\/www.artsnetworkasia.org\/main.html\" target=\"_blank\"><strong>Arts Network Asia<\/strong><\/a> (ANA) in <a href=\"http:\/\/www.teh.net\/\" target=\"_blank\"><strong>Trans Europe Halles<\/strong><\/a> (TEH) spodbujajo medkulturne povezave. Njihov cilj je okrepiti izmenjave med Azijo in Evropo s pomo\u010djo poglabljanja medsebojnega razumevanja med kulturnimi skupnostmi obeh regij, krepitvijo mobilnosti umetnikov in kulturnih delavcev ter spodbujanjem ustvarjalnih sodelovanj.<\/p>\n<p>V \u010dasu obiska azijskih umetnikov in kuratorjev bo predvidoma od 10. do 13. maja 2015 v Ljubljani tudi vodja oddelka za kulturo pri ASEF, Anupama Sekhar.<\/p>\n<p><a href=\"http:\/\/www.asef.org\/index.php\/projects\/themes\/culture\/3218-creative-encounters--fourth-edition-2014--2015-\"><img loading=\"lazy\" decoding=\"async\" class=\"alignnone size-full wp-image-7416\" title=\"Creative Encounters\" src=\"https:\/\/www.worldofart.org\/arhiv.worldofart.org\/aktualno\/wp-content\/uploads\/2015\/04\/creative-encounters-logo.jpg\" alt=\"\" width=\"300\" height=\"120\" \/><\/a><\/p>\n<hr \/>\n<p><a href=\"https:\/\/www.worldofart.org\/arhiv.worldofart.org\/current\/wp-content\/uploads\/2015\/04\/CID-Open-ended-Possibilities.pdf\" target=\"_blank\"><img loading=\"lazy\" decoding=\"async\" class=\"alignnone size-full wp-image-3750\" title=\"Curating-In-Depth: Open-ended Possibilites\" src=\"https:\/\/www.worldofart.org\/arhiv.worldofart.org\/current\/wp-content\/uploads\/2015\/04\/cid-open-ended-possibilites.jpg\" alt=\"\" width=\"600\" height=\"245\" \/><\/a><\/p>\n<p><a href=\"https:\/\/www.worldofart.org\/arhiv.worldofart.org\/current\/wp-content\/uploads\/2015\/04\/CID-Open-ended-Possibilities.pdf\" target=\"_blank\"><strong><em>Open-ended Possibilites<\/em><\/strong><\/a><br \/>\nPoro\u010dilo v angle\u0161kem jeziku (PDF)<\/p>\n<hr \/>\n<p><a href=\"https:\/\/www.worldofart.org\/arhiv.worldofart.org\/aktualno\/wp-content\/2015\/Curating-In-Depth-toolkit.pdf\" target=\"_blank\"><img loading=\"lazy\" decoding=\"async\" src=\"https:\/\/www.worldofart.org\/arhiv.worldofart.org\/aktualno\/wp-content\/uploads\/2015\/04\/cid-toolkit.jpg\" alt=\"\" title=\"CID Toolkit\" width=\"600\" height=\"257\" class=\"alignnone size-full wp-image-8316\" srcset=\"https:\/\/www.worldofart.org\/arhiv.worldofart.org\/aktualno\/wp-content\/uploads\/2015\/04\/cid-toolkit.jpg 600w, https:\/\/www.worldofart.org\/arhiv.worldofart.org\/aktualno\/wp-content\/uploads\/2015\/04\/cid-toolkit-300x128.jpg 300w\" sizes=\"(max-width: 600px) 100vw, 600px\" \/><\/a><\/p>\n<p><a href=\"https:\/\/www.worldofart.org\/arhiv.worldofart.org\/aktualno\/wp-content\/2015\/Curating-In-Depth-toolkit.pdf\" target=\"_blank\"><strong><em>Curating-in-Depth Tookit<\/em><\/strong><\/a><br \/>\nSpletna publikacija (PDF)<\/p>\n<hr \/>\n<ol>\n<li><a href=\"#1\">AKTIVNOSTI<\/a><\/li>\n<li><a href=\"#2\">PARTNERJI<\/a><\/li>\n<li><a href=\"#3\">SODELUJO\u010cI<\/a><\/li>\n<li><a href=\"#4\">CONNECTIONS-IN-DEPTH<\/a><\/li>\n<li><a href=\"#5\">FOTOGALERIJA<\/a><\/li>\n<li><a href=\"#6\">VTISI<\/a><\/li>\n<li><a href=\"#7\">MEDIJSKI ODZIVI<\/a><\/li>\n<li><a href=\"#8\">PROJEKT SO PODPRLI<\/a><\/li>\n<\/ol>\n<hr \/>\n<p><a name=\"1\"><\/a><br \/>\n<strong>1. AKTIVNOSTI<\/strong><\/p>\n<p>Prvi del programa se bo odvijal v Ljubljani in v Zagrebu med 3. in 16. majem 2015, drugi del pa bo potekal med 27. julijem in 8. avgustom 2015 v Manili na Filipinih. Po koncu projekta bodo udele\u017eenci mobilnosti pripravili skupno spletno platformo in e-publikacijo.<\/p>\n<p><a href=\"https:\/\/www.worldofart.org\/arhiv.worldofart.org\/aktualno\/petnajsto-leto-2014-2016\/curating-in-depth\/program-v-ljubljani\">\u00bb Ve\u010d o dejavnostih v Ljubljani, Slovenija.<\/a> (3.\u201316. 5. 2015)<\/p>\n<p><a href=\"https:\/\/www.worldofart.org\/arhiv.worldofart.org\/aktualno\/petnajsto-leto-2014-2016\/curating-in-depth\/strokovna-ekskurzija-v-zagreb\">\u00bb Ve\u010d o dejavnostih v Zagrebu, Hrva\u0161ka.<\/a> (13. 5. 2015)<\/p>\n<p><a href=\"https:\/\/www.worldofart.org\/arhiv.worldofart.org\/aktualno\/petnajsto-leto-2014-2016\/curating-in-depth\/program-v-manili-filipini\">\u00bb Ve\u010d o dejavnostih v Manili, Filipini.<\/a> (27. 7.\u20138. 8. 2015)<\/p>\n<p><a href=\"https:\/\/www.worldofart.org\/arhiv.worldofart.org\/aktualno\/petnajsto-leto-2014-2016\/curating-in-depth\/skupna-delovna-platforma-in-e-publikacijatoolkit-pdf\">\u00bb Spletna platforma in e-publikacija.<\/a><\/p>\n<hr \/>\n<p><a name=\"2\"><\/a><br \/>\n<strong>2. PARTNERJI<\/strong><\/p>\n<p><a href=\"http:\/\/http:\/\/www.scca-ljubljana.si\/\" target=\"_blank\"><img loading=\"lazy\" decoding=\"async\" class=\"alignnone  wp-image-7328\" title=\"SCCA-Ljubljana\" src=\"https:\/\/www.worldofart.org\/arhiv.worldofart.org\/aktualno\/wp-content\/uploads\/2015\/04\/scca-slo-220.gif\" alt=\"\" width=\"253\" height=\"47\" \/><\/a><\/p>\n<p><strong>SCCA-Ljubljana <\/strong><strong>(Slovenija)<\/strong><strong>, <\/strong>ustanovljen leta 2000 (naslednik Sorosovega centra za sodobne umetnosti-Ljubljana), je neprofitna produkcijska, raziskovalna in izobra\u017eevalna organizacija s servisno platformo, dostopno javnosti. SCCA-Ljubljana producira, spodbuja in posreduje inovativne umetni\u0161ke in interpretativne prakse ter jih mednarodno povezuje. Ustvarjalce in uporabnike sodobne umetnosti (umetnike, kustose, teoretike, kritike, javnost) opremlja z znanji, orodji in spretnostmi za emancipirano in reflektirano delovanje v svetu umetnosti.<\/p>\n<p><strong>VE\u010c: <\/strong><a href=\"http:\/\/www.scca-ljubljana.si\/\" target=\"_blank\"><strong>www.scca-ljubljana.si<\/strong><\/a><\/p>\n<p>&nbsp;<\/p>\n<p><a href=\"http:\/\/www.plantingrice.com\/\" target=\"_blank\"><img loading=\"lazy\" decoding=\"async\" class=\"alignnone  wp-image-7327\" title=\"Planting Rice\" src=\"https:\/\/www.worldofart.org\/arhiv.worldofart.org\/aktualno\/wp-content\/uploads\/2015\/04\/planting-rice.gif\" alt=\"\" width=\"244\" height=\"125\" \/><\/a><\/p>\n<p><strong>Planting Rice<\/strong> (Manila, Filipini) je kuratorska platforma, namenjena spodbujanju sodelovanja med razli\u010dnimi umetni\u0161kimi skupnostmi. Na svoji spletni strani posreduje informacije o pomembnih razstavah, dogodkih, krajih in mobilnostih v jugovzhodni Aziji. Planting Rice je tudi spletna platforma z arhivom novih in znova objavljenih umetnostnih besedil ter aktualnih razprav, ki nastajajo onkraj uveljavljenih institucij. Za njihovo kuratorsko prakso sta zna\u010dilna predvsem vklju\u010devanje znova obujenih prostorov v Manili in raziskovanje praks arhiviranja.<\/p>\n<p><strong>VE\u010c: <\/strong><a href=\"http:\/\/www.plantingrice.com\/\" target=\"_blank\"><strong>www.plantingrice.com<\/strong><\/a><\/p>\n<p>&nbsp;<\/p>\n<p><a href=\"http:\/\/www.kulturpunkt.hr\/node\/29\" target=\"_blank\"><img loading=\"lazy\" decoding=\"async\" class=\"alignnone  wp-image-7326\" title=\"Kulturpunkt.hr\" src=\"https:\/\/www.worldofart.org\/arhiv.worldofart.org\/aktualno\/wp-content\/uploads\/2015\/04\/kulturpunkt.gif\" alt=\"\" width=\"239\" height=\"43\" \/><\/a><\/p>\n<p><strong>KURZIV <\/strong>(Zagreb, Hrva\u0161ka) je organizacija, ki sta jo leta 2009 ustanovila Clubture in uredni\u0161tvo portala Kulturpunkt.hr. KURZIV je platforma, ki intervenira v hrva\u0161kem medijskem prostoru, predstavljajo\u010d neodvisno in sodobno kulturno produkcijo, aktivizem in organizacije civilne dru\u017ebe.<\/p>\n<p><strong>VE\u010c: <\/strong><a href=\"http:\/\/www.kulturpunkt.hr\/node\/29\" target=\"_blank\"><strong>www.kulturpunkt.hr\/node\/29<\/strong><\/a><\/p>\n<hr \/>\n<p><a name=\"3\"><\/a><br \/>\n<strong>3. SODELUJO\u010cI<\/strong><\/p>\n<p><img loading=\"lazy\" decoding=\"async\" class=\"alignnone size-full wp-image-3239\" title=\"Sodelujo\u010di v projektu Curating-In-Depth, 1. del, Ljubljana\" src=\"https:\/\/www.worldofart.org\/arhiv.worldofart.org\/current\/wp-content\/uploads\/2015\/04\/curating-in-depth-participants.jpg\" alt=\"\" width=\"620\" height=\"207\" \/><\/p>\n<p><strong>Sodelujo\u010di v projektu Curating-In-Depth, 1. del, Ljubljana:<\/strong><\/p>\n<p><a href=\"https:\/\/www.worldofart.org\/arhiv.worldofart.org\/aktualno\/petnajsto-leto-2014-2016\/curating-in-depth\/sodelujoci-participants#borcic\">Barbara Bor\u010di\u0107<\/a>, <a href=\"https:\/\/www.worldofart.org\/arhiv.worldofart.org\/aktualno\/petnajsto-leto-2014-2016\/curating-in-depth\/sodelujoci-participants#ching\">Isabel Ching<\/a>, <a href=\"https:\/\/www.worldofart.org\/arhiv.worldofart.org\/aktualno\/petnajsto-leto-2014-2016\/curating-in-depth\/sodelujoci-participants#dovc\">Du\u0161an Dov\u010d<\/a>, <a href=\"https:\/\/www.worldofart.org\/arhiv.worldofart.org\/aktualno\/petnajsto-leto-2014-2016\/curating-in-depth\/sodelujoci-participants#gomez\">Antares Gomez<\/a>, <a href=\"https:\/\/www.worldofart.org\/arhiv.worldofart.org\/aktualno\/petnajsto-leto-2014-2016\/curating-in-depth\/sodelujoci-participants#letinic\">Antonija Letini\u0107<\/a>, <a href=\"https:\/\/www.worldofart.org\/arhiv.worldofart.org\/aktualno\/petnajsto-leto-2014-2016\/curating-in-depth\/sodelujoci-participants#nabergoj\">Sa\u0161a Nabergoj<\/a>, <a href=\"https:\/\/www.worldofart.org\/arhiv.worldofart.org\/aktualno\/petnajsto-leto-2014-2016\/curating-in-depth\/sodelujoci-participants#paranada\">Kenneth Paranada<\/a>, <a href=\"https:\/\/www.worldofart.org\/arhiv.worldofart.org\/aktualno\/petnajsto-leto-2014-2016\/curating-in-depth\/sodelujoci-participants#perez\">Siddharta Perez<\/a>, <a href=\"https:\/\/www.worldofart.org\/arhiv.worldofart.org\/aktualno\/petnajsto-leto-2014-2016\/curating-in-depth\/sodelujoci-participants#satt\">Moe Satt<\/a>, <a href=\"https:\/\/www.worldofart.org\/arhiv.worldofart.org\/aktualno\/petnajsto-leto-2014-2016\/curating-in-depth\/sodelujoci-participants#zvanut\">Simona \u017dvanut<\/a>, <a href=\"https:\/\/www.worldofart.org\/arhiv.worldofart.org\/aktualno\/petnajsto-leto-2014-2016\/curating-in-depth\/sodelujoci-participants#kelemina\">Miha Kelemina<\/a>, <a href=\"https:\/\/www.worldofart.org\/arhiv.worldofart.org\/aktualno\/wp-content\/uploads\/2015\/04\/Shireen-Seno-CV1.pdf\" target=\"_blank\">Shireen Seno<\/a><\/p>\n<p>&#8212;<\/p>\n<p><img loading=\"lazy\" decoding=\"async\" class=\"alignnone size-full wp-image-3577\" title=\"Sodelujo\u010di v projektu Curating-In-Depth, 2. del, Manila\" src=\"https:\/\/www.worldofart.org\/arhiv.worldofart.org\/current\/wp-content\/uploads\/2015\/04\/curating-in-depth-participants-manila.jpg\" alt=\"\" width=\"620\" height=\"200\" \/><\/p>\n<p><strong>Sodelujo\u010di v projektu Curating-In-Depth, 2. del, Manila:<\/strong><\/p>\n<p>Barbara Bor\u010di\u0107, Du\u0161an Dov\u010d, Miha Kelemina, Lian Ladia, Renan Laru-An, Antonija Letini\u0107, Ricky Orellana, Siddharta Perez, Simon Soon, Angel Velasco Shaw, Jenifer Wofford, Simona \u017dvanut<\/p>\n<p>&#8212;<\/p>\n<p><strong>Drugi sodelujo\u010di:<\/strong> <a href=\"https:\/\/www.worldofart.org\/arhiv.worldofart.org\/aktualno\/petnajsto-leto-2014-2016\/udelezenci-sole-20142016\">Udele\u017eenci Sveta umetnosti<\/a><\/p>\n<hr \/>\n<p><a name=\"4\"><\/a><br \/>\n<strong>4. CONNECTIONS-IN-DEPTH<\/strong><\/p>\n<p><img loading=\"lazy\" decoding=\"async\" src=\"https:\/\/www.worldofart.org\/arhiv.worldofart.org\/aktualno\/wp-content\/uploads\/2015\/04\/od-drugod2.gif\" alt=\"\" title=\"Od drugod 2\" width=\"620\" height=\"93\" class=\"alignnone size-full wp-image-7957\" srcset=\"https:\/\/www.worldofart.org\/arhiv.worldofart.org\/aktualno\/wp-content\/uploads\/2015\/04\/od-drugod2.gif 620w, https:\/\/www.worldofart.org\/arhiv.worldofart.org\/aktualno\/wp-content\/uploads\/2015\/04\/od-drugod2-300x45.gif 300w\" sizes=\"(max-width: 620px) 100vw, 620px\" \/><\/p>\n<p><strong><em>Od drugod 2: Kuratorske prakse in umetni\u0161ke pozicije<\/em><\/strong><br \/>\nPredstavitev kuratorskih praks in umetnosti s Filipinov, Singapurja in Mjanmarja<\/p>\n<p>Od drugod 2 je druga edicija na\u0161ega spoznavanja kuratorskih praks in umetni\u0161kih pozicij onkraj evropskega prostora. Prvi\u010d smo spoznavali Armenijo, Kazahstan, Egipt in Tur\u010dijo, drugi\u010d pa smo se odpravili \u0161e dlje: na Filipine, v Singapur in Mjanmar. Od drugod 2 pripravljamo v okviru \u0161ole Svet umetnosti in mednarodnega projekta Celostno kuriranje \/ Curating\u2013In\u2013Depth, kuratorji in kuratorke iz jugovzhodne Azije pa bodo za nas pripravili predavanja o umetni\u0161kih scenah iz okolij, od koder prihajajo in kjer delujejo.<\/p>\n<p><strong><a href=\"https:\/\/www.worldofart.org\/arhiv.worldofart.org\/aktualno\/petnajsto-leto-2014-2016\/curating-in-depth\/connections-in-depth#od-drugod2\">\u00bb Ve\u010d<\/a><\/strong><\/p>\n<p>&#8212;<\/p>\n<p><img loading=\"lazy\" decoding=\"async\" class=\"alignnone size-full wp-image-3229\" title=\"The Kalampag Tracking Agency\" src=\"https:\/\/www.worldofart.org\/arhiv.worldofart.org\/current\/wp-content\/uploads\/2015\/04\/The-Kalampag-Tracking-Agency.jpg\" alt=\"\" width=\"620\" height=\"74\" \/><\/p>\n<p><strong>Shireen Seno: <em>The Kalampag Tracking Agency<\/em> (kuriran izbor)<\/strong><br \/>\nProjekcija filipinskega umetni\u0161kega videa in kratkega filma s komentarji kuratorke<\/p>\n<p>Projekcija 13 umetni\u0161kih video del in kratkih filmov s Filipinov, nastalih od leta 1985 do danes. Izbor prikazuje razli\u010dne estetike in rabe video in filmskega jezika ter odstira teme, ki zaznamujejo filipinsko sodobno dru\u017ebo.<\/p>\n<p><strong><a href=\"https:\/\/www.worldofart.org\/arhiv.worldofart.org\/aktualno\/petnajsto-leto-2014-2016\/curating-in-depth\/connections-in-depth#the-kalampag-tracking-agency\">\u00bb Ve\u010d<\/a><\/strong><\/p>\n<p>&#8212;<\/p>\n<p><a href=\"https:\/\/www.worldofart.org\/arhiv.worldofart.org\/aktualno\/petnajsto-leto-2014-2016\/curating-in-depth\/connections-in-depth#simpozij\"><img loading=\"lazy\" decoding=\"async\" class=\"alignnone size-full wp-image-3752\" title=\"cid2-manila-pas\" src=\"https:\/\/www.worldofart.org\/arhiv.worldofart.org\/current\/wp-content\/uploads\/2015\/04\/cid2-manila-pas1.jpg\" alt=\"\" width=\"620\" height=\"102\" \/><\/a><\/p>\n<p><strong>Simpozij Curating-in-Depth 2<\/strong><br \/>\ntridnevni simpozij, \u0160ola za umetnost in dizajn De La Salle College of Saint Benilde, 3.\u20135. 8. 2015<br \/>\n<strong><a href=\"https:\/\/www.worldofart.org\/arhiv.worldofart.org\/aktualno\/petnajsto-leto-2014-2016\/curating-in-depth\/connections-in-depth#simpozij\">\u00bb Ve\u010d<\/a><\/strong><\/p>\n<p>&#8212;<\/p>\n<p><img loading=\"lazy\" decoding=\"async\" class=\"alignnone size-full wp-image-3356\" title=\"manila events\" src=\"https:\/\/www.worldofart.org\/arhiv.worldofart.org\/current\/wp-content\/uploads\/2015\/04\/manila-events.jpg\" alt=\"\" width=\"620\" height=\"183\" \/><\/p>\n<p><strong>Spodbijanje sodobnosti: bralna skupina jugovzhodne Azije<\/strong><br \/>\nokrogla miza, Lopez Museum and Library, 31. 7. 2015<br \/>\n<strong><a href=\"https:\/\/www.worldofart.org\/arhiv.worldofart.org\/aktualno\/petnajsto-leto-2014-2016\/curating-in-depth\/connections-in-depth#bralna-skupina\">\u00bb Ve\u010d<\/a><\/strong><\/p>\n<p><strong>Ko je umetnost kladivo<\/strong><br \/>\nokrogla miza, ki jo je pripravila skupina Concerned Artists of the Philippines<br \/>\nArtery Art Space, 1. 8. 2015<br \/>\n<strong><a href=\"https:\/\/www.worldofart.org\/arhiv.worldofart.org\/aktualno\/petnajsto-leto-2014-2016\/curating-in-depth\/connections-in-depth#kladivo\">\u00bb Ve\u010d<\/a><\/strong><\/p>\n<p><strong>Filmska retrospektiva Johna Torresa<\/strong><br \/>\nBenilde SDA Cinema, 6.\u20137. 8. 2015<br \/>\n<strong><a href=\"https:\/\/www.worldofart.org\/arhiv.worldofart.org\/aktualno\/petnajsto-leto-2014-2016\/curating-in-depth\/connections-in-depth#torres\">\u00bb Ve\u010d<\/a><\/strong><\/p>\n<hr \/>\n<p><a name=\"5\"><\/a><br \/>\n<strong>5. FOTOGALERIJA<\/strong><\/p>\n<div class=\"komentar2\">\n<p class=\"komentarslike\"><a href=\"https:\/\/www.worldofart.org\/arhiv.worldofart.org\/aktualno\/petnajsto-leto-2014-2016\/curating-in-depth\/curating-in-depth-1-del-ljubljana\"><img loading=\"lazy\" decoding=\"async\" class=\"alignnone size-full wp-image-7678\" style=\"border: 0; margin: 0; padding: 0 0 7px 0;\" title=\"Curating\u2013In\u2013Depth, 1. DEL: LJUBLJANA\" src=\"https:\/\/www.worldofart.org\/arhiv.worldofart.org\/aktualno\/wp-content\/uploads\/2015\/04\/CID-Ljubljana.jpg\" alt=\"\" width=\"600\" height=\"287\" srcset=\"https:\/\/www.worldofart.org\/arhiv.worldofart.org\/aktualno\/wp-content\/uploads\/2015\/04\/CID-Ljubljana.jpg 600w, https:\/\/www.worldofart.org\/arhiv.worldofart.org\/aktualno\/wp-content\/uploads\/2015\/04\/CID-Ljubljana-300x143.jpg 300w\" sizes=\"(max-width: 600px) 100vw, 600px\" \/><br \/>\n<em>CURATING-IN-DEPTH, 1. DEL:<\/em> <strong>LJUBLJANA<\/strong> (3.\u201316. 5. 2015)<\/a><\/p>\n<\/div>\n<div class=\"komentar2\">\n<p class=\"komentarslike\"><a href=\"https:\/\/www.worldofart.org\/arhiv.worldofart.org\/aktualno\/petnajsto-leto-2014-2016\/curating-in-depth\/curating-in-depth-2-del-manila\"><img loading=\"lazy\" decoding=\"async\" src=\"https:\/\/www.worldofart.org\/arhiv.worldofart.org\/current\/wp-content\/uploads\/2015\/04\/manila-kolaz.jpg\" alt=\"\" style=\"border: 0; margin: 0; padding: 0 0 7px 0;\" title=\"CURATING-IN-DEPTH PART 2: MANILA\" width=\"600\" height=\"287\" class=\"alignnone size-full wp-image-3566\" \/><br \/>\n<em>CURATING-IN-DEPTH, 2. DEL:<\/em> <strong>MANILA <\/strong> (27. 7.\u20138. 8. 2015)<\/a><\/p>\n<\/div>\n<div style=\"clear:both\"><\/div>\n<hr \/>\n<p><a name=\"6\"><\/a><br \/>\n<strong>6. VTISI<\/strong><\/p>\n<p>Vtisi udele\u017eencev prvega dela projekta (v angle\u0161kem jeziku)<\/p>\n<p><a href=\"https:\/\/www.worldofart.org\/arhiv.worldofart.org\/current\/15th-season-2014-2016\/curating-in-depth\/the-report-on-curating-in-depth-part-1#sidd-perez\">The Report on Curating-In-Depth Part 1 by Sidd Perez<\/a><\/p>\n<p><a href=\"https:\/\/www.worldofart.org\/arhiv.worldofart.org\/current\/15th-season-2014-2016\/curating-in-depth\/the-report-on-curating-in-depth-part-1#shireen-seno\">The Report on Curating-In-Depth Part 1 by Shireen Seno<\/a><\/p>\n<p><a href=\"https:\/\/www.worldofart.org\/arhiv.worldofart.org\/current\/15th-season-2014-2016\/curating-in-depth\/the-report-on-curating-in-depth-part-1#john-kenneth-paranda\">The Report on Curating-In-Depth Part 1 by John Kenneth Paranada<\/a><\/p>\n<p>&#8212;<\/p>\n<p><a href=\"http:\/\/www.scca-ljubljana.si\/report_15_04.htm\" target=\"_blank\">Barbara Bor\u010di\u0107 in Du\u0161an Dov\u010d: Manila \u2013 mesto, ki se nikoli ne ustavi<\/a><br \/>\nDrugi del projekta Celostno kuriranje \/ Curating-In-Depth <\/p>\n<hr \/>\n<p><a name=\"7\"><\/a><br \/>\n<strong>7. MEDIJSKI ODZIVI<\/strong><\/p>\n<p><a href=\"http:\/\/4d.rtvslo.si\/arhiv\/prispevki-in-izjave-kultura\/174335489\" target=\"_blank\"><img loading=\"lazy\" decoding=\"async\" class=\"alignnone size-full wp-image-3243\" title=\"Curating-In-Depth featured in Kultura programme, RTV SLO 1\" src=\"https:\/\/www.worldofart.org\/arhiv.worldofart.org\/current\/wp-content\/uploads\/2015\/04\/kultura-rtv-slo.jpg\" alt=\"\" width=\"620\" height=\"116\" \/><\/a><\/p>\n<p>Prispevek <em><a href=\"http:\/\/4d.rtvslo.si\/arhiv\/prispevki-in-izjave-kultura\/174335489\" target=\"_blank\">Filipinska videoumetnost<\/a><\/em><br \/>\nv oddaji <em>Kultura<\/em> na Prvem programu Televizije Slovenija (12. 5. 2015)<\/p>\n<p>&#8212;<\/p>\n<p><a href=\"https:\/\/www.worldofart.org\/arhiv.worldofart.org\/current\/wp-content\/uploads\/2015\/04\/Sidd-Perez-Umetnost-je-v-Aziji-se-vedno-elitisticna.pdf\" target=\"_blank\">Sidd Perez: <em>Umetnost je v Aziji \u0161e vedno elitisti\u010dna<\/em><\/a>,<br \/>\nintervju s Sidd Perez v \u010dasopisu Dnevnik (18. 5. 2015, pdf)<\/p>\n<p>&#8212;<\/p>\n<p>Prispevek o projektu <em><a href=\"http:\/\/4d.rtvslo.si\/arhiv\/svet-kulture\/174335394\" target=\"_blank\">Curating-In-Depth<\/a><\/em> (14:30&#8217;\u201317:30&#8242;)<br \/>\nv oddaji <em>Svet kulture<\/em> na 3. Programu Radia Slovenija (12. 5. 2015)<\/p>\n<p>&#8212;<\/p>\n<p>Sidd Perez: <em><a href=\"http:\/\/culture360.asef.org\/magazine\/immersion-as-curatorial-practice-southeast-asian-curators-in-slovenia\/?utm_source=rss&amp;amp%3Butm_medium=rss&amp;amp%3Butm_campaign=immersion-as-curatorial-practice-southeast-asian-curators-in-slovenia\" target=\"_blank\">Immersion as curatorial practice | Southeast Asian curators experience Slovenia<\/a><\/em>, prispevek na portalu culture360.org (4. 6. 2015)<\/p>\n<p>&#8212;<\/p>\n<p style=\"text-align: left;\"><a href=\"http:\/\/radiostudent.si\/kultura\/art-area\/art-area-253\">Intervju <\/a>Katarine Stopar\u00a0z udele\u017eenci projekta<em> v oddaji ART-AREA na Radiu \u0160tudent (13. 5. 2015)<br \/>\n<\/em><\/p>\n<p style=\"text-align: left;\">\n<hr \/>\n<p><a name=\"8\"><\/a><br \/>\n<strong>8. PROJEKT SO PODPRLI<\/strong><\/p>\n<ul>\n<li>Asia-Europe Foundation (ASEF)<\/li>\n<li>Arts Network Asia (ANA)<\/li>\n<li>Trans Europe Halles (TEH)<\/li>\n<li>Filipinska ambasada na Dunaju<\/li>\n<li>Mestna ob\u010dina Ljubljana \u2013 Oddelek za kulturo<\/li>\n<li>Ministrstvo za zunanje zadeve RS<\/li>\n<li>Ministrstvo za kulturo RS<\/li>\n<li>De La Salle-College of Saint Benilde<\/li>\n<li>Lopez Museum &amp; Library<\/li>\n<\/ul>\n<p><img loading=\"lazy\" decoding=\"async\" src=\"https:\/\/www.worldofart.org\/arhiv.worldofart.org\/current\/wp-content\/uploads\/2015\/04\/podporniki-curating-in-depth.jpg\" class=\"alignnone size-full wp-image-7694\" title=\"Asia-Europe Foundation (ASEF) \/ Trans Europe Halles (TEH) \/ Filipinska ambasada na Dunaju \/ De La Salle-College of Saint Benilde \/ Mestna ob\u010dina Ljubljana \u2013 Oddelek za kulturo \/ Arts Network Asia (ANA) \/ Lopez Museum &amp; Library \/ Ministrstvo za zunanje zadeve RS \/ Ministrstvo za kulturo RS\" src=\"https:\/\/www.worldofart.org\/arhiv.worldofart.org\/aktualno\/wp-content\/uploads\/2015\/04\/podporniki-od-drugod3.jpg\" alt=\"Asia-Europe Foundation (ASEF) \/ Arts Network Asia (ANA) \/ Trans Europe Halles (TEH) \/ Filipinska ambasada na Dunaju \/ Mestna ob\u010dina Ljubljana \u2013 Oddelek za kulturo \/ Ministrstvo za zunanje zadeve RS \/ Ministrstvo za kulturo RS\" width=\"630\" height=\"95\" \/><\/p>\n<p>&#8212;<\/p>\n<p>Hvala vsem umetnikom, kustosom, kuratorjem in vodjem galerij, ki so nas sprejeli, predstavili smernice in kuratorska izhodi\u0161\u010da svojih razstavnih prostorov ter nas popeljali po razstavah. \u0160e posebej hvala Marku Jenku, Alenki Gregori\u010d, Adeli \u017deleznik, Bo\u017eidarju Zrinskemu, Nini Skumavc, Jasni Jernej\u0161ek, Vladimirju Vidmarju, Maji Hodo\u0161\u010dek, Mihi Horvatu, Tini Dr\u010dar, Mihi Pernetu in \u0161tevilnim drugim.<\/p>\n","protected":false},"excerpt":{"rendered":"<p>Curating\u2013In\u2013Depth, ki ga pripravljamo SCCA \u2013 Ljubljana, Planting Rice s Filipinov in Kurziv s Hrva\u0161ke, je razvojni projekt med nevladnimi organizacijami iz Evrope in Azije, ki razvijajo kuratorsko izobra\u017eevanje. Projekt povezuje pobude v polju kuratorskih praks in produkciji razstav vizualne umetnosti, ki ubirajo soroden pristop (kuriranje, ki izhaja iz poglobljene raziskave), vendar so zakoreninjene v [&hellip;]<\/p>\n","protected":false},"author":1,"featured_media":0,"parent":5971,"menu_order":0,"comment_status":"closed","ping_status":"closed","template":"","meta":{"footnotes":""},"categories":[],"tags":[],"_links":{"self":[{"href":"https:\/\/www.worldofart.org\/arhiv.worldofart.org\/aktualno\/wp-json\/wp\/v2\/pages\/7319"}],"collection":[{"href":"https:\/\/www.worldofart.org\/arhiv.worldofart.org\/aktualno\/wp-json\/wp\/v2\/pages"}],"about":[{"href":"https:\/\/www.worldofart.org\/arhiv.worldofart.org\/aktualno\/wp-json\/wp\/v2\/types\/page"}],"author":[{"embeddable":true,"href":"https:\/\/www.worldofart.org\/arhiv.worldofart.org\/aktualno\/wp-json\/wp\/v2\/users\/1"}],"replies":[{"embeddable":true,"href":"https:\/\/www.worldofart.org\/arhiv.worldofart.org\/aktualno\/wp-json\/wp\/v2\/comments?post=7319"}],"version-history":[{"count":69,"href":"https:\/\/www.worldofart.org\/arhiv.worldofart.org\/aktualno\/wp-json\/wp\/v2\/pages\/7319\/revisions"}],"predecessor-version":[{"id":9492,"href":"https:\/\/www.worldofart.org\/arhiv.worldofart.org\/aktualno\/wp-json\/wp\/v2\/pages\/7319\/revisions\/9492"}],"up":[{"embeddable":true,"href":"https:\/\/www.worldofart.org\/arhiv.worldofart.org\/aktualno\/wp-json\/wp\/v2\/pages\/5971"}],"wp:attachment":[{"href":"https:\/\/www.worldofart.org\/arhiv.worldofart.org\/aktualno\/wp-json\/wp\/v2\/media?parent=7319"}],"wp:term":[{"taxonomy":"category","embeddable":true,"href":"https:\/\/www.worldofart.org\/arhiv.worldofart.org\/aktualno\/wp-json\/wp\/v2\/categories?post=7319"},{"taxonomy":"post_tag","embeddable":true,"href":"https:\/\/www.worldofart.org\/arhiv.worldofart.org\/aktualno\/wp-json\/wp\/v2\/tags?post=7319"}],"curies":[{"name":"wp","href":"https:\/\/api.w.org\/{rel}","templated":true}]}}