{"id":7334,"date":"2015-04-21T22:22:35","date_gmt":"2015-04-21T20:22:35","guid":{"rendered":"http:\/\/www.worldofart.org\/aktualno\/?page_id=7334"},"modified":"2016-11-19T22:00:48","modified_gmt":"2016-11-19T20:00:48","slug":"program-v-ljubljani","status":"publish","type":"page","link":"https:\/\/www.worldofart.org\/arhiv.worldofart.org\/aktualno\/petnajsto-leto-2014-2016\/curating-in-depth\/program-v-ljubljani","title":{"rendered":"Program v Ljubljani"},"content":{"rendered":"<p><strong><a href=\"https:\/\/www.worldofart.org\/arhiv.worldofart.org\/aktualno\/petnajsto-leto-2014-2016\/curating-in-depth\">\u00ab Curating\u2013In\u2013Depth<\/a><\/strong><\/p>\n<p>Osnutek programa, ki ga bomo izvedli v Ljubljani med 3. in 16. majem 2015, ko bomo gostili kuratorje in umetnike s Filipinov, Singapurja in Myanmara, predstavnico organizacije Kurziv iz Zagreba in tur\u0161kega umetnika Borgo Kant\u00fcrka. Program je namenjen mednarodnim gostom in udele\u017eencem <em>Sveta umetnosti<\/em> ter se bo odvijal v Projektni sobi SCCA \u2013 Ljubljana, v Galeriji \u0160kuc ter po drugih razstavi\u0161\u010dih v Ljubljani in Zagrebu.<\/p>\n<table border=\"0\" cellspacing=\"0\" cellpadding=\"0\">\n<tbody>\n<tr>\n<td class=\"mesec\" valign=\"top\" width=\"15%\">nedelja,<br \/>\n3. maj, 2015<\/td>\n<td class=\"tdprogramsredina\" valign=\"top\">\n<ul>\n<li>13.00<\/li>\n<li>14.00<\/li>\n<li>16.00<\/li>\n<\/ul>\n<\/td>\n<td class=\"tdprogram\" valign=\"top\" width=\"70%\">\n<ul>\n<li>Prihod v Ljubljano<\/li>\n<li>Sre\u010danje z gostitelji, namestitev<\/li>\n<li><a href=\"http:\/\/borgakanturkportfolio.blogspot.com\/\">Borga Kant\u00fcrk<\/a>: predstavitev tur\u0161ke umetni\u0161ke scene in kulinari\u010dni dogodek, <a href=\"http:\/\/www.slovenia.info\/si\/Izletni%C5%A1ke-kmetije\/Kmetija-odprtih-vrat-PrLenart.htm?excursion_farm=1087&amp;lng=1\">Doma\u010dija Pr\u2019 Lenart<\/a>, Belo, Medvode<\/li>\n<\/ul>\n<\/td>\n<\/tr>\n<tr>\n<td class=\"mesec\" valign=\"top\" width=\"15%\">ponedeljek,<br \/>\n4. maj, 2015<\/td>\n<td class=\"tdprogramsredina\" valign=\"top\">\n<ul>\n<li>13.00<\/li>\n<li>20.00<\/li>\n<\/ul>\n<\/td>\n<td class=\"tdprogram\" valign=\"top\" width=\"70%\">\n<ul>\n<li>Prihod v Ljubljano<\/li>\n<li><a href=\"http:\/\/galerijalkatraz.org\/?p=9804\">Noemi Veberi\u010d Levovnik: <em>V iskanju no\u010dnega \u017eivljenja<\/em><\/a>; pogovor z umetnico in performans, pogovor bo vodila Petja Grafenauer, <a href=\"http:\/\/galerijalkatraz.org\/?cat=3&amp;prih=1\">Galerija Alkatraz<\/a><\/li>\n<\/ul>\n<\/td>\n<\/tr>\n<tr>\n<td class=\"mesec\" valign=\"top\" width=\"15%\">torek,<br \/>\n5. maj, 2015<\/td>\n<td class=\"tdprogramsredina\" valign=\"top\">\n<ul>\n<li>12.30<\/li>\n<li>13.00<\/li>\n<\/ul>\n<\/td>\n<td class=\"tdprogram\" valign=\"top\" width=\"70%\">\n<ul>\n<li>SCCA-Ljubljana se predstavi<\/li>\n<li><a href=\"http:\/\/www.lovsin.org\/eng\/\">Polonca Lov\u0161in<\/a>: <em>Zemlja, voda, vrt, svoboda<\/em>; odprtje razstave, <a href=\"http:\/\/www.mg-lj.si\/\">MSUM<\/a><\/li>\n<\/ul>\n<\/td>\n<\/tr>\n<tr>\n<td class=\"mesec\" valign=\"top\" width=\"15%\">sreda,<br \/>\n6. maj, 2015<\/td>\n<td class=\"tdprogramsredina\" valign=\"top\">\n<ul>\n<li>10.00<\/li>\n<li>13.00<\/li>\n<\/ul>\n<\/td>\n<td class=\"tdprogram\" valign=\"top\" width=\"70%\">\n<ul>\n<li>Kuratorsko mapiranje: <a href=\"http:\/\/www.mg-lj.si\/\">Moderna galerija<\/a>, Marko Jenko<\/li>\n<li>Kuratorsko mapiranje: <a href=\"http:\/\/www.mgml.si\/mestna-galerija-ljubljana\/\">Mestna galerija Ljubljana<\/a>, Alenka Gregori\u010d<\/li>\n<\/ul>\n<\/td>\n<\/tr>\n<tr>\n<td class=\"mesec\" valign=\"top\" width=\"15%\">\u010detrtek,<br \/>\n7. maj, 2015<\/td>\n<td class=\"tdprogramsredina\" valign=\"top\">\n<ul>\n<li>13.00<\/li>\n<li>16.00<\/li>\n<\/ul>\n<\/td>\n<td class=\"tdprogram\" valign=\"top\" width=\"70%\">\n<ul>\n<li>Kuratorsko mapiranje: <a href=\"http:\/\/www.zavod-parasite.si\/slo\/\">Galerija P74<\/a>, Nina Skumavc<\/li>\n<li>Kuratorsko mapiranje: <a href=\"http:\/\/photon.si\/\">Galerija Photon<\/a>, Jasna Jernej\u0161ek<\/li>\n<li><a href=\"https:\/\/www.worldofart.org\/arhiv.worldofart.org\/aktualno\/petnajsto-leto-2014-2016\/serija-predavanj\">Sa\u0161a Nabergoj: <em>Dolce far Niente: Hvalnica lenobi<\/em><\/a>; predavanje, Projektna soba, SCCA\u2013Ljubljana<\/li>\n<li><em>Uvod v kuratorske in umetni\u0161ke prakse na Filipinih v kontekstu JV Azije<\/em>, predavanje, Projektna soba, SCCA\u2013Ljubljana<\/li>\n<li>G\u00f6kce Suvari in Borga Kant\u00fcrk: Predstavitev tur\u0161ke umetni\u0161ke scene<\/li>\n<\/ul>\n<\/td>\n<\/tr>\n<tr>\n<td class=\"mesec\" valign=\"top\" width=\"15%\">petek,<br \/>\n8. maj, 2015<\/td>\n<td class=\"tdprogramsredina\" valign=\"top\">\n<ul>\n<li>19.00<\/li>\n<\/ul>\n<\/td>\n<td class=\"tdprogram\" valign=\"top\" width=\"70%\">\n<ul>\n<li><a href=\"https:\/\/www.worldofart.org\/arhiv.worldofart.org\/aktualno\/archives\/7304\">Borga Kant\u00fcrk: <em>Raziskovanje spomina: Zgodovine.Vaje.Zgodbe.Ponovitve<\/em><\/a>, predogled razstave s kuratorkama, umetnikom in asistenti, Galerija \u0160kuc, <a href=\"https:\/\/vimeo.com\/128120477\">Video posnetek vodstva<br \/>\n<\/a><\/li>\n<\/ul>\n<ul>\n<li><a href=\"https:\/\/www.worldofart.org\/arhiv.worldofart.org\/aktualno\/archives\/7304\">Borga Kant\u00fcrk: <em>Raziskovanje spomina: Zgodovine.Vaje.Zgodbe.Ponovitve<\/em><\/a>, odprtje razstave, Galerija \u0160kuc<\/li>\n<\/ul>\n<\/td>\n<\/tr>\n<tr>\n<td class=\"mesec\" valign=\"top\" width=\"15%\">sobota,<br \/>\n9. maj, 2015<\/td>\n<td class=\"tdprogramsredina\" valign=\"top\"><\/td>\n<td class=\"tdprogram\" valign=\"top\" width=\"70%\">\n<ul>\n<li>Kuratorsko mapiranje: Likovni salon Celje (<a href=\"http:\/\/www.celeia.info\/likovni-salon-celje\">Uro\u0161 Abram: <em>Po\u017ere\u0161nost<\/em><\/a>) in <a href=\"http:\/\/www.celeia.info\/gallery%20of%20contemporary%20art%20celje\">Galerija Sodobne umetnosti Celje<\/a> (razstava Pogled 7); sprejela nas bo kuratorka <a href=\"http:\/\/www.hodoscek.com\/\">Maja Hodo\u0161\u010dek<\/a><\/li>\n<li>Kuratorsko mapiranje: Sre\u010danje z umetnikom Miho Horvatom (<a href=\"http:\/\/sonda.kibla.org\/\">Sonda<\/a>), predstavitev mariborske umetni\u0161ke scene<\/li>\n<li>Kuratorsko mapiranje: <a href=\"http:\/\/www.ugm.si\/\">Umetnostna galerija Maribor<\/a>, <a href=\"http:\/\/www.ugm.si\/razstave-program\/razstava\/n\/nasi-heroji-2599\/\">Na\u0161i heroji<\/a><\/li>\n<\/ul>\n<\/td>\n<\/tr>\n<tr>\n<td class=\"mesec\" valign=\"top\" width=\"15%\">nedelja,<br \/>\n10. maj, 2015<\/td>\n<td class=\"tdprogramsredina\" valign=\"top\"><\/td>\n<td class=\"tdprogram\" valign=\"top\" width=\"70%\">\n<ul>\n<li>Programme on Request<\/li>\n<\/ul>\n<\/td>\n<\/tr>\n<tr>\n<td class=\"mesec\" valign=\"top\" width=\"15%\">ponedeljek,<br \/>\n11. maj, 2015<\/td>\n<td class=\"tdprogramsredina\" valign=\"top\">\n<ul>\n<li>12.00<\/li>\n<li>20.00<\/li>\n<\/ul>\n<\/td>\n<td class=\"tdprogram\" valign=\"top\" width=\"70%\">\n<ul>\n<li>Kuratorsko mapiranje: AKC Metelkova, Simona \u017dvanut<\/li>\n<li><a href=\"http:\/\/www.mg-lj.si\/node\/1408\" target=\"_blank\"><em>NSK Od Kapitala do kapitala<\/em><\/a>, odprtje razstave, <a href=\"http:\/\/www.mg-lj.si\/\">Moderna galerija<\/a><\/li>\n<\/ul>\n<\/td>\n<\/tr>\n<tr>\n<td class=\"mesec\" valign=\"top\" width=\"15%\">torek,<br \/>\n12. maj, 2015<\/td>\n<td class=\"tdprogramsredina\" valign=\"top\">\n<ul>\n<li>18.00<\/li>\n<\/ul>\n<ul>\n<li>20.30<\/li>\n<\/ul>\n<\/td>\n<td class=\"tdprogram\" valign=\"top\" width=\"70%\">\n<ul>\n<li><a href=\"http:\/\/www.scca-ljubljana.si\/news_15_21.htm\"><em>Od drugod 2: kuratorske in umetni\u0161ke prakse na Filipinih v kontekstu JV Azije<\/em>, predavanje<\/a>, Projektna soba, SCCA\u2013Ljubljana<\/li>\n<li><a href=\"http:\/\/www.scca-ljubljana.si\/news_15_21.htm\">Shireen Seno: <em>The Kalampag Tracking Agency<\/em><\/a>, video projekcija, Projektna soba, SCCA\u2013Ljubljana<\/li>\n<\/ul>\n<\/td>\n<\/tr>\n<tr>\n<td class=\"mesec\" valign=\"top\" width=\"15%\">sreda,<br \/>\n13. maj, 2015<\/td>\n<td class=\"tdprogramsredina\" valign=\"top\"><\/td>\n<td class=\"tdprogram\" valign=\"top\" width=\"70%\">\n<ul>\n<li>Strokovna ekskurzija v Zagreb; Kuratorsko mapiranje, Antonija Letini\u0107: <a href=\"http:\/\/www.msu.hr\/#\/en\/\">Museum of Contemporary Art<\/a> (<a href=\"http:\/\/www.msu.hr\/#\/en\/20533\/\"><em>Bauhaus \u2013 Networking of Ideas and Practice (BAUNET)<\/em><\/a>), Galerija Nova (<a href=\"http:\/\/whw.hr\/galerija-nova\/izlozba-arte-util.html\"><em>Arte \u00datil<\/em><\/a>) in <a href=\"http:\/\/www.subversivefestival.com\/forum\/7\/528\/richard_seymour_neoliberalna_dr%C5%BEava_socijalisti%C4%8Dki_izazov\">Richard Seymor: <em>Neoliberal State<\/em><\/a> (predavanje).<\/li>\n<\/ul>\n<\/td>\n<\/tr>\n<tr>\n<td class=\"mesec\" valign=\"top\" width=\"15%\">\u010detrtek,<br \/>\n14. maj, 2015<\/td>\n<td class=\"tdprogramsredina\" valign=\"top\">\n<ul>\n<li>16.00<\/li>\n<\/ul>\n<ul>\n<li>19.00<\/li>\n<\/ul>\n<\/td>\n<td class=\"tdprogram\" valign=\"top\" width=\"70%\">\n<ul>\n<li><em>Pogled drugih:<\/em> Evalvacija razstave Borge Kant\u00fcrka v Galeriji \u0160kuc, delavnica<\/li>\n<li><a href=\"http:\/\/www.mgml.si\/kulturni-center-tobacna-001\/razstave-kc-tobacna-001\/aktualna-razstava-551\/minna-henriksson-dela-na-papirju-sezgin-boynik-teze-o-hardcoru\/\">Sezgin Boynik in Minna Henriksson<\/a>, odprtje razstave, Kulturni center Toba\u010dna 001<\/li>\n<\/ul>\n<\/td>\n<\/tr>\n<tr>\n<td class=\"mesec\" valign=\"top\" width=\"15%\">petek,<br \/>\n15. maj, 2015<\/td>\n<td class=\"tdprogramsredina\" valign=\"top\">\n<ul>\n<li>\u00a010.00<\/li>\n<\/ul>\n<ul>\n<li>13.00<\/li>\n<\/ul>\n<ul>\n<li>19.00<\/li>\n<\/ul>\n<\/td>\n<td class=\"tdprogram\" valign=\"top\" width=\"70%\">\n<ul>\n<li>Kuratorsko mapiranje: <a href=\"http:\/\/www.mg-lj.si\/\">Muzej sodobne umetnosti Metelkova<\/a>, Adela \u017deleznik<\/li>\n<li>Kuratorsko mapiranje: <a href=\"http:\/\/www.mglc-lj.si\">Mednarodni grafi\u010dni likovni center<\/a>, Bo\u017eidar Zrinski<\/li>\n<li><a href=\"http:\/\/www.zavod-parasite.si\/slo\/archives\/2247\">Nagrada skupine OHO 2015<\/a>, Razstava nominirancev Nagrade skupine OHO 2015 in razglasitev leto\u0161njega zmagovalca; <a href=\"http:\/\/www.zavod-parasite.si\/slo\/\">Galerija P74<\/a><\/li>\n<\/ul>\n<\/td>\n<\/tr>\n<tr>\n<td class=\"mesec\" valign=\"top\" width=\"15%\">sobota,<br \/>\n16. maj, 2015<\/td>\n<td class=\"tdprogramsredina\" valign=\"top\"><\/td>\n<td class=\"tdprogram\" valign=\"top\" width=\"70%\">\n<ul>\n<li>Odhod<\/li>\n<\/ul>\n<\/td>\n<\/tr>\n<\/tbody>\n<\/table>\n<p>&nbsp;<\/p>\n<p><strong><a href=\"https:\/\/www.worldofart.org\/arhiv.worldofart.org\/aktualno\/petnajsto-leto-2014-2016\/curating-in-depth\/connections-in-depth\"><em>Connections-in-Depth<\/em><\/a><\/strong><\/p>\n<p>Obiski umetni\u0161kih ateljejev metelkovskih umetnikov in kuratorsko mapiranje ljubljanskih razstavi\u0161\u010d sodobne umetnosti<br \/>\n5.\u201311. maj 2015, razstavi\u0161\u010da v Ljubljani<\/p>\n<p>Za goste smo pripravili petdnevno vodenje po Ljubljanskih razstavi\u0161\u010dih sodobne umetnosti. Obiskali smo Muzej sodobne umetnosti, Galerijo \u0160kuc, Mednarodni grafi\u010dni likovni center, AKC Metelkova mesto (<a href=\"https:\/\/www.worldofart.org\/arhiv.worldofart.org\/aktualno\/archives\/5509\">ateljeji metelkovskih umetnikov<\/a>), Galerijo Alkatraz, Moderno galerijo, Mestno galerijo Ljubljana, Galerijo Photon, Galerijo p74 in \u0161tevilne druge. Na enodnevni \u0161tudijski ekskurziji smo obiskali tudi Likovni salon Celje, Umetnostno galerijo Maribor ter GT22.<\/p>\n<hr \/>\n<p>&nbsp;<\/p>\n<p><a href=\"https:\/\/www.worldofart.org\/arhiv.worldofart.org\/aktualno\/archives\/7474\"><em><strong>Od drugod 2<\/strong><\/em><\/a><strong>: <em>Predstavitev kuratorske prakse in umetnosti s Filipinov, Singapurja in Mjanmarja<\/em><\/strong><\/p>\n<p>Predavanja in pogovor<br \/>\n12. maj 2015<strong>, <\/strong>Projektna soba, SCCA \u2013 Ljubljana, Metelkova 6, Ljubljana<\/p>\n<p><a href=\"https:\/\/www.worldofart.org\/arhiv.worldofart.org\/current\/wp-content\/uploads\/2015\/05\/014.jpg\" rel=\"lightbox[7334]\"><img loading=\"lazy\" decoding=\"async\" class=\"alignnone size-thumbnail wp-image-3132\" title=\"Od drugod 2: Predstavitev kuratorske prakse in umetnosti s Filipinov, Singapurja in Mjanmarja\" src=\"https:\/\/www.worldofart.org\/arhiv.worldofart.org\/current\/wp-content\/uploads\/2015\/05\/014-150x150.jpg\" alt=\"Od drugod 2: Predstavitev kuratorske prakse in umetnosti s Filipinov, Singapurja in Mjanmarja\" width=\"150\" height=\"150\" \/><\/a> <a href=\"https:\/\/www.worldofart.org\/arhiv.worldofart.org\/current\/wp-content\/uploads\/2015\/05\/034.jpg\" rel=\"lightbox[7334]\"><img loading=\"lazy\" decoding=\"async\" class=\"alignnone size-thumbnail wp-image-3134\" title=\"Anupama Sekhar, vodja oddelka za kulturo pri Fundaciji ASEF, predstavi ASEF in mo\u017enosti za mednarodno kulturno sodelovanje med Evropo in Azijo\" src=\"https:\/\/www.worldofart.org\/arhiv.worldofart.org\/current\/wp-content\/uploads\/2015\/05\/034-150x150.jpg\" alt=\"Anupama Sekhar, vodja oddelka za kulturo pri Fundaciji ASEF, predstavi ASEF in mo\u017enosti za mednarodno kulturno sodelovanje med Evropo in Azijo\" width=\"150\" height=\"150\" \/><\/a> <a href=\"https:\/\/www.worldofart.org\/arhiv.worldofart.org\/current\/wp-content\/uploads\/2015\/05\/054.jpg\" rel=\"lightbox[7334]\"><img loading=\"lazy\" decoding=\"async\" class=\"alignnone size-thumbnail wp-image-3136\" title=\"Siddharta Perez: Takoj! Kuratorske strategije kot spodbujanje in ohranjanje virov znanja, predavanje\" src=\"https:\/\/www.worldofart.org\/arhiv.worldofart.org\/current\/wp-content\/uploads\/2015\/05\/054-150x150.jpg\" alt=\"Siddharta Perez: Takoj! Kuratorske strategije kot spodbujanje in ohranjanje virov znanja, predavanje\" width=\"150\" height=\"150\" \/><\/a> <a href=\"https:\/\/www.worldofart.org\/arhiv.worldofart.org\/current\/wp-content\/uploads\/2015\/05\/084.jpg\" rel=\"lightbox[7334]\"><img loading=\"lazy\" decoding=\"async\" title=\"Antares Gomez Bartholome: Kuratorstvo kot delo v kulturi, predavanje\" src=\"https:\/\/www.worldofart.org\/arhiv.worldofart.org\/current\/wp-content\/uploads\/2015\/05\/084-150x150.jpg\" alt=\"Antares Gomez Bartholome: Kuratorstvo kot delo v kulturi, predavanje\" width=\"150\" height=\"150\" \/><\/a> <a href=\"https:\/\/www.worldofart.org\/arhiv.worldofart.org\/current\/wp-content\/uploads\/2015\/05\/113.jpg\" rel=\"lightbox[7334]\"><img loading=\"lazy\" decoding=\"async\" class=\"alignnone size-thumbnail wp-image-3142\" title=\"Isabel Ching: Okviri konceptualizma v JV Aziji, predavanje\" src=\"https:\/\/www.worldofart.org\/arhiv.worldofart.org\/current\/wp-content\/uploads\/2015\/05\/113-150x150.jpg\" alt=\"Isabel Ching: Okviri konceptualizma v JV Aziji, predavanje\" width=\"150\" height=\"150\" \/><\/a> <a href=\"https:\/\/www.worldofart.org\/arhiv.worldofart.org\/current\/wp-content\/uploads\/2015\/05\/123.jpg\" rel=\"lightbox[7334]\"><img loading=\"lazy\" decoding=\"async\" class=\"alignnone size-thumbnail wp-image-3143\" title=\"Moe Satt: Kratek uvod v performans iz Mjanmarja, predavanje\" src=\"https:\/\/www.worldofart.org\/arhiv.worldofart.org\/current\/wp-content\/uploads\/2015\/05\/123-150x150.jpg\" alt=\"Moe Satt: Kratek uvod v performans iz Mjanmarja, predavanje\" width=\"150\" height=\"150\" \/><\/a> <a href=\"https:\/\/www.worldofart.org\/arhiv.worldofart.org\/current\/wp-content\/uploads\/2015\/05\/044.jpg\" rel=\"lightbox[7334]\"><img loading=\"lazy\" decoding=\"async\" title=\"Od drugod 2: Predstavitev kuratorske prakse in umetnosti s Filipinov, Singapurja in Mjanmarja\" src=\"https:\/\/www.worldofart.org\/arhiv.worldofart.org\/current\/wp-content\/uploads\/2015\/05\/044-150x150.jpg\" alt=\"Od drugod 2: Predstavitev kuratorske prakse in umetnosti s Filipinov, Singapurja in Mjanmarja\" width=\"150\" height=\"150\" \/><\/a>\u00a0<a href=\"https:\/\/www.worldofart.org\/arhiv.worldofart.org\/current\/wp-content\/uploads\/2015\/05\/132.jpg\" rel=\"lightbox[7334]\"><img loading=\"lazy\" decoding=\"async\" class=\"alignnone size-thumbnail wp-image-3144\" title=\"Od drugod 2: Predstavitev kuratorske prakse in umetnosti s Filipinov, Singapurja in Mjanmarja\" src=\"https:\/\/www.worldofart.org\/arhiv.worldofart.org\/current\/wp-content\/uploads\/2015\/05\/132-150x150.jpg\" alt=\"Od drugod 2: Predstavitev kuratorske prakse in umetnosti s Filipinov, Singapurja in Mjanmarja\" width=\"150\" height=\"150\" \/><\/a><\/p>\n<p><em>Od drugod 2<\/em> je druga edicija na\u0161ega spoznavanja stanja na podro\u010dju kuratorskih praks in umetni\u0161kih pozicij onkraj evropskega prostora.<strong><\/strong><\/p>\n<ul>\n<li><strong>Anupama Sekhar<\/strong> (vodja oddelka za kulturo pri Fundaciji ASEF, Singapur): predstavitev fundacije, mo\u017enosti in razpisov za mednarodno kulturno sodelovanje med Evropo in Azijo.<strong><\/strong><\/li>\n<li><strong>Siddharta Perez<\/strong> (Filipini):<em> Takoj! Kuratorske strategije kot spodbujanje in ohranjanje virov znanja<strong> <\/strong><\/em><\/li>\n<li><strong>Antares Gomez Bartholome<\/strong> (Filipini): <em>Kuratorstvo kot delo v kulturi<\/em><\/li>\n<li><strong>Isabel Ching<\/strong> (Singapur):<em> Okviri konceptualizma v JV Aziji<\/em><\/li>\n<li><strong>Moe Satt<\/strong> (Mjanmar):<em> Kratek uvod v performans iz Mjanmarja<\/em><\/li>\n<\/ul>\n<p>Ve\u010d na spletni strani <a href=\"http:\/\/www.scca-ljubljana.si\/news_15_21.htm\">scca-ljubljana<\/a>.<\/p>\n<hr \/>\n<p>&nbsp;<\/p>\n<p><strong>Shireen Seno: <em>The Kalampag Tracking Agency<\/em> (kuriran izbor)<\/strong><\/p>\n<p>Video projekcija s komentarji kuratorke<br \/>\n12. maj 2015<strong>, <\/strong>Projektna soba, SCCA \u2013 Ljubljana, Metelkova 6, Ljubljana<\/p>\n<p><a href=\"https:\/\/www.worldofart.org\/arhiv.worldofart.org\/current\/wp-content\/uploads\/2015\/05\/152.jpg\" rel=\"lightbox[7334]\"><img loading=\"lazy\" decoding=\"async\" class=\"alignnone size-thumbnail wp-image-3146\" title=\"Shireen Seno: The Kalampag Tracking Agency (kuriran izbor), video projekcija s komentarji kuratorke\" src=\"https:\/\/www.worldofart.org\/arhiv.worldofart.org\/current\/wp-content\/uploads\/2015\/05\/152-150x150.jpg\" alt=\"Shireen Seno: The Kalampag Tracking Agency (kuriran izbor), video projekcija s komentarji kuratorke\" width=\"150\" height=\"150\" \/><\/a> <a href=\"https:\/\/www.worldofart.org\/arhiv.worldofart.org\/current\/wp-content\/uploads\/2015\/05\/162.jpg\" rel=\"lightbox[7334]\"><img loading=\"lazy\" decoding=\"async\" class=\"alignnone size-thumbnail wp-image-3147\" title=\"Shireen Seno: The Kalampag Tracking Agency (kuriran izbor), video projekcija s komentarji kuratorke\" src=\"https:\/\/www.worldofart.org\/arhiv.worldofart.org\/current\/wp-content\/uploads\/2015\/05\/162-150x150.jpg\" alt=\"Shireen Seno: The Kalampag Tracking Agency (kuriran izbor), video projekcija s komentarji kuratorke\" width=\"150\" height=\"150\" \/><\/a><\/p>\n<p>Projekcija 13 umetni\u0161kih video del in kratkih filmov s Filipinov, nastalih od leta 1985 do danes. Izbor prikazuje razli\u010dne estetike in rabe video in filmskega jezika ter odstira teme, ki zaznamujejo filipinsko sodobno dru\u017ebo. Projekcijo v skupni dol\u017eini 67 minut bo spremljal komentar kuratorke.<\/p>\n<p>Ve\u010d na spletni strani <a href=\"http:\/\/www.scca-ljubljana.si\/news_15_21.htm\">scca-ljubljana<\/a>.<\/p>\n<p><strong><a href=\"https:\/\/www.worldofart.org\/arhiv.worldofart.org\/aktualno\/wp-content\/uploads\/2015\/04\/The-Kalampag-Tracking-Agency.pdf\">PROGRAM<br \/>\n<\/a><\/strong><\/p>\n<p><strong><a href=\"https:\/\/www.worldofart.org\/arhiv.worldofart.org\/current\/wp-content\/uploads\/2015\/04\/The-Kalampag-Tracking-Agency-curatorial-notes2.pdf\">The Kalampag Tracking Agency \u2013 Curatorial notes<\/a><\/strong><\/p>\n<hr \/>\n<p>&nbsp;<\/p>\n<p><strong>Pogled drugih: Evalvacija razstave<\/strong><\/p>\n<p>Delavnica<br \/>\n14. maj 2015, Galerija \u0160kuc, Ljubljana<\/p>\n<p><a href=\"https:\/\/www.worldofart.org\/arhiv.worldofart.org\/current\/wp-content\/uploads\/2015\/05\/13.jpg\" rel=\"lightbox[7334]\"><img loading=\"lazy\" decoding=\"async\" class=\"alignnone size-thumbnail wp-image-3070\" title=\"Kuratorsko mapiranje: Galerija \u0160kuc z Vladimirjem Vidmarjem\" src=\"https:\/\/www.worldofart.org\/arhiv.worldofart.org\/current\/wp-content\/uploads\/2015\/05\/13-150x150.jpg\" alt=\"Kuratorsko mapiranje: Galerija \u0160kuc z Vladimirjem Vidmarjem\" width=\"150\" height=\"150\" \/><\/a> <a href=\"https:\/\/www.worldofart.org\/arhiv.worldofart.org\/current\/wp-content\/uploads\/2015\/05\/14.jpg\" rel=\"lightbox[7334]\"><img loading=\"lazy\" decoding=\"async\" class=\"alignnone size-thumbnail wp-image-3071\" title=\"Kuratorsko mapiranje: Galerija \u0160kuc z Vladimirjem Vidmarjem\" src=\"https:\/\/www.worldofart.org\/arhiv.worldofart.org\/current\/wp-content\/uploads\/2015\/05\/14-150x150.jpg\" alt=\"Kuratorsko mapiranje: Galerija \u0160kuc z Vladimirjem Vidmarjem\" width=\"150\" height=\"150\" \/><\/a> <a href=\"https:\/\/www.worldofart.org\/arhiv.worldofart.org\/current\/wp-content\/uploads\/2015\/05\/15.jpg\" rel=\"lightbox[7334]\"><img loading=\"lazy\" decoding=\"async\" class=\"alignnone size-thumbnail wp-image-3072\" title=\"Kuratorsko mapiranje: Galerija \u0160kuc z Vladimirjem Vidmarjem\" src=\"https:\/\/www.worldofart.org\/arhiv.worldofart.org\/current\/wp-content\/uploads\/2015\/05\/15-150x150.jpg\" alt=\"Kuratorsko mapiranje: Galerija \u0160kuc z Vladimirjem Vidmarjem\" width=\"150\" height=\"150\" \/><\/a> <a href=\"https:\/\/www.worldofart.org\/arhiv.worldofart.org\/current\/wp-content\/uploads\/2015\/05\/16.jpg\" rel=\"lightbox[7334]\"><img loading=\"lazy\" decoding=\"async\" class=\"alignnone size-thumbnail wp-image-3073\" title=\"Kuratorsko mapiranje: Galerija \u0160kuc z Vladimirjem Vidmarjem\" src=\"https:\/\/www.worldofart.org\/arhiv.worldofart.org\/current\/wp-content\/uploads\/2015\/05\/16-150x150.jpg\" alt=\"Kuratorsko mapiranje: Galerija \u0160kuc z Vladimirjem Vidmarjem\" width=\"150\" height=\"150\" \/><\/a><\/p>\n<p>Med obiskom kuratorjev iz Azije se v Galeriji \u0160kuc odpira letna razstava <em>Sveta umetnosti, \u0161ole za kustose in kritike sodobne umetnosti<\/em>. To prilo\u017enost bomo izkoristili, da mednarodni gostje ovrednotijo razstavo, njen kuratorski koncept in postavitev.<\/p>\n<p>To bo izjemna in edinstvena prilo\u017enost za razpravo o kuratorskih konceptih, na\u010dinih in strategijah predstavljanja z uveljavljenimi kuratorji drugega miljeja. Za ekipo in udele\u017eence <em>Sveta umetnosti<\/em> pa bo to obenem pomenilo vajo, da preizkusijo lastno kuratorsko prakso in izjavljanje. V razpravi, ki bo potekala v Galeriji \u0160kuc, bomo lahko izlu\u0161\u010dili podobnosti in razlike kuratorskih strategij med Azijo in Evropo.<\/p>\n<p>&nbsp;<\/p>\n","protected":false},"excerpt":{"rendered":"<p>\u00ab Curating\u2013In\u2013Depth Osnutek programa, ki ga bomo izvedli v Ljubljani med 3. in 16. majem 2015, ko bomo gostili kuratorje in umetnike s Filipinov, Singapurja in Myanmara, predstavnico organizacije Kurziv iz Zagreba in tur\u0161kega umetnika Borgo Kant\u00fcrka. Program je namenjen mednarodnim gostom in udele\u017eencem Sveta umetnosti ter se bo odvijal v Projektni sobi SCCA \u2013 [&hellip;]<\/p>\n","protected":false},"author":1,"featured_media":0,"parent":7319,"menu_order":0,"comment_status":"closed","ping_status":"closed","template":"","meta":{"footnotes":""},"categories":[],"tags":[],"_links":{"self":[{"href":"https:\/\/www.worldofart.org\/arhiv.worldofart.org\/aktualno\/wp-json\/wp\/v2\/pages\/7334"}],"collection":[{"href":"https:\/\/www.worldofart.org\/arhiv.worldofart.org\/aktualno\/wp-json\/wp\/v2\/pages"}],"about":[{"href":"https:\/\/www.worldofart.org\/arhiv.worldofart.org\/aktualno\/wp-json\/wp\/v2\/types\/page"}],"author":[{"embeddable":true,"href":"https:\/\/www.worldofart.org\/arhiv.worldofart.org\/aktualno\/wp-json\/wp\/v2\/users\/1"}],"replies":[{"embeddable":true,"href":"https:\/\/www.worldofart.org\/arhiv.worldofart.org\/aktualno\/wp-json\/wp\/v2\/comments?post=7334"}],"version-history":[{"count":65,"href":"https:\/\/www.worldofart.org\/arhiv.worldofart.org\/aktualno\/wp-json\/wp\/v2\/pages\/7334\/revisions"}],"predecessor-version":[{"id":9495,"href":"https:\/\/www.worldofart.org\/arhiv.worldofart.org\/aktualno\/wp-json\/wp\/v2\/pages\/7334\/revisions\/9495"}],"up":[{"embeddable":true,"href":"https:\/\/www.worldofart.org\/arhiv.worldofart.org\/aktualno\/wp-json\/wp\/v2\/pages\/7319"}],"wp:attachment":[{"href":"https:\/\/www.worldofart.org\/arhiv.worldofart.org\/aktualno\/wp-json\/wp\/v2\/media?parent=7334"}],"wp:term":[{"taxonomy":"category","embeddable":true,"href":"https:\/\/www.worldofart.org\/arhiv.worldofart.org\/aktualno\/wp-json\/wp\/v2\/categories?post=7334"},{"taxonomy":"post_tag","embeddable":true,"href":"https:\/\/www.worldofart.org\/arhiv.worldofart.org\/aktualno\/wp-json\/wp\/v2\/tags?post=7334"}],"curies":[{"name":"wp","href":"https:\/\/api.w.org\/{rel}","templated":true}]}}