{"id":7359,"date":"2015-04-21T22:25:26","date_gmt":"2015-04-21T20:25:26","guid":{"rendered":"http:\/\/www.worldofart.org\/aktualno\/?page_id=7359"},"modified":"2016-11-19T22:00:48","modified_gmt":"2016-11-19T20:00:48","slug":"strokovna-ekskurzija-v-zagreb","status":"publish","type":"page","link":"https:\/\/www.worldofart.org\/arhiv.worldofart.org\/aktualno\/petnajsto-leto-2014-2016\/curating-in-depth\/strokovna-ekskurzija-v-zagreb","title":{"rendered":"Strokovna ekskurzija v Zagreb"},"content":{"rendered":"<p><strong><a href=\"https:\/\/www.worldofart.org\/arhiv.worldofart.org\/aktualno\/petnajsto-leto-2014-2016\/curating-in-depth\">\u00ab Curating\u2013In\u2013Depth<\/a><\/strong><\/p>\n<p><strong>13. maj 2015<\/strong><\/p>\n<p>V Zagrebu nas bo sprejela Antonia Letini\u0107, urednica spletne publikacije <a href=\"http:\/\/www.kulturpunkt.hr\" target=\"_blank\">Kulturpunkt.hr<\/a>, ki nas bo popeljala po vidnej\u0161ih zagreb\u0161kih umetnostnih ustanovah. Predstavila bo tudi <em>Kurziv \u2013 Platformo za vpra\u0161anja kulture, medijev in dru\u017ebe<\/em> ter Kulturpunktova programa: novinarsko \u0161olo <em>Svet umetnosti<\/em> ter program <em>Kritika \u2013 Preteklost, sedanjost, prihodnost<\/em>. Ekskurzija v Zagreb bo ponudila vpogled v sodobne trende in na\u010dine delovanja umetnostnih institucij na Hrva\u0161kem in bo odli\u010dna prilo\u017enost za mre\u017eenje.<\/p>\n<p><a href=\"https:\/\/www.worldofart.org\/arhiv.worldofart.org\/current\/wp-content\/uploads\/2015\/05\/015.jpg\" rel=\"lightbox[7359]\"><img loading=\"lazy\" decoding=\"async\" class=\"alignnone size-thumbnail wp-image-3151\" title=\"Strokovna ekskurzija v Zagreb\" src=\"https:\/\/www.worldofart.org\/arhiv.worldofart.org\/current\/wp-content\/uploads\/2015\/05\/015-150x150.jpg\" alt=\"Strokovna ekskurzija v Zagreb\" width=\"150\" height=\"150\" \/><\/a> <a href=\"https:\/\/www.worldofart.org\/arhiv.worldofart.org\/current\/wp-content\/uploads\/2015\/05\/025.jpg\" rel=\"lightbox[7359]\"><img loading=\"lazy\" decoding=\"async\" class=\"alignnone size-thumbnail wp-image-3152\" title=\"Kuratorsko mapiranje: vodstvo po Muzeju sodobne umetnosti v Zagrebu s Tihomirjem Milovcem\" src=\"https:\/\/www.worldofart.org\/arhiv.worldofart.org\/current\/wp-content\/uploads\/2015\/05\/025-150x150.jpg\" alt=\"Kuratorsko mapiranje: vodstvo po Muzeju sodobne umetnosti v Zagrebu s Tihomirjem Milovcem\" width=\"150\" height=\"150\" \/><\/a> <a href=\"https:\/\/www.worldofart.org\/arhiv.worldofart.org\/current\/wp-content\/uploads\/2015\/05\/035.jpg\" rel=\"lightbox[7359]\"><img loading=\"lazy\" decoding=\"async\" class=\"alignnone size-thumbnail wp-image-3153\" title=\"Kuratorsko mapiranje: vodstvo po Muzeju sodobne umetnosti v Zagrebu s Tihomirjem Milovcem\" src=\"https:\/\/www.worldofart.org\/arhiv.worldofart.org\/current\/wp-content\/uploads\/2015\/05\/035-150x150.jpg\" alt=\"Kuratorsko mapiranje: vodstvo po Muzeju sodobne umetnosti v Zagrebu s Tihomirjem Milovcem\" width=\"150\" height=\"150\" \/><\/a> <a href=\"https:\/\/www.worldofart.org\/arhiv.worldofart.org\/current\/wp-content\/uploads\/2015\/05\/045.jpg\" rel=\"lightbox[7359]\"><img loading=\"lazy\" decoding=\"async\" class=\"alignnone size-thumbnail wp-image-3154\" title=\"Kuratorsko mapiranje: vodstvo po Muzeju sodobne umetnosti v Zagrebu s Tihomirjem Milovcem\" src=\"https:\/\/www.worldofart.org\/arhiv.worldofart.org\/current\/wp-content\/uploads\/2015\/05\/045-150x150.jpg\" alt=\"Kuratorsko mapiranje: vodstvo po Muzeju sodobne umetnosti v Zagrebu s Tihomirjem Milovcem\" width=\"150\" height=\"150\" \/><\/a> <a href=\"https:\/\/www.worldofart.org\/arhiv.worldofart.org\/current\/wp-content\/uploads\/2015\/05\/055.jpg\" rel=\"lightbox[7359]\"><img loading=\"lazy\" decoding=\"async\" class=\"alignnone size-thumbnail wp-image-3155\" title=\"Kuratorsko mapiranje: vodstvo po Muzeju sodobne umetnosti v Zagrebu s Tihomirjem Milovcem\" src=\"https:\/\/www.worldofart.org\/arhiv.worldofart.org\/current\/wp-content\/uploads\/2015\/05\/055-150x150.jpg\" alt=\"Kuratorsko mapiranje: vodstvo po Muzeju sodobne umetnosti v Zagrebu s Tihomirjem Milovcem\" width=\"150\" height=\"150\" \/><\/a> <a href=\"https:\/\/www.worldofart.org\/arhiv.worldofart.org\/current\/wp-content\/uploads\/2015\/05\/066.jpg\" rel=\"lightbox[7359]\"><img loading=\"lazy\" decoding=\"async\" class=\"alignnone size-thumbnail wp-image-3156\" title=\"Kuratorsko mapiranje: vodstvo po Muzeju sodobne umetnosti v Zagrebu s Tihomirjem Milovcem\" src=\"https:\/\/www.worldofart.org\/arhiv.worldofart.org\/current\/wp-content\/uploads\/2015\/05\/066-150x150.jpg\" alt=\"Kuratorsko mapiranje: vodstvo po Muzeju sodobne umetnosti v Zagrebu s Tihomirjem Milovcem\" width=\"150\" height=\"150\" \/><\/a> <a href=\"https:\/\/www.worldofart.org\/arhiv.worldofart.org\/current\/wp-content\/uploads\/2015\/05\/075.jpg\" rel=\"lightbox[7359]\"><img loading=\"lazy\" decoding=\"async\" class=\"alignnone size-thumbnail wp-image-3157\" title=\"Kuratorsko mapiranje: vodstvo po Muzeju sodobne umetnosti v Zagrebu s Tihomirjem Milovcem\" src=\"https:\/\/www.worldofart.org\/arhiv.worldofart.org\/current\/wp-content\/uploads\/2015\/05\/075-150x150.jpg\" alt=\"Kuratorsko mapiranje: vodstvo po Muzeju sodobne umetnosti v Zagrebu s Tihomirjem Milovcem\" width=\"150\" height=\"150\" \/><\/a> <a href=\"https:\/\/www.worldofart.org\/arhiv.worldofart.org\/current\/wp-content\/uploads\/2015\/05\/085.jpg\" rel=\"lightbox[7359]\"><img loading=\"lazy\" decoding=\"async\" class=\"alignnone size-thumbnail wp-image-3158\" title=\"Kuratorsko mapiranje: vodstvo po Muzeju sodobne umetnosti v Zagrebu s Tihomirjem Milovcem\" src=\"https:\/\/www.worldofart.org\/arhiv.worldofart.org\/current\/wp-content\/uploads\/2015\/05\/085-150x150.jpg\" alt=\"Kuratorsko mapiranje: vodstvo po Muzeju sodobne umetnosti v Zagrebu s Tihomirjem Milovcem\" width=\"150\" height=\"150\" \/><\/a> <a href=\"https:\/\/www.worldofart.org\/arhiv.worldofart.org\/current\/wp-content\/uploads\/2015\/05\/094.jpg\" rel=\"lightbox[7359]\"><img loading=\"lazy\" decoding=\"async\" class=\"alignnone size-thumbnail wp-image-3159\" title=\"Kuratorsko mapiranje: vodstvo po Muzeju sodobne umetnosti v Zagrebu s Tihomirjem Milovcem\" src=\"https:\/\/www.worldofart.org\/arhiv.worldofart.org\/current\/wp-content\/uploads\/2015\/05\/094-150x150.jpg\" alt=\"Kuratorsko mapiranje: vodstvo po Muzeju sodobne umetnosti v Zagrebu s Tihomirjem Milovcem\" width=\"150\" height=\"150\" \/><\/a> <a href=\"https:\/\/www.worldofart.org\/arhiv.worldofart.org\/current\/wp-content\/uploads\/2015\/05\/104.jpg\" rel=\"lightbox[7359]\"><img loading=\"lazy\" decoding=\"async\" class=\"alignnone size-thumbnail wp-image-3160\" title=\"Kuratorsko mapiranje: vodstvo po Muzeju sodobne umetnosti v Zagrebu s Tihomirjem Milovcem\" src=\"https:\/\/www.worldofart.org\/arhiv.worldofart.org\/current\/wp-content\/uploads\/2015\/05\/104-150x150.jpg\" alt=\"Kuratorsko mapiranje: vodstvo po Muzeju sodobne umetnosti v Zagrebu s Tihomirjem Milovcem\" width=\"150\" height=\"150\" \/><\/a> <a href=\"https:\/\/www.worldofart.org\/arhiv.worldofart.org\/current\/wp-content\/uploads\/2015\/05\/114.jpg\" rel=\"lightbox[7359]\"><img loading=\"lazy\" decoding=\"async\" class=\"alignnone size-thumbnail wp-image-3161\" title=\"Kuratorsko mapiranje: vodstvo po Muzeju sodobne umetnosti v Zagrebu s Tihomirjem Milovcem\" src=\"https:\/\/www.worldofart.org\/arhiv.worldofart.org\/current\/wp-content\/uploads\/2015\/05\/114-150x150.jpg\" alt=\"Kuratorsko mapiranje: vodstvo po Muzeju sodobne umetnosti v Zagrebu s Tihomirjem Milovcem\" width=\"150\" height=\"150\" \/><\/a> <a href=\"https:\/\/www.worldofart.org\/arhiv.worldofart.org\/current\/wp-content\/uploads\/2015\/05\/124.jpg\" rel=\"lightbox[7359]\"><img loading=\"lazy\" decoding=\"async\" class=\"alignnone size-thumbnail wp-image-3162\" title=\"Kuratorsko mapiranje: vodstvo po Muzeju sodobne umetnosti v Zagrebu s Tihomirjem Milovcem\" src=\"https:\/\/www.worldofart.org\/arhiv.worldofart.org\/current\/wp-content\/uploads\/2015\/05\/124-150x150.jpg\" alt=\"Kuratorsko mapiranje: vodstvo po Muzeju sodobne umetnosti v Zagrebu s Tihomirjem Milovcem\" width=\"150\" height=\"150\" \/><\/a> <a href=\"https:\/\/www.worldofart.org\/arhiv.worldofart.org\/current\/wp-content\/uploads\/2015\/05\/133.jpg\" rel=\"lightbox[7359]\"><img decoding=\"async\" class=\"alignnone size-thumbnail wp-image-3163\" title=\"Muzej sodobne umetnosti Zagreb; obisk razstave Bauhaus \u2013 Networking of Ideas and Practice (BAUNET) width=\" src=\"https:\/\/www.worldofart.org\/arhiv.worldofart.org\/current\/wp-content\/uploads\/2015\/05\/133-150x150.jpg\" alt=\"Muzej sodobne umetnosti Zagreb; obisk razstave Bauhaus \u2013 Networking of Ideas and Practice (BAUNET)\" height=\"150\" \/><\/a> <a href=\"https:\/\/www.worldofart.org\/arhiv.worldofart.org\/current\/wp-content\/uploads\/2015\/05\/143.jpg\" rel=\"lightbox[7359]\"><img loading=\"lazy\" decoding=\"async\" class=\"alignnone size-thumbnail wp-image-3164\" title=\"Muzej sodobne umetnosti Zagreb; obisk razstave Bauhaus \u2013 Networking of Ideas and Practice (BAUNET)\" src=\"https:\/\/www.worldofart.org\/arhiv.worldofart.org\/current\/wp-content\/uploads\/2015\/05\/143-150x150.jpg\" alt=\"Muzej sodobne umetnosti Zagreb; obisk razstave Bauhaus \u2013 Networking of Ideas and Practice (BAUNET)\" width=\"150\" height=\"150\" \/><\/a> <a href=\"https:\/\/www.worldofart.org\/arhiv.worldofart.org\/current\/wp-content\/uploads\/2015\/05\/153.jpg\" rel=\"lightbox[7359]\"><img loading=\"lazy\" decoding=\"async\" class=\"alignnone size-thumbnail wp-image-3165\" title=\"Kuratorsko mapiranje: Galerija Nova: pogovor in ogled razstave Arte Util\" src=\"https:\/\/www.worldofart.org\/arhiv.worldofart.org\/current\/wp-content\/uploads\/2015\/05\/153-150x150.jpg\" alt=\"Kuratorsko mapiranje: Galerija Nova: pogovor in ogled razstave Arte Util\" width=\"150\" height=\"150\" \/><\/a> <a href=\"https:\/\/www.worldofart.org\/arhiv.worldofart.org\/current\/wp-content\/uploads\/2015\/05\/163.jpg\" rel=\"lightbox[7359]\"><img loading=\"lazy\" decoding=\"async\" class=\"alignnone size-thumbnail wp-image-3166\" title=\"Richard Seymour: Neoliberalna dr\u017eava, predavanje; Subversive Festival\" src=\"https:\/\/www.worldofart.org\/arhiv.worldofart.org\/current\/wp-content\/uploads\/2015\/05\/163-150x150.jpg\" alt=\"Richard Seymour: Neoliberalna dr\u017eava, predavanje; Subversive Festival\" width=\"150\" height=\"150\" \/><\/a><\/p>\n","protected":false},"excerpt":{"rendered":"<p>\u00ab Curating\u2013In\u2013Depth 13. maj 2015 V Zagrebu nas bo sprejela Antonia Letini\u0107, urednica spletne publikacije Kulturpunkt.hr, ki nas bo popeljala po vidnej\u0161ih zagreb\u0161kih umetnostnih ustanovah. Predstavila bo tudi Kurziv \u2013 Platformo za vpra\u0161anja kulture, medijev in dru\u017ebe ter Kulturpunktova programa: novinarsko \u0161olo Svet umetnosti ter program Kritika \u2013 Preteklost, sedanjost, prihodnost. Ekskurzija v Zagreb bo [&hellip;]<\/p>\n","protected":false},"author":1,"featured_media":0,"parent":7319,"menu_order":0,"comment_status":"closed","ping_status":"closed","template":"","meta":{"footnotes":""},"categories":[],"tags":[],"_links":{"self":[{"href":"https:\/\/www.worldofart.org\/arhiv.worldofart.org\/aktualno\/wp-json\/wp\/v2\/pages\/7359"}],"collection":[{"href":"https:\/\/www.worldofart.org\/arhiv.worldofart.org\/aktualno\/wp-json\/wp\/v2\/pages"}],"about":[{"href":"https:\/\/www.worldofart.org\/arhiv.worldofart.org\/aktualno\/wp-json\/wp\/v2\/types\/page"}],"author":[{"embeddable":true,"href":"https:\/\/www.worldofart.org\/arhiv.worldofart.org\/aktualno\/wp-json\/wp\/v2\/users\/1"}],"replies":[{"embeddable":true,"href":"https:\/\/www.worldofart.org\/arhiv.worldofart.org\/aktualno\/wp-json\/wp\/v2\/comments?post=7359"}],"version-history":[{"count":4,"href":"https:\/\/www.worldofart.org\/arhiv.worldofart.org\/aktualno\/wp-json\/wp\/v2\/pages\/7359\/revisions"}],"predecessor-version":[{"id":9499,"href":"https:\/\/www.worldofart.org\/arhiv.worldofart.org\/aktualno\/wp-json\/wp\/v2\/pages\/7359\/revisions\/9499"}],"up":[{"embeddable":true,"href":"https:\/\/www.worldofart.org\/arhiv.worldofart.org\/aktualno\/wp-json\/wp\/v2\/pages\/7319"}],"wp:attachment":[{"href":"https:\/\/www.worldofart.org\/arhiv.worldofart.org\/aktualno\/wp-json\/wp\/v2\/media?parent=7359"}],"wp:term":[{"taxonomy":"category","embeddable":true,"href":"https:\/\/www.worldofart.org\/arhiv.worldofart.org\/aktualno\/wp-json\/wp\/v2\/categories?post=7359"},{"taxonomy":"post_tag","embeddable":true,"href":"https:\/\/www.worldofart.org\/arhiv.worldofart.org\/aktualno\/wp-json\/wp\/v2\/tags?post=7359"}],"curies":[{"name":"wp","href":"https:\/\/api.w.org\/{rel}","templated":true}]}}