{"id":7365,"date":"2015-04-21T22:30:59","date_gmt":"2015-04-21T20:30:59","guid":{"rendered":"http:\/\/www.worldofart.org\/aktualno\/?page_id=7365"},"modified":"2016-11-19T22:00:48","modified_gmt":"2016-11-19T20:00:48","slug":"skupna-delovna-platforma-in-e-publikacijatoolkit-pdf","status":"publish","type":"page","link":"https:\/\/www.worldofart.org\/arhiv.worldofart.org\/aktualno\/petnajsto-leto-2014-2016\/curating-in-depth\/skupna-delovna-platforma-in-e-publikacijatoolkit-pdf","title":{"rendered":"Skupna delovna platforma in e-publikacija\/toolkit (pdf)"},"content":{"rendered":"<p><strong><a href=\"https:\/\/www.worldofart.org\/arhiv.worldofart.org\/aktualno\/petnajsto-leto-2014-2016\/curating-in-depth\">\u00ab Curating\u2013In\u2013Depth<\/a><\/strong><\/p>\n<p>Skupna delovna platforma za kuratorsko izobra\u017eevanje in prakso bo vklju\u010devala dokumentacijo izmenjav in izobra\u017eevalna gradiva. Spletna e-publikacija pa bo slu\u017eila kot njena nadgradnja ter bo obenem sklep in povzetek projekta.<\/p>\n<p><a href=\"https:\/\/www.worldofart.org\/arhiv.worldofart.org\/aktualno\/wp-content\/2015\/Curating-In-Depth-toolkit.pdf\" target=\"_blank\"><img loading=\"lazy\" decoding=\"async\" src=\"https:\/\/www.worldofart.org\/arhiv.worldofart.org\/aktualno\/wp-content\/uploads\/2015\/04\/cid-toolkit.jpg\" alt=\"\" title=\"CID Toolkit\" width=\"600\" height=\"257\" class=\"alignnone size-full wp-image-8316\" srcset=\"https:\/\/www.worldofart.org\/arhiv.worldofart.org\/aktualno\/wp-content\/uploads\/2015\/04\/cid-toolkit.jpg 600w, https:\/\/www.worldofart.org\/arhiv.worldofart.org\/aktualno\/wp-content\/uploads\/2015\/04\/cid-toolkit-300x128.jpg 300w\" sizes=\"(max-width: 600px) 100vw, 600px\" \/><\/a><\/p>\n<p><a href=\"https:\/\/www.worldofart.org\/arhiv.worldofart.org\/aktualno\/wp-content\/2015\/Curating-In-Depth-toolkit.pdf\" target=\"_blank\"><strong><em>Curating-in-Depth.pdf<\/em><\/strong><\/a><br \/>\nSpletna publikacija (27 MB)<\/p>\n<p>Udele\u017eenci projekta bodo po koncu projekta pripravili spletno publikacijo, ki bo vsebovala povzetke predavanj in predstavitev, spremljale pa jih bodo \u0161e dodatna besedila in izobra\u017eevalna gradiva. Publikacija bo kon\u010dni rezultat projekta in bo dostopna na spletnih straneh partnerjev projekta.<\/p>\n<p>&#8212;<\/p>\n<p><a href=\"https:\/\/www.worldofart.org\/arhiv.worldofart.org\/aktualno\/petnajsto-leto-2014-2016\/curating-in-depth\"><strong><em>Curating-on-line<\/em><\/strong><\/a><br \/>\nSpletne aktivnosti<\/p>\n<p>Obstoje\u010di spletni strani bomo nadgradili s skupno spletno platformo za kuratorsko izobra\u017eevanje in prakso. Platforma bo gostila seznam sodelujo\u010dih v projektu, vklju\u010dno s projekti posameznikov in posameznic ter povezavami do njihovih spletnih strani; spletno bralnico z dostopom do besedil, ki bodo ustvarjena z namenom informiranja udele\u017eencev projekta o sodobnih kuratorskih diskurzih.<\/p>\n","protected":false},"excerpt":{"rendered":"<p>\u00ab Curating\u2013In\u2013Depth Skupna delovna platforma za kuratorsko izobra\u017eevanje in prakso bo vklju\u010devala dokumentacijo izmenjav in izobra\u017eevalna gradiva. Spletna e-publikacija pa bo slu\u017eila kot njena nadgradnja ter bo obenem sklep in povzetek projekta. Curating-in-Depth.pdf Spletna publikacija (27 MB) Udele\u017eenci projekta bodo po koncu projekta pripravili spletno publikacijo, ki bo vsebovala povzetke predavanj in predstavitev, spremljale pa [&hellip;]<\/p>\n","protected":false},"author":1,"featured_media":0,"parent":7319,"menu_order":0,"comment_status":"closed","ping_status":"closed","template":"","meta":{"footnotes":""},"categories":[],"tags":[],"_links":{"self":[{"href":"https:\/\/www.worldofart.org\/arhiv.worldofart.org\/aktualno\/wp-json\/wp\/v2\/pages\/7365"}],"collection":[{"href":"https:\/\/www.worldofart.org\/arhiv.worldofart.org\/aktualno\/wp-json\/wp\/v2\/pages"}],"about":[{"href":"https:\/\/www.worldofart.org\/arhiv.worldofart.org\/aktualno\/wp-json\/wp\/v2\/types\/page"}],"author":[{"embeddable":true,"href":"https:\/\/www.worldofart.org\/arhiv.worldofart.org\/aktualno\/wp-json\/wp\/v2\/users\/1"}],"replies":[{"embeddable":true,"href":"https:\/\/www.worldofart.org\/arhiv.worldofart.org\/aktualno\/wp-json\/wp\/v2\/comments?post=7365"}],"version-history":[{"count":9,"href":"https:\/\/www.worldofart.org\/arhiv.worldofart.org\/aktualno\/wp-json\/wp\/v2\/pages\/7365\/revisions"}],"predecessor-version":[{"id":9497,"href":"https:\/\/www.worldofart.org\/arhiv.worldofart.org\/aktualno\/wp-json\/wp\/v2\/pages\/7365\/revisions\/9497"}],"up":[{"embeddable":true,"href":"https:\/\/www.worldofart.org\/arhiv.worldofart.org\/aktualno\/wp-json\/wp\/v2\/pages\/7319"}],"wp:attachment":[{"href":"https:\/\/www.worldofart.org\/arhiv.worldofart.org\/aktualno\/wp-json\/wp\/v2\/media?parent=7365"}],"wp:term":[{"taxonomy":"category","embeddable":true,"href":"https:\/\/www.worldofart.org\/arhiv.worldofart.org\/aktualno\/wp-json\/wp\/v2\/categories?post=7365"},{"taxonomy":"post_tag","embeddable":true,"href":"https:\/\/www.worldofart.org\/arhiv.worldofart.org\/aktualno\/wp-json\/wp\/v2\/tags?post=7365"}],"curies":[{"name":"wp","href":"https:\/\/api.w.org\/{rel}","templated":true}]}}