{"id":8119,"date":"2015-10-12T21:38:13","date_gmt":"2015-10-12T19:38:13","guid":{"rendered":"http:\/\/www.worldofart.org\/aktualno\/?page_id=8119"},"modified":"2016-11-19T22:00:48","modified_gmt":"2016-11-19T20:00:48","slug":"producent-v-sodobni-likovni-umetnosti","status":"publish","type":"page","link":"https:\/\/www.worldofart.org\/arhiv.worldofart.org\/aktualno\/petnajsto-leto-2014-2016\/modul-o-prakticnih-delih-kustosa\/producent-v-sodobni-likovni-umetnosti","title":{"rendered":"Producent v sodobni likovni umetnosti"},"content":{"rendered":"<p>SVET UMETNOSTI<br \/>\n\u0160ola za kustose in kritike sodobne umetnosti<br \/>\nLeto 15<br \/>\n2. letnik (oktober 2015\u2013junij 2016)<\/p>\n<p><a href=\"https:\/\/www.worldofart.org\/arhiv.worldofart.org\/aktualno\/petnajsto-leto-2014-2016\/modul-o-prakticnih-delih-kustosa\"><em>Modul o prakti\u010dnih delih kustosa<\/em><\/a><\/p>\n<p><strong>\u010cetrtek, 29. 10. 2015, ob 17.00<\/strong><br \/>\nProjektna soba SCCA, Metelkova 6, Ljubljana<\/p>\n<hr \/>\n<p><img loading=\"lazy\" decoding=\"async\" src=\"https:\/\/www.worldofart.org\/arhiv.worldofart.org\/aktualno\/wp-content\/uploads\/2015\/10\/razstava-se-je-vrnila.jpg\" alt=\"\" title=\"Razstava se je vrnila domov\" width=\"500\" height=\"300\" class=\"alignnone size-full wp-image-8145\" srcset=\"https:\/\/www.worldofart.org\/arhiv.worldofart.org\/aktualno\/wp-content\/uploads\/2015\/10\/razstava-se-je-vrnila.jpg 500w, https:\/\/www.worldofart.org\/arhiv.worldofart.org\/aktualno\/wp-content\/uploads\/2015\/10\/razstava-se-je-vrnila-300x180.jpg 300w\" sizes=\"(max-width: 500px) 100vw, 500px\" \/><br \/>\nRazstava se je vrnila domov<\/p>\n<p>&#8212;<\/p>\n<p>Modul v obliki pogovora in delavnice bo udele\u017eencem \u0161ole Svet umetnosti predstavil poklic producenta v likovni umetnosti.<\/p>\n<p><strong>17:00<\/strong>\u2212<strong>18:00: POGOVOR<\/strong><\/p>\n<p>V pogovoru med dvema producentoma, <strong>Katerino Mirovi\u0107<\/strong> (Forum Ljubljana \/ Strip Core) in <strong>Du\u0161anom Dov\u010dem<\/strong> (SCCA\u2212Ljubljana), bomo predstavili, kak\u0161ne so naloge producenta v sodobni likovni umetnosti.<\/p>\n<p>Pogovor bo razdeljen na tri dele:<\/p>\n<ul>\n<li><strong>Producent v instituciji:<\/strong> Kak\u0161en je prispevek producenta v projektu oz. kak\u0161ne naloge opravlja, npr. vsebinska in tehni\u010dna priprava projekta, izbor razstavnega prostora (koprodukcijska pogodba), financiranje projekta, koordinacija z umetniki in avtorji projekta, koordinacija promocije projekta, dokumentacija projekta. Pri tem se bomo posebej osredoto\u010dili na tak\u0161no institucijo, ki deluje na podro\u010dju sodobne likovne umetnosti z osnovno razstavno dejavnostjo, a nima svojega razstavnega prostora. Spra\u0161evali se bomo tudi, kak\u0161na je razlika med koproducentom in soorganizatorjem.<\/li>\n<li><strong>Producent vs. kurator:<\/strong> Kak\u0161no je sodelovanje med producentom in kuratorjem? Ali je producent tudi kurator in obratno? Kdaj se njune naloge lo\u010dujejo in kdaj dopolnjujejo?<\/li>\n<li><strong>Poklic producenta:<\/strong> Kako pridobiti vpis v register samozaposlenih v kulturi za poklic producenta? Kak\u0161ni so pogoji in kaj vpis v register prina\u0161a?<\/li>\n<\/ul>\n<p>&nbsp;<\/p>\n<p><strong>18:00<\/strong>\u2212<strong>19:00: DELAVNICA<\/strong><\/p>\n<p>Po pogovoru bomo z udele\u017eenci \u0161ole izbrali dva primera virtualnih razstav, za katere bomo pripravili producentski na\u010drt realizacije: Katero razstavi\u0161\u010de je za razstavo najbolj primerno? Kak\u0161ne pravnoformalne koprodukcijske pogodbe potrebujemo med avtorji projekta (producent) in razstavi\u0161\u010dem (koproducent)? Kak\u0161en finan\u010dni in promocijski na\u010drt lahko predvidimo?<\/p>\n<hr \/>\n<p><strong><em>Vodja modula<\/em><\/strong><\/p>\n<p><img loading=\"lazy\" decoding=\"async\" style=\"margin-right: 10px; margin-bottom: 5px; margin-top: 3px; margin-left: 0px;\" src=\"https:\/\/www.worldofart.org\/arhiv.worldofart.org\/aktualno\/wp-content\/2007-08\/ekipa-board\/dusan_dovc.jpg\" alt=\"Du\u0161an Dov\u010d\" width=\"100\" height=\"100\" align=\"left\" \/><strong>Du\u0161an Dov\u010d<\/strong>, vodja produkcije Zavoda SCCA\u2212Ljubljana<br \/>\nOd leta 1997 dela v kulturi, od leta 2013 s statusom samozaposlenega v kulturi (poklic producent). Od leta 2004 \u010dlan ekipe SCCA\u2013Ljubljana. Njegovo podro\u010dje delovanje so zlasti podporni programi v kulturi oziroma interdisciplinarno povezovanje sodobne umetnosti s programi raziskovanja, kuratorstva, teorije, kritike, izobra\u017eevanja, kulturne vzgoje, dokumentiranja in arhiviranja ter informiranja. V okviru SCCA\u2013Ljubljana koordinira programe, skrbi za pridobivanje finan\u010dnih sredstev (nacionalni, lokalni, mednarodni razpisi) in za programe zaposlovanja. Ob\u010dasno s sodelavci sodeluje pri pripravi razstav kot so-kurator. Od leta 2009 je \u010dlan upravnega odbora pri dru\u0161tvu Asociacija.<\/p>\n<p><strong><em>Udele\u017eenka pogovora<\/em><\/strong><\/p>\n<p><img loading=\"lazy\" decoding=\"async\" class=\"alignleft size-full wp-image-8123\" style=\"margin-right: 10px; margin-bottom: 5px; margin-top: 3px; margin-left: 0px;\" title=\"Katerina Mirovi\u0107, foto: DK\" src=\"https:\/\/www.worldofart.org\/arhiv.worldofart.org\/aktualno\/wp-content\/uploads\/2015\/10\/katerina-mirovic_fotoDK.jpg\" alt=\"\" width=\"100\" height=\"100\" \/><strong>Katerina Mirovi\u0107<\/strong>, kustosinja, producentka in urednica, med drugim soustanoviteljica in \u010dlanica uredni\u0161tva revije <em>Stripburger <\/em>ter soustanoviteljica in programska selektorica festivala <em>Svetlobna gverila<\/em>, ki je v preteklih letih s svojim delovanjem na podro\u010dju vizualne umetnosti mo\u010dno prispevala k razvoju doma\u010de kulturno-umetni\u0161ke scene.<br \/>\nDiplomirala je iz sociologije kulture in etnologije na Filozofski fakulteti v Ljubljani. \u017de med \u0161tudijem se je ukvarjala s kulturno produkcijo \u2013 prete\u017eno z organizacijo koncertov. Je ena izmed ustanoviteljev <em>Strip Cora<\/em>, kjer so se ukvarjali z glasbo in likovno produkcijo, leta 1992 pa so za\u010deli z izdajanjem revije <em>Stripburger<\/em>. Uspe\u0161nost revije je mo\u010d opaziti tudi v razli\u010dnih paradogodkih, kot so delavnice, predavanja in razstave. Katerina Mirovi\u0107 pa je skupaj z Aleksandro Stratimirovi\u0107 med drugim odgovorna tudi za zagon letnega festivala <em>Svetlobne gverile<\/em>, ki se je sprva leta 2007 imenoval <em>Detektivi svetlobe<\/em>, pod sedanjim imenom pa ga poznamo od leta 2008. <strong>Ve\u010d: STRIP CORE: <a href=\"http:\/\/www.ljudmila.org\/stripcore\/\" target=\"_blank\"><strong>www.ljudmila.org\/stripcore<\/strong><\/a><\/strong><\/p>\n<hr \/>\n<p>Foto: arhiv SCCA-Ljubljana<\/p>\n<p><a href=\"https:\/\/www.worldofart.org\/arhiv.worldofart.org\/aktualno\/wp-content\/uploads\/2015\/10\/modul01.jpg\" rel=\"lightbox[8119]\"><img loading=\"lazy\" decoding=\"async\" src=\"https:\/\/www.worldofart.org\/arhiv.worldofart.org\/aktualno\/wp-content\/uploads\/2015\/10\/modul01-150x150.jpg\" alt=\"\" title=\"Modul o prakti\u010dnih delih kustosa: Producent v sodobni likovni umetnosti \" width=\"150\" height=\"150\" class=\"alignnone size-thumbnail wp-image-8198\" \/><\/a> <a href=\"https:\/\/www.worldofart.org\/arhiv.worldofart.org\/aktualno\/wp-content\/uploads\/2015\/10\/modul02.jpg\" rel=\"lightbox[8119]\"><img loading=\"lazy\" decoding=\"async\" src=\"https:\/\/www.worldofart.org\/arhiv.worldofart.org\/aktualno\/wp-content\/uploads\/2015\/10\/modul02-150x150.jpg\" alt=\"\" title=\"Modul o prakti\u010dnih delih kustosa: Producent v sodobni likovni umetnosti \" width=\"150\" height=\"150\" class=\"alignnone size-thumbnail wp-image-8199\" \/><\/a> <a href=\"https:\/\/www.worldofart.org\/arhiv.worldofart.org\/aktualno\/wp-content\/uploads\/2015\/10\/modul03.jpg\" rel=\"lightbox[8119]\"><img loading=\"lazy\" decoding=\"async\" src=\"https:\/\/www.worldofart.org\/arhiv.worldofart.org\/aktualno\/wp-content\/uploads\/2015\/10\/modul03-150x150.jpg\" alt=\"\" title=\"Modul o prakti\u010dnih delih kustosa: Producent v sodobni likovni umetnosti \" width=\"150\" height=\"150\" class=\"alignnone size-thumbnail wp-image-8200\" \/><\/a> <a href=\"https:\/\/www.worldofart.org\/arhiv.worldofart.org\/aktualno\/wp-content\/uploads\/2015\/10\/modul04.jpg\" rel=\"lightbox[8119]\"><img loading=\"lazy\" decoding=\"async\" src=\"https:\/\/www.worldofart.org\/arhiv.worldofart.org\/aktualno\/wp-content\/uploads\/2015\/10\/modul04-150x150.jpg\" alt=\"\" title=\"Modul o prakti\u010dnih delih kustosa: Producent v sodobni likovni umetnosti \" width=\"150\" height=\"150\" class=\"alignnone size-thumbnail wp-image-8201\" \/><\/a><\/p>\n","protected":false},"excerpt":{"rendered":"<p>SVET UMETNOSTI \u0160ola za kustose in kritike sodobne umetnosti Leto 15 2. letnik (oktober 2015\u2013junij 2016) Modul o prakti\u010dnih delih kustosa \u010cetrtek, 29. 10. 2015, ob 17.00 Projektna soba SCCA, Metelkova 6, Ljubljana Razstava se je vrnila domov &#8212; Modul v obliki pogovora in delavnice bo udele\u017eencem \u0161ole Svet umetnosti predstavil poklic producenta v likovni [&hellip;]<\/p>\n","protected":false},"author":1,"featured_media":0,"parent":5997,"menu_order":0,"comment_status":"closed","ping_status":"closed","template":"","meta":{"footnotes":""},"categories":[],"tags":[],"_links":{"self":[{"href":"https:\/\/www.worldofart.org\/arhiv.worldofart.org\/aktualno\/wp-json\/wp\/v2\/pages\/8119"}],"collection":[{"href":"https:\/\/www.worldofart.org\/arhiv.worldofart.org\/aktualno\/wp-json\/wp\/v2\/pages"}],"about":[{"href":"https:\/\/www.worldofart.org\/arhiv.worldofart.org\/aktualno\/wp-json\/wp\/v2\/types\/page"}],"author":[{"embeddable":true,"href":"https:\/\/www.worldofart.org\/arhiv.worldofart.org\/aktualno\/wp-json\/wp\/v2\/users\/1"}],"replies":[{"embeddable":true,"href":"https:\/\/www.worldofart.org\/arhiv.worldofart.org\/aktualno\/wp-json\/wp\/v2\/comments?post=8119"}],"version-history":[{"count":12,"href":"https:\/\/www.worldofart.org\/arhiv.worldofart.org\/aktualno\/wp-json\/wp\/v2\/pages\/8119\/revisions"}],"predecessor-version":[{"id":9502,"href":"https:\/\/www.worldofart.org\/arhiv.worldofart.org\/aktualno\/wp-json\/wp\/v2\/pages\/8119\/revisions\/9502"}],"up":[{"embeddable":true,"href":"https:\/\/www.worldofart.org\/arhiv.worldofart.org\/aktualno\/wp-json\/wp\/v2\/pages\/5997"}],"wp:attachment":[{"href":"https:\/\/www.worldofart.org\/arhiv.worldofart.org\/aktualno\/wp-json\/wp\/v2\/media?parent=8119"}],"wp:term":[{"taxonomy":"category","embeddable":true,"href":"https:\/\/www.worldofart.org\/arhiv.worldofart.org\/aktualno\/wp-json\/wp\/v2\/categories?post=8119"},{"taxonomy":"post_tag","embeddable":true,"href":"https:\/\/www.worldofart.org\/arhiv.worldofart.org\/aktualno\/wp-json\/wp\/v2\/tags?post=8119"}],"curies":[{"name":"wp","href":"https:\/\/api.w.org\/{rel}","templated":true}]}}