{"id":8209,"date":"2015-11-11T12:24:25","date_gmt":"2015-11-11T10:24:25","guid":{"rendered":"http:\/\/www.worldofart.org\/aktualno\/?page_id=8209"},"modified":"2016-11-19T22:00:48","modified_gmt":"2016-11-19T20:00:48","slug":"upravljanje-sponzorstev","status":"publish","type":"page","link":"https:\/\/www.worldofart.org\/arhiv.worldofart.org\/aktualno\/petnajsto-leto-2014-2016\/modul-o-prakticnih-delih-kustosa\/upravljanje-sponzorstev","title":{"rendered":"Upravljanje sponzorstev"},"content":{"rendered":"<p>SVET UMETNOSTI<br \/>\n\u0160ola za kustose in kritike sodobne umetnosti<br \/>\nLeto 15<br \/>\n2. letnik (oktober 2015\u2013junij 2016)<\/p>\n<p><a href=\"https:\/\/www.worldofart.org\/arhiv.worldofart.org\/aktualno\/petnajsto-leto-2014-2016\/modul-o-prakticnih-delih-kustosa\"><em>Modul o prakti\u010dnih delih kustosa<\/em><\/a><\/p>\n<p><strong>Sreda, 16. december 2015, ob 16.00<\/strong><br \/>\nProjektna soba SCCA, Metelkova 6, Ljubljana<\/p>\n<hr \/>\n<p><img loading=\"lazy\" decoding=\"async\" src=\"https:\/\/www.worldofart.org\/arhiv.worldofart.org\/aktualno\/wp-content\/uploads\/2015\/11\/modul-vesna-stanic.jpg\" alt=\"Modul Upravljanje sponzorstev, mentorica Vesna Stani\u0107\" width=\"450\" height=\"253\" class=\"alignnone size-full wp-image-8649\" srcset=\"https:\/\/www.worldofart.org\/arhiv.worldofart.org\/aktualno\/wp-content\/uploads\/2015\/11\/modul-vesna-stanic.jpg 450w, https:\/\/www.worldofart.org\/arhiv.worldofart.org\/aktualno\/wp-content\/uploads\/2015\/11\/modul-vesna-stanic-300x169.jpg 300w\" sizes=\"(max-width: 450px) 100vw, 450px\" \/><\/p>\n<p>Na delavnici <em>Upravljanje sponzorstev<\/em> bodo udele\u017eenci \u0161ole spoznali osnovna tr\u017eenjska in komunikacijska orodja za komunikacijo s sponzorji in pridobivanje sredstev iz zasebnega sektorja na podro\u010dju kulture in umetnosti. Udele\u017eenci bodo po delavnici imeli vsa potrebna orodja, da za potrebe kon\u010dne razstave v Galeriji \u0160kuc za\u010dnejo z aktivnim iskanjem potencialnih investitorjev.<\/p>\n<p>Udele\u017eenci bodo za doma\u010do nalogo pripravili ponudbo za sponzorje, s kakr\u0161no bodo posku\u0161ali pridobiti dodatna sponzorska sredstva za kon\u010dno razstavo. Na delavnici se bodo nato na lastnih primerih in na primerih drugih sponzorskih ponudb u\u010dili, kako sponzorje kar najbolj ustrezno nagovoriti.<\/p>\n<hr \/>\n<p><em><strong>Vodja modula<\/strong><\/em><\/p>\n<p><img loading=\"lazy\" decoding=\"async\" src=\"https:\/\/www.worldofart.org\/arhiv.worldofart.org\/aktualno\/wp-content\/uploads\/2015\/11\/vesna-stanic.jpg\" alt=\"\" title=\"Vesna Stani\u0107\" width=\"100\" height=\"100\" class=\"alignleft size-full wp-image-8210\" \/><strong>Vesna Stani\u0107<\/strong><br \/>\nDiplomirana politologinja, samostojna svetovalka na podro\u010dju aktivacije sponzorstev in tr\u017eenjskih znamk, ukvarja se z upravljanjem sponzorstev na strani sponzorjev in sponzorirancev na podro\u010djih \u0161porta, okoljevarstva, sociale, kulture, umetnosti in izobra\u017eevanja, kjer skrbi za tr\u017eenjsko na\u010drtovanje produktov, upravljanje in aktivacijo sponzorskih pravic, pripravo konceptov in izvedbo aktivacijskih programov tr\u017eenjskih znamk. Pi\u0161e za razli\u010dne medije, mdr. za <em>Marketing magazin<\/em>, <em>Sporto<\/em> idr., je tudi \u010dlanica <a href=\"http:\/\/blog.utalkmarketing.com\/\" target=\"_blank\"><em>UTalk Global Blogger Network<\/em><\/a>, kjer objavlja svoje spletne razmisleke o marketingu in sponzorstvih. V agenciji Pristop je kot svetovalka za komuniciranje skrbela za integrirane komunikacijske projekte razli\u010dnih naro\u010dnikov iz sveta gospodarstva, nekaj malega tudi iz javne uprave (raz\u0161irjena biografija na spletni strani: <a href=\"http:\/\/www.active-sponsorship.com\/o-meni\/\">www.active-sponsorship.com\/o-meni<\/a>; <a href=\"http:\/\/www.active-sponsorship.com\/\">vir fotografije<\/a>)<\/p>\n","protected":false},"excerpt":{"rendered":"<p>SVET UMETNOSTI \u0160ola za kustose in kritike sodobne umetnosti Leto 15 2. letnik (oktober 2015\u2013junij 2016) Modul o prakti\u010dnih delih kustosa Sreda, 16. december 2015, ob 16.00 Projektna soba SCCA, Metelkova 6, Ljubljana Na delavnici Upravljanje sponzorstev bodo udele\u017eenci \u0161ole spoznali osnovna tr\u017eenjska in komunikacijska orodja za komunikacijo s sponzorji in pridobivanje sredstev iz zasebnega [&hellip;]<\/p>\n","protected":false},"author":1,"featured_media":0,"parent":5997,"menu_order":0,"comment_status":"closed","ping_status":"closed","template":"","meta":{"footnotes":""},"categories":[],"tags":[],"_links":{"self":[{"href":"https:\/\/www.worldofart.org\/arhiv.worldofart.org\/aktualno\/wp-json\/wp\/v2\/pages\/8209"}],"collection":[{"href":"https:\/\/www.worldofart.org\/arhiv.worldofart.org\/aktualno\/wp-json\/wp\/v2\/pages"}],"about":[{"href":"https:\/\/www.worldofart.org\/arhiv.worldofart.org\/aktualno\/wp-json\/wp\/v2\/types\/page"}],"author":[{"embeddable":true,"href":"https:\/\/www.worldofart.org\/arhiv.worldofart.org\/aktualno\/wp-json\/wp\/v2\/users\/1"}],"replies":[{"embeddable":true,"href":"https:\/\/www.worldofart.org\/arhiv.worldofart.org\/aktualno\/wp-json\/wp\/v2\/comments?post=8209"}],"version-history":[{"count":8,"href":"https:\/\/www.worldofart.org\/arhiv.worldofart.org\/aktualno\/wp-json\/wp\/v2\/pages\/8209\/revisions"}],"predecessor-version":[{"id":8651,"href":"https:\/\/www.worldofart.org\/arhiv.worldofart.org\/aktualno\/wp-json\/wp\/v2\/pages\/8209\/revisions\/8651"}],"up":[{"embeddable":true,"href":"https:\/\/www.worldofart.org\/arhiv.worldofart.org\/aktualno\/wp-json\/wp\/v2\/pages\/5997"}],"wp:attachment":[{"href":"https:\/\/www.worldofart.org\/arhiv.worldofart.org\/aktualno\/wp-json\/wp\/v2\/media?parent=8209"}],"wp:term":[{"taxonomy":"category","embeddable":true,"href":"https:\/\/www.worldofart.org\/arhiv.worldofart.org\/aktualno\/wp-json\/wp\/v2\/categories?post=8209"},{"taxonomy":"post_tag","embeddable":true,"href":"https:\/\/www.worldofart.org\/arhiv.worldofart.org\/aktualno\/wp-json\/wp\/v2\/tags?post=8209"}],"curies":[{"name":"wp","href":"https:\/\/api.w.org\/{rel}","templated":true}]}}