{"id":8215,"date":"2015-11-11T12:39:37","date_gmt":"2015-11-11T10:39:37","guid":{"rendered":"http:\/\/www.worldofart.org\/aktualno\/?page_id=8215"},"modified":"2016-11-19T22:00:48","modified_gmt":"2016-11-19T20:00:48","slug":"odnosi-z-javnostmi-za-razstavo-sodobne-umetnosti","status":"publish","type":"page","link":"https:\/\/www.worldofart.org\/arhiv.worldofart.org\/aktualno\/petnajsto-leto-2014-2016\/modul-o-prakticnih-delih-kustosa\/odnosi-z-javnostmi-za-razstavo-sodobne-umetnosti","title":{"rendered":"Odnosi z javnostmi za razstavo sodobne umetnosti"},"content":{"rendered":"<p>SVET UMETNOSTI<br \/>\n\u0160ola za kustose in kritike sodobne umetnosti<br \/>\nLeto 15<br \/>\n2. letnik (oktober 2015\u2013junij 2016)<\/p>\n<p><a href=\"https:\/\/www.worldofart.org\/arhiv.worldofart.org\/aktualno\/petnajsto-leto-2014-2016\/modul-o-prakticnih-delih-kustosa\"><em>Modul o prakti\u010dnih delih kustosa<\/em><\/a><\/p>\n<p><strong>\u010cetrtek, 14. januar 2016, ob 16.00<br \/>\n\u010cetrtek, 7. april 2016, ob 17.45<\/strong><br \/>\nProjektna soba SCCA, Metelkova 6, Ljubljana<\/p>\n<hr \/>\n<p>Temeljni namen modula je, da udele\u017eenci s komunikacijskimi aktivnostmi podprejo svojo osnovno nalogo \u2013 pripravo kon\u010dne razstave. V triurni delavnici se bodo udele\u017eenci spoznali z osnovami na\u010drtovanja v odnosih z javnostmi. Osredoto\u010dili se bodo na komunikacijske cilje, ciljne skupine, klju\u010dna sporo\u010dila, aktivnosti in merjenje uspe\u0161nosti. Udele\u017eenci bodo po delavnici samostojno pripravili na\u010drt komuniciranja, ki ga bodo v naslednjem enournem sre\u010danju s predavateljico pregledali in dopolnili. Sledilo bo \u0161e usklajevanje pisnih gradiv. <\/p>\n<hr \/>\n<p><strong><em>Vodja modula<\/em><\/strong><\/p>\n<p><img loading=\"lazy\" decoding=\"async\" src=\"https:\/\/www.worldofart.org\/arhiv.worldofart.org\/aktualno\/wp-content\/uploads\/2015\/11\/spela-polak.jpg\" alt=\"\" title=\"\u0160pela Polak\" width=\"100\" height=\"100\" class=\"alignleft size-full wp-image-8216\" \/><strong>\u0160pela Polak<\/strong> ima 17 let izku\u0161enj v marketingu, ogla\u0161evanju in odnosih z javnostmi \u2013 zadnjih sedem let je samostojna svetovalka. Ima izku\u0161nje z upravljanjem projektov na mednarodni (Italija, Avstrija, Hrva\u0161ka, Bosna in Hercegovina, Ciper), nacionalni in lokalni ravni. Med njenimi naro\u010dniki so vladne in nevladne organizacije ter gospodarstvo. Njeni projekti so bili nagrajeni z ve\u010d nacionalnimi nagradami v komuniciranju in marketingu. Njeni primeri dobre prakse so objavljeni v ve\u010dih knjigah. Na\u010drtovala in izvedla je ve\u010d kot 60 komunikacijskih delavnic z ve\u010d kot 1.600 udele\u017eenci.<\/p>\n<hr \/>\n<p>Prvo sre\u010danje, januar 2016<\/p>\n<p><a href=\"https:\/\/www.worldofart.org\/arhiv.worldofart.org\/aktualno\/wp-content\/uploads\/2015\/11\/Modul-odnosi-z-javnostmi1.jpg\" rel=\"lightbox[8215]\"><img loading=\"lazy\" decoding=\"async\" src=\"https:\/\/www.worldofart.org\/arhiv.worldofart.org\/aktualno\/wp-content\/uploads\/2015\/11\/Modul-odnosi-z-javnostmi1-150x150.jpg\" alt=\"\" title=\"Odnosi z javnostmi za razstavo sodobne umetnosti, mentorica \u0160pela Polak\" width=\"150\" height=\"150\" class=\"alignnone size-thumbnail wp-image-8266\" \/><\/a> <a href=\"https:\/\/www.worldofart.org\/arhiv.worldofart.org\/aktualno\/wp-content\/uploads\/2015\/11\/Modul-odnosi-z-javnostmi2.jpg\" rel=\"lightbox[8215]\"><img loading=\"lazy\" decoding=\"async\" src=\"https:\/\/www.worldofart.org\/arhiv.worldofart.org\/aktualno\/wp-content\/uploads\/2015\/11\/Modul-odnosi-z-javnostmi2-150x150.jpg\" alt=\"\" title=\"Odnosi z javnostmi za razstavo sodobne umetnosti, mentorica \u0160pela Polak\" width=\"150\" height=\"150\" class=\"alignnone size-thumbnail wp-image-8267\" \/><\/a> <a href=\"https:\/\/www.worldofart.org\/arhiv.worldofart.org\/aktualno\/wp-content\/uploads\/2015\/11\/Modul-odnosi-z-javnostmi3.jpg\" rel=\"lightbox[8215]\"><img loading=\"lazy\" decoding=\"async\" src=\"https:\/\/www.worldofart.org\/arhiv.worldofart.org\/aktualno\/wp-content\/uploads\/2015\/11\/Modul-odnosi-z-javnostmi3-150x150.jpg\" alt=\"\" title=\"Odnosi z javnostmi za razstavo sodobne umetnosti, mentorica \u0160pela Polak\" width=\"150\" height=\"150\" class=\"alignnone size-thumbnail wp-image-8268\" \/><\/a> <a href=\"https:\/\/www.worldofart.org\/arhiv.worldofart.org\/aktualno\/wp-content\/uploads\/2015\/11\/Modul-odnosi-z-javnostmi4.jpg\" rel=\"lightbox[8215]\"><img loading=\"lazy\" decoding=\"async\" src=\"https:\/\/www.worldofart.org\/arhiv.worldofart.org\/aktualno\/wp-content\/uploads\/2015\/11\/Modul-odnosi-z-javnostmi4-150x150.jpg\" alt=\"\" title=\"Odnosi z javnostmi za razstavo sodobne umetnosti, mentorica \u0160pela Polak\" width=\"150\" height=\"150\" class=\"alignnone size-thumbnail wp-image-8269\" \/><\/a><\/p>\n<hr \/>\n<p>Drugo sre\u010danje, april 2016<\/p>\n<p><a href=\"https:\/\/www.worldofart.org\/arhiv.worldofart.org\/aktualno\/wp-content\/uploads\/2015\/11\/Modul-odnosi-z-javnostmi_2_1.jpg\" rel=\"lightbox[8215]\"><img loading=\"lazy\" decoding=\"async\" src=\"https:\/\/www.worldofart.org\/arhiv.worldofart.org\/aktualno\/wp-content\/uploads\/2015\/11\/Modul-odnosi-z-javnostmi_2_1-150x150.jpg\" alt=\"Odnosi z javnostmi za razstavo sodobne umetnosti, mentorica \u0160pela Polak\" width=\"150\" height=\"150\" class=\"alignnone size-thumbnail wp-image-8592\" \/><\/a> <a href=\"https:\/\/www.worldofart.org\/arhiv.worldofart.org\/aktualno\/wp-content\/uploads\/2015\/11\/Modul-odnosi-z-javnostmi_2_2.jpg\" rel=\"lightbox[8215]\"><img loading=\"lazy\" decoding=\"async\" src=\"https:\/\/www.worldofart.org\/arhiv.worldofart.org\/aktualno\/wp-content\/uploads\/2015\/11\/Modul-odnosi-z-javnostmi_2_2-150x150.jpg\" alt=\"Odnosi z javnostmi za razstavo sodobne umetnosti, mentorica \u0160pela Polak\" width=\"150\" height=\"150\" class=\"alignnone size-thumbnail wp-image-8593\" \/><\/a> <a href=\"https:\/\/www.worldofart.org\/arhiv.worldofart.org\/aktualno\/wp-content\/uploads\/2015\/11\/Modul-odnosi-z-javnostmi_2_3.jpg\" rel=\"lightbox[8215]\"><img loading=\"lazy\" decoding=\"async\" src=\"https:\/\/www.worldofart.org\/arhiv.worldofart.org\/aktualno\/wp-content\/uploads\/2015\/11\/Modul-odnosi-z-javnostmi_2_3-150x150.jpg\" alt=\"Odnosi z javnostmi za razstavo sodobne umetnosti, mentorica \u0160pela Polak\" width=\"150\" height=\"150\" class=\"alignnone size-thumbnail wp-image-8594\" \/><\/a> <a href=\"https:\/\/www.worldofart.org\/arhiv.worldofart.org\/aktualno\/wp-content\/uploads\/2015\/11\/Modul-odnosi-z-javnostmi_2_4.jpg\" rel=\"lightbox[8215]\"><img loading=\"lazy\" decoding=\"async\" src=\"https:\/\/www.worldofart.org\/arhiv.worldofart.org\/aktualno\/wp-content\/uploads\/2015\/11\/Modul-odnosi-z-javnostmi_2_4-150x150.jpg\" alt=\"Odnosi z javnostmi za razstavo sodobne umetnosti, mentorica \u0160pela Polak\" width=\"150\" height=\"150\" class=\"alignnone size-thumbnail wp-image-8595\" \/><\/a> <\/p>\n","protected":false},"excerpt":{"rendered":"<p>SVET UMETNOSTI \u0160ola za kustose in kritike sodobne umetnosti Leto 15 2. letnik (oktober 2015\u2013junij 2016) Modul o prakti\u010dnih delih kustosa \u010cetrtek, 14. januar 2016, ob 16.00 \u010cetrtek, 7. april 2016, ob 17.45 Projektna soba SCCA, Metelkova 6, Ljubljana Temeljni namen modula je, da udele\u017eenci s komunikacijskimi aktivnostmi podprejo svojo osnovno nalogo \u2013 pripravo kon\u010dne [&hellip;]<\/p>\n","protected":false},"author":1,"featured_media":0,"parent":5997,"menu_order":0,"comment_status":"closed","ping_status":"closed","template":"","meta":{"footnotes":""},"categories":[],"tags":[],"_links":{"self":[{"href":"https:\/\/www.worldofart.org\/arhiv.worldofart.org\/aktualno\/wp-json\/wp\/v2\/pages\/8215"}],"collection":[{"href":"https:\/\/www.worldofart.org\/arhiv.worldofart.org\/aktualno\/wp-json\/wp\/v2\/pages"}],"about":[{"href":"https:\/\/www.worldofart.org\/arhiv.worldofart.org\/aktualno\/wp-json\/wp\/v2\/types\/page"}],"author":[{"embeddable":true,"href":"https:\/\/www.worldofart.org\/arhiv.worldofart.org\/aktualno\/wp-json\/wp\/v2\/users\/1"}],"replies":[{"embeddable":true,"href":"https:\/\/www.worldofart.org\/arhiv.worldofart.org\/aktualno\/wp-json\/wp\/v2\/comments?post=8215"}],"version-history":[{"count":13,"href":"https:\/\/www.worldofart.org\/arhiv.worldofart.org\/aktualno\/wp-json\/wp\/v2\/pages\/8215\/revisions"}],"predecessor-version":[{"id":8596,"href":"https:\/\/www.worldofart.org\/arhiv.worldofart.org\/aktualno\/wp-json\/wp\/v2\/pages\/8215\/revisions\/8596"}],"up":[{"embeddable":true,"href":"https:\/\/www.worldofart.org\/arhiv.worldofart.org\/aktualno\/wp-json\/wp\/v2\/pages\/5997"}],"wp:attachment":[{"href":"https:\/\/www.worldofart.org\/arhiv.worldofart.org\/aktualno\/wp-json\/wp\/v2\/media?parent=8215"}],"wp:term":[{"taxonomy":"category","embeddable":true,"href":"https:\/\/www.worldofart.org\/arhiv.worldofart.org\/aktualno\/wp-json\/wp\/v2\/categories?post=8215"},{"taxonomy":"post_tag","embeddable":true,"href":"https:\/\/www.worldofart.org\/arhiv.worldofart.org\/aktualno\/wp-json\/wp\/v2\/tags?post=8215"}],"curies":[{"name":"wp","href":"https:\/\/api.w.org\/{rel}","templated":true}]}}