{"id":8418,"date":"2016-03-10T13:45:17","date_gmt":"2016-03-10T11:45:17","guid":{"rendered":"http:\/\/www.worldofart.org\/aktualno\/?page_id=8418"},"modified":"2016-11-19T22:00:48","modified_gmt":"2016-11-19T20:00:48","slug":"jana-intihar-ferjan-in-teja-merhar-dokumentacija","status":"publish","type":"page","link":"https:\/\/www.worldofart.org\/arhiv.worldofart.org\/aktualno\/petnajsto-leto-2014-2016\/modul-o-prakticnih-delih-kustosa\/jana-intihar-ferjan-in-teja-merhar-dokumentacija","title":{"rendered":"Jana Intihar Ferjan in Teja Merhar: Dokumentacija"},"content":{"rendered":"<p>SVET UMETNOSTI<br \/>\n\u0160ola za kustose in kritike sodobne umetnosti<br \/>\nLeto 15<br \/>\n2. letnik (september 2015\u2013junij 2016)<\/p>\n<p><a href=\"https:\/\/www.worldofart.org\/arhiv.worldofart.org\/aktualno\/petnajsto-leto-2014-2016\/modul-o-prakticnih-delih-kustosa\"><em>Modul o prakti\u010dnih delih kustosa<\/em><\/a><\/p>\n<p><strong>\u010cetrtek, 10. 3. 2016<\/strong><br \/>\nMuzej sodobne umetnosti Metelkova, Maistrova 3, Ljubljana<\/p>\n<hr \/>\n<p>Na modulu <strong>Dokumentacija<\/strong> se bomo seznanili z Oddelkom <a href=\"http:\/\/www.mg-lj.si\/si\/knjiznica-in-arhivi\/751\/dokumentacija-arhiv\/\">DOKUMENTACIJA-ARHIV<\/a> MG+MSUM, ki vse od leta 1971 zbira, obdeluje in hrani gradivo o likovni umetnosti 20. in 21. stoletja v Sloveniji.<\/p>\n<p>Jana Intihar Ferjan in Teja Merhar nam bosta predstavili prakti\u010dno delo v dokumentaciji-arhivu. Pojasnili nam bosta, kaj pokriva termin muzejska dokumentacija in kako je videti stanje v praksi. Predstavili nam bosta na\u010dine pridobivanja gradiva, klasifikacijo, vna\u0161anje v bazo podatkov ter iskanje po bazi, ki je pomemben vir podatkov tako ob snovanju razstav kot pri kuratorskih raziskavah.<\/p>\n<p><b>Teja Merhar<\/b>, avtorica <em><a href=\"http:\/\/www.mg-lj.si\/si\/razstave\/1432\/2005-2015-infografika\/\" target=\"_blank\">Infografike<\/a><\/em> v pritli\u010dju (v soavtorstvu z Bojano Rogina), pa nam bo predstavila \u0161e <em>Infografiko<\/em> in kriterije izbora.<\/p>\n<hr \/>\n<p><strong>Vodji modula<\/strong><\/p>\n<p><strong>Jana Intihar Ferjan<\/strong> je leta 1981 diplomirala na Filozofski fakulteti v Ljubljani. Prvo zaposlitev v splo\u0161ni knji\u017enici je zaklju\u010dila s strokovnim izpitom iz bibliotekarske stroke. Od 1983 v Moderni galeriji na mestu kustosinje na oddelku Dokumentacija \u2013 arhiv, bibliografija. Delovno mesto je opredeljeno kot zbiranje, obdelovanje, hranjenje in posredovanje podatkov o dogajanju na podro\u010dju moderne in sodobne likovne umetnosti na Slovenskem. Ve\u010dino objav tvorijo izbrane kronologije, bibliografije in seznami razstav v dokumentarnih delih katalogov ve\u010djih razstav in zbirk Moderne galerije in gesla v Allgemeines K\u00fcnstlerlexikon. Die Bildenden K\u00fcnstler aller Zeiten und V\u00f6lker. Od leta 2003 \u010dlanica uredni\u0161kega odbora revije Umetnostna kronika (izdaja Umetnostno zgodovinski in\u0161titut Franceta Steleta pri SAZU), od 2009 \u0161e Umetnostnozgodovinskega biltena (izhaja on-line). Za svoje delo je leta 2007 prejela priznanje Izidorja Cankarja.<\/p>\n<p><strong>Teja Merhar<\/strong> je leta 2009 diplomirala iz umetnostne zgodovine na Univerzi v Ljubljani. Od leta 2010 dela kot kustosinja na oddelku Dokumentacija arhiv Moderne galerije v Ljubljani, ki sistemati\u010dno zbira, obdeluje, hrani ter posreduje podatke in gradivo o likovni umetnosti 20. in 21. stoletja na Slovenskem. Merharjeva polega tega redno sodeluje pri publikacijah in razstavah Moderne galerije; mdr. je pripravila izbrani biobibliografiji ob preglednih razstavah Jo\u017eeta Bar\u0161ija (2013, +MSUM) in Tadeja Poga\u010darja (2014, MG+).<\/p>\n<hr \/>\n<p>Foto: Arhiv SCCA-Ljubljana<\/p>\n<p><a href=\"https:\/\/www.worldofart.org\/arhiv.worldofart.org\/aktualno\/wp-content\/uploads\/2016\/03\/Dokumentacija_01.jpg\" rel=\"lightbox[8418]\"><img loading=\"lazy\" decoding=\"async\" class=\"alignnone size-thumbnail wp-image-8483\" src=\"https:\/\/www.worldofart.org\/arhiv.worldofart.org\/aktualno\/wp-content\/uploads\/2016\/03\/Dokumentacija_01-150x150.jpg\" alt=\"Jana Intihar Ferjan in Teja Merhar: Dokumentacija\" width=\"150\" height=\"150\" \/><\/a> <a href=\"https:\/\/www.worldofart.org\/arhiv.worldofart.org\/aktualno\/wp-content\/uploads\/2016\/03\/Dokumentacija_02.jpg\" rel=\"lightbox[8418]\"><img loading=\"lazy\" decoding=\"async\" class=\"alignnone size-thumbnail wp-image-8482\" src=\"https:\/\/www.worldofart.org\/arhiv.worldofart.org\/aktualno\/wp-content\/uploads\/2016\/03\/Dokumentacija_02-150x150.jpg\" alt=\"Jana Intihar Ferjan in Teja Merhar: Dokumentacija\" width=\"150\" height=\"150\" \/><\/a> <a href=\"https:\/\/www.worldofart.org\/arhiv.worldofart.org\/aktualno\/wp-content\/uploads\/2016\/03\/Dokumentacija_03.jpg\" rel=\"lightbox[8418]\"><img loading=\"lazy\" decoding=\"async\" class=\"alignnone size-thumbnail wp-image-8481\" src=\"https:\/\/www.worldofart.org\/arhiv.worldofart.org\/aktualno\/wp-content\/uploads\/2016\/03\/Dokumentacija_03-150x150.jpg\" alt=\"Jana Intihar Ferjan in Teja Merhar: Dokumentacija\" width=\"150\" height=\"150\" \/><\/a> <a href=\"https:\/\/www.worldofart.org\/arhiv.worldofart.org\/aktualno\/wp-content\/uploads\/2016\/03\/Dokumentacija_04.jpg\" rel=\"lightbox[8418]\"><img loading=\"lazy\" decoding=\"async\" class=\"alignnone size-thumbnail wp-image-8480\" src=\"https:\/\/www.worldofart.org\/arhiv.worldofart.org\/aktualno\/wp-content\/uploads\/2016\/03\/Dokumentacija_04-150x150.jpg\" alt=\"Jana Intihar Ferjan in Teja Merhar: Dokumentacija\" width=\"150\" height=\"150\" \/><\/a><\/p>\n","protected":false},"excerpt":{"rendered":"<p>SVET UMETNOSTI \u0160ola za kustose in kritike sodobne umetnosti Leto 15 2. letnik (september 2015\u2013junij 2016) Modul o prakti\u010dnih delih kustosa \u010cetrtek, 10. 3. 2016 Muzej sodobne umetnosti Metelkova, Maistrova 3, Ljubljana Na modulu Dokumentacija se bomo seznanili z Oddelkom DOKUMENTACIJA-ARHIV MG+MSUM, ki vse od leta 1971 zbira, obdeluje in hrani gradivo o likovni umetnosti [&hellip;]<\/p>\n","protected":false},"author":16,"featured_media":0,"parent":5997,"menu_order":0,"comment_status":"closed","ping_status":"closed","template":"","meta":{"footnotes":""},"categories":[],"tags":[],"_links":{"self":[{"href":"https:\/\/www.worldofart.org\/arhiv.worldofart.org\/aktualno\/wp-json\/wp\/v2\/pages\/8418"}],"collection":[{"href":"https:\/\/www.worldofart.org\/arhiv.worldofart.org\/aktualno\/wp-json\/wp\/v2\/pages"}],"about":[{"href":"https:\/\/www.worldofart.org\/arhiv.worldofart.org\/aktualno\/wp-json\/wp\/v2\/types\/page"}],"author":[{"embeddable":true,"href":"https:\/\/www.worldofart.org\/arhiv.worldofart.org\/aktualno\/wp-json\/wp\/v2\/users\/16"}],"replies":[{"embeddable":true,"href":"https:\/\/www.worldofart.org\/arhiv.worldofart.org\/aktualno\/wp-json\/wp\/v2\/comments?post=8418"}],"version-history":[{"count":13,"href":"https:\/\/www.worldofart.org\/arhiv.worldofart.org\/aktualno\/wp-json\/wp\/v2\/pages\/8418\/revisions"}],"predecessor-version":[{"id":8667,"href":"https:\/\/www.worldofart.org\/arhiv.worldofart.org\/aktualno\/wp-json\/wp\/v2\/pages\/8418\/revisions\/8667"}],"up":[{"embeddable":true,"href":"https:\/\/www.worldofart.org\/arhiv.worldofart.org\/aktualno\/wp-json\/wp\/v2\/pages\/5997"}],"wp:attachment":[{"href":"https:\/\/www.worldofart.org\/arhiv.worldofart.org\/aktualno\/wp-json\/wp\/v2\/media?parent=8418"}],"wp:term":[{"taxonomy":"category","embeddable":true,"href":"https:\/\/www.worldofart.org\/arhiv.worldofart.org\/aktualno\/wp-json\/wp\/v2\/categories?post=8418"},{"taxonomy":"post_tag","embeddable":true,"href":"https:\/\/www.worldofart.org\/arhiv.worldofart.org\/aktualno\/wp-json\/wp\/v2\/tags?post=8418"}],"curies":[{"name":"wp","href":"https:\/\/api.w.org\/{rel}","templated":true}]}}