{"id":8461,"date":"2016-03-16T12:39:07","date_gmt":"2016-03-16T10:39:07","guid":{"rendered":"http:\/\/www.worldofart.org\/aktualno\/?page_id=8461"},"modified":"2016-11-22T21:37:26","modified_gmt":"2016-11-22T19:37:26","slug":"predavatelji-2016-2018","status":"publish","type":"page","link":"https:\/\/www.worldofart.org\/arhiv.worldofart.org\/aktualno\/predavatelji-2016-2018","title":{"rendered":"Predavatelji 2016\/2018"},"content":{"rendered":"<p><img loading=\"lazy\" decoding=\"async\" class=\"alignleft size-full wp-image-9779\" title=\"Fouad Asfour\" src=\"https:\/\/www.worldofart.org\/arhiv.worldofart.org\/aktualno\/wp-content\/uploads\/2016\/11\/Fouad-Asfour_.jpg\" alt=\"Fouad Asfour\" width=\"100\" height=\"100\" \/><strong>Fouad Asfour<\/strong> je pisec, urednik in jezikoslovec, ki prek sodelovalnih okvirov deluje pri publikacijah, razstavah in projektih umetni\u0161kih izmenjav. Delal je za razli\u010dne umetni\u0161ke ustanove in raziskovalne projekte, bil je del projekta revij <em>d<\/em><em>ocumenta 12 <\/em>in je \u010dlan umetni\u0161kega kolektiva Dead Revolutionaries Club. Leta 2011 je osnoval neodvisni zalo\u017eni\u0161ki projekt <em>Pole<\/em><em> Pole Press<\/em> in soustanovil samoorganiziran \u0161tipendijski sklad Thekgo Bursary, ki zdaj sodeluje s Canon Collins Trust. Magistriral je iz jezikoslovja na dunajski univerzi, trenutno pa kon\u010duje magisterij iz ustvarjalnega pisanja na Rhodes University (Republika Ju\u017ena Afrika). Asfour je dobitnik delovne \u0161tipendije nagrade Igorja Zabela za kulturo in teorijo 2008.<\/p>\n<hr \/>\n<p><img loading=\"lazy\" decoding=\"async\" class=\"alignleft size-full wp-image-3376\" title=\"Izidor Bar\u0161i\" src=\"https:\/\/www.worldofart.org\/arhiv.worldofart.org\/aktualno\/wp-content\/uploads\/2016\/03\/Izidor-Barsi.jpg\" alt=\"\" width=\"100\" height=\"100\" \/><strong>Izidor Bar\u0161i<\/strong> je diplomiral iz filozofije in sociologije kulture na Filozofski fakulteti Univerze v Ljubljani.\u00a0Besedila o filozofiji, umetnosti in arhitekturi\u00a0je objavljal v Tribuni, Mladini, Delu, Prazninah in Emzinu. Od leta 2010 dela v Redakciji za kulturo in humanisti\u010dne vede Radia \u0160tudent, od leta 2013 je \u010dlan uredni\u0161tva revije \u0160um, v obdobju 2014\u201315 je bil tudi urednik pri \u010dasopisu Tribuna. V Moderni galeriji, +MSUM in Tovarni Rog je organiziral ve\u010d bralnih seminarjev, osredoto\u010denih na filozofijo in teorijo.<\/p>\n<hr \/>\n<p><img loading=\"lazy\" decoding=\"async\" class=\"alignleft size-full wp-image-3376\" title=\"Maja Breznik\" src=\"https:\/\/www.worldofart.org\/arhiv.worldofart.org\/aktualno\/wp-content\/uploads\/2016\/03\/Maja-Breznik.jpg\" alt=\"\" width=\"100\" height=\"100\" \/><strong>Maja Breznik<\/strong> je sociologinja in raziskovalka na Mirovnem in\u0161titutu. \u0160tudirala je na Univerzi v Ljubljani in na Ecole des hautes \u00e9tudes en sciences sociales (Pariz, 1998), bila \u0161tipendistka Institute of International Education\/Arts International (New York, 1992) in raziskovalka na Oddelku za sociologijo Univerze v Padovi (2002\u221204). Doslej je vodila ali sodelovala v 15 raziskovalnih projektih, tudi s podro\u010dja kulturnih politik. Objavila je ve\u010d knjig: <em>Obrt in u\u010denost<\/em> (2003), <em>Kulturni revizionizem\/Cultural Revisionism <\/em>(2004), <em>Kultura danajskih darov <\/em>(2009), <em>Posebni skepticizem v umetnosti <\/em>(2011), <em>Za napisom Nezaposlenim vstop prepovedan <\/em>(2014) in veliko poglavij ter \u010dlankov. V zadnjih letih se ukvarja predvsem z delavskimi pravicami in zasebnimi trgi dela.<\/p>\n<hr \/>\n<p><img loading=\"lazy\" decoding=\"async\" class=\"alignleft size-full wp-image-3376\" title=\"Ekaterina Degot\" src=\"https:\/\/www.worldofart.org\/arhiv.worldofart.org\/aktualno\/wp-content\/uploads\/2016\/03\/Ekaterina-Degot.jpg\" alt=\"\" width=\"100\" height=\"100\" \/><strong>Ekaterina Degot <\/strong>je umetnostna zgodovinarka, piska o umetnosti in kuratorka. Trenutno je umetni\u0161ka direktorica na k\u00f6lnski Akademiji svetovne umetnosti (Academy of Arts of the World) in profesorica na moskovski \u0160oli za fotografijo in nove medije A. Rod\u010denka (Rodchenko Moscow School of Photography). Za kriti\u0161ko pisanje in kuratorstvo je leta 2014 prejela Nagrado Igorja Zabela za kulturo in teorijo. V obdobju 2008\u221212 je bila urednica www.openspace.ru\/art, neodvisne spletne revije umetnostne kritike in kulturne analize. Je tudi sourednica <em>Post-Post-Soviet?: Art, Politics and Society in Russia at the Turn of the Decade<\/em> (Chicago University Press, 2013). Njeni nedavni kuratorski projekti: <em>Report to an Academy, a Non-Academic Symposium, Performative or Otherwise<\/em>, Pluriversale I, K\u00f6ln, 2014 (z Davidom Riffom); <em>What Did the Artist Mean by That?<\/em>, Moscow Museum of Modern Art, 2014 (z Jurijem Albertom), <em>Monday Begins on Saturday<\/em>, First Bergen Assembly, Bergen, 2013 (z Davidom Riffom).<\/p>\n<hr \/>\n<p><img loading=\"lazy\" decoding=\"async\" class=\"alignleft size-full wp-image-3376\" title=\"Kaja Kraner\" src=\"https:\/\/www.worldofart.org\/arhiv.worldofart.org\/aktualno\/wp-content\/uploads\/2016\/03\/Kaja-Kraner.jpg\" alt=\"\" width=\"100\" height=\"100\" \/><strong>Kaja Kraner<\/strong> primarno deluje kot piska kriti\u0161kih, teoretskih besedil in radijskih oddaj na podro\u010dju sodobnih umetnosti. Je programska sodelavka Pekarne Magdalenske mre\u017ee, \u010dlanica uredni\u0161tva revije <em>\u0160um<\/em>, sourednikuje oddajo Art-Area na Radiu \u0160tudent ter v okviru \u0160uma in kolektiva Neteorit (so)vodi bralne seminarje s podro\u010dja sodobnih umetnosti. Doslej se je osredoto\u010dala predvsem na odnose med umetnostjo, politiko in teorijo ter produkcijskimi okoli\u0161\u010dinami sodobne umetnosti. Trenutno v okviru doktorskega \u0161tudija raziskuje pojem geopolitike umetnosti.<\/p>\n<hr \/>\n<p><img loading=\"lazy\" decoding=\"async\" class=\"alignleft size-full wp-image-3376\" src=\"https:\/\/www.worldofart.org\/arhiv.worldofart.org\/aktualno\/wp-content\/uploads\/2016\/03\/Antonija-Letinic.jpg\" title=\"Antonija Letini\u0107\" width=\"100\" height=\"100\" \/><strong>Antonija Letini\u0107 <\/strong>je v kulturi dejavna od leta 2000. Kot producentka, koordinatorka, urednica, piarovka je sodelovala je s \u0161tevilnimi nevladnimi organizacijami na podro\u010dju kulture v Zagrebu.<br \/>\nDanes je glavna urednica portala <em>kulturpunkt.hr<\/em>, soustanoviteljica organizacije za razvoj neprofitnega medija Nemeza in podpredsednica organizacije Kurziv \u2013 Platforma za vpra\u0161anja kulture, medijev in dru\u017ebe, v okviru katere omenjeni portal deluje.<br \/>\n<strong>\u00a0<\/strong><\/p>\n<hr \/>\n<p><img loading=\"lazy\" decoding=\"async\" class=\"alignleft size-full wp-image-8463\" title=\"Thijs Lijster\" src=\"https:\/\/www.worldofart.org\/arhiv.worldofart.org\/aktualno\/wp-content\/uploads\/2016\/03\/Thijs-Lijster-1.jpg\" alt=\"\" width=\"100\" height=\"100\" \/><strong>Thijs Lijster<\/strong> je docent filozofije umetnosti in kulture na Univerzi v Groningenu. \u0160tudiral je v Groningenu in New Yorku ter leta 2012 doktoriral iz Benjaminovega in Adornovega koncepta umetnostne kritike. Svoje prispevke je objavil v knjigah, kot so <em>Conceptions of Critique in Modern and Contemporary Philosophy<\/em> (2012), <em>Institutional Attitudes <\/em>(2012) in <em>No Culture, No Europe<\/em> (2015). Je sourednik knjige <em>Spaces for Criticism: Shifts in Contemporary Art Discourses<\/em> (2015). Leta 2010 je prejel holandsko\/flamsko <em>Nagrado za mlado umetnostno kritiko<\/em>, leta 2015 pa nagrado za doktorske naloge, ki jo podeljujeta Boekmanov sklad in Nizozemska organizacija za znanstveno raziskovanje NWO. (Foto: Marc Schoeters)<\/p>\n<hr \/>\n<p><strong><a href=\"https:\/\/www.worldofart.org\/arhiv.worldofart.org\/aktualno\/petnajsto-leto-2014-2016\/predavatelji-2014-2016\">Arhiv: Predavatelji v Letu 15 (2014-2016)<\/a><\/strong><\/p>\n","protected":false},"excerpt":{"rendered":"<p>Fouad Asfour je pisec, urednik in jezikoslovec, ki prek sodelovalnih okvirov deluje pri publikacijah, razstavah in projektih umetni\u0161kih izmenjav. Delal je za razli\u010dne umetni\u0161ke ustanove in raziskovalne projekte, bil je del projekta revij documenta 12 in je \u010dlan umetni\u0161kega kolektiva Dead Revolutionaries Club. Leta 2011 je osnoval neodvisni zalo\u017eni\u0161ki projekt Pole Pole Press in soustanovil [&hellip;]<\/p>\n","protected":false},"author":1,"featured_media":0,"parent":0,"menu_order":0,"comment_status":"closed","ping_status":"closed","template":"","meta":{"footnotes":""},"categories":[],"tags":[],"_links":{"self":[{"href":"https:\/\/www.worldofart.org\/arhiv.worldofart.org\/aktualno\/wp-json\/wp\/v2\/pages\/8461"}],"collection":[{"href":"https:\/\/www.worldofart.org\/arhiv.worldofart.org\/aktualno\/wp-json\/wp\/v2\/pages"}],"about":[{"href":"https:\/\/www.worldofart.org\/arhiv.worldofart.org\/aktualno\/wp-json\/wp\/v2\/types\/page"}],"author":[{"embeddable":true,"href":"https:\/\/www.worldofart.org\/arhiv.worldofart.org\/aktualno\/wp-json\/wp\/v2\/users\/1"}],"replies":[{"embeddable":true,"href":"https:\/\/www.worldofart.org\/arhiv.worldofart.org\/aktualno\/wp-json\/wp\/v2\/comments?post=8461"}],"version-history":[{"count":9,"href":"https:\/\/www.worldofart.org\/arhiv.worldofart.org\/aktualno\/wp-json\/wp\/v2\/pages\/8461\/revisions"}],"predecessor-version":[{"id":9780,"href":"https:\/\/www.worldofart.org\/arhiv.worldofart.org\/aktualno\/wp-json\/wp\/v2\/pages\/8461\/revisions\/9780"}],"wp:attachment":[{"href":"https:\/\/www.worldofart.org\/arhiv.worldofart.org\/aktualno\/wp-json\/wp\/v2\/media?parent=8461"}],"wp:term":[{"taxonomy":"category","embeddable":true,"href":"https:\/\/www.worldofart.org\/arhiv.worldofart.org\/aktualno\/wp-json\/wp\/v2\/categories?post=8461"},{"taxonomy":"post_tag","embeddable":true,"href":"https:\/\/www.worldofart.org\/arhiv.worldofart.org\/aktualno\/wp-json\/wp\/v2\/tags?post=8461"}],"curies":[{"name":"wp","href":"https:\/\/api.w.org\/{rel}","templated":true}]}}