{"id":8544,"date":"2016-04-04T14:32:21","date_gmt":"2016-04-04T12:32:21","guid":{"rendered":"http:\/\/www.worldofart.org\/aktualno\/?page_id=8544"},"modified":"2016-11-19T22:00:48","modified_gmt":"2016-11-19T20:00:48","slug":"dusan-dovc-priprava-financnega-nacrta-za-razstavo-sodobne-umetnosti","status":"publish","type":"page","link":"https:\/\/www.worldofart.org\/arhiv.worldofart.org\/aktualno\/petnajsto-leto-2014-2016\/modul-o-prakticnih-delih-kustosa\/dusan-dovc-priprava-financnega-nacrta-za-razstavo-sodobne-umetnosti","title":{"rendered":"Du\u0161an Dov\u010d: Priprava finan\u010dnega na\u010drta za razstavo sodobne umetnosti"},"content":{"rendered":"<p>SVET UMETNOSTI<br \/>\n\u0160ola za kustose in kritike sodobne umetnosti<br \/>\nLeto 15<br \/>\n2. letnik (oktober 2015\u2013junij 2016)<\/p>\n<p><a href=\"https:\/\/www.worldofart.org\/arhiv.worldofart.org\/aktualno\/petnajsto-leto-2014-2016\/modul-o-prakticnih-delih-kustosa\"><em>Modul o prakti\u010dnih delih kustosa<\/em><\/a><\/p>\n<p><strong>\u010cetrtek, 18. februar 2016, ob 16.00<\/strong><br \/>\nProjektna soba SCCA, Metelkova 6, Ljubljana<\/p>\n<hr \/>\n<p>Fotografije s sre\u010danja v Projektni sobi<br \/>\nFoto: arhiv SCCA-Ljubljana<\/p>\n<p><a href=\"https:\/\/www.worldofart.org\/arhiv.worldofart.org\/aktualno\/wp-content\/uploads\/2016\/04\/Modul-financni-nacrt-1.jpg\" rel=\"lightbox[8544]\"><img loading=\"lazy\" decoding=\"async\" src=\"https:\/\/www.worldofart.org\/arhiv.worldofart.org\/aktualno\/wp-content\/uploads\/2016\/04\/Modul-financni-nacrt-1-150x150.jpg\" alt=\"Modul o prakti\u010dnih delih kustosa. Du\u0161an Dov\u010d: Priprava finan\u010dnega na\u010drta za razstavo sodobne umetnosti.\" width=\"150\" height=\"150\" class=\"alignnone size-thumbnail wp-image-8545\" \/><\/a> <a href=\"https:\/\/www.worldofart.org\/arhiv.worldofart.org\/aktualno\/wp-content\/uploads\/2016\/04\/Modul-financni-nacrt-2.jpg\" rel=\"lightbox[8544]\"><img loading=\"lazy\" decoding=\"async\" src=\"https:\/\/www.worldofart.org\/arhiv.worldofart.org\/aktualno\/wp-content\/uploads\/2016\/04\/Modul-financni-nacrt-2-150x150.jpg\" alt=\"Modul o prakti\u010dnih delih kustosa. Du\u0161an Dov\u010d: Priprava finan\u010dnega na\u010drta za razstavo sodobne umetnosti.\" width=\"150\" height=\"150\" class=\"alignnone size-thumbnail wp-image-8546\" \/><\/a> <a href=\"https:\/\/www.worldofart.org\/arhiv.worldofart.org\/aktualno\/wp-content\/uploads\/2016\/04\/Modul-financni-nacrt-3.jpg\" rel=\"lightbox[8544]\"><img loading=\"lazy\" decoding=\"async\" src=\"https:\/\/www.worldofart.org\/arhiv.worldofart.org\/aktualno\/wp-content\/uploads\/2016\/04\/Modul-financni-nacrt-3-150x150.jpg\" alt=\"Modul o prakti\u010dnih delih kustosa. Du\u0161an Dov\u010d: Priprava finan\u010dnega na\u010drta za razstavo sodobne umetnosti.\" width=\"150\" height=\"150\" class=\"alignnone size-thumbnail wp-image-8547\" \/><\/a> <a href=\"https:\/\/www.worldofart.org\/arhiv.worldofart.org\/aktualno\/wp-content\/uploads\/2016\/04\/Modul-financni-nacrt-4.jpg\" rel=\"lightbox[8544]\"><img loading=\"lazy\" decoding=\"async\" src=\"https:\/\/www.worldofart.org\/arhiv.worldofart.org\/aktualno\/wp-content\/uploads\/2016\/04\/Modul-financni-nacrt-4-150x150.jpg\" alt=\"Modul o prakti\u010dnih delih kustosa. Du\u0161an Dov\u010d: Priprava finan\u010dnega na\u010drta za razstavo sodobne umetnosti.\" width=\"150\" height=\"150\" class=\"alignnone size-thumbnail wp-image-8548\" \/><\/a><\/p>\n","protected":false},"excerpt":{"rendered":"<p>SVET UMETNOSTI \u0160ola za kustose in kritike sodobne umetnosti Leto 15 2. letnik (oktober 2015\u2013junij 2016) Modul o prakti\u010dnih delih kustosa \u010cetrtek, 18. februar 2016, ob 16.00 Projektna soba SCCA, Metelkova 6, Ljubljana Fotografije s sre\u010danja v Projektni sobi Foto: arhiv SCCA-Ljubljana<\/p>\n","protected":false},"author":1,"featured_media":0,"parent":5997,"menu_order":0,"comment_status":"closed","ping_status":"closed","template":"","meta":{"footnotes":""},"categories":[],"tags":[],"_links":{"self":[{"href":"https:\/\/www.worldofart.org\/arhiv.worldofart.org\/aktualno\/wp-json\/wp\/v2\/pages\/8544"}],"collection":[{"href":"https:\/\/www.worldofart.org\/arhiv.worldofart.org\/aktualno\/wp-json\/wp\/v2\/pages"}],"about":[{"href":"https:\/\/www.worldofart.org\/arhiv.worldofart.org\/aktualno\/wp-json\/wp\/v2\/types\/page"}],"author":[{"embeddable":true,"href":"https:\/\/www.worldofart.org\/arhiv.worldofart.org\/aktualno\/wp-json\/wp\/v2\/users\/1"}],"replies":[{"embeddable":true,"href":"https:\/\/www.worldofart.org\/arhiv.worldofart.org\/aktualno\/wp-json\/wp\/v2\/comments?post=8544"}],"version-history":[{"count":1,"href":"https:\/\/www.worldofart.org\/arhiv.worldofart.org\/aktualno\/wp-json\/wp\/v2\/pages\/8544\/revisions"}],"predecessor-version":[{"id":8549,"href":"https:\/\/www.worldofart.org\/arhiv.worldofart.org\/aktualno\/wp-json\/wp\/v2\/pages\/8544\/revisions\/8549"}],"up":[{"embeddable":true,"href":"https:\/\/www.worldofart.org\/arhiv.worldofart.org\/aktualno\/wp-json\/wp\/v2\/pages\/5997"}],"wp:attachment":[{"href":"https:\/\/www.worldofart.org\/arhiv.worldofart.org\/aktualno\/wp-json\/wp\/v2\/media?parent=8544"}],"wp:term":[{"taxonomy":"category","embeddable":true,"href":"https:\/\/www.worldofart.org\/arhiv.worldofart.org\/aktualno\/wp-json\/wp\/v2\/categories?post=8544"},{"taxonomy":"post_tag","embeddable":true,"href":"https:\/\/www.worldofart.org\/arhiv.worldofart.org\/aktualno\/wp-json\/wp\/v2\/tags?post=8544"}],"curies":[{"name":"wp","href":"https:\/\/api.w.org\/{rel}","templated":true}]}}